{"id":463755,"date":"2024-01-05T21:52:20","date_gmt":"2024-01-05T21:52:20","guid":{"rendered":"https:\/\/medandbeauty.com\/product\/noi-orvosi-kopeny-premium-gallerral-light-beige\/"},"modified":"2025-12-23T12:09:03","modified_gmt":"2025-12-23T11:09:03","slug":"noi-orvosi-kopeny-premium-gallerral-light-beige","status":"publish","type":"product","link":"https:\/\/medandbeauty.com\/hu\/product\/noi-orvosi-kopeny-premium-gallerral-light-beige\/","title":{"rendered":"N\u0151i orvosi k\u00f6peny pr\u00e9mium gall\u00e9rral LIGHT BEIGE"},"content":{"rendered":"<p style=\"font-weight: 400;\">Fedezze fel az egyik legklasszikusabb modellt a<a href=\"https:\/\/medandbeauty.com\/hu\/shop\/neki\/premium-kollekcio\/\" target=\"_blank\" rel=\"noopener\"><strong> Med &amp; Beauty Premium kollekci\u00f3nkban<\/strong><\/a>.<\/p>\n<p style=\"font-weight: 400;\">Ha fontosnak tartja a professzion\u00e1lis megjelen\u00e9st a munkahely\u00e9n, de nem akarja fel\u00e1ldozni a k\u00e9nyelmet \u00e9s a teljes mozg\u00e1sszabads\u00e1got, akkor ezt a szab\u00e1st \u00d6nnek tal\u00e1lt\u00e1k ki.<\/p>\n<p style=\"font-weight: 400;\"><strong>A gall\u00e9ros orvosi k\u00f6t\u00e9ny vil\u00e1gos b\u00e9zs sz\u00ednben <\/strong>a legjobb min\u0151s\u00e9g\u0171 pamutb\u00f3l k\u00e9sz\u00fclt, lycra \u00e9s nejlon kever\u00e9k\u00e9vel. Az anyagban l\u00e9v\u0151 sz\u00e1lak e kombin\u00e1ci\u00f3ja teszi a k\u00f6t\u00e9nyt gy\u0171r\u0151d\u00e9smentess\u00e9, rendk\u00edv\u00fcl k\u00e9nyelmes viselet\u0171v\u00e9, l\u00e9g\u00e1tereszt\u0151 \u00e9s szell\u0151s anyagg\u00e1. <\/p>\n<p style=\"font-weight: 400;\">A <strong>Med &amp; Beauty<\/strong> term\u00e9kcsal\u00e1dban kaphat\u00f3 \u00f6sszes orvosi ruhadarabot a legapr\u00f3bb r\u00e9szletekre is odafigyelve varrj\u00e1k. A <strong>vil\u00e1gos b\u00e9zs sz\u00edn\u0171, gall\u00e9rral ell\u00e1tott orvosi k\u00f6t\u00e9nyben<\/strong> haszn\u00e1lt eleg\u00e1ns mellkiv\u00e1g\u00e1sok garant\u00e1lj\u00e1k a t\u00f6k\u00e9letes illeszked\u00e9st minden t\u00edpus\u00fa n\u0151i alakhoz. <\/p>\n<p style=\"font-weight: 400;\"><strong>A vil\u00e1gos b\u00e9zs sz\u00edn\u0171, gall\u00e9rral ell\u00e1tott orvosi k\u00f6t\u00e9ny<\/strong> \u00f6vvel er\u0151s\u00edtett, k\u00fapos der\u00e9kvonallal minden testalkatot kiemel, m\u00edg a be\u00e9p\u00edtett, klasszikus nyakkiv\u00e1g\u00e1s optikailag meghosszabb\u00edtja az alakot.<\/p>\n<p style=\"font-weight: 400;\">A magas gall\u00e9r sikkess\u00e9 var\u00e1zsolja b\u00e1rmelyik ruh\u00e1t, \u00e9s ami szint\u00e9n nagyon fontos, \u00fagy lett kialak\u00edtva, hogy ne akad\u00e1lyozza a mozg\u00e1s\u00e1t.<\/p>\n<p style=\"font-weight: 400;\">A k\u00e9t rejtett, t\u00e1gas zsebbel minden sz\u00fcks\u00e9ges kieg\u00e9sz\u00edt\u0151t magaddal vihetsz a munk\u00e1ba, m\u00edg a \u00be-es ujjak biztos\u00edtj\u00e1k a v\u00e1llad v\u00e9delm\u00e9t, mik\u00f6zben teljesen mozg\u00e9kony maradsz.<\/p>\n<p style=\"font-weight: 400;\">P\u00e1ros\u00edtsa <strong>a vil\u00e1gos b\u00e9zs sz\u00edn\u0171, gall\u00e9rral ell\u00e1tott orvosi k\u00f6t\u00e9nyt<\/strong> azonos sz\u00edn\u0171 <strong> <a href=\"https:\/\/medandbeauty.com\/hu\/shop\/neki\/premium-kollekcio\/?rodzaj-ubrania=spodnie-medyczne\" target=\"_blank\" rel=\"noopener\">orvosi nadr\u00e1ggal<\/a><\/strong>, vagy kombin\u00e1ljon szabadon k\u00fcl\u00f6nb\u00f6z\u0151 \u00e1rnyalatokat egym\u00e1ssal, hogy egyedi szetteket hozzon l\u00e9tre.<\/p>\n<ul>\n<li style=\"font-weight: 400;\">K\u00e9t funkcion\u00e1lis, rejtett oldalzseb<\/li>\n<li style=\"font-weight: 400;\"><span style=\"font-family: inherit;\">Meredek nyakkiv\u00e1g\u00e1s eleg\u00e1ns, kont\u00faros gall\u00e9rral<\/span><\/li>\n<li style=\"font-weight: 400;\"><span style=\"font-family: inherit;\">Der\u00e9ksz\u00edj az alak hangs\u00falyoz\u00e1s\u00e1ra<\/span><\/li>\n<li style=\"font-weight: 400;\"><span style=\"font-family: inherit;\">3\/4 ujj\u00fa<\/span><\/li>\n<li style=\"font-weight: 400;\"><span style=\"font-family: inherit;\">H\u00edmz\u00e9ssel szem\u00e9lyre szabhat\u00f3<\/span><\/li>\n<\/ul>\n<p>&nbsp;<\/p>\n<p style=\"font-weight: 400;\"><strong>Tov\u00e1bbi inform\u00e1ci\u00f3k:<\/strong><br \/>\nA k\u00e9peken l\u00e1that\u00f3 modellek S-es m\u00e9retet viselnek, \u00e9s 170-174 cm magasak.<\/p>\n<p style=\"font-weight: 400;\">Ha nem tudja, milyen m\u00e9retet v\u00e1lasszon &#8211; n\u00e9zze meg a m\u00e9rett\u00e1bl\u00e1zatot. Ha tov\u00e1bbi k\u00e9ts\u00e9gek mer\u00fclnek fel &#8211; k\u00fcldje el nek\u00fcnk a m\u00e9reteit, \u00e9s mi m\u00e9retre szabjuk \u00d6nnek. <\/p>\n<p style=\"font-weight: 400;\">A <a href=\"https:\/\/medandbeauty.com\/hu\/shop\/neki\/premium-kollekcio\/\" target=\"_blank\" rel=\"noopener\">Premium kollekci\u00f3<\/a> ruhadarabjainak sz\u00ednei nem egyeznek a <a href=\"https:\/\/medandbeauty.com\/hu\/shop\/neki\/basic-kollekcio\/\" target=\"_blank\" rel=\"noopener\">Basic kollekci\u00f3<\/a> sz\u00edneivel &#8211; m\u00e1s anyagb\u00f3l k\u00e9sz\u00fcltek.<\/p>\n<p style=\"font-weight: 400;\">A k\u00e9peken l\u00e1that\u00f3 egyes ruhadarabok \u00e1rnyalatai elt\u00e9rhetnek a t\u00e9nylegesekt\u0151l &#8211; ez a k\u00fcl\u00f6nb\u00f6z\u0151 elektronikus berendez\u00e9sek \u00e9s azok egyedi be\u00e1ll\u00edt\u00e1sai miatt van \u00edgy.<\/p>\n","protected":false},"excerpt":{"rendered":"<p>Fedezze fel az egyik legklasszikusabb modellt a Med &amp; Beauty Premium kollekci\u00f3nkban. Ha fontosnak tartja a professzion\u00e1lis megjelen\u00e9st a munkahely\u00e9n, de nem akarja fel\u00e1ldozni a k\u00e9nyelmet \u00e9s a teljes mozg\u00e1sszabads\u00e1got, akkor ezt a szab\u00e1st \u00d6nnek tal\u00e1lt\u00e1k ki. A gall\u00e9ros orvosi k\u00f6t\u00e9ny vil\u00e1gos b\u00e9zs sz\u00ednben a legjobb min\u0151s\u00e9g\u0171 pamutb\u00f3l k\u00e9sz\u00fclt, lycra \u00e9s nejlon kever\u00e9k\u00e9vel. Az anyagban [&hellip;]<\/p>\n","protected":false},"featured_media":463760,"comment_status":"open","ping_status":"closed","template":"","meta":{"_acf_changed":false,"inline_featured_image":false},"kolor":[1921],"rodzaj-ubrania":[1879],"ubranie":[2007],"product_brand":[],"product_cat":[1887,1936,1902],"product_tag":[2006],"class_list":{"0":"post-463755","1":"product","2":"type-product","3":"status-publish","4":"has-post-thumbnail","6":"kolor-beiges-hu","7":"rodzaj-ubrania-orvosi-kopenyek","8":"ubranie-noi-orvosi-kopeny-premium-gallerral","9":"product_cat-neki","10":"product_cat-orvosi-kopenyek","11":"product_cat-premium-kollekcio","12":"product_tag-kozmetikai-kotenyek","14":"first","15":"instock","16":"taxable","17":"shipping-taxable","18":"purchasable","19":"product-type-variable"},"acf":[],"_links":{"self":[{"href":"https:\/\/medandbeauty.com\/hu\/wp-json\/wp\/v2\/product\/463755","targetHints":{"allow":["GET"]}}],"collection":[{"href":"https:\/\/medandbeauty.com\/hu\/wp-json\/wp\/v2\/product"}],"about":[{"href":"https:\/\/medandbeauty.com\/hu\/wp-json\/wp\/v2\/types\/product"}],"replies":[{"embeddable":true,"href":"https:\/\/medandbeauty.com\/hu\/wp-json\/wp\/v2\/comments?post=463755"}],"wp:featuredmedia":[{"embeddable":true,"href":"https:\/\/medandbeauty.com\/hu\/wp-json\/wp\/v2\/media\/463760"}],"wp:attachment":[{"href":"https:\/\/medandbeauty.com\/hu\/wp-json\/wp\/v2\/media?parent=463755"}],"wp:term":[{"taxonomy":"kolor","embeddable":true,"href":"https:\/\/medandbeauty.com\/hu\/wp-json\/wp\/v2\/kolor?post=463755"},{"taxonomy":"rodzaj-ubrania","embeddable":true,"href":"https:\/\/medandbeauty.com\/hu\/wp-json\/wp\/v2\/rodzaj-ubrania?post=463755"},{"taxonomy":"ubranie","embeddable":true,"href":"https:\/\/medandbeauty.com\/hu\/wp-json\/wp\/v2\/ubranie?post=463755"},{"taxonomy":"product_brand","embeddable":true,"href":"https:\/\/medandbeauty.com\/hu\/wp-json\/wp\/v2\/product_brand?post=463755"},{"taxonomy":"product_cat","embeddable":true,"href":"https:\/\/medandbeauty.com\/hu\/wp-json\/wp\/v2\/product_cat?post=463755"},{"taxonomy":"product_tag","embeddable":true,"href":"https:\/\/medandbeauty.com\/hu\/wp-json\/wp\/v2\/product_tag?post=463755"}],"curies":[{"name":"wp","href":"https:\/\/api.w.org\/{rel}","templated":true}]}}