{"id":463773,"date":"2024-01-05T22:02:47","date_gmt":"2024-01-05T22:02:47","guid":{"rendered":"https:\/\/medandbeauty.com\/product\/noi-orvosi-kabat-exclusive-premium-white\/"},"modified":"2025-12-23T12:17:00","modified_gmt":"2025-12-23T11:17:00","slug":"noi-orvosi-kabat-exclusive-premium-white","status":"publish","type":"product","link":"https:\/\/medandbeauty.com\/hu\/product\/noi-orvosi-kabat-exclusive-premium-white\/","title":{"rendered":"N\u0151i orvosi kab\u00e1t Exclusive Premium WHITE"},"content":{"rendered":"<p><strong>A n\u0151i orvosi kab\u00e1t Exclusive <a href=\"https:\/\/medandbeauty.com\/hu\/shop\/neki\/premium-kollekcio\/\" target=\"_blank\" rel=\"noopener\">a Med &amp; Beauty Premium kollekci\u00f3b\u00f3l<\/a><\/strong> egy abszol\u00fat bestseller, amelyet t\u00f6bb ezer n\u0151i \u00fcgyfel\u00fcnk szeretett meg az orvosi \u00e9s sz\u00e9ps\u00e9giparban.<\/p>\n<p style=\"font-weight: 400;\"><strong>A feh\u00e9r Exclusive Premium orvosi kab\u00e1t<\/strong> a legjobb min\u0151s\u00e9g\u0171 pamut, nejlon \u00e9s lycra kever\u00e9k\u00e9b\u0151l k\u00e9sz\u00fclt. Az anyagban l\u00e9v\u0151 sz\u00e1lak ezen kombin\u00e1ci\u00f3ja teszi <strong>a Med &amp; Beauty orvosi ruh\u00e1zatot <\/strong>l\u00e9g\u00e1tereszt\u0151v\u00e9, t\u00f6k\u00e9letesen illeszkedik b\u00e1rmilyen t\u00edpus\u00fa n\u0151i alakhoz, \u00e9s teljes k\u00e9nyelmet biztos\u00edt a hossz\u00fa munka\u00f3r\u00e1k alatt. <\/p>\n<p style=\"font-weight: 400;\">A <strong>Med &amp; Beauty<\/strong> \u00e1ltal gy\u00e1rtott <strong>orvosi fels\u0151ruh\u00e1zat<\/strong> minden modellje praktikus \u00e9s t\u00e1gas zsebekkel van felszerelve, amelyek lehet\u0151v\u00e9 teszik, hogy minden olyan alapvet\u0151 tartoz\u00e9kot elpakoljon, amelyet mindig k\u00e9zn\u00e9l szeretne tartani.<\/p>\n<p style=\"font-weight: 400;\">A gy\u00f6ny\u00f6r\u0171en form\u00e1zott gall\u00e9r rendk\u00edv\u00fcli sikket k\u00f6lcs\u00f6n\u00f6z<strong> a feh\u00e9r Exclusive bl\u00e9zernek<\/strong>, m\u00edg a sz\u00e9les der\u00e9ksz\u00edj lehet\u0151v\u00e9 teszi, hogy a<strong> bl\u00e9zer<\/strong> t\u00f6k\u00e9letesen illeszkedjen b\u00e1rmilyen sziluetthez.<\/p>\n<p style=\"font-weight: 400;\">A <strong>Med &amp;<\/strong> Beauty-n\u00e1l nemcsak a visel\u00e9si k\u00e9nyelemre, hanem az eszt\u00e9tikus \u00e9s professzion\u00e1lis megjelen\u00e9sre is \u00f6sszpontos\u00edtunk. <strong>A feh\u00e9r Exclusive Premium kab\u00e1t<\/strong> hossz\u00e1t \u00fagy v\u00e1lasztottuk meg, hogy t\u00f6k\u00e9letesen illeszkedjen minden alakhoz. <\/p>\n<p style=\"font-weight: 400;\"><strong>A feh\u00e9r n\u0151i Exclusive Premium dzseki<\/strong> j\u00f3l p\u00e1ros\u00edthat\u00f3 a k\u00f6vetkez\u0151 ruhadarabokkal <a href=\"https:\/\/medandbeauty.com\/produkt\/spodnie-medyczne-damskie-przylegajace-premium-biale\/\" target=\"_blank\" rel=\"noopener\"><strong>orvosi nadr\u00e1g<\/strong><\/a>amely ugyanabb\u00f3l az anyagb\u00f3l k\u00e9sz\u00fclt.<\/p>\n<p style=\"font-weight: 400;\">P\u00e1ros\u00edtsa <strong>az orvosi nadr\u00e1got<\/strong> ugyanabban a feh\u00e9r sz\u00ednben, vagy a k\u00edn\u00e1latunkban el\u00e9rhet\u0151 sz\u00e1mos \u00e1rnyalat k\u00f6z\u00fcl b\u00e1rmelyikhez.<\/p>\n<ul>\n<li style=\"font-weight: 400;\">V\u00e1laszthat\u00f3 ujjhossz\u00fas\u00e1g &#8211; \u00be vagy hossz\u00fa<\/li>\n<li style=\"font-weight: 400;\"><span style=\"font-family: inherit;\">Kont\u00faros sziluett a sz\u00e9les der\u00e9ksz\u00edjnak \u00e9s a finom dartsnak k\u00f6sz\u00f6nhet\u0151en<\/span><\/li>\n<li style=\"font-weight: 400;\"><span style=\"font-family: inherit;\">K\u00e9t el\u00fcls\u0151 zseb klasszikus patentokkal<\/span><\/li>\n<li style=\"font-weight: 400;\"><span style=\"font-family: inherit;\">H\u00edmz\u00e9ssel szem\u00e9lyre szabhat\u00f3<\/span><\/li>\n<\/ul>\n<p>&nbsp;<\/p>\n<p style=\"font-weight: 400;\"><strong>Tov\u00e1bbi inform\u00e1ci\u00f3k:<\/strong><br \/>\nA k\u00e9peken l\u00e1that\u00f3 modellek S-es m\u00e9retet viselnek, \u00e9s 170-174 cm magasak.<\/p>\n<p style=\"font-weight: 400;\">Ha nem tudja, milyen m\u00e9retet v\u00e1lasszon &#8211; n\u00e9zze meg a m\u00e9rett\u00e1bl\u00e1zatot. Ha tov\u00e1bbi k\u00e9ts\u00e9gek mer\u00fclnek fel &#8211; k\u00fcldje el nek\u00fcnk a m\u00e9reteit, \u00e9s mi m\u00e9retre szabjuk \u00d6nnek. <\/p>\n<p style=\"font-weight: 400;\">A <a href=\"https:\/\/medandbeauty.com\/hu\/shop\/neki\/premium-kollekcio\/\" target=\"_blank\" rel=\"noopener\">Premium kollekci\u00f3<\/a> ruhadarabjainak sz\u00ednei nem egyeznek a <a href=\"https:\/\/medandbeauty.com\/hu\/shop\/neki\/basic-kollekcio\/\" target=\"_blank\" rel=\"noopener\">Basic kollekci\u00f3<\/a> sz\u00edneivel &#8211; m\u00e1s anyagb\u00f3l k\u00e9sz\u00fcltek.<\/p>\n<p style=\"font-weight: 400;\">A k\u00e9peken l\u00e1that\u00f3 egyes ruhadarabok \u00e1rnyalatai elt\u00e9rhetnek a t\u00e9nylegesekt\u0151l &#8211; ez a k\u00fcl\u00f6nb\u00f6z\u0151 elektronikus berendez\u00e9sek \u00e9s azok egyedi be\u00e1ll\u00edt\u00e1sai miatt van \u00edgy.<\/p>\n","protected":false},"excerpt":{"rendered":"<p>A n\u0151i orvosi kab\u00e1t Exclusive a Med &amp; Beauty Premium kollekci\u00f3b\u00f3l egy abszol\u00fat bestseller, amelyet t\u00f6bb ezer n\u0151i \u00fcgyfel\u00fcnk szeretett meg az orvosi \u00e9s sz\u00e9ps\u00e9giparban. A feh\u00e9r Exclusive Premium orvosi kab\u00e1t a legjobb min\u0151s\u00e9g\u0171 pamut, nejlon \u00e9s lycra kever\u00e9k\u00e9b\u0151l k\u00e9sz\u00fclt. Az anyagban l\u00e9v\u0151 sz\u00e1lak ezen kombin\u00e1ci\u00f3ja teszi a Med &amp; Beauty orvosi ruh\u00e1zatot l\u00e9g\u00e1tereszt\u0151v\u00e9, t\u00f6k\u00e9letesen [&hellip;]<\/p>\n","protected":false},"featured_media":463776,"comment_status":"open","ping_status":"closed","template":"","meta":{"_acf_changed":false,"inline_featured_image":false},"kolor":[1930],"rodzaj-ubrania":[1881],"ubranie":[2009],"product_brand":[],"product_cat":[1887,2008,1902],"product_tag":[],"class_list":{"0":"post-463773","1":"product","2":"type-product","3":"status-publish","4":"has-post-thumbnail","6":"kolor-feherek","7":"rodzaj-ubrania-orvosi-dzsekik","8":"ubranie-noi-orvosi-kabat-exclusive-premium","9":"product_cat-neki","10":"product_cat-orvosi-kabatok","11":"product_cat-premium-kollekcio","13":"first","14":"instock","15":"taxable","16":"shipping-taxable","17":"purchasable","18":"product-type-variable"},"acf":[],"_links":{"self":[{"href":"https:\/\/medandbeauty.com\/hu\/wp-json\/wp\/v2\/product\/463773","targetHints":{"allow":["GET"]}}],"collection":[{"href":"https:\/\/medandbeauty.com\/hu\/wp-json\/wp\/v2\/product"}],"about":[{"href":"https:\/\/medandbeauty.com\/hu\/wp-json\/wp\/v2\/types\/product"}],"replies":[{"embeddable":true,"href":"https:\/\/medandbeauty.com\/hu\/wp-json\/wp\/v2\/comments?post=463773"}],"wp:featuredmedia":[{"embeddable":true,"href":"https:\/\/medandbeauty.com\/hu\/wp-json\/wp\/v2\/media\/463776"}],"wp:attachment":[{"href":"https:\/\/medandbeauty.com\/hu\/wp-json\/wp\/v2\/media?parent=463773"}],"wp:term":[{"taxonomy":"kolor","embeddable":true,"href":"https:\/\/medandbeauty.com\/hu\/wp-json\/wp\/v2\/kolor?post=463773"},{"taxonomy":"rodzaj-ubrania","embeddable":true,"href":"https:\/\/medandbeauty.com\/hu\/wp-json\/wp\/v2\/rodzaj-ubrania?post=463773"},{"taxonomy":"ubranie","embeddable":true,"href":"https:\/\/medandbeauty.com\/hu\/wp-json\/wp\/v2\/ubranie?post=463773"},{"taxonomy":"product_brand","embeddable":true,"href":"https:\/\/medandbeauty.com\/hu\/wp-json\/wp\/v2\/product_brand?post=463773"},{"taxonomy":"product_cat","embeddable":true,"href":"https:\/\/medandbeauty.com\/hu\/wp-json\/wp\/v2\/product_cat?post=463773"},{"taxonomy":"product_tag","embeddable":true,"href":"https:\/\/medandbeauty.com\/hu\/wp-json\/wp\/v2\/product_tag?post=463773"}],"curies":[{"name":"wp","href":"https:\/\/api.w.org\/{rel}","templated":true}]}}