{"id":463925,"date":"2024-01-05T22:33:50","date_gmt":"2024-01-05T22:33:50","guid":{"rendered":"https:\/\/medandbeauty.com\/product\/noi-orvosi-nadrag-premium-tapado-kek\/"},"modified":"2025-12-23T12:12:14","modified_gmt":"2025-12-23T11:12:14","slug":"noi-orvosi-nadrag-premium-tapado-kek","status":"publish","type":"product","link":"https:\/\/medandbeauty.com\/hu\/product\/noi-orvosi-nadrag-premium-tapado-kek\/","title":{"rendered":"N\u0151i orvosi nadr\u00e1g Premium tapad\u00f3 K\u00c9K"},"content":{"rendered":"<h2>Orvosi nadr\u00e1g k\u00e9k PREMIUM<\/h2>\n<p style=\"font-weight: 400;\"><strong>Kapaszkod\u00f3 orvosi nadr\u00e1got<\/strong> keres <strong>, amely minden nap elk\u00eds\u00e9ri a munkahely\u00e9n?<\/strong> N\u0151i orvosi nadr\u00e1gok k\u00e9k sz\u00ednben a<strong> <a href=\"https:\/\/medandbeauty.com\/hu\/shop\/neki\/premium-kollekcio\/\" target=\"_blank\" rel=\"noopener\">Pr\u00e9mium kollekci\u00f3b\u00f3l<\/a><\/strong> t\u00f6k\u00e9letes az \u00d6n sz\u00e1m\u00e1ra!<\/p>\n<p style=\"font-weight: 400;\">Ha \u00e9rt\u00e9keli a visel\u00e9si k\u00e9nyelmet \u00e9s a pr\u00e9mium min\u0151s\u00e9g\u0171 anyagokat az orvosi ruh\u00e1zat\u00e1ban &#8211; <strong>a pr\u00e9mium k\u00e9k, tapad\u00f3 orvosi nadr\u00e1g<\/strong> <strong>biztosan megfelel minden elv\u00e1r\u00e1s\u00e1nak!<\/strong><\/p>\n<h2>N\u0151i orvosi nadr\u00e1g k\u00e9k &#8211; k\u00e9nyelmes viselet<\/h2>\n<p style=\"font-weight: 400;\"><strong>A pr\u00e9mium k\u00e9k n\u0151i orvosi nadr\u00e1got <\/strong> <strong>l\u00e9g\u00e1tereszt\u0151 \u00e9s rendk\u00edv\u00fcl puha anyagb\u00f3l<\/strong> varrt\u00e1k, \u00edgy nem korl\u00e1tozza a mozg\u00e1st, \u00e9s visel\u00e9s k\u00f6zben teljes mozg\u00e1sszabads\u00e1got biztos\u00edt. A 80% kiv\u00e1l\u00f3 min\u0151s\u00e9g\u0171 pamut, valamint a lycra \u00e9s nejlon kever\u00e9k\u00e9nek kombin\u00e1ci\u00f3ja r\u00e9v\u00e9n a n\u0151i k\u00e9k orvosi nadr\u00e1g t\u00f6k\u00e9letesen illeszkedik minden alakhoz, valamint tart\u00f3s \u00e9s l\u00e9g\u00e1tereszt\u0151. <\/p>\n<p style=\"font-weight: 400;\">Az enyh\u00e9n megemelt der\u00e9kr\u00e9sz sz\u00e9les, rugalmas der\u00e9ksz\u00edjjal azt jelenti, hogy az orvosi k\u00e9k n\u0151i nadr\u00e1g nem korl\u00e1tozza a mozg\u00e1st, \u00e9s ez\u00e9rt nagyon k\u00e9nyelmes, m\u00e9g hossz\u00fa ideig tart\u00f3 visel\u00e9s eset\u00e9n is.<\/p>\n<h2>N\u0151i orvosi nadr\u00e1g k\u00e9k sz\u00ednben &#8211; divatos<\/h2>\n<p style=\"font-weight: 400;\"><a href=\"https:\/\/medandbeauty.com\/hu\/shop\/neki\/basic-kollekcio\/orvosi-nadrag\/\">A gy\u00f6ny\u00f6r\u0171 k\u00e9k sz\u00edn\u0171 n\u0151i orvosi nadr\u00e1g<\/a> eleg\u00e1ns \u00e9s alkalmi \u00f6lt\u00f6z\u00e9khez egyar\u00e1nt j\u00f3l m\u0171k\u00f6dik, \u00e9s a zsebek hi\u00e1ny\u00e1nak k\u00f6sz\u00f6nhet\u0151en \u00fagy \u00e9rezheti, hogy a legk\u00e9nyelmesebb leggingset viseli a k\u00e9k orvosi cs\u0151nadr\u00e1gban!<\/p>\n<p style=\"font-weight: 400;\"><strong>A pr\u00e9mium k\u00e9k n\u0151i orvosi nadr\u00e1g orvosi tapad\u00f3 nadr\u00e1g <\/strong> <strong>h\u00faz\u00f3zsin\u00f3rral ell\u00e1tott der\u00e9ksz\u00edjjal<\/strong> rendelkezik a t\u00f6k\u00e9letes illeszked\u00e9s \u00e9rdek\u00e9ben.<\/p>\n<p style=\"font-weight: 400;\">\u00c1ll\u00edtsa \u00f6ssze \u00e1lmai orvosi ruhak\u00e9szlet\u00e9t, ha a k\u00e9k, tapad\u00f3 orvosi nadr\u00e1got ugyanabb\u00f3l az anyagb\u00f3l k\u00e9sz\u00fclt <a href=\"https:\/\/medandbeauty.com\/hu\/product\/noi-orvosi-bluz-mutosruha-premium-kek\/\" target=\"_blank\" rel=\"noopener\">orvosi bl\u00fazzal<\/a> vagy <a href=\"https:\/\/medandbeauty.com\/hu\/product\/noi-orvosi-boritek-tunika-premium-kek\/\" target=\"_blank\" rel=\"noopener\">orvosi tunik\u00e1val<\/a> p\u00e1ros\u00edtja.<\/p>\n<h2>N\u0151i k\u00e9k orvosi nadr\u00e1g &#8211; egyedi szettek l\u00e9trehoz\u00e1sa<\/h2>\n<p style=\"font-weight: 400;\">Az \u00e1rnyalatokat szabadon keverheti egym\u00e1ssal, hogy egyedi st\u00edlusokat hozzon l\u00e9tre, vagy v\u00e1laszthatja a monokr\u00f3m megjelen\u00e9st. Melyek a n\u0151i k\u00e9k orvosi nadr\u00e1gok jellemz\u0151i? <\/p>\n<ul>\n<li>nincs zseb,<\/li>\n<li>sz\u00e9les, k\u00e9nyelmes, rugalmas der\u00e9kp\u00e1nt,<\/li>\n<li>karcs\u00fa szab\u00e1s &#8211; k\u00fapos l\u00e1bak,<\/li>\n<li>rugalmas, ny\u00fajthat\u00f3 anyag.<\/li>\n<\/ul>\n<p style=\"font-weight: 400;\"><strong>Tov\u00e1bbi inform\u00e1ci\u00f3k:<\/strong> A k\u00e9peken l\u00e1that\u00f3 modellek S m\u00e9ret\u0171 k\u00e9k orvosi nadr\u00e1got viselnek, \u00e9s 170-174 cm magasak.<\/p>\n<p style=\"font-weight: 400;\">Ha nem tudja, melyik <a href=\"https:\/\/medandbeauty.com\/hu\/rodzaj-ubrania\/orvosi-nadragok\/\" target=\"_new\" rel=\"noopener\">orvosi nadr\u00e1got v\u00e1lassza<\/a> &#8211; n\u00e9zze meg a m\u00e9rett\u00e1bl\u00e1zatot. Ha tov\u00e1bbi k\u00e9ts\u00e9gei vannak &#8211; k\u00fcldje el nek\u00fcnk a m\u00e9reteit, \u00e9s mi kiigaz\u00edtjuk \u00d6nnek.<\/p>\n<p style=\"font-weight: 400;\">  A <a href=\"https:\/\/medandbeauty.com\/hu\/shop\/neki\/premium-kollekcio\/\" target=\"_blank\" rel=\"noopener\">Premium kollekci\u00f3<\/a> ruhadarabjainak sz\u00ednei nem egyeznek a <a href=\"https:\/\/medandbeauty.com\/hu\/shop\/neki\/basic-kollekcio\/\" target=\"_blank\" rel=\"noopener\">Basic kollekci\u00f3<\/a> sz\u00edneivel &#8211; m\u00e1s anyagb\u00f3l k\u00e9sz\u00fcltek.<\/p>\n<p style=\"font-weight: 400;\">A k\u00e9peken l\u00e1that\u00f3 egyes ruhadarabok \u00e1rnyalatai elt\u00e9rhetnek a t\u00e9nylegesekt\u0151l &#8211; ez a k\u00fcl\u00f6nb\u00f6z\u0151 elektronikus berendez\u00e9sek \u00e9s azok egyedi be\u00e1ll\u00edt\u00e1sai miatt van \u00edgy.<\/p>\n<p style=\"font-weight: 400;\">A Med&amp;Beauty orvosi ruh\u00e1zati \u00fczlet m\u00e1s <a href=\"https:\/\/medandbeauty.com\/hu\/shop\/neki\/\">n\u0151i orvosi ruh\u00e1kat<\/a> is k\u00edn\u00e1l &#8211; k\u00e9rj\u00fck, rendeljen b\u00e1tran.<\/p>\n","protected":false},"excerpt":{"rendered":"<p>Orvosi nadr\u00e1g k\u00e9k PREMIUM Kapaszkod\u00f3 orvosi nadr\u00e1got keres , amely minden nap elk\u00eds\u00e9ri a munkahely\u00e9n? N\u0151i orvosi nadr\u00e1gok k\u00e9k sz\u00ednben a Pr\u00e9mium kollekci\u00f3b\u00f3l t\u00f6k\u00e9letes az \u00d6n sz\u00e1m\u00e1ra! Ha \u00e9rt\u00e9keli a visel\u00e9si k\u00e9nyelmet \u00e9s a pr\u00e9mium min\u0151s\u00e9g\u0171 anyagokat az orvosi ruh\u00e1zat\u00e1ban &#8211; a pr\u00e9mium k\u00e9k, tapad\u00f3 orvosi nadr\u00e1g biztosan megfelel minden elv\u00e1r\u00e1s\u00e1nak! N\u0151i orvosi nadr\u00e1g k\u00e9k [&hellip;]<\/p>\n","protected":false},"featured_media":463935,"comment_status":"open","ping_status":"closed","template":"","meta":{"_acf_changed":false,"inline_featured_image":false},"kolor":[1901],"rodzaj-ubrania":[1883],"ubranie":[1927],"product_brand":[],"product_cat":[1887,1926,1902],"product_tag":[],"class_list":{"0":"post-463925","1":"product","2":"type-product","3":"status-publish","4":"has-post-thumbnail","6":"kolor-kek","7":"rodzaj-ubrania-orvosi-nadragok","8":"ubranie-premium-orvosi-nadrag-noknek","9":"product_cat-neki","10":"product_cat-orvosi-nadrag-hu","11":"product_cat-premium-kollekcio","13":"first","14":"instock","15":"taxable","16":"shipping-taxable","17":"purchasable","18":"product-type-variable"},"acf":[],"_links":{"self":[{"href":"https:\/\/medandbeauty.com\/hu\/wp-json\/wp\/v2\/product\/463925","targetHints":{"allow":["GET"]}}],"collection":[{"href":"https:\/\/medandbeauty.com\/hu\/wp-json\/wp\/v2\/product"}],"about":[{"href":"https:\/\/medandbeauty.com\/hu\/wp-json\/wp\/v2\/types\/product"}],"replies":[{"embeddable":true,"href":"https:\/\/medandbeauty.com\/hu\/wp-json\/wp\/v2\/comments?post=463925"}],"wp:featuredmedia":[{"embeddable":true,"href":"https:\/\/medandbeauty.com\/hu\/wp-json\/wp\/v2\/media\/463935"}],"wp:attachment":[{"href":"https:\/\/medandbeauty.com\/hu\/wp-json\/wp\/v2\/media?parent=463925"}],"wp:term":[{"taxonomy":"kolor","embeddable":true,"href":"https:\/\/medandbeauty.com\/hu\/wp-json\/wp\/v2\/kolor?post=463925"},{"taxonomy":"rodzaj-ubrania","embeddable":true,"href":"https:\/\/medandbeauty.com\/hu\/wp-json\/wp\/v2\/rodzaj-ubrania?post=463925"},{"taxonomy":"ubranie","embeddable":true,"href":"https:\/\/medandbeauty.com\/hu\/wp-json\/wp\/v2\/ubranie?post=463925"},{"taxonomy":"product_brand","embeddable":true,"href":"https:\/\/medandbeauty.com\/hu\/wp-json\/wp\/v2\/product_brand?post=463925"},{"taxonomy":"product_cat","embeddable":true,"href":"https:\/\/medandbeauty.com\/hu\/wp-json\/wp\/v2\/product_cat?post=463925"},{"taxonomy":"product_tag","embeddable":true,"href":"https:\/\/medandbeauty.com\/hu\/wp-json\/wp\/v2\/product_tag?post=463925"}],"curies":[{"name":"wp","href":"https:\/\/api.w.org\/{rel}","templated":true}]}}