{"id":464195,"date":"2024-01-02T17:28:07","date_gmt":"2024-01-02T17:28:07","guid":{"rendered":"https:\/\/medandbeauty.com\/product\/noi-orvosi-jogger-nadrag-mutosnadrag-premium-feher\/"},"modified":"2025-12-23T12:05:49","modified_gmt":"2025-12-23T11:05:49","slug":"noi-orvosi-jogger-nadrag-mutosnadrag-premium-feher","status":"publish","type":"product","link":"https:\/\/medandbeauty.com\/hu\/product\/noi-orvosi-jogger-nadrag-mutosnadrag-premium-feher\/","title":{"rendered":"N\u0151i orvosi jogger nadr\u00e1g m\u0171t\u0151snadr\u00e1g pr\u00e9mium FEH\u00c9R"},"content":{"rendered":"<p style=\"font-weight: 400;\">Ismerd meg az <strong>orvosi kocog\u00f3kat<\/strong>, akiket nem akarsz majd levenni.<\/p>\n<p style=\"font-weight: 400;\">N\u0151i v\u00e1s\u00e1rl\u00f3ink k\u00e9r\u00e9s\u00e9re, mostant\u00f3l a legkelend\u0151bb <strong>boz\u00f3tosaink<\/strong> pr\u00e9mium v\u00e1ltozatban is el\u00e9rhet\u0151ek!<\/p>\n<p style=\"font-weight: 400;\">Ha \u00e9rt\u00e9keli a maxim\u00e1lis k\u00e9nyelmet \u00e9s a kiv\u00e1l\u00f3 min\u0151s\u00e9g\u0171 anyagokat, \u00e9s szereti a sportos, m\u00e9gis professzion\u00e1lis st\u00edlust &#8211; <strong>pr\u00e9mium kateg\u00f3ri\u00e1s orvosi meleg\u00edt\u0151nadr\u00e1gunk<\/strong> elengedhetetlen a ruhat\u00e1r\u00e1ban.<\/p>\n<p style=\"font-weight: 400;\">A <strong> <a href=\"https:\/\/medandbeauty.com\/hu\/shop\/neki\/premium-kollekcio\/\" target=\"_blank\" rel=\"noopener\">pr\u00e9mium kollekci\u00f3<\/a> feh\u00e9r n\u0151i orvosi joggers m\u0171t\u0151snadr\u00e1gja<\/strong> kellemes \u00e9s puha tapint\u00e1s\u00fa anyagb\u00f3l k\u00e9sz\u00fclt, \u00edgy teljes mozg\u00e1sszabads\u00e1got \u00e9s visel\u00e9si k\u00e9nyelmet biztos\u00edt. A 80% pr\u00e9mium pamut, lycra \u00e9s nylon kombin\u00e1ci\u00f3ja t\u00f6k\u00e9letes illeszked\u00e9st, l\u00e9g\u00e1tereszt\u0151 \u00e9s tart\u00f3s anyagot biztos\u00edt.<\/p>\n<p style=\"font-weight: 400;\">Enyh\u00e9n megemelt, sz\u00e9les elasztikus der\u00e9kp\u00e1nttal 100%-os k\u00e9nyelmet garant\u00e1l, \u00e9s nem korl\u00e1tozza a mozg\u00e1st, m\u00e9g hosszabb visel\u00e9s eset\u00e9n sem.<\/p>\n<p style=\"font-weight: 400;\"><strong>Az orvosi jogger<\/strong> klasszikus feh\u00e9r sz\u00edne b\u00e1rmilyen \u00f6lt\u00f6z\u00e9khez j\u00f3l illik, a hat praktikus \u00e9s t\u00e1gas zsebnek k\u00f6sz\u00f6nhet\u0151en pedig minden sz\u00fcks\u00e9ges kieg\u00e9sz\u00edt\u0151t \u00e9s eszk\u00f6zt mag\u00e1val vihet.<\/p>\n<p style=\"font-weight: 400;\"><strong>N\u0151i m\u0171t\u0151snadr\u00e1gjaink pr\u00e9mium orvosi joggerek<\/strong> bord\u00e1zott l\u00e1bsz\u00e1rral vannak ell\u00e1tva, hogy megakad\u00e1lyozz\u00e1k a nadr\u00e1g felh\u00faz\u00f3d\u00e1s\u00e1t az intenz\u00edv munkaid\u0151ben.<\/p>\n<p style=\"font-weight: 400;\">\u00c1ll\u00edtsa \u00f6ssze \u00e1lmai <strong>orvosi ruhak\u00e9szlet\u00e9t<\/strong> a <strong>feh\u00e9r n\u0151i orvosi meleg\u00edt\u0151nadr\u00e1g<\/strong> \u00e9s az azonos anyagb\u00f3l k\u00e9sz\u00fclt <strong> <a href=\"https:\/\/medandbeauty.com\/produkt\/bluzka-medyczna-damska-scrubs-premium-biala\/\" target=\"_blank\" rel=\"noopener\">orvosi bl\u00faz<\/a><\/strong> p\u00e1ros\u00edt\u00e1s\u00e1val.<\/p>\n<p style=\"font-weight: 400;\">Keverje szabadon a sz\u00edneket, hogy egyedi megjelen\u00e9st hozzon l\u00e9tre, vagy v\u00e1lasszon monokr\u00f3m \u00e9s id\u0151tlen megjelen\u00e9st.<\/p>\n<ul>\n<li style=\"font-weight: 400;\">6 praktikus \u00e9s t\u00e1gas zseb &#8211; k\u00e9t el\u00fcls\u0151, k\u00e9t h\u00e1ts\u00f3 \u00e9s k\u00e9t rakom\u00e1nyzseb tov\u00e1bbi tolltart\u00f3 rekesszel.<\/li>\n<li style=\"font-weight: 400;\"><span style=\"font-family: inherit;\">Enyh\u00e9n magas\u00edtott, elasztikus der\u00e9ksz\u00edjjal<\/span><\/li>\n<li style=\"font-weight: 400;\"><span style=\"font-family: inherit;\">Bord\u00e1zott l\u00e1bsz\u00e1r als\u00f3<\/span><\/li>\n<li style=\"font-weight: 400;\"><span style=\"font-family: inherit;\">Puha \u00e9s k\u00e9nyelmes viselet<\/span><\/li>\n<\/ul>\n<p style=\"font-weight: 400;\"><strong>Tov\u00e1bbi inform\u00e1ci\u00f3k:<\/strong><br \/>\nA k\u00e9peken l\u00e1that\u00f3 modellek S-es m\u00e9retet viselnek, \u00e9s 170-174 cm magasak.<\/p>\n<p style=\"font-weight: 400;\">Ha nem tudja, milyen m\u00e9retet v\u00e1lasszon &#8211; n\u00e9zze meg a m\u00e9rett\u00e1bl\u00e1zatot. Ha tov\u00e1bbi k\u00e9ts\u00e9gek mer\u00fclnek fel &#8211; k\u00fcldje el nek\u00fcnk a m\u00e9reteit, \u00e9s mi m\u00e9retre szabjuk \u00d6nnek. <\/p>\n<p style=\"font-weight: 400;\">A <a href=\"https:\/\/medandbeauty.com\/hu\/shop\/neki\/premium-kollekcio\/\" target=\"_blank\" rel=\"noopener\">Premium kollekci\u00f3<\/a> ruhadarabjainak sz\u00ednei nem egyeznek a <a href=\"https:\/\/medandbeauty.com\/hu\/shop\/neki\/basic-kollekcio\/\" target=\"_blank\" rel=\"noopener\">Basic kollekci\u00f3<\/a> sz\u00edneivel &#8211; m\u00e1s anyagb\u00f3l k\u00e9sz\u00fcltek.<\/p>\n<p style=\"font-weight: 400;\">A k\u00e9peken l\u00e1that\u00f3 egyes ruhadarabok \u00e1rnyalatai elt\u00e9rhetnek a t\u00e9nylegesekt\u0151l &#8211; ez a k\u00fcl\u00f6nb\u00f6z\u0151 elektronikus berendez\u00e9sek \u00e9s azok egyedi be\u00e1ll\u00edt\u00e1sai miatt van \u00edgy.<\/p>\n","protected":false},"excerpt":{"rendered":"<p>Ismerd meg az orvosi kocog\u00f3kat, akiket nem akarsz majd levenni. N\u0151i v\u00e1s\u00e1rl\u00f3ink k\u00e9r\u00e9s\u00e9re, mostant\u00f3l a legkelend\u0151bb boz\u00f3tosaink pr\u00e9mium v\u00e1ltozatban is el\u00e9rhet\u0151ek! Ha \u00e9rt\u00e9keli a maxim\u00e1lis k\u00e9nyelmet \u00e9s a kiv\u00e1l\u00f3 min\u0151s\u00e9g\u0171 anyagokat, \u00e9s szereti a sportos, m\u00e9gis professzion\u00e1lis st\u00edlust &#8211; pr\u00e9mium kateg\u00f3ri\u00e1s orvosi meleg\u00edt\u0151nadr\u00e1gunk elengedhetetlen a ruhat\u00e1r\u00e1ban. A pr\u00e9mium kollekci\u00f3 feh\u00e9r n\u0151i orvosi joggers m\u0171t\u0151snadr\u00e1gja kellemes [&hellip;]<\/p>\n","protected":false},"featured_media":464196,"comment_status":"open","ping_status":"closed","template":"","meta":{"_acf_changed":false,"inline_featured_image":false},"kolor":[1930],"rodzaj-ubrania":[1883,1882],"ubranie":[1991],"product_brand":[],"product_cat":[1989,1887,1926,1902],"product_tag":[],"class_list":{"0":"post-464195","1":"product","2":"type-product","3":"status-publish","4":"has-post-thumbnail","6":"kolor-feherek","7":"rodzaj-ubrania-orvosi-nadragok","8":"rodzaj-ubrania-scrubs-hu","9":"ubranie-noi-orvosi-jogger-nadrag-mutosnadrag-premium","10":"product_cat-bozotosok-hu-2","11":"product_cat-neki","12":"product_cat-orvosi-nadrag-hu","13":"product_cat-premium-kollekcio","15":"first","16":"instock","17":"taxable","18":"shipping-taxable","19":"purchasable","20":"product-type-variable"},"acf":[],"_links":{"self":[{"href":"https:\/\/medandbeauty.com\/hu\/wp-json\/wp\/v2\/product\/464195","targetHints":{"allow":["GET"]}}],"collection":[{"href":"https:\/\/medandbeauty.com\/hu\/wp-json\/wp\/v2\/product"}],"about":[{"href":"https:\/\/medandbeauty.com\/hu\/wp-json\/wp\/v2\/types\/product"}],"replies":[{"embeddable":true,"href":"https:\/\/medandbeauty.com\/hu\/wp-json\/wp\/v2\/comments?post=464195"}],"wp:featuredmedia":[{"embeddable":true,"href":"https:\/\/medandbeauty.com\/hu\/wp-json\/wp\/v2\/media\/464196"}],"wp:attachment":[{"href":"https:\/\/medandbeauty.com\/hu\/wp-json\/wp\/v2\/media?parent=464195"}],"wp:term":[{"taxonomy":"kolor","embeddable":true,"href":"https:\/\/medandbeauty.com\/hu\/wp-json\/wp\/v2\/kolor?post=464195"},{"taxonomy":"rodzaj-ubrania","embeddable":true,"href":"https:\/\/medandbeauty.com\/hu\/wp-json\/wp\/v2\/rodzaj-ubrania?post=464195"},{"taxonomy":"ubranie","embeddable":true,"href":"https:\/\/medandbeauty.com\/hu\/wp-json\/wp\/v2\/ubranie?post=464195"},{"taxonomy":"product_brand","embeddable":true,"href":"https:\/\/medandbeauty.com\/hu\/wp-json\/wp\/v2\/product_brand?post=464195"},{"taxonomy":"product_cat","embeddable":true,"href":"https:\/\/medandbeauty.com\/hu\/wp-json\/wp\/v2\/product_cat?post=464195"},{"taxonomy":"product_tag","embeddable":true,"href":"https:\/\/medandbeauty.com\/hu\/wp-json\/wp\/v2\/product_tag?post=464195"}],"curies":[{"name":"wp","href":"https:\/\/api.w.org\/{rel}","templated":true}]}}