{"id":464213,"date":"2024-01-02T17:44:23","date_gmt":"2024-01-02T17:44:23","guid":{"rendered":"https:\/\/medandbeauty.com\/product\/noi-orvosi-jogger-nadrag-premium-kek-premium-kek\/"},"modified":"2025-12-23T12:05:49","modified_gmt":"2025-12-23T11:05:49","slug":"noi-orvosi-jogger-nadrag-premium-kek-premium-kek","status":"publish","type":"product","link":"https:\/\/medandbeauty.com\/hu\/product\/noi-orvosi-jogger-nadrag-premium-kek-premium-kek\/","title":{"rendered":"N\u0151i orvosi jogger nadr\u00e1g pr\u00e9mium K\u00c9K pr\u00e9mium k\u00e9k"},"content":{"rendered":"<p style=\"font-weight: 400;\">Olyan <strong>orvosi kocog\u00f3t<\/strong> keresel, amit nem akarsz majd levenni?<\/p>\n<p style=\"font-weight: 400;\">N\u0151i v\u00e1s\u00e1rl\u00f3ink k\u00e9r\u00e9s\u00e9re, mostant\u00f3l a legkelend\u0151bb <strong>m\u0171t\u0151sruh\u00e1ink<\/strong> pr\u00e9mium kollekci\u00f3ban is el\u00e9rhet\u0151ek!<\/p>\n<p style=\"font-weight: 400;\">Ha a maxim\u00e1lis k\u00e9nyelem \u00e9s a kiv\u00e1l\u00f3 min\u0151s\u00e9g\u0171 anyagok az \u00d6n priorit\u00e1sai az orvosi egyenruha kiv\u00e1laszt\u00e1sakor &#8211; <strong>pr\u00e9mium<\/strong> <strong>k\u00e9k<\/strong> <strong>orvosi meleg\u00edt\u0151nadr\u00e1gunknak<\/strong> ott kell lennie a szekr\u00e9ny\u00e9ben.<\/p>\n<p style=\"font-weight: 400;\"><strong>A k\u00e9k m\u0171t\u0151snadr\u00e1g pr\u00e9mium n\u0151i orvosi jogging nadr\u00e1g<\/strong> rugalmas \u00e9s l\u00e9g\u00e1tereszt\u0151 anyagb\u00f3l k\u00e9sz\u00fclt, \u00edgy nem korl\u00e1tozza a mozg\u00e1st \u00e9s k\u00e9nyelmes viselet. A 80%-os pr\u00e9mium pamutanyag lycr\u00e1val \u00e9s nejlonnal kombin\u00e1lva t\u00f6k\u00e9letesen illeszkedik a n\u0151i alakhoz, valamint l\u00e9g\u00e1tereszt\u0151 \u00e9s tart\u00f3s. <\/p>\n<p style=\"font-weight: 400;\">A sz\u00e9les \u00e9s rugalmas der\u00e9ksz\u00edjjal ell\u00e1tott, enyh\u00e9n megemelt der\u00e9kr\u00e9sznek k\u00f6sz\u00f6nhet\u0151en a nadr\u00e1g nem korl\u00e1tozza a mozg\u00e1st, \u00e9s maxim\u00e1lis k\u00e9nyelmet biztos\u00edt m\u00e9g hossz\u00fa viselet sor\u00e1n is.<\/p>\n<p style=\"font-weight: 400;\"><strong>Az orvosi meleg\u00edt\u0151nadr\u00e1g<\/strong> k\u00e9k sz\u00edne egysz\u00edn\u0171 \u00e9s t\u00f6bbsz\u00edn\u0171 megjelen\u00e9ssel egyar\u00e1nt j\u00f3l m\u0171k\u00f6dik, a hat praktikus \u00e9s t\u00e1gas zseb pedig lehet\u0151v\u00e9 teszi, hogy az \u00f6sszes sz\u00fcks\u00e9ges kis eszk\u00f6zt \u00e9s kieg\u00e9sz\u00edt\u0151t mindig k\u00e9zn\u00e9l tartsa.<\/p>\n<p style=\"font-weight: 400;\">A <strong> <a href=\"https:\/\/medandbeauty.com\/hu\/shop\/neki\/premium-kollekcio\/\" target=\"_blank\" rel=\"noopener\">pr\u00e9mium kollekci\u00f3b\u00f3l<\/a> sz\u00e1rmaz\u00f3 k\u00e9k n\u0151i orvosi m\u0171t\u0151snadr\u00e1got<\/strong> bord\u00e1zott mandzsett\u00e1val l\u00e1ttuk el a l\u00e1bsz\u00e1r alj\u00e1n, hogy a nadr\u00e1g ne guruljon fel munka k\u00f6zben.<\/p>\n<p style=\"font-weight: 400;\">\u00c1ll\u00edtsa \u00f6ssze kedvenc <strong>orvosi ruhak\u00e9szlet\u00e9t<\/strong> a <strong>k\u00e9k n\u0151i orvosi jogging nadr\u00e1got<\/strong> \u00e9s az ugyanebb\u0151l az anyagb\u00f3l k\u00e9sz\u00fclt <strong> <a href=\"https:\/\/medandbeauty.com\/produkt\/bluzka-medyczna-damska-scrubs-premium-blekitna\/\" target=\"_blank\" rel=\"noopener\">orvosi bl\u00fazt<\/a><\/strong>.<\/p>\n<p style=\"font-weight: 400;\">Keverje szabadon a sz\u00edneket, hogy egyedi megjelen\u00e9st hozzon l\u00e9tre, vagy v\u00e1lasszon egysz\u00edn\u0171, id\u0151tlen megjelen\u00e9st.<\/p>\n<ul>\n<li style=\"font-weight: 400;\">6 praktikus \u00e9s t\u00e1gas zseb &#8211; k\u00e9t el\u00fcls\u0151, k\u00e9t h\u00e1ts\u00f3 \u00e9s k\u00e9t rakom\u00e1nyzseb tov\u00e1bbi tolltart\u00f3 rekesszel.<\/li>\n<li style=\"font-weight: 400;\"><span style=\"font-family: inherit;\">Enyh\u00e9n magas\u00edtott, elasztikus der\u00e9ksz\u00edjjal<\/span><\/li>\n<li style=\"font-weight: 400;\"><span style=\"font-family: inherit;\">Bord\u00e1zott l\u00e1bsz\u00e1r als\u00f3<\/span><\/li>\n<li style=\"font-weight: 400;\"><span style=\"font-family: inherit;\">Puha \u00e9s k\u00e9nyelmes viselet<\/span><\/li>\n<\/ul>\n<p style=\"font-weight: 400;\"><strong>Tov\u00e1bbi inform\u00e1ci\u00f3k:<\/strong><br \/>\nA k\u00e9peken l\u00e1that\u00f3 modellek S-es m\u00e9retet viselnek, \u00e9s 170-174 cm magasak.<\/p>\n<p style=\"font-weight: 400;\">Ha nem tudja, milyen m\u00e9retet v\u00e1lasszon &#8211; n\u00e9zze meg a m\u00e9rett\u00e1bl\u00e1zatot. Ha tov\u00e1bbi k\u00e9ts\u00e9gek mer\u00fclnek fel &#8211; k\u00fcldje el nek\u00fcnk a m\u00e9reteit, \u00e9s mi m\u00e9retre szabjuk \u00d6nnek. <\/p>\n<p style=\"font-weight: 400;\">A <a href=\"https:\/\/medandbeauty.com\/hu\/shop\/neki\/premium-kollekcio\/\" target=\"_blank\" rel=\"noopener\">Premium kollekci\u00f3<\/a> ruhadarabjainak sz\u00ednei nem egyeznek a<a href=\"https:\/\/medandbeauty.com\/hu\/shop\/neki\/basic-kollekcio\/\" target=\"_blank\" rel=\"noopener\"> Basic kollekci\u00f3<\/a> sz\u00edneivel &#8211; m\u00e1s anyagb\u00f3l k\u00e9sz\u00fcltek.<\/p>\n<p style=\"font-weight: 400;\">A k\u00e9peken l\u00e1that\u00f3 egyes ruhadarabok \u00e1rnyalatai elt\u00e9rhetnek a t\u00e9nylegesekt\u0151l &#8211; ez a k\u00fcl\u00f6nb\u00f6z\u0151 elektronikus berendez\u00e9sek \u00e9s azok egyedi be\u00e1ll\u00edt\u00e1sai miatt van \u00edgy.<\/p>\n","protected":false},"excerpt":{"rendered":"<p>Olyan orvosi kocog\u00f3t keresel, amit nem akarsz majd levenni? N\u0151i v\u00e1s\u00e1rl\u00f3ink k\u00e9r\u00e9s\u00e9re, mostant\u00f3l a legkelend\u0151bb m\u0171t\u0151sruh\u00e1ink pr\u00e9mium kollekci\u00f3ban is el\u00e9rhet\u0151ek! Ha a maxim\u00e1lis k\u00e9nyelem \u00e9s a kiv\u00e1l\u00f3 min\u0151s\u00e9g\u0171 anyagok az \u00d6n priorit\u00e1sai az orvosi egyenruha kiv\u00e1laszt\u00e1sakor &#8211; pr\u00e9mium k\u00e9k orvosi meleg\u00edt\u0151nadr\u00e1gunknak ott kell lennie a szekr\u00e9ny\u00e9ben. A k\u00e9k m\u0171t\u0151snadr\u00e1g pr\u00e9mium n\u0151i orvosi jogging nadr\u00e1g rugalmas [&hellip;]<\/p>\n","protected":false},"featured_media":464214,"comment_status":"open","ping_status":"closed","template":"","meta":{"_acf_changed":false,"inline_featured_image":false},"kolor":[1901],"rodzaj-ubrania":[1883,1882],"ubranie":[1991],"product_brand":[],"product_cat":[1989,1887,1926,1902],"product_tag":[],"class_list":{"0":"post-464213","1":"product","2":"type-product","3":"status-publish","4":"has-post-thumbnail","6":"kolor-kek","7":"rodzaj-ubrania-orvosi-nadragok","8":"rodzaj-ubrania-scrubs-hu","9":"ubranie-noi-orvosi-jogger-nadrag-mutosnadrag-premium","10":"product_cat-bozotosok-hu-2","11":"product_cat-neki","12":"product_cat-orvosi-nadrag-hu","13":"product_cat-premium-kollekcio","15":"first","16":"instock","17":"taxable","18":"shipping-taxable","19":"purchasable","20":"product-type-variable"},"acf":[],"_links":{"self":[{"href":"https:\/\/medandbeauty.com\/hu\/wp-json\/wp\/v2\/product\/464213","targetHints":{"allow":["GET"]}}],"collection":[{"href":"https:\/\/medandbeauty.com\/hu\/wp-json\/wp\/v2\/product"}],"about":[{"href":"https:\/\/medandbeauty.com\/hu\/wp-json\/wp\/v2\/types\/product"}],"replies":[{"embeddable":true,"href":"https:\/\/medandbeauty.com\/hu\/wp-json\/wp\/v2\/comments?post=464213"}],"wp:featuredmedia":[{"embeddable":true,"href":"https:\/\/medandbeauty.com\/hu\/wp-json\/wp\/v2\/media\/464214"}],"wp:attachment":[{"href":"https:\/\/medandbeauty.com\/hu\/wp-json\/wp\/v2\/media?parent=464213"}],"wp:term":[{"taxonomy":"kolor","embeddable":true,"href":"https:\/\/medandbeauty.com\/hu\/wp-json\/wp\/v2\/kolor?post=464213"},{"taxonomy":"rodzaj-ubrania","embeddable":true,"href":"https:\/\/medandbeauty.com\/hu\/wp-json\/wp\/v2\/rodzaj-ubrania?post=464213"},{"taxonomy":"ubranie","embeddable":true,"href":"https:\/\/medandbeauty.com\/hu\/wp-json\/wp\/v2\/ubranie?post=464213"},{"taxonomy":"product_brand","embeddable":true,"href":"https:\/\/medandbeauty.com\/hu\/wp-json\/wp\/v2\/product_brand?post=464213"},{"taxonomy":"product_cat","embeddable":true,"href":"https:\/\/medandbeauty.com\/hu\/wp-json\/wp\/v2\/product_cat?post=464213"},{"taxonomy":"product_tag","embeddable":true,"href":"https:\/\/medandbeauty.com\/hu\/wp-json\/wp\/v2\/product_tag?post=464213"}],"curies":[{"name":"wp","href":"https:\/\/api.w.org\/{rel}","templated":true}]}}