{"id":464232,"date":"2024-01-02T17:53:45","date_gmt":"2024-01-02T17:53:45","guid":{"rendered":"https:\/\/medandbeauty.com\/product\/noi-orvosi-jogger-nadrag-premium-fekete-premium-fekete\/"},"modified":"2025-12-23T12:06:15","modified_gmt":"2025-12-23T11:06:15","slug":"noi-orvosi-jogger-nadrag-premium-fekete-premium-fekete","status":"publish","type":"product","link":"https:\/\/medandbeauty.com\/hu\/product\/noi-orvosi-jogger-nadrag-premium-fekete-premium-fekete\/","title":{"rendered":"N\u0151i orvosi jogger nadr\u00e1g pr\u00e9mium FEKETE pr\u00e9mium fekete"},"content":{"rendered":"<p>&nbsp;<\/p>\n<h2>Fekete orvosi nadr\u00e1g &#8211; pr\u00e9mium anyagok<\/h2>\n<p>Keresi a legk\u00e9nyelmesebb <strong>n\u0151i orvosi joggert feket\u00e9ben<\/strong>, amit nem akar levenni?<\/p>\n<p>N\u0151i v\u00e1s\u00e1rl\u00f3ink k\u00e9r\u00e9s\u00e9re, mostant\u00f3l a legkelend\u0151bb <strong>b\u0151rkab\u00e1tjaink<\/strong> pr\u00e9mium kollekci\u00f3ban is el\u00e9rhet\u0151ek!<\/p>\n<p>Ha a visel\u00e9si k\u00e9nyelem \u00e9s a pr\u00e9mium min\u0151s\u00e9g\u0171 anyagok az, amit az orvosi ruh\u00e1zatban keres &#8211; <strong>pr\u00e9mium<\/strong> <strong>fekete<\/strong> <strong>orvosi jogger\u00fcnk<\/strong> biztosan tetszeni fog \u00d6nnek!<\/p>\n<p><strong>A <a href=\"https:\/\/medandbeauty.com\/hu\/shop\/neki\/premium-kollekcio\/\" target=\"_blank\" rel=\"noopener\">pr\u00e9mium kollekci\u00f3<\/a> fekete orvosi joggers m\u0171t\u0151snadr\u00e1gja<\/strong> puha \u00e9s l\u00e9g\u00e1tereszt\u0151 anyagb\u00f3l k\u00e9sz\u00fclt, \u00edgy nem korl\u00e1tozza a mozg\u00e1st, \u00e9s visel\u00e9se sor\u00e1n teljes k\u00e9nyelmet biztos\u00edt. <strong>A 80%-ban kiv\u00e1l\u00f3 min\u0151s\u00e9g\u0171 pamut, valamint a lycra \u00e9s a nylon kever\u00e9k\u00e9nek k\u00f6sz\u00f6nhet\u0151en az anyag t\u00f6k\u00e9letesen ill<\/strong> eszkedik b\u00e1rmilyen t\u00edpus\u00fa n\u0151i alakhoz, valamint tart\u00f3s \u00e9s l\u00e9g\u00e1tereszt\u0151.<\/p>\n<p>Az enyh\u00e9n megemelt der\u00e9kr\u00e9sz sz\u00e9les, rugalmas der\u00e9ksz\u00edjjal azt jelenti, hogy a fekete orvosi nadr\u00e1g nem korl\u00e1tozza a mozg\u00e1st, \u00e9s ez\u00e9rt nagyon k\u00e9nyelmes, m\u00e9g hossz\u00fa ideig tart\u00f3 visel\u00e9s eset\u00e9n is.<\/p>\n<p>Az orvosi jogger klasszikus fekete sz\u00edne b\u00e1rmilyen \u00f6lt\u00f6z\u00e9khez j\u00f3l illik, a hat praktikus \u00e9s t\u00e1gas zsebnek k\u00f6sz\u00f6nhet\u0151en pedig a munk\u00e1hoz sz\u00fcks\u00e9ges \u00f6sszes apr\u00f3 szersz\u00e1m \u00e9s kieg\u00e9sz\u00edt\u0151 mindig k\u00e9zn\u00e9l lesz.<\/p>\n<p><strong>A fekete, pr\u00e9mium n\u0151i orvosi joggerek bord\u00e1zott mandzsett\u00e1val rendelkeznek a l\u00e1bak alj\u00e1n<\/strong>, hogy a nadr\u00e1g ne h\u00faz\u00f3djon fel haszn\u00e1lat k\u00f6zben.<\/p>\n<h2>N\u0151i orvosi nadr\u00e1g fekete<\/h2>\n<p>\u00c1ll\u00edtsa \u00f6ssze \u00e1lmai orvosi ruhak\u00e9szlet\u00e9t a fekete n\u0151i orvosi jogging nadr\u00e1got egy ugyanabb\u00f3l az anyagb\u00f3l k\u00e9sz\u00fclt <a href=\"https:\/\/medandbeauty.com\/produkt\/bluzka-medyczna-damska-scrubs-premium-czarna\/\" target=\"_blank\" rel=\"noopener\">orvosi bl\u00fazzal<\/a>.<\/p>\n<p>Keverje szabadon az \u00e1rnyalatokat, hogy egyedi st\u00edlust hozzon l\u00e9tre, vagy v\u00e1lasszon egysz\u00edn\u0171, klasszikus fekete megjelen\u00e9st. Mi jellemzi orvosi fekete nadr\u00e1gjainkat? <\/p>\n<ul>\n<li>Hat praktikus \u00e9s t\u00e1gas zseb &#8211; k\u00e9t el\u00fcls\u0151 zseb, k\u00e9t h\u00e1ts\u00f3 zseb \u00e9s k\u00e9t tehersz\u00e1ll\u00edt\u00f3 zseb egy tov\u00e1bbi tolltart\u00f3val,<\/li>\n<li>Enyh\u00e9n megemelt fels\u0151 r\u00e9sz, elasztikus der\u00e9kp\u00e1nttal,<\/li>\n<li>bord\u00e1k a l\u00e1bak alj\u00e1n.<\/li>\n<li>puha \u00e9s k\u00e9nyelmes viselet.<\/li>\n<\/ul>\n<p><strong>Tov\u00e1bbi inform\u00e1ci\u00f3k:<\/strong> A k\u00e9peken l\u00e1that\u00f3 modellek n\u0151i orvosi nadr\u00e1got viselnek fekete sz\u00ednben, S m\u00e9retben, \u00e9s 170-174 cm magasak.<\/p>\n<h2>N\u0151i orvosi jogger fekete &#8211; m\u00e9retek<\/h2>\n<p>Ha nem tudja, milyen m\u00e9retet v\u00e1lasszon &#8211; n\u00e9zze meg a m\u00e9rett\u00e1bl\u00e1zatot. Ha m\u00e9g mindig bizonytalan vagy &#8211; k\u00fcldd el nek\u00fcnk a m\u00e9reteidet, \u00e9s mi <strong>pontosan r\u00e1d szabjuk a n\u0151i fekete orvosi nadr\u00e1g m\u00e9ret\u00e9t.<\/strong> <\/p>\n<p>A <a href=\"https:\/\/medandbeauty.com\/hu\/shop\/neki\/premium-kollekcio\/\" target=\"_blank\" rel=\"noopener\">Premium kollekci\u00f3<\/a> ruhadarabjainak sz\u00ednei nem egyeznek a <a href=\"https:\/\/medandbeauty.com\/hu\/shop\/neki\/basic-kollekcio\/\" target=\"_blank\" rel=\"noopener\">Basic kollekci\u00f3<\/a> sz\u00edneivel &#8211; m\u00e1s anyagb\u00f3l k\u00e9sz\u00fcltek.<\/p>\n<p>Med&amp;Beauty orvosi ruh\u00e1zati bolt k\u00edn\u00e1l:<\/p>\n<ul>\n<li><a href=\"https:\/\/medandbeauty.com\/hu\/shop\/neki\/\" target=\"_new\" rel=\"noopener\">n\u0151i orvosi ruh\u00e1zat<\/a>,<\/li>\n<li><a href=\"https:\/\/medandbeauty.com\/hu\/rodzaj-ubrania\/orvosi-nadragok\/\" target=\"_new\" rel=\"noopener\">orvosi nadr\u00e1g<\/a>,<\/li>\n<li><a href=\"https:\/\/medandbeauty.com\/hu\/shop\/neki\/basic-kollekcio\/orvosi-nadrag\/\" target=\"_new\" rel=\"noopener\">n\u0151i orvosi nadr\u00e1g<\/a>,<\/li>\n<li><a href=\"https:\/\/medandbeauty.com\/hu\/shop\/neki\/premium-kollekcio\/orvosi-nadrag-hu\/\" target=\"_new\" rel=\"noopener\">n\u0151i orvosi pamut nadr\u00e1g<\/a>.<\/li>\n<\/ul>\n<p>A k\u00e9peken l\u00e1that\u00f3 egyes ruhadarabok \u00e1rnyalatai elt\u00e9rhetnek a t\u00e9nylegesekt\u0151l &#8211; ez a k\u00fcl\u00f6nb\u00f6z\u0151 elektronikus berendez\u00e9sek \u00e9s azok egyedi be\u00e1ll\u00edt\u00e1sai miatt van \u00edgy.<\/p>\n","protected":false},"excerpt":{"rendered":"<p>&nbsp; Fekete orvosi nadr\u00e1g &#8211; pr\u00e9mium anyagok Keresi a legk\u00e9nyelmesebb n\u0151i orvosi joggert feket\u00e9ben, amit nem akar levenni? N\u0151i v\u00e1s\u00e1rl\u00f3ink k\u00e9r\u00e9s\u00e9re, mostant\u00f3l a legkelend\u0151bb b\u0151rkab\u00e1tjaink pr\u00e9mium kollekci\u00f3ban is el\u00e9rhet\u0151ek! Ha a visel\u00e9si k\u00e9nyelem \u00e9s a pr\u00e9mium min\u0151s\u00e9g\u0171 anyagok az, amit az orvosi ruh\u00e1zatban keres &#8211; pr\u00e9mium fekete orvosi jogger\u00fcnk biztosan tetszeni fog \u00d6nnek! A pr\u00e9mium [&hellip;]<\/p>\n","protected":false},"featured_media":464233,"comment_status":"open","ping_status":"closed","template":"","meta":{"_acf_changed":false,"inline_featured_image":false},"kolor":[1928],"rodzaj-ubrania":[1883,1882],"ubranie":[1991],"product_brand":[],"product_cat":[1989,1887,1926,1902],"product_tag":[],"class_list":{"0":"post-464232","1":"product","2":"type-product","3":"status-publish","4":"has-post-thumbnail","6":"kolor-czernie-hu","7":"rodzaj-ubrania-orvosi-nadragok","8":"rodzaj-ubrania-scrubs-hu","9":"ubranie-noi-orvosi-jogger-nadrag-mutosnadrag-premium","10":"product_cat-bozotosok-hu-2","11":"product_cat-neki","12":"product_cat-orvosi-nadrag-hu","13":"product_cat-premium-kollekcio","15":"first","16":"instock","17":"taxable","18":"shipping-taxable","19":"purchasable","20":"product-type-variable"},"acf":[],"_links":{"self":[{"href":"https:\/\/medandbeauty.com\/hu\/wp-json\/wp\/v2\/product\/464232","targetHints":{"allow":["GET"]}}],"collection":[{"href":"https:\/\/medandbeauty.com\/hu\/wp-json\/wp\/v2\/product"}],"about":[{"href":"https:\/\/medandbeauty.com\/hu\/wp-json\/wp\/v2\/types\/product"}],"replies":[{"embeddable":true,"href":"https:\/\/medandbeauty.com\/hu\/wp-json\/wp\/v2\/comments?post=464232"}],"wp:featuredmedia":[{"embeddable":true,"href":"https:\/\/medandbeauty.com\/hu\/wp-json\/wp\/v2\/media\/464233"}],"wp:attachment":[{"href":"https:\/\/medandbeauty.com\/hu\/wp-json\/wp\/v2\/media?parent=464232"}],"wp:term":[{"taxonomy":"kolor","embeddable":true,"href":"https:\/\/medandbeauty.com\/hu\/wp-json\/wp\/v2\/kolor?post=464232"},{"taxonomy":"rodzaj-ubrania","embeddable":true,"href":"https:\/\/medandbeauty.com\/hu\/wp-json\/wp\/v2\/rodzaj-ubrania?post=464232"},{"taxonomy":"ubranie","embeddable":true,"href":"https:\/\/medandbeauty.com\/hu\/wp-json\/wp\/v2\/ubranie?post=464232"},{"taxonomy":"product_brand","embeddable":true,"href":"https:\/\/medandbeauty.com\/hu\/wp-json\/wp\/v2\/product_brand?post=464232"},{"taxonomy":"product_cat","embeddable":true,"href":"https:\/\/medandbeauty.com\/hu\/wp-json\/wp\/v2\/product_cat?post=464232"},{"taxonomy":"product_tag","embeddable":true,"href":"https:\/\/medandbeauty.com\/hu\/wp-json\/wp\/v2\/product_tag?post=464232"}],"curies":[{"name":"wp","href":"https:\/\/api.w.org\/{rel}","templated":true}]}}