{"id":464253,"date":"2024-01-02T18:11:31","date_gmt":"2024-01-02T18:11:31","guid":{"rendered":"https:\/\/medandbeauty.com\/product\/noi-orvosi-jogger-nadrag-mutosnadrag-premium-pale-beige\/"},"modified":"2025-12-23T12:06:15","modified_gmt":"2025-12-23T11:06:15","slug":"noi-orvosi-jogger-nadrag-mutosnadrag-premium-pale-beige","status":"publish","type":"product","link":"https:\/\/medandbeauty.com\/hu\/product\/noi-orvosi-jogger-nadrag-mutosnadrag-premium-pale-beige\/","title":{"rendered":"N\u0151i orvosi jogger nadr\u00e1g m\u0171t\u0151snadr\u00e1g pr\u00e9mium PALE BEIGE"},"content":{"rendered":"<p style=\"font-weight: 400;\">A t\u00f6k\u00e9letes <strong>orvosi kocog\u00f3t<\/strong> keresed, amit nem akarsz majd levenni?<\/p>\n<p style=\"font-weight: 400;\">N\u0151i v\u00e1s\u00e1rl\u00f3ink k\u00e9r\u00e9s\u00e9re, mostant\u00f3l a legkelend\u0151bb <strong>b\u0151rkab\u00e1tjaink<\/strong> <a href=\"https:\/\/medandbeauty.com\/hu\/shop\/neki\/premium-kollekcio\/\" target=\"_blank\" rel=\"noopener\">pr\u00e9mium kollekci\u00f3ban<\/a> is el\u00e9rhet\u0151ek!<\/p>\n<p style=\"font-weight: 400;\">Ha \u00e9rt\u00e9keli a kiv\u00e1l\u00f3 min\u0151s\u00e9g\u0171 anyagokat \u00e9s a maxim\u00e1lis k\u00e9nyelmet, \u00e9s szereti a sportos, m\u00e9gis professzion\u00e1lis st\u00edlust &#8211; <strong>pr\u00e9mium kateg\u00f3ri\u00e1s orvosi jogger\u00fcnk<\/strong> vil\u00e1gos b\u00e9zs sz\u00ednben elengedhetetlen a ruhat\u00e1r\u00e1ban.<\/p>\n<p style=\"font-weight: 400;\"><strong>A vil\u00e1gos b\u00e9zs <a href=\"https:\/\/medandbeauty.com\/hu\/shop\/neki\/premium-kollekcio\/\" target=\"_blank\" rel=\"noopener\">sz\u00edn\u0171, pr\u00e9mium n\u0151i orvosi m\u0171t\u0151snadr\u00e1g pr\u00e9mium<\/a> orvosi jogging nadr\u00e1g<\/strong> puha tapint\u00e1s\u00fa \u00e9s rendk\u00edv\u00fcl kellemes anyagb\u00f3l <strong>k\u00e9sz\u00fclt<\/strong>, \u00edgy teljes mozg\u00e1sszabads\u00e1g mellett garant\u00e1lja a k\u00e9nyelmes viseletet. A 80% pr\u00e9mium pamut, a lycra \u00e9s a nylon kombin\u00e1ci\u00f3ja r\u00e9v\u00e9n az anyag t\u00f6k\u00e9letesen illeszkedik a n\u0151i alakhoz, valamint tart\u00f3s \u00e9s l\u00e9g\u00e1tereszt\u0151.<\/p>\n<p style=\"font-weight: 400;\">Az enyh\u00e9n megemelt der\u00e9kr\u00e9sz \u00e9s a sz\u00e9les, rugalmas der\u00e9kp\u00e1nt 100%-os k\u00e9nyelmet garant\u00e1l. A Med &amp; Beauty orvosi joggerek nem korl\u00e1tozz\u00e1k a mozg\u00e1st, m\u00e9g hossz\u00fa ideig tart\u00f3 visel\u00e9s eset\u00e9n sem. <\/p>\n<p style=\"font-weight: 400;\">A vil\u00e1gos b\u00e9zs sz\u00edn\u0171 <strong>orvosi jogger<\/strong> b\u00e1rmilyen megjelen\u00e9shez j\u00f3l illik, legyen az egy- vagy t\u00f6bbsz\u00edn\u0171, a hat t\u00e1gas \u00e9s praktikus zseb pedig k\u00e9zn\u00e9l tartja az \u00f6sszes munkaeszk\u00f6z\u00e9t \u00e9s szersz\u00e1m\u00e1t.<\/p>\n<p style=\"font-weight: 400;\"><strong>A n\u0151i <a href=\"https:\/\/medandbeauty.com\/hu\/shop\/neki\/premium-kollekcio\/\" target=\"_blank\" rel=\"noopener\">m\u0171t\u0151snadr\u00e1g pr\u00e9mium<\/a> orvosi joggereket<\/strong> a l\u00e1bak alj\u00e1n h\u00faz\u00f3zsin\u00f3rral l\u00e1ttuk el, hogy megakad\u00e1lyozzuk a nadr\u00e1g felh\u00faz\u00f3d\u00e1s\u00e1t az intenz\u00edv munkaid\u0151ben.<\/p>\n<p style=\"font-weight: 400;\">\u00c1ll\u00edtsa \u00f6ssze \u00e1lmai <strong>orvosi ruhak\u00e9szlet\u00e9t<\/strong> a <strong>vil\u00e1gos b\u00e9zs sz\u00edn\u0171 n\u0151i orvosi meleg\u00edt\u0151nadr\u00e1got <a href=\"https:\/\/medandbeauty.com\/sk\/product\/damska-lekarska-bluzka-scrubs-premium-light-beige\/\" target=\"_blank\" rel=\"noopener\">egy<\/a><\/strong> azonos anyagb\u00f3l k\u00e9sz\u00fclt <strong> orvosi bl\u00fazzal<\/strong>.<\/p>\n<p style=\"font-weight: 400;\">Keverje szabadon a sz\u00edneket, \u00e9s hozzon l\u00e9tre egyedi megjelen\u00e9st, vagy v\u00e1lasszon klasszikus \u00e9s id\u0151tlen egysz\u00edn\u0171 megjelen\u00e9st.<\/p>\n<ul>\n<li style=\"font-weight: 400;\">6 praktikus \u00e9s t\u00e1gas zseb &#8211; k\u00e9t el\u00fcls\u0151, k\u00e9t h\u00e1ts\u00f3 \u00e9s k\u00e9t rakom\u00e1nyzseb tov\u00e1bbi tolltart\u00f3 rekesszel.<\/li>\n<li style=\"font-weight: 400;\"><span style=\"font-family: inherit;\">Enyh\u00e9n magas\u00edtott, elasztikus der\u00e9ksz\u00edjjal<\/span><\/li>\n<li style=\"font-weight: 400;\"><span style=\"font-family: inherit;\">Bord\u00e1zott l\u00e1bsz\u00e1r als\u00f3<\/span><\/li>\n<li style=\"font-weight: 400;\"><span style=\"font-family: inherit;\">Puha \u00e9s k\u00e9nyelmes viselet<\/span><\/li>\n<\/ul>\n<p style=\"font-weight: 400;\"><strong>Tov\u00e1bbi inform\u00e1ci\u00f3k:<\/strong><br \/>\nA k\u00e9peken l\u00e1that\u00f3 modellek S-es m\u00e9retet viselnek, \u00e9s 170-174 cm magasak.<\/p>\n<p style=\"font-weight: 400;\">Ha nem tudja, milyen m\u00e9retet v\u00e1lasszon &#8211; n\u00e9zze meg a m\u00e9rett\u00e1bl\u00e1zatot. Ha tov\u00e1bbi k\u00e9ts\u00e9gek mer\u00fclnek fel &#8211; k\u00fcldje el nek\u00fcnk a m\u00e9reteit, \u00e9s mi m\u00e9retre szabjuk \u00d6nnek. <\/p>\n<p style=\"font-weight: 400;\">A <a href=\"https:\/\/medandbeauty.com\/hu\/shop\/neki\/premium-kollekcio\/\" target=\"_blank\" rel=\"noopener\">Premium kollekci\u00f3<\/a> ruhadarabjainak sz\u00ednei nem egyeznek a <a href=\"https:\/\/medandbeauty.com\/hu\/shop\/neki\/basic-kollekcio\/\" target=\"_blank\" rel=\"noopener\">Basic kollekci\u00f3<\/a> sz\u00edneivel &#8211; m\u00e1s anyagb\u00f3l k\u00e9sz\u00fcltek.<\/p>\n<p style=\"font-weight: 400;\">A k\u00e9peken l\u00e1that\u00f3 egyes ruhadarabok \u00e1rnyalatai elt\u00e9rhetnek a t\u00e9nylegesekt\u0151l &#8211; ez a k\u00fcl\u00f6nb\u00f6z\u0151 elektronikus berendez\u00e9sek \u00e9s azok egyedi be\u00e1ll\u00edt\u00e1sai miatt van \u00edgy.<\/p>\n","protected":false},"excerpt":{"rendered":"<p>A t\u00f6k\u00e9letes orvosi kocog\u00f3t keresed, amit nem akarsz majd levenni? N\u0151i v\u00e1s\u00e1rl\u00f3ink k\u00e9r\u00e9s\u00e9re, mostant\u00f3l a legkelend\u0151bb b\u0151rkab\u00e1tjaink pr\u00e9mium kollekci\u00f3ban is el\u00e9rhet\u0151ek! Ha \u00e9rt\u00e9keli a kiv\u00e1l\u00f3 min\u0151s\u00e9g\u0171 anyagokat \u00e9s a maxim\u00e1lis k\u00e9nyelmet, \u00e9s szereti a sportos, m\u00e9gis professzion\u00e1lis st\u00edlust &#8211; pr\u00e9mium kateg\u00f3ri\u00e1s orvosi jogger\u00fcnk vil\u00e1gos b\u00e9zs sz\u00ednben elengedhetetlen a ruhat\u00e1r\u00e1ban. A vil\u00e1gos b\u00e9zs sz\u00edn\u0171, pr\u00e9mium n\u0151i [&hellip;]<\/p>\n","protected":false},"featured_media":464254,"comment_status":"open","ping_status":"closed","template":"","meta":{"_acf_changed":false,"inline_featured_image":false},"kolor":[1921],"rodzaj-ubrania":[1883,1882],"ubranie":[1991],"product_brand":[],"product_cat":[1989,1887,1926,1902],"product_tag":[],"class_list":{"0":"post-464253","1":"product","2":"type-product","3":"status-publish","4":"has-post-thumbnail","6":"kolor-beiges-hu","7":"rodzaj-ubrania-orvosi-nadragok","8":"rodzaj-ubrania-scrubs-hu","9":"ubranie-noi-orvosi-jogger-nadrag-mutosnadrag-premium","10":"product_cat-bozotosok-hu-2","11":"product_cat-neki","12":"product_cat-orvosi-nadrag-hu","13":"product_cat-premium-kollekcio","15":"first","16":"instock","17":"taxable","18":"shipping-taxable","19":"purchasable","20":"product-type-variable"},"acf":[],"_links":{"self":[{"href":"https:\/\/medandbeauty.com\/hu\/wp-json\/wp\/v2\/product\/464253","targetHints":{"allow":["GET"]}}],"collection":[{"href":"https:\/\/medandbeauty.com\/hu\/wp-json\/wp\/v2\/product"}],"about":[{"href":"https:\/\/medandbeauty.com\/hu\/wp-json\/wp\/v2\/types\/product"}],"replies":[{"embeddable":true,"href":"https:\/\/medandbeauty.com\/hu\/wp-json\/wp\/v2\/comments?post=464253"}],"wp:featuredmedia":[{"embeddable":true,"href":"https:\/\/medandbeauty.com\/hu\/wp-json\/wp\/v2\/media\/464254"}],"wp:attachment":[{"href":"https:\/\/medandbeauty.com\/hu\/wp-json\/wp\/v2\/media?parent=464253"}],"wp:term":[{"taxonomy":"kolor","embeddable":true,"href":"https:\/\/medandbeauty.com\/hu\/wp-json\/wp\/v2\/kolor?post=464253"},{"taxonomy":"rodzaj-ubrania","embeddable":true,"href":"https:\/\/medandbeauty.com\/hu\/wp-json\/wp\/v2\/rodzaj-ubrania?post=464253"},{"taxonomy":"ubranie","embeddable":true,"href":"https:\/\/medandbeauty.com\/hu\/wp-json\/wp\/v2\/ubranie?post=464253"},{"taxonomy":"product_brand","embeddable":true,"href":"https:\/\/medandbeauty.com\/hu\/wp-json\/wp\/v2\/product_brand?post=464253"},{"taxonomy":"product_cat","embeddable":true,"href":"https:\/\/medandbeauty.com\/hu\/wp-json\/wp\/v2\/product_cat?post=464253"},{"taxonomy":"product_tag","embeddable":true,"href":"https:\/\/medandbeauty.com\/hu\/wp-json\/wp\/v2\/product_tag?post=464253"}],"curies":[{"name":"wp","href":"https:\/\/api.w.org\/{rel}","templated":true}]}}