{"id":464292,"date":"2024-01-05T20:07:22","date_gmt":"2024-01-05T20:07:22","guid":{"rendered":"https:\/\/medandbeauty.com\/product\/noi-orvosi-kopeny-mini-premium-feher\/"},"modified":"2025-12-23T12:07:33","modified_gmt":"2025-12-23T11:07:33","slug":"noi-orvosi-kopeny-mini-premium-feher","status":"publish","type":"product","link":"https:\/\/medandbeauty.com\/hu\/product\/noi-orvosi-kopeny-mini-premium-feher\/","title":{"rendered":"N\u0151i orvosi k\u00f6peny mini pr\u00e9mium FEH\u00c9R"},"content":{"rendered":"<p style=\"font-weight: 400;\"><strong>A feh\u00e9r mini pr\u00e9mium orvosi k\u00f6t\u00e9ny<\/strong> t\u00f6k\u00e9letes orvosi egyenruhamodell minden olyan n\u0151 sz\u00e1m\u00e1ra, aki az orvosi \u00e9s sz\u00e9ps\u00e9giparban dolgozik, \u00e9s aki \u00e9rt\u00e9keli a klasszikus \u00e9s minimalista szab\u00e1sokat.<\/p>\n<p style=\"font-weight: 400;\"><strong>A feh\u00e9r mini pr\u00e9mium orvosi k\u00f6t\u00e9ny<\/strong> a legjobb min\u0151s\u00e9g\u0171 pamut, nejlon \u00e9s lycra kever\u00e9k\u00e9b\u0151l k\u00e9sz\u00fclt. A sz\u00e1laknak ez a kombin\u00e1ci\u00f3ja a sz\u00f6vetben <a href=\"https:\/\/medandbeauty.com\/hu\/shop\/neki\/premium-kollekcio\/\" target=\"_blank\" rel=\"noopener\"><strong>Med &amp; Beauty Pr\u00e9mium orvosi ruh\u00e1zat <\/strong><\/a>l\u00e9g\u00e1tereszt\u0151, t\u00f6k\u00e9letesen alkalmazkodik b\u00e1rmilyen t\u00edpus\u00fa n\u0151i alakhoz, \u00e9s teljes k\u00e9nyelmet biztos\u00edt a hossz\u00fa munka\u00f3r\u00e1k alatt. <\/p>\n<p style=\"font-weight: 400;\">A <strong>Med &amp; Beauty<\/strong> \u00e1ltal gy\u00e1rtott <strong>orvosi fels\u0151ruh\u00e1zat<\/strong> minden modellje praktikus \u00e9s t\u00e1gas zsebekkel van felszerelve, hogy minden apr\u00f3s\u00e1got k\u00e9zn\u00e9l tarthasson.<\/p>\n<p style=\"font-weight: 400;\">A Pr\u00e9mium kollekci\u00f3 <strong>feh\u00e9r orvosi mini k\u00f6t\u00e9ny\u00e9nek<\/strong> nagy er\u0151ss\u00e9gei a hossz\u00fa, egyenes ujjak, a nyakkiv\u00e1g\u00e1sn\u00e1l l\u00e9v\u0151 \u00e1ll\u00f3gall\u00e9r \u00e9rdekes form\u00e1ja \u00e9s az alakra t\u00f6k\u00e9letesen illeszked\u0151 hossza.<\/p>\n<p style=\"font-weight: 400;\">A <strong>Med &amp;<\/strong> Beauty-n\u00e1l nemcsak a visel\u00e9si k\u00e9nyelemre, hanem az eszt\u00e9tikus \u00e9s professzion\u00e1lis megjelen\u00e9sre is nagy hangs\u00falyt fektet\u00fcnk. <strong>A feh\u00e9r mini pr\u00e9mium orvosi k\u00f6t\u00e9ny<\/strong> karcs\u00fa szab\u00e1ssal rendelkezik, amely t\u00f6k\u00e9letesen kiemeli a n\u0151i alak minden el\u0151ny\u00e9t.<\/p>\n<p style=\"font-weight: 400;\"><strong>A feh\u00e9r mini pr\u00e9mium orvosi k\u00f6peny<\/strong> nagyszer\u0171en n\u00e9z ki a k\u00f6vetkez\u0151kkel <a href=\"https:\/\/medandbeauty.com\/produkt\/spodnie-medyczne-damskie-przylegajace-premium-biale\/\" target=\"_blank\" rel=\"noopener\"><strong>orvosi nadr\u00e1g<\/strong><\/a>amely ugyanabb\u00f3l az anyagb\u00f3l k\u00e9sz\u00fclt.<\/p>\n<p style=\"font-weight: 400;\">P\u00e1ros\u00edtsa <strong>az orvosi nadr\u00e1got<\/strong> ugyanabban a feh\u00e9r sz\u00ednben, vagy a k\u00edn\u00e1latunkban el\u00e9rhet\u0151 sz\u00e1mos \u00e1rnyalat k\u00f6z\u00fcl b\u00e1rmelyikhez.<\/p>\n<ul>\n<li style=\"font-weight: 400;\">Eredeti \u00e1ll\u00f3gall\u00e9r<\/li>\n<li style=\"font-weight: 400;\"><span style=\"font-family: inherit;\">R\u00f6vid, klasszikus v\u00e1g\u00e1s<\/span><\/li>\n<li style=\"font-weight: 400;\"><span style=\"font-family: inherit;\">K\u00e9t t\u00e1gas zseb<\/span><\/li>\n<li style=\"font-weight: 400;\"><span style=\"font-family: inherit;\">Hossz\u00fa ujj\u00fa<\/span><\/li>\n<li style=\"font-weight: 400;\"><span style=\"font-family: inherit;\">H\u00edmz\u00e9ssel szem\u00e9lyre szabhat\u00f3<\/span><\/li>\n<\/ul>\n<p>&nbsp;<\/p>\n<p style=\"font-weight: 400;\"><strong>Tov\u00e1bbi inform\u00e1ci\u00f3k:<\/strong><br \/>\nA k\u00e9peken l\u00e1that\u00f3 modellek S-es m\u00e9retet viselnek, \u00e9s 170-174 cm magasak.<\/p>\n<p style=\"font-weight: 400;\">Ha nem tudja, milyen m\u00e9retet v\u00e1lasszon &#8211; n\u00e9zze meg a m\u00e9rett\u00e1bl\u00e1zatot. Ha tov\u00e1bbi k\u00e9ts\u00e9gek mer\u00fclnek fel &#8211; k\u00fcldje el nek\u00fcnk a m\u00e9reteit, \u00e9s mi m\u00e9retre szabjuk \u00d6nnek. <\/p>\n<p style=\"font-weight: 400;\">A <a href=\"https:\/\/medandbeauty.com\/hu\/shop\/neki\/premium-kollekcio\/\" target=\"_blank\" rel=\"noopener\">Premium kollekci\u00f3<\/a> ruhadarabjainak sz\u00ednei nem egyeznek a <a href=\"https:\/\/medandbeauty.com\/hu\/shop\/neki\/basic-kollekcio\/\" target=\"_blank\" rel=\"noopener\">Basic kollekci\u00f3<\/a> sz\u00edneivel &#8211; m\u00e1s anyagb\u00f3l k\u00e9sz\u00fcltek.<\/p>\n<p style=\"font-weight: 400;\">A k\u00e9peken l\u00e1that\u00f3 egyes ruhadarabok \u00e1rnyalatai elt\u00e9rhetnek a t\u00e9nylegesekt\u0151l &#8211; ez a k\u00fcl\u00f6nb\u00f6z\u0151 elektronikus berendez\u00e9sek \u00e9s azok egyedi be\u00e1ll\u00edt\u00e1sai miatt van \u00edgy.<\/p>\n","protected":false},"excerpt":{"rendered":"<p>A feh\u00e9r mini pr\u00e9mium orvosi k\u00f6t\u00e9ny t\u00f6k\u00e9letes orvosi egyenruhamodell minden olyan n\u0151 sz\u00e1m\u00e1ra, aki az orvosi \u00e9s sz\u00e9ps\u00e9giparban dolgozik, \u00e9s aki \u00e9rt\u00e9keli a klasszikus \u00e9s minimalista szab\u00e1sokat. A feh\u00e9r mini pr\u00e9mium orvosi k\u00f6t\u00e9ny a legjobb min\u0151s\u00e9g\u0171 pamut, nejlon \u00e9s lycra kever\u00e9k\u00e9b\u0151l k\u00e9sz\u00fclt. A sz\u00e1laknak ez a kombin\u00e1ci\u00f3ja a sz\u00f6vetben Med &amp; Beauty Pr\u00e9mium orvosi ruh\u00e1zat [&hellip;]<\/p>\n","protected":false},"featured_media":464296,"comment_status":"open","ping_status":"closed","template":"","meta":{"_acf_changed":false,"inline_featured_image":false},"kolor":[1930],"rodzaj-ubrania":[1879],"ubranie":[2011],"product_brand":[],"product_cat":[1887,1936,1902],"product_tag":[2006],"class_list":{"0":"post-464292","1":"product","2":"type-product","3":"status-publish","4":"has-post-thumbnail","6":"kolor-feherek","7":"rodzaj-ubrania-orvosi-kopenyek","8":"ubranie-noi-orvosi-kopeny-mini-premium","9":"product_cat-neki","10":"product_cat-orvosi-kopenyek","11":"product_cat-premium-kollekcio","12":"product_tag-kozmetikai-kotenyek","14":"first","15":"instock","16":"taxable","17":"shipping-taxable","18":"purchasable","19":"product-type-variable"},"acf":[],"_links":{"self":[{"href":"https:\/\/medandbeauty.com\/hu\/wp-json\/wp\/v2\/product\/464292","targetHints":{"allow":["GET"]}}],"collection":[{"href":"https:\/\/medandbeauty.com\/hu\/wp-json\/wp\/v2\/product"}],"about":[{"href":"https:\/\/medandbeauty.com\/hu\/wp-json\/wp\/v2\/types\/product"}],"replies":[{"embeddable":true,"href":"https:\/\/medandbeauty.com\/hu\/wp-json\/wp\/v2\/comments?post=464292"}],"wp:featuredmedia":[{"embeddable":true,"href":"https:\/\/medandbeauty.com\/hu\/wp-json\/wp\/v2\/media\/464296"}],"wp:attachment":[{"href":"https:\/\/medandbeauty.com\/hu\/wp-json\/wp\/v2\/media?parent=464292"}],"wp:term":[{"taxonomy":"kolor","embeddable":true,"href":"https:\/\/medandbeauty.com\/hu\/wp-json\/wp\/v2\/kolor?post=464292"},{"taxonomy":"rodzaj-ubrania","embeddable":true,"href":"https:\/\/medandbeauty.com\/hu\/wp-json\/wp\/v2\/rodzaj-ubrania?post=464292"},{"taxonomy":"ubranie","embeddable":true,"href":"https:\/\/medandbeauty.com\/hu\/wp-json\/wp\/v2\/ubranie?post=464292"},{"taxonomy":"product_brand","embeddable":true,"href":"https:\/\/medandbeauty.com\/hu\/wp-json\/wp\/v2\/product_brand?post=464292"},{"taxonomy":"product_cat","embeddable":true,"href":"https:\/\/medandbeauty.com\/hu\/wp-json\/wp\/v2\/product_cat?post=464292"},{"taxonomy":"product_tag","embeddable":true,"href":"https:\/\/medandbeauty.com\/hu\/wp-json\/wp\/v2\/product_tag?post=464292"}],"curies":[{"name":"wp","href":"https:\/\/api.w.org\/{rel}","templated":true}]}}