{"id":464329,"date":"2024-01-05T23:08:08","date_gmt":"2024-01-05T23:08:08","guid":{"rendered":"https:\/\/medandbeauty.com\/product\/noi-orvosi-nadrag-premium-slavia\/"},"modified":"2025-12-23T11:45:48","modified_gmt":"2025-12-23T10:45:48","slug":"noi-orvosi-nadrag-premium-slavia","status":"publish","type":"product","link":"https:\/\/medandbeauty.com\/hu\/product\/noi-orvosi-nadrag-premium-slavia\/","title":{"rendered":"N\u0151i orvosi nadr\u00e1g Premium SLAVIA"},"content":{"rendered":"<p style=\"font-weight: 400;\">NS T\u00f6k\u00e9letes, <strong>testhez\u00e1ll\u00f3 orvosi nadr\u00e1got<\/strong> keres, amely hossz\u00fa munkaid\u0151ben is elk\u00eds\u00e9ri \u00d6nt?<\/p>\n<p style=\"font-weight: 400;\">A <a href=\"https:\/\/medandbeauty.com\/hu\/shop\/neki\/premium-kollekcio\/\" target=\"_blank\" rel=\"noopener\">Pr\u00e9mium kollekci\u00f3<\/a> n\u0151i orvosi nadr\u00e1gjai megfelelnek a c\u00e9lnak!<\/p>\n<p style=\"font-weight: 400;\">Ha a visel\u00e9si k\u00e9nyelem \u00e9s a pr\u00e9mium min\u0151s\u00e9g\u0171 anyagok az, amit az orvosi ruh\u00e1zatban keres &#8211; a <strong>Sage Premium Medical Pants<\/strong> biztosan tetszeni fog \u00d6nnek!<\/p>\n<p style=\"font-weight: 400;\"><strong>A Sage Women&#8217;s Premium Adjacent Medical Pant <\/strong>puha \u00e9s l\u00e9g\u00e1tereszt\u0151 anyagb\u00f3l k\u00e9sz\u00fclt, \u00edgy nem korl\u00e1tozza a mozg\u00e1st, \u00e9s visel\u00e9s k\u00f6zben teljes k\u00e9nyelmet biztos\u00edt. A 80% kiv\u00e1l\u00f3 min\u0151s\u00e9g\u0171 pamut, valamint a lycra \u00e9s a nylon kever\u00e9k\u00e9nek k\u00f6sz\u00f6nhet\u0151en az anyag t\u00f6k\u00e9letesen illeszkedik b\u00e1rmilyen t\u00edpus\u00fa n\u0151i alakhoz, valamint tart\u00f3s \u00e9s l\u00e9g\u00e1tereszt\u0151. <\/p>\n<p style=\"font-weight: 400;\">Az enyh\u00e9n megemelt der\u00e9kr\u00e9sz sz\u00e9les, rugalmas der\u00e9ksz\u00edjjal azt jelenti, hogy a nadr\u00e1g nem korl\u00e1tozza a mozg\u00e1st, \u00e9s ez\u00e9rt nagyon k\u00e9nyelmes, m\u00e9g hossz\u00fa ideig tart\u00f3 visel\u00e9s eset\u00e9n is.<\/p>\n<p style=\"font-weight: 400;\"><strong>A tapad\u00f3 orvosi nadr\u00e1g<\/strong> klasszikus \u00e9s id\u0151tlen sz\u00edne b\u00e1rmilyen \u00f6lt\u00f6z\u00e9khez passzol, a zsebek hi\u00e1ny\u00e1nak k\u00f6sz\u00f6nhet\u0151en pedig a legk\u00e9nyelmesebb leggingsben \u00e9rezheted magad!<\/p>\n<p style=\"font-weight: 400;\">A <strong>Premium Sage n\u0151i orvosi ragaszt\u00f3nadr\u00e1g <\/strong>h\u00faz\u00f3zsin\u00f3rral ell\u00e1tott der\u00e9kp\u00e1nt a t\u00f6k\u00e9letes illeszked\u00e9s \u00e9rdek\u00e9ben.<\/p>\n<p style=\"font-weight: 400;\">\u00c1ll\u00edtsa \u00f6ssze \u00e1lmai <strong>orvosi ruhak\u00e9szlet\u00e9t<\/strong> <strong>a zs\u00e1ly\u00e1s orvosi nadr\u00e1ggal \u00e9s a zs\u00e1ly\u00e1s orvosi nadr\u00e1ggal<\/strong>. <strong><a href=\"https:\/\/medandbeauty.com\/sk\/product\/damska-lekarska-obalkova-tunika-premium-slavia\/\" target=\"_blank\" rel=\"noopener\">orvosi tunika<\/a> <\/strong>amely ugyanabb\u00f3l az anyagb\u00f3l k\u00e9sz\u00fclt.<\/p>\n<p style=\"font-weight: 400;\">Keverje szabadon az \u00e1rnyalatokat, hogy egyedi megjelen\u00e9st hozzon l\u00e9tre, vagy v\u00e1lasszon egysz\u00edn\u0171 megjelen\u00e9st.<strong><br \/>\n<\/strong><\/p>\n<ul>\n<li style=\"font-weight: 400;\">Nincsenek zsebek<\/li>\n<li style=\"font-weight: 400;\"><span style=\"font-family: inherit;\">Sz\u00e9les, k\u00e9nyelmes, rugalmas der\u00e9kp\u00e1nt<\/span><\/li>\n<li style=\"font-weight: 400;\"><span style=\"font-family: inherit;\">Karcs\u00fa szab\u00e1s &#8211; k\u00fapos l\u00e1bak<\/span><\/li>\n<li style=\"font-weight: 400;\"><span style=\"font-family: inherit;\">Rugalmas, ny\u00fajthat\u00f3 anyag<\/span><\/li>\n<\/ul>\n<p>&nbsp;<\/p>\n<p style=\"font-weight: 400;\"><strong>Tov\u00e1bbi inform\u00e1ci\u00f3k:<\/strong><br \/>\nA k\u00e9peken l\u00e1that\u00f3 modellek S-es m\u00e9retet viselnek, \u00e9s 170-174 cm magasak.<\/p>\n<p style=\"font-weight: 400;\">Ha nem tudja, milyen m\u00e9retet v\u00e1lasszon &#8211; n\u00e9zze meg a m\u00e9rett\u00e1bl\u00e1zatot. Ha tov\u00e1bbi k\u00e9ts\u00e9gek mer\u00fclnek fel &#8211; k\u00fcldje el nek\u00fcnk a m\u00e9reteit, \u00e9s mi m\u00e9retre szabjuk \u00d6nnek. <\/p>\n<p style=\"font-weight: 400;\">A <a href=\"https:\/\/medandbeauty.com\/hu\/shop\/neki\/premium-kollekcio\/\" target=\"_blank\" rel=\"noopener\">Premium kollekci\u00f3<\/a> ruhadarabjainak sz\u00ednei nem egyeznek a <a href=\"https:\/\/medandbeauty.com\/hu\/shop\/neki\/basic-kollekcio\/\" target=\"_blank\" rel=\"noopener\">Basic kollekci\u00f3<\/a> sz\u00edneivel &#8211; m\u00e1s anyagb\u00f3l k\u00e9sz\u00fcltek.<\/p>\n<p style=\"font-weight: 400;\">A k\u00e9peken l\u00e1that\u00f3 egyes ruhadarabok \u00e1rnyalatai elt\u00e9rhetnek a t\u00e9nylegesekt\u0151l &#8211; ez a k\u00fcl\u00f6nb\u00f6z\u0151 elektronikus berendez\u00e9sek \u00e9s azok egyedi be\u00e1ll\u00edt\u00e1sai miatt van \u00edgy.<\/p>\n","protected":false},"excerpt":{"rendered":"<p>NS T\u00f6k\u00e9letes, testhez\u00e1ll\u00f3 orvosi nadr\u00e1got keres, amely hossz\u00fa munkaid\u0151ben is elk\u00eds\u00e9ri \u00d6nt? A Pr\u00e9mium kollekci\u00f3 n\u0151i orvosi nadr\u00e1gjai megfelelnek a c\u00e9lnak! Ha a visel\u00e9si k\u00e9nyelem \u00e9s a pr\u00e9mium min\u0151s\u00e9g\u0171 anyagok az, amit az orvosi ruh\u00e1zatban keres &#8211; a Sage Premium Medical Pants biztosan tetszeni fog \u00d6nnek! A Sage Women&#8217;s Premium Adjacent Medical Pant puha \u00e9s [&hellip;]<\/p>\n","protected":false},"featured_media":464333,"comment_status":"open","ping_status":"closed","template":"","meta":{"_acf_changed":false,"inline_featured_image":false},"kolor":[1922],"rodzaj-ubrania":[1883],"ubranie":[1927],"product_brand":[],"product_cat":[1887,1926,1902],"product_tag":[1934],"class_list":{"0":"post-464329","1":"product","2":"type-product","3":"status-publish","4":"has-post-thumbnail","6":"kolor-zoldek","7":"rodzaj-ubrania-orvosi-nadragok","8":"ubranie-premium-orvosi-nadrag-noknek","9":"product_cat-neki","10":"product_cat-orvosi-nadrag-hu","11":"product_cat-premium-kollekcio","12":"product_tag-noi-orvosi-nadrag-egyenes-szaru","14":"first","15":"instock","16":"taxable","17":"shipping-taxable","18":"purchasable","19":"product-type-variable"},"acf":[],"_links":{"self":[{"href":"https:\/\/medandbeauty.com\/hu\/wp-json\/wp\/v2\/product\/464329","targetHints":{"allow":["GET"]}}],"collection":[{"href":"https:\/\/medandbeauty.com\/hu\/wp-json\/wp\/v2\/product"}],"about":[{"href":"https:\/\/medandbeauty.com\/hu\/wp-json\/wp\/v2\/types\/product"}],"replies":[{"embeddable":true,"href":"https:\/\/medandbeauty.com\/hu\/wp-json\/wp\/v2\/comments?post=464329"}],"wp:featuredmedia":[{"embeddable":true,"href":"https:\/\/medandbeauty.com\/hu\/wp-json\/wp\/v2\/media\/464333"}],"wp:attachment":[{"href":"https:\/\/medandbeauty.com\/hu\/wp-json\/wp\/v2\/media?parent=464329"}],"wp:term":[{"taxonomy":"kolor","embeddable":true,"href":"https:\/\/medandbeauty.com\/hu\/wp-json\/wp\/v2\/kolor?post=464329"},{"taxonomy":"rodzaj-ubrania","embeddable":true,"href":"https:\/\/medandbeauty.com\/hu\/wp-json\/wp\/v2\/rodzaj-ubrania?post=464329"},{"taxonomy":"ubranie","embeddable":true,"href":"https:\/\/medandbeauty.com\/hu\/wp-json\/wp\/v2\/ubranie?post=464329"},{"taxonomy":"product_brand","embeddable":true,"href":"https:\/\/medandbeauty.com\/hu\/wp-json\/wp\/v2\/product_brand?post=464329"},{"taxonomy":"product_cat","embeddable":true,"href":"https:\/\/medandbeauty.com\/hu\/wp-json\/wp\/v2\/product_cat?post=464329"},{"taxonomy":"product_tag","embeddable":true,"href":"https:\/\/medandbeauty.com\/hu\/wp-json\/wp\/v2\/product_tag?post=464329"}],"curies":[{"name":"wp","href":"https:\/\/api.w.org\/{rel}","templated":true}]}}