{"id":464356,"date":"2024-01-05T20:49:02","date_gmt":"2024-01-05T20:49:02","guid":{"rendered":"https:\/\/medandbeauty.com\/product\/noi-kotott-orvosi-kopeny-premium-black\/"},"modified":"2026-01-14T14:07:23","modified_gmt":"2026-01-14T13:07:23","slug":"noi-kotott-orvosi-kopeny-premium-black","status":"publish","type":"product","link":"https:\/\/medandbeauty.com\/hu\/product\/noi-kotott-orvosi-kopeny-premium-black\/","title":{"rendered":"N\u0151i k\u00f6t\u00f6tt orvosi k\u00f6peny Premium BLACK"},"content":{"rendered":"<p style=\"font-weight: 400;\"><strong>A fekete n\u0151i k\u00f6t\u00f6tt orvosi k\u00f6peny a <a href=\"https:\/\/medandbeauty.com\/hu\/shop\/neki\/premium-kollekcio\/\" target=\"_blank\" rel=\"noopener\">Premium kollekci\u00f3b\u00f3l<\/a><\/strong> egy olyan modell, amelyet a legig\u00e9nyesebb, az orvosi \u00e9s sz\u00e9ps\u00e9giparban dolgoz\u00f3 n\u0151k sz\u00e1m\u00e1ra terveztek.<\/p>\n<p style=\"font-weight: 400;\"><strong>A pr\u00e9mium fekete sz\u00edn\u0171 orvosi k\u00f6t\u00e9ny<\/strong> a legjobb min\u0151s\u00e9g\u0171 pamut, nejlon \u00e9s lycra kever\u00e9k\u00e9b\u0151l k\u00e9sz\u00fclt. A sz\u00f6vetben l\u00e9v\u0151 sz\u00e1lak e kombin\u00e1ci\u00f3ja teszi az anyagot l\u00e9g\u00e1tereszt\u0151v\u00e9, t\u00f6k\u00e9letesen alkalmazkodik b\u00e1rmilyen t\u00edpus\u00fa n\u0151i alakhoz, \u00e9s maxim\u00e1lis k\u00e9nyelmet biztos\u00edt a hossz\u00fa munka\u00f3r\u00e1k alatt. <\/p>\n<p style=\"font-weight: 400;\">A <strong>Med &amp; Beauty<\/strong> \u00e1ltal gy\u00e1rtott orvosi fels\u0151ruh\u00e1zat minden modellje praktikus \u00e9s t\u00e1gas zsebekkel van ell\u00e1tva a napi munk\u00e1hoz sz\u00fcks\u00e9ges kisebb kieg\u00e9sz\u00edt\u0151k t\u00e1rol\u00e1s\u00e1ra.<\/p>\n<p style=\"font-weight: 400;\">A gy\u00f6ny\u00f6r\u0171en form\u00e1zott gall\u00e9r rendk\u00edv\u00fcli sikket k\u00f6lcs\u00f6n\u00f6z <strong>a fekete<\/strong> <strong>k\u00f6t\u00e9nynek<\/strong>, m\u00edg a der\u00e9kon csattal ell\u00e1tott \u00f6v lehet\u0151v\u00e9 teszi, hogy<strong> a k\u00f6t\u00e9ny<\/strong> t\u00f6k\u00e9letesen illeszkedjen b\u00e1rmilyen alakhoz.<\/p>\n<p style=\"font-weight: 400;\">A <strong>Med &amp;<\/strong> Beauty-n\u00e1l nemcsak a visel\u00e9si k\u00e9nyelemre, hanem az eszt\u00e9tikus \u00e9s professzion\u00e1lis megjelen\u00e9sre is nagy hangs\u00falyt fektet\u00fcnk. <strong>A pr\u00e9mium fekete k\u00f6t\u00f6tt orvosi k\u00f6peny<\/strong> hossz\u00e1t \u00fagy v\u00e1lasztottuk meg, hogy minden alakra t\u00f6k\u00e9letesen illeszkedjen. <\/p>\n<p style=\"font-weight: 400;\"><strong>A fekete n\u0151i pr\u00e9mium k\u00f6t\u00f6tt orvosi k\u00f6peny<\/strong> j\u00f3l p\u00e1ros\u00edthat\u00f3 a k\u00f6vetkez\u0151kkel <a href=\"https:\/\/medandbeauty.com\/produkt\/spodnie-medyczne-damskie-przylegajace-premium-czarne\/\" target=\"_blank\" rel=\"noopener\"><strong>orvosi nadr\u00e1g<\/strong><\/a>amely ugyanabb\u00f3l az anyagb\u00f3l k\u00e9sz\u00fclt.<\/p>\n<p style=\"font-weight: 400;\">P\u00e1ros\u00edtsa <strong>az orvosi nadr\u00e1got<\/strong> ugyanabban a fekete sz\u00ednben, vagy a k\u00edn\u00e1latunkban el\u00e9rhet\u0151 sz\u00e1mos \u00e1rnyalat k\u00f6z\u00fcl b\u00e1rmelyikhez.<\/p>\n<ul>\n<li style=\"font-weight: 400;\">Sz\u00e9les, eleg\u00e1ns gall\u00e9r<\/li>\n<li style=\"font-weight: 400;\"><span style=\"font-family: inherit;\">Der\u00e9ksz\u00edj csattal a sziluett hangs\u00falyoz\u00e1s\u00e1hoz<\/span><\/li>\n<li style=\"font-weight: 400;\"><span style=\"font-family: inherit;\">Hosszabb, eleg\u00e1ns szab\u00e1s \u00e9s 3\/4 ujj<\/span><\/li>\n<li style=\"font-weight: 400;\"><span style=\"font-family: inherit;\">K\u00e9t praktikus rejtett zseb<\/span><\/li>\n<li style=\"font-weight: 400;\"><span style=\"font-family: inherit;\">H\u00edmz\u00e9ssel szem\u00e9lyre szabhat\u00f3<\/span><\/li>\n<\/ul>\n<p>&nbsp;<\/p>\n<p style=\"font-weight: 400;\"><strong>Tov\u00e1bbi inform\u00e1ci\u00f3k:<\/strong><br \/>\nA k\u00e9peken l\u00e1that\u00f3 modellek S-es m\u00e9retet viselnek, \u00e9s 170-174 cm magasak.<\/p>\n<p style=\"font-weight: 400;\">Ha nem tudja, milyen m\u00e9retet v\u00e1lasszon &#8211; n\u00e9zze meg a m\u00e9rett\u00e1bl\u00e1zatot. Ha tov\u00e1bbi k\u00e9ts\u00e9gek mer\u00fclnek fel &#8211; k\u00fcldje el nek\u00fcnk a m\u00e9reteit, \u00e9s mi m\u00e9retre szabjuk \u00d6nnek. <\/p>\n<p style=\"font-weight: 400;\">A <a href=\"https:\/\/medandbeauty.com\/hu\/shop\/neki\/premium-kollekcio\/\" target=\"_blank\" rel=\"noopener\">Premium kollekci\u00f3<\/a> ruhadarabjainak sz\u00ednei nem egyeznek a <a href=\"https:\/\/medandbeauty.com\/hu\/shop\/neki\/basic-kollekcio\/\" target=\"_blank\" rel=\"noopener\">Basic kollekci\u00f3<\/a> sz\u00edneivel &#8211; m\u00e1s anyagb\u00f3l k\u00e9sz\u00fcltek.<\/p>\n<p style=\"font-weight: 400;\">A k\u00e9peken l\u00e1that\u00f3 egyes ruhadarabok \u00e1rnyalatai elt\u00e9rhetnek a t\u00e9nylegesekt\u0151l &#8211; ez a k\u00fcl\u00f6nb\u00f6z\u0151 elektronikus berendez\u00e9sek \u00e9s azok egyedi be\u00e1ll\u00edt\u00e1sai miatt van \u00edgy.<\/p>\n","protected":false},"excerpt":{"rendered":"<p>A fekete n\u0151i k\u00f6t\u00f6tt orvosi k\u00f6peny a Premium kollekci\u00f3b\u00f3l egy olyan modell, amelyet a legig\u00e9nyesebb, az orvosi \u00e9s sz\u00e9ps\u00e9giparban dolgoz\u00f3 n\u0151k sz\u00e1m\u00e1ra terveztek. A pr\u00e9mium fekete sz\u00edn\u0171 orvosi k\u00f6t\u00e9ny a legjobb min\u0151s\u00e9g\u0171 pamut, nejlon \u00e9s lycra kever\u00e9k\u00e9b\u0151l k\u00e9sz\u00fclt. A sz\u00f6vetben l\u00e9v\u0151 sz\u00e1lak e kombin\u00e1ci\u00f3ja teszi az anyagot l\u00e9g\u00e1tereszt\u0151v\u00e9, t\u00f6k\u00e9letesen alkalmazkodik b\u00e1rmilyen t\u00edpus\u00fa n\u0151i alakhoz, \u00e9s [&hellip;]<\/p>\n","protected":false},"featured_media":464361,"comment_status":"open","ping_status":"closed","template":"","meta":{"_acf_changed":false,"inline_featured_image":false},"kolor":[1928],"rodzaj-ubrania":[1879],"ubranie":[2012],"product_brand":[],"product_cat":[1887,1936,1902],"product_tag":[2006],"class_list":{"0":"post-464356","1":"product","2":"type-product","3":"status-publish","4":"has-post-thumbnail","6":"kolor-czernie-hu","7":"rodzaj-ubrania-orvosi-kopenyek","8":"ubranie-noi-kotott-orvosi-kopeny-premium","9":"product_cat-neki","10":"product_cat-orvosi-kopenyek","11":"product_cat-premium-kollekcio","12":"product_tag-kozmetikai-kotenyek","14":"first","15":"instock","16":"taxable","17":"shipping-taxable","18":"purchasable","19":"product-type-variable"},"acf":[],"_links":{"self":[{"href":"https:\/\/medandbeauty.com\/hu\/wp-json\/wp\/v2\/product\/464356","targetHints":{"allow":["GET"]}}],"collection":[{"href":"https:\/\/medandbeauty.com\/hu\/wp-json\/wp\/v2\/product"}],"about":[{"href":"https:\/\/medandbeauty.com\/hu\/wp-json\/wp\/v2\/types\/product"}],"replies":[{"embeddable":true,"href":"https:\/\/medandbeauty.com\/hu\/wp-json\/wp\/v2\/comments?post=464356"}],"wp:featuredmedia":[{"embeddable":true,"href":"https:\/\/medandbeauty.com\/hu\/wp-json\/wp\/v2\/media\/464361"}],"wp:attachment":[{"href":"https:\/\/medandbeauty.com\/hu\/wp-json\/wp\/v2\/media?parent=464356"}],"wp:term":[{"taxonomy":"kolor","embeddable":true,"href":"https:\/\/medandbeauty.com\/hu\/wp-json\/wp\/v2\/kolor?post=464356"},{"taxonomy":"rodzaj-ubrania","embeddable":true,"href":"https:\/\/medandbeauty.com\/hu\/wp-json\/wp\/v2\/rodzaj-ubrania?post=464356"},{"taxonomy":"ubranie","embeddable":true,"href":"https:\/\/medandbeauty.com\/hu\/wp-json\/wp\/v2\/ubranie?post=464356"},{"taxonomy":"product_brand","embeddable":true,"href":"https:\/\/medandbeauty.com\/hu\/wp-json\/wp\/v2\/product_brand?post=464356"},{"taxonomy":"product_cat","embeddable":true,"href":"https:\/\/medandbeauty.com\/hu\/wp-json\/wp\/v2\/product_cat?post=464356"},{"taxonomy":"product_tag","embeddable":true,"href":"https:\/\/medandbeauty.com\/hu\/wp-json\/wp\/v2\/product_tag?post=464356"}],"curies":[{"name":"wp","href":"https:\/\/api.w.org\/{rel}","templated":true}]}}