{"id":464367,"date":"2024-01-05T23:11:58","date_gmt":"2024-01-05T23:11:58","guid":{"rendered":"https:\/\/medandbeauty.com\/product\/noi-orvosi-nadrag-kapaszkodo-premium-szurke\/"},"modified":"2025-12-23T11:45:47","modified_gmt":"2025-12-23T10:45:47","slug":"noi-orvosi-nadrag-kapaszkodo-premium-szurke","status":"publish","type":"product","link":"https:\/\/medandbeauty.com\/hu\/product\/noi-orvosi-nadrag-kapaszkodo-premium-szurke\/","title":{"rendered":"N\u0151i orvosi nadr\u00e1g, kapaszkod\u00f3 Premium sz\u00fcrke"},"content":{"rendered":"<p>&nbsp;<\/p>\n<h2>Sz\u00fcrke orvosi nadr\u00e1g &#8211; k\u00e9nyelmes \u00e9s divatos<\/h2>\n<p>K\u00e9nyelmes orvosi nadr\u00e1gra van sz\u00fcks\u00e9ge, amely a lehet\u0151 legk\u00e9nyelmesebben tartja \u00d6nt a hossz\u00fa munka\u00f3r\u00e1k alatt?<\/p>\n<p>V\u00e1lassza <strong>a n\u0151i orvosi tapad\u00f3sz\u00fcrke nadr\u00e1got a<a href=\"https:\/\/medandbeauty.com\/hu\/shop\/neki\/premium-kollekcio\/\" target=\"_blank\" rel=\"noopener\"> Premium Collectionb\u0151l &#8211; ez a nadr\u00e1g<\/a><\/strong> elv\u00e9gzi a feladat\u00e1t!<\/p>\n<p>Ha az orvosi ruh\u00e1zat kiv\u00e1laszt\u00e1sakor nagyra \u00e9rt\u00e9keli a visel\u00e9si k\u00e9nyelmet \u00e9s a pr\u00e9mium min\u0151s\u00e9g\u0171 anyagokat &#8211;<strong> a Premium Fit Grey Medical Pants<\/strong> biztosan megfelel minden elv\u00e1r\u00e1s\u00e1nak!<\/p>\n<p><strong>A pr\u00e9mium sz\u00fcrke n\u0151i orvosi kapaszkod\u00f3nadr\u00e1g <\/strong>puha \u00e9s l\u00e9g\u00e1tereszt\u0151 anyagb\u00f3l k\u00e9sz\u00fclt, \u00edgy nem korl\u00e1tozza a mozg\u00e1st, \u00e9s teljes mozg\u00e1sszabads\u00e1got biztos\u00edt. A 80%-ban kiv\u00e1l\u00f3 min\u0151s\u00e9g\u0171 pamut, valamint a lycra \u00e9s nejlon kever\u00e9k\u00e9nek k\u00f6sz\u00f6nhet\u0151en az anyag t\u00f6k\u00e9letesen illeszkedik minden alakhoz, valamint tart\u00f3s \u00e9s l\u00e9g\u00e1tereszt\u0151. <\/p>\n<p>Az enyh\u00e9n megemelt der\u00e9kr\u00e9sz sz\u00e9les elasztikus der\u00e9kp\u00e1nttal azt jelenti, hogy a sz\u00fcrke szab\u00e1s\u00fa n\u0151i orvosi nadr\u00e1g nem korl\u00e1tozza a mozg\u00e1st, \u00e9s ez\u00e9rt nagyon k\u00e9nyelmes, m\u00e9g hossz\u00fa ideig tart\u00f3 visel\u00e9s eset\u00e9n is.<\/p>\n<p><strong>Az orvosi tapad\u00f3 nadr\u00e1g<\/strong> sz\u00fcrke sz\u00edne eleg\u00e1ns \u00e9s alkalmi \u00f6lt\u00f6z\u00e9kekhez egyar\u00e1nt illik, \u00e9s a zsebek hi\u00e1ny\u00e1nak k\u00f6sz\u00f6nhet\u0151en \u00fagy \u00e9rezheted, hogy a legk\u00e9nyelmesebb leggingset viseled!<\/p>\n<p>A <strong>pr\u00e9mium sz\u00fcrke n\u0151i orvosi tapad\u00f3 nadr\u00e1g <\/strong>a t\u00f6k\u00e9letes illeszked\u00e9s \u00e9rdek\u00e9ben h\u00faz\u00f3zsin\u00f3rral ell\u00e1tott der\u00e9ksz\u00edjjal rendelkezik.<\/p>\n<p>\u00c1ll\u00edtsa \u00f6ssze \u00e1lmai <strong>orvosi ruhak\u00e9szlet\u00e9t<\/strong> <strong>a szomsz\u00e9dos sz\u00fcrke sz\u00edn\u0171 orvosi nadr\u00e1ggal <\/strong> <strong>kombin\u00e1lva<\/strong>. <a href=\"https:\/\/medandbeauty.com\/sk\/product\/damska-lekarska-obalkova-tunika-premium-grey\/\" target=\"_blank\" rel=\"noopener\"><strong>orvosi tunika<\/strong><\/a>amely ugyanabb\u00f3l az anyagb\u00f3l k\u00e9sz\u00fclt. Az \u00e1rnyalatokat szabadon keverheted, hogy egyedi megjelen\u00e9st hozz l\u00e9tre, vagy v\u00e1laszd a monokr\u00f3m megjelen\u00e9st.<\/p>\n<h2>Sz\u00fcrke orvosi nadr\u00e1g &#8211; jellemz\u0151k<\/h2>\n<p>A Med&amp;Beauty orvosi sz\u00fcrke nadr\u00e1gj\u00e1t a k\u00f6vetkez\u0151k jellemzik:<\/p>\n<ul>\n<li>zsebek hi\u00e1nya,<\/li>\n<li>sz\u00e9les, k\u00e9nyelmes, rugalmas der\u00e9kp\u00e1nt,<\/li>\n<li>karcs\u00fa szab\u00e1s &#8211; k\u00fapos l\u00e1bak<\/li>\n<li>rugalmas, ny\u00fajthat\u00f3 anyag.<\/li>\n<\/ul>\n<p><strong>Tov\u00e1bbi inform\u00e1ci\u00f3k:<\/strong> A k\u00e9peken l\u00e1that\u00f3 modellek S m\u00e9ret\u0171 sz\u00fcrke orvosi nadr\u00e1got viselnek, \u00e9s 170-174 cm magasak.<\/p>\n<p>Ha nem tudja, milyen m\u00e9retet v\u00e1lasszon &#8211; n\u00e9zze meg a m\u00e9rett\u00e1bl\u00e1zatot. Ha tov\u00e1bbi k\u00e9ts\u00e9gek mer\u00fclnek fel &#8211; k\u00fcldje el nek\u00fcnk a m\u00e9reteit, \u00e9s mi m\u00e9retre szabjuk \u00d6nnek. <\/p>\n<p>A <a href=\"https:\/\/medandbeauty.com\/hu\/shop\/neki\/premium-kollekcio\/\" target=\"_blank\" rel=\"noopener\">Premium kollekci\u00f3<\/a> ruhadarabjainak sz\u00ednei nem egyeznek a <a href=\"https:\/\/medandbeauty.com\/hu\/shop\/neki\/basic-kollekcio\/\" target=\"_blank\" rel=\"noopener\">Basic kollekci\u00f3<\/a> sz\u00edneivel &#8211; m\u00e1s anyagb\u00f3l k\u00e9sz\u00fcltek.<\/p>\n<p><a href=\"https:\/\/medandbeauty.com\/hu\/\">Orvosi ruh\u00e1zati \u00fczlet\u00fcnk<\/a> k\u00edn\u00e1l:<\/p>\n<ul>\n<li><a href=\"https:\/\/medandbeauty.com\/hu\/shop\/neki\/\" target=\"_new\" rel=\"noopener\">n\u0151i orvosi ruh\u00e1zat<\/a>,<\/li>\n<li><a href=\"https:\/\/medandbeauty.com\/hu\/rodzaj-ubrania\/orvosi-nadragok\/\" target=\"_new\" rel=\"noopener\">orvosi nadr\u00e1g<\/a>,<\/li>\n<li><a href=\"https:\/\/medandbeauty.com\/hu\/shop\/neki\/basic-kollekcio\/orvosi-nadrag\/\" target=\"_new\" rel=\"noopener\">n\u0151i orvosi nadr\u00e1g<\/a>,<\/li>\n<li><a href=\"https:\/\/medandbeauty.com\/hu\/shop\/neki\/premium-kollekcio\/orvosi-nadrag-hu\/\" target=\"_new\" rel=\"noopener\">n\u0151i orvosi pamut nadr\u00e1g.<\/a><\/li>\n<\/ul>\n<p>A k\u00e9peken l\u00e1that\u00f3 egyes ruhadarabok \u00e1rnyalatai elt\u00e9rhetnek a t\u00e9nylegesekt\u0151l &#8211; ez a k\u00fcl\u00f6nb\u00f6z\u0151 elektronikus berendez\u00e9sek \u00e9s azok egyedi be\u00e1ll\u00edt\u00e1sai miatt van \u00edgy.<\/p>\n<p>Arra b\u00e1tor\u00edtjuk \u00d6nt, hogy adjon le megrendel\u00e9seket.<\/p>\n","protected":false},"excerpt":{"rendered":"<p>&nbsp; Sz\u00fcrke orvosi nadr\u00e1g &#8211; k\u00e9nyelmes \u00e9s divatos K\u00e9nyelmes orvosi nadr\u00e1gra van sz\u00fcks\u00e9ge, amely a lehet\u0151 legk\u00e9nyelmesebben tartja \u00d6nt a hossz\u00fa munka\u00f3r\u00e1k alatt? V\u00e1lassza a n\u0151i orvosi tapad\u00f3sz\u00fcrke nadr\u00e1got a Premium Collectionb\u0151l &#8211; ez a nadr\u00e1g elv\u00e9gzi a feladat\u00e1t! Ha az orvosi ruh\u00e1zat kiv\u00e1laszt\u00e1sakor nagyra \u00e9rt\u00e9keli a visel\u00e9si k\u00e9nyelmet \u00e9s a pr\u00e9mium min\u0151s\u00e9g\u0171 anyagokat &#8211; [&hellip;]<\/p>\n","protected":false},"featured_media":464371,"comment_status":"open","ping_status":"closed","template":"","meta":{"_acf_changed":false,"inline_featured_image":false},"kolor":[1954],"rodzaj-ubrania":[1883],"ubranie":[1927],"product_brand":[],"product_cat":[1887,1926,1902],"product_tag":[],"class_list":{"0":"post-464367","1":"product","2":"type-product","3":"status-publish","4":"has-post-thumbnail","6":"kolor-greys-hu","7":"rodzaj-ubrania-orvosi-nadragok","8":"ubranie-premium-orvosi-nadrag-noknek","9":"product_cat-neki","10":"product_cat-orvosi-nadrag-hu","11":"product_cat-premium-kollekcio","13":"first","14":"instock","15":"taxable","16":"shipping-taxable","17":"purchasable","18":"product-type-variable"},"acf":[],"_links":{"self":[{"href":"https:\/\/medandbeauty.com\/hu\/wp-json\/wp\/v2\/product\/464367","targetHints":{"allow":["GET"]}}],"collection":[{"href":"https:\/\/medandbeauty.com\/hu\/wp-json\/wp\/v2\/product"}],"about":[{"href":"https:\/\/medandbeauty.com\/hu\/wp-json\/wp\/v2\/types\/product"}],"replies":[{"embeddable":true,"href":"https:\/\/medandbeauty.com\/hu\/wp-json\/wp\/v2\/comments?post=464367"}],"wp:featuredmedia":[{"embeddable":true,"href":"https:\/\/medandbeauty.com\/hu\/wp-json\/wp\/v2\/media\/464371"}],"wp:attachment":[{"href":"https:\/\/medandbeauty.com\/hu\/wp-json\/wp\/v2\/media?parent=464367"}],"wp:term":[{"taxonomy":"kolor","embeddable":true,"href":"https:\/\/medandbeauty.com\/hu\/wp-json\/wp\/v2\/kolor?post=464367"},{"taxonomy":"rodzaj-ubrania","embeddable":true,"href":"https:\/\/medandbeauty.com\/hu\/wp-json\/wp\/v2\/rodzaj-ubrania?post=464367"},{"taxonomy":"ubranie","embeddable":true,"href":"https:\/\/medandbeauty.com\/hu\/wp-json\/wp\/v2\/ubranie?post=464367"},{"taxonomy":"product_brand","embeddable":true,"href":"https:\/\/medandbeauty.com\/hu\/wp-json\/wp\/v2\/product_brand?post=464367"},{"taxonomy":"product_cat","embeddable":true,"href":"https:\/\/medandbeauty.com\/hu\/wp-json\/wp\/v2\/product_cat?post=464367"},{"taxonomy":"product_tag","embeddable":true,"href":"https:\/\/medandbeauty.com\/hu\/wp-json\/wp\/v2\/product_tag?post=464367"}],"curies":[{"name":"wp","href":"https:\/\/api.w.org\/{rel}","templated":true}]}}