{"id":464376,"date":"2024-01-05T22:58:16","date_gmt":"2024-01-05T22:58:16","guid":{"rendered":"https:\/\/medandbeauty.com\/product\/noi-orvosi-nadrag-premium-fit-lilarge\/"},"modified":"2025-12-23T11:45:17","modified_gmt":"2025-12-23T10:45:17","slug":"noi-orvosi-nadrag-premium-fit-lilarge","status":"publish","type":"product","link":"https:\/\/medandbeauty.com\/hu\/product\/noi-orvosi-nadrag-premium-fit-lilarge\/","title":{"rendered":"N\u0151i orvosi nadr\u00e1g Premium fit LILARGE"},"content":{"rendered":"<p style=\"font-weight: 400;\">K\u00e9nyelmes orvosi nadr\u00e1gra van sz\u00fcks\u00e9ge, amely a lehet\u0151 legk\u00e9nyelmesebben tartja \u00d6nt a hossz\u00fa munka\u00f3r\u00e1k alatt?<\/p>\n<p style=\"font-weight: 400;\">V\u00e1lassza <strong>a n\u0151i kapaszkod\u00f3 orvosi nadr\u00e1got a <a href=\"https:\/\/medandbeauty.com\/hu\/shop\/neki\/premium-kollekcio\/\" target=\"_blank\" rel=\"noopener\">Pr\u00e9mium kollekci\u00f3b\u00f3l<\/a><\/strong> &#8211; ez t\u00f6k\u00e9letes \u00d6nnek!<\/p>\n<p style=\"font-weight: 400;\">Ha fontos \u00d6nnek a visel\u00e9si k\u00e9nyelem \u00e9s a pr\u00e9mium min\u0151s\u00e9g\u0171 anyagok az orvosi ruh\u00e1zat kiv\u00e1laszt\u00e1sakor &#8211;<strong> a<\/strong> <strong>lila <\/strong><strong> pr\u00e9mium orvosi nadr\u00e1g<\/strong> biztosan megfelel minden elv\u00e1r\u00e1s\u00e1nak!<\/p>\n<p style=\"font-weight: 400;\"><strong>A n\u0151i pr\u00e9mium orvosi tapad\u00f3 nadr\u00e1got <\/strong>puha \u00e9s l\u00e9g\u00e1tereszt\u0151 anyagb\u00f3l varrt\u00e1k, \u00edgy nem korl\u00e1tozza a mozg\u00e1st, \u00e9s teljes mozg\u00e1sszabads\u00e1got biztos\u00edt. A 80%-ban kiv\u00e1l\u00f3 min\u0151s\u00e9g\u0171 pamut, valamint a lycra \u00e9s a nylon kever\u00e9k\u00e9nek kombin\u00e1ci\u00f3ja r\u00e9v\u00e9n az anyag t\u00f6k\u00e9letesen illeszkedik minden alakhoz, valamint tart\u00f3s \u00e9s l\u00e9g\u00e1tereszt\u0151. <\/p>\n<p style=\"font-weight: 400;\">Az enyh\u00e9n megemelt der\u00e9kr\u00e9sz sz\u00e9les, rugalmas der\u00e9ksz\u00edjjal azt jelenti, hogy a nadr\u00e1g nem korl\u00e1tozza a mozg\u00e1st, \u00e9s ez\u00e9rt nagyon k\u00e9nyelmes, m\u00e9g hossz\u00fa ideig tart\u00f3 visel\u00e9s eset\u00e9n is.<\/p>\n<p style=\"font-weight: 400;\">A lila sz\u00edn\u0171, <strong>tapad\u00f3 orvosi nadr\u00e1g<\/strong> eleg\u00e1ns \u00e9s alkalmi \u00f6lt\u00f6z\u00e9khez egyar\u00e1nt illik, \u00e9s a zsebek hi\u00e1ny\u00e1nak k\u00f6sz\u00f6nhet\u0151en a legk\u00e9nyelmesebb leggingsnek \u00e9rezheted magad!<\/p>\n<p style=\"font-weight: 400;\">A <strong>lila sz\u00edn\u0171 pr\u00e9mium n\u0151i orvosi nadr\u00e1g orvosi tapad\u00f3 nadr\u00e1g <\/strong>a t\u00f6k\u00e9letes illeszked\u00e9s \u00e9rdek\u00e9ben h\u00faz\u00f3zsin\u00f3rral ell\u00e1tott der\u00e9ksz\u00edjjal rendelkezik.<\/p>\n<p style=\"font-weight: 400;\">\u00c1ll\u00edtsa \u00f6ssze \u00e1lmai <strong>orvosi ruhak\u00e9szlet\u00e9t<\/strong> <strong>a lila sz\u00edn\u0171 orvosi nadr\u00e1g \u00e9s a sz\u0171k szab\u00e1s\u00fa orvosi nadr\u00e1g <\/strong> kombin\u00e1l\u00e1s\u00e1val. <strong><a href=\"https:\/\/medandbeauty.com\/produkt\/tunika-medyczna-kopertowa-damska-z-krotkim-rekawem-premium-lilaroz\/\" target=\"_blank\" rel=\"noopener\">orvosi tunika<\/a> <\/strong>amely ugyanabb\u00f3l az anyagb\u00f3l k\u00e9sz\u00fclt.<\/p>\n<p style=\"font-weight: 400;\">Keverje szabadon az \u00e1rnyalatokat, hogy egyedi megjelen\u00e9st hozzon l\u00e9tre, vagy v\u00e1lasszon monokr\u00f3m megjelen\u00e9st.<\/p>\n<ul>\n<li style=\"font-weight: 400;\">Nincsenek zsebek<\/li>\n<li style=\"font-weight: 400;\"><span style=\"font-family: inherit;\">Sz\u00e9les, k\u00e9nyelmes, rugalmas der\u00e9kp\u00e1nt<\/span><\/li>\n<li style=\"font-weight: 400;\"><span style=\"font-family: inherit;\">Karcs\u00fa szab\u00e1s &#8211; k\u00fapos l\u00e1bak<\/span><\/li>\n<li style=\"font-weight: 400;\"><span style=\"font-family: inherit;\">Rugalmas, ny\u00fajthat\u00f3 anyag<\/span><\/li>\n<\/ul>\n<p>&nbsp;<\/p>\n<p style=\"font-weight: 400;\"><strong>Tov\u00e1bbi inform\u00e1ci\u00f3k:<\/strong><br \/>\nA k\u00e9peken l\u00e1that\u00f3 modellek S-es m\u00e9retet viselnek, \u00e9s 170-174 cm magasak.<\/p>\n<p style=\"font-weight: 400;\">Ha nem tudja, milyen m\u00e9retet v\u00e1lasszon &#8211; n\u00e9zze meg a m\u00e9rett\u00e1bl\u00e1zatot. Ha tov\u00e1bbi k\u00e9ts\u00e9gek mer\u00fclnek fel &#8211; k\u00fcldje el nek\u00fcnk a m\u00e9reteit, \u00e9s mi m\u00e9retre szabjuk \u00d6nnek. <\/p>\n<p style=\"font-weight: 400;\">A <a href=\"https:\/\/medandbeauty.com\/hu\/shop\/neki\/premium-kollekcio\/\" target=\"_blank\" rel=\"noopener\">Premium kollekci\u00f3<\/a> ruhadarabjainak sz\u00ednei nem egyeznek a <a href=\"https:\/\/medandbeauty.com\/hu\/shop\/neki\/basic-kollekcio\/\" target=\"_blank\" rel=\"noopener\">Basic kollekci\u00f3<\/a> sz\u00edneivel &#8211; m\u00e1s anyagb\u00f3l k\u00e9sz\u00fcltek.<\/p>\n<p style=\"font-weight: 400;\">A k\u00e9peken l\u00e1that\u00f3 egyes ruhadarabok \u00e1rnyalatai elt\u00e9rhetnek a t\u00e9nylegesekt\u0151l &#8211; ez a k\u00fcl\u00f6nb\u00f6z\u0151 elektronikus berendez\u00e9sek \u00e9s azok egyedi be\u00e1ll\u00edt\u00e1sai miatt van \u00edgy.<\/p>\n","protected":false},"excerpt":{"rendered":"<p>K\u00e9nyelmes orvosi nadr\u00e1gra van sz\u00fcks\u00e9ge, amely a lehet\u0151 legk\u00e9nyelmesebben tartja \u00d6nt a hossz\u00fa munka\u00f3r\u00e1k alatt? V\u00e1lassza a n\u0151i kapaszkod\u00f3 orvosi nadr\u00e1got a Pr\u00e9mium kollekci\u00f3b\u00f3l &#8211; ez t\u00f6k\u00e9letes \u00d6nnek! Ha fontos \u00d6nnek a visel\u00e9si k\u00e9nyelem \u00e9s a pr\u00e9mium min\u0151s\u00e9g\u0171 anyagok az orvosi ruh\u00e1zat kiv\u00e1laszt\u00e1sakor &#8211; a lila pr\u00e9mium orvosi nadr\u00e1g biztosan megfelel minden elv\u00e1r\u00e1s\u00e1nak! A n\u0151i [&hellip;]<\/p>\n","protected":false},"featured_media":464380,"comment_status":"open","ping_status":"closed","template":"","meta":{"_acf_changed":false,"inline_featured_image":false},"kolor":[1900],"rodzaj-ubrania":[1883],"ubranie":[1927],"product_brand":[],"product_cat":[1887,1926,1902],"product_tag":[1968,1934],"class_list":{"0":"post-464376","1":"product","2":"type-product","3":"status-publish","4":"has-post-thumbnail","6":"kolor-rozsak","7":"rodzaj-ubrania-orvosi-nadragok","8":"ubranie-premium-orvosi-nadrag-noknek","9":"product_cat-neki","10":"product_cat-orvosi-nadrag-hu","11":"product_cat-premium-kollekcio","12":"product_tag-kozmetikai-nadrag","13":"product_tag-noi-orvosi-nadrag-egyenes-szaru","15":"first","16":"instock","17":"taxable","18":"shipping-taxable","19":"purchasable","20":"product-type-variable"},"acf":[],"_links":{"self":[{"href":"https:\/\/medandbeauty.com\/hu\/wp-json\/wp\/v2\/product\/464376","targetHints":{"allow":["GET"]}}],"collection":[{"href":"https:\/\/medandbeauty.com\/hu\/wp-json\/wp\/v2\/product"}],"about":[{"href":"https:\/\/medandbeauty.com\/hu\/wp-json\/wp\/v2\/types\/product"}],"replies":[{"embeddable":true,"href":"https:\/\/medandbeauty.com\/hu\/wp-json\/wp\/v2\/comments?post=464376"}],"wp:featuredmedia":[{"embeddable":true,"href":"https:\/\/medandbeauty.com\/hu\/wp-json\/wp\/v2\/media\/464380"}],"wp:attachment":[{"href":"https:\/\/medandbeauty.com\/hu\/wp-json\/wp\/v2\/media?parent=464376"}],"wp:term":[{"taxonomy":"kolor","embeddable":true,"href":"https:\/\/medandbeauty.com\/hu\/wp-json\/wp\/v2\/kolor?post=464376"},{"taxonomy":"rodzaj-ubrania","embeddable":true,"href":"https:\/\/medandbeauty.com\/hu\/wp-json\/wp\/v2\/rodzaj-ubrania?post=464376"},{"taxonomy":"ubranie","embeddable":true,"href":"https:\/\/medandbeauty.com\/hu\/wp-json\/wp\/v2\/ubranie?post=464376"},{"taxonomy":"product_brand","embeddable":true,"href":"https:\/\/medandbeauty.com\/hu\/wp-json\/wp\/v2\/product_brand?post=464376"},{"taxonomy":"product_cat","embeddable":true,"href":"https:\/\/medandbeauty.com\/hu\/wp-json\/wp\/v2\/product_cat?post=464376"},{"taxonomy":"product_tag","embeddable":true,"href":"https:\/\/medandbeauty.com\/hu\/wp-json\/wp\/v2\/product_tag?post=464376"}],"curies":[{"name":"wp","href":"https:\/\/api.w.org\/{rel}","templated":true}]}}