{"id":464408,"date":"2024-01-05T23:26:02","date_gmt":"2024-01-05T23:26:02","guid":{"rendered":"https:\/\/medandbeauty.com\/product\/premium-rovid-ujju-orvosi-boritekruha-feher\/"},"modified":"2025-12-23T11:46:17","modified_gmt":"2025-12-23T10:46:17","slug":"premium-rovid-ujju-orvosi-boritekruha-feher","status":"publish","type":"product","link":"https:\/\/medandbeauty.com\/hu\/product\/premium-rovid-ujju-orvosi-boritekruha-feher\/","title":{"rendered":"Pr\u00e9mium r\u00f6vid ujj\u00fa orvosi bor\u00edt\u00e9kruha FEH\u00c9R"},"content":{"rendered":"<p>&nbsp;<\/p>\n<h2>Orvosi ruha feh\u00e9r Med&amp;Beauty<\/h2>\n<p>Forradalmas\u00edtjuk az orvosi \u00e9s sz\u00e9ps\u00e9gipar im\u00e1zs\u00e1t a legkelend\u0151bb <strong>bor\u00edt\u00e9kruh\u00e1inkkal<\/strong>!<\/p>\n<p>Felejtse el a klasszikus <strong>orvosi egyenruh\u00e1kat<\/strong> &#8211; itt az ideje az eleg\u00e1ns \u00e9s rendk\u00edv\u00fcl k\u00e9nyelmes, <strong>r\u00f6vid ujj\u00fa orvosi bor\u00edt\u00e9kruh\u00e1knak<\/strong>.<\/p>\n<p>Tudta, hogy a betegek \u00e9s az \u00fcgyfelek egyre ink\u00e1bb odafigyelnek arra, hogyan \u00f6lt\u00f6zk\u00f6dik, amikor a munk\u00e1j\u00e1t v\u00e9gzi?<\/p>\n<p>A szakmais\u00e1got hangs\u00falyoz\u00f3, \u00e1polt feh\u00e9r <strong>orvosi<\/strong> ruha visel\u00e9s\u00e9vel nemcsak a k\u00f6z\u00e9rzet\u00e9t jav\u00edtja, hanem a betegek \u00e9s az \u00fcgyfelek szem\u00e9ben is el\u0151nyre tesz szert.<\/p>\n<p><a href=\"https:\/\/medandbeauty.com\/hu\/shop\/neki\/premium-kollekcio\/\" target=\"_blank\" rel=\"noopener\">A pr\u00e9mium kollekci\u00f3b\u00f3l<\/a> <strong>sz\u00e1rmaz\u00f3 feh\u00e9r, r\u00f6vid ujj\u00fa orvosi bor\u00edt\u00e9kruha<\/strong> 80% kiv\u00e1l\u00f3 min\u0151s\u00e9g\u0171 pamutb\u00f3l, nejlonnal \u00e9s lycr\u00e1val kombin\u00e1lva k\u00e9sz\u00fclt. Az anyagban l\u00e9v\u0151 sz\u00e1lak e kombin\u00e1ci\u00f3ja teszi a feh\u00e9r orvosi ruh\u00e1t l\u00e9g\u00e1tereszt\u0151v\u00e9, puh\u00e1v\u00e1, gy\u00f6ny\u00f6r\u0171en illeszkedik az alakhoz, \u00e9s nem gy\u0171r\u0151dik.<\/p>\n<p><strong>A r\u00f6vid ujj\u00fa, feh\u00e9r bor\u00edt\u00e9kos orvosi ruha<\/strong> nyakkiv\u00e1g\u00e1s\u00e1n\u00e1l egy rejtett r\u00f6gz\u00edt\u00e9st helyezt\u00fcnk el, amely r\u00f6gz\u00edti a nyakkiv\u00e1g\u00e1st, \u00edgy garant\u00e1lva a teljes mozg\u00e1sszabads\u00e1got, m\u00e9g a zs\u00fafolt munkaid\u0151ben is.<\/p>\n<p>Tiszt\u00e1ban vagyunk annak fontoss\u00e1g\u00e1val, hogy az apr\u00f3 munkaeszk\u00f6z\u00f6k k\u00e9zn\u00e9l legyenek, ez\u00e9rt ez a <strong>feh\u00e9r, r\u00f6vid ujj\u00fa orvosi bor\u00edt\u00e9kruha<\/strong> k\u00e9t t\u00e1gas \u00e9s praktikus zsebbel rendelkezik.<\/p>\n<p>A mellr\u00e9szen elhelyezett eleg\u00e1ns dombor\u00edt\u00e1sok \u00e9s a der\u00e9kr\u00e9szen hozz\u00e1adott \u00f6v teszi <strong>a r\u00f6vid ujj\u00fa feh\u00e9r orvosi ruh\u00e1t<\/strong> t\u00f6k\u00e9letesen illeszked\u0151v\u00e9 b\u00e1rmilyen t\u00edpus\u00fa n\u0151i alakhoz.<\/p>\n<h2>Feh\u00e9r orvosi ruha &#8211; kiv\u00e1l\u00f3 min\u0151s\u00e9g \u00e9s k\u00e9nyelem<\/h2>\n<p>A Med&amp;Beauty feh\u00e9r orvosi ruha jellemz\u0151i:<\/p>\n<ul>\n<li>k\u00e9t nagy, t\u00e1gas zseb,<\/li>\n<li>der\u00e9ksz\u00edj a t\u00f6k\u00e9letes illeszked\u00e9s\u00e9rt minden sziluetthez,<\/li>\n<li>a t\u00e9rd el\u0151tt,<\/li>\n<li>praktikus nyakkiv\u00e1g\u00e1s a teljes k\u00e9nyelem \u00e9rdek\u00e9ben,<\/li>\n<li>h\u00edmz\u00e9s form\u00e1j\u00e1ban t\u00f6rt\u00e9n\u0151 szem\u00e9lyre szab\u00e1s lehets\u00e9ges.<\/li>\n<\/ul>\n<p><strong>Tov\u00e1bbi inform\u00e1ci\u00f3k:<\/strong> A fot\u00f3kon szerepl\u0151 modellek S m\u00e9ret\u0171 feh\u00e9r orvosi ruh\u00e1t viselnek, \u00e9s 170-174 cm magasak.<\/p>\n<p>Ha nem tudja, milyen m\u00e9retet v\u00e1lasszon &#8211; n\u00e9zze meg a m\u00e9rett\u00e1bl\u00e1zatot. Ha tov\u00e1bbi k\u00e9ts\u00e9gek mer\u00fclnek fel &#8211; k\u00fcldje el nek\u00fcnk a m\u00e9reteit, \u00e9s mi m\u00e9retre szabjuk \u00d6nnek. <\/p>\n<p>A <a href=\"https:\/\/medandbeauty.com\/hu\/shop\/neki\/premium-kollekcio\/\" target=\"_blank\" rel=\"noopener\">Premium kollekci\u00f3<\/a> ruhadarabjainak sz\u00ednei nem egyeznek a <a href=\"https:\/\/medandbeauty.com\/hu\/shop\/neki\/basic-kollekcio\/\" target=\"_blank\" rel=\"noopener\">Basic kollekci\u00f3<\/a> sz\u00edneivel &#8211; m\u00e1s anyagb\u00f3l k\u00e9sz\u00fcltek.<\/p>\n<p><a href=\"https:\/\/medandbeauty.com\/hu\/\">Orvosi ruh\u00e1zati \u00fczlet\u00fcnk<\/a> k\u00edn\u00e1l:<\/p>\n<ul>\n<li><a href=\"https:\/\/medandbeauty.com\/hu\/shop\/neki\/\" target=\"_new\" rel=\"noopener\">n\u0151i orvosi ruh\u00e1zat<\/a>,<\/li>\n<li><a href=\"https:\/\/medandbeauty.com\/hu\/rodzaj-ubrania\/orvosi-ruhak\/\" target=\"_new\" rel=\"noopener\">orvosi ruh\u00e1k<\/a>,<\/li>\n<li><a href=\"https:\/\/medandbeauty.com\/sk\/product\/lekarske-saty-so-zipsom-premium-white\/\" target=\"_new\" rel=\"noopener\">cipz\u00e1ras orvosi ruha feh\u00e9r<\/a>,<\/li>\n<li><a href=\"https:\/\/medandbeauty.com\/sk\/product\/lekarske-viacvrstvove-saty-premium-white\/\" target=\"_new\" rel=\"noopener\">orvosi ruha k\u00f6t\u00f6tt feh\u00e9r.<\/a><\/li>\n<\/ul>\n<p>A k\u00e9peken l\u00e1that\u00f3 egyes ruhadarabok \u00e1rnyalatai elt\u00e9rhetnek a t\u00e9nylegesekt\u0151l &#8211; ez a k\u00fcl\u00f6nb\u00f6z\u0151 elektronikus berendez\u00e9sek \u00e9s azok egyedi be\u00e1ll\u00edt\u00e1sai miatt van \u00edgy.<\/p>\n<p>Arra b\u00e1tor\u00edtjuk \u00d6nt, hogy adjon le megrendel\u00e9seket.<\/p>\n","protected":false},"excerpt":{"rendered":"<p>&nbsp; Orvosi ruha feh\u00e9r Med&amp;Beauty Forradalmas\u00edtjuk az orvosi \u00e9s sz\u00e9ps\u00e9gipar im\u00e1zs\u00e1t a legkelend\u0151bb bor\u00edt\u00e9kruh\u00e1inkkal! Felejtse el a klasszikus orvosi egyenruh\u00e1kat &#8211; itt az ideje az eleg\u00e1ns \u00e9s rendk\u00edv\u00fcl k\u00e9nyelmes, r\u00f6vid ujj\u00fa orvosi bor\u00edt\u00e9kruh\u00e1knak. Tudta, hogy a betegek \u00e9s az \u00fcgyfelek egyre ink\u00e1bb odafigyelnek arra, hogyan \u00f6lt\u00f6zk\u00f6dik, amikor a munk\u00e1j\u00e1t v\u00e9gzi? A szakmais\u00e1got hangs\u00falyoz\u00f3, \u00e1polt feh\u00e9r [&hellip;]<\/p>\n","protected":false},"featured_media":464409,"comment_status":"open","ping_status":"closed","template":"","meta":{"_acf_changed":false,"inline_featured_image":false},"kolor":[1930],"rodzaj-ubrania":[1884],"ubranie":[1904],"product_brand":[],"product_cat":[1887,1903,1902],"product_tag":[1948],"class_list":{"0":"post-464408","1":"product","2":"type-product","3":"status-publish","4":"has-post-thumbnail","6":"kolor-feherek","7":"rodzaj-ubrania-orvosi-ruhak","8":"ubranie-orvosi-boritek-ruha-rovid-ujju-premium","9":"product_cat-neki","10":"product_cat-orvosi-ruhak","11":"product_cat-premium-kollekcio","12":"product_tag-kozmetikai-ruhak","14":"first","15":"instock","16":"taxable","17":"shipping-taxable","18":"purchasable","19":"product-type-variable"},"acf":[],"_links":{"self":[{"href":"https:\/\/medandbeauty.com\/hu\/wp-json\/wp\/v2\/product\/464408","targetHints":{"allow":["GET"]}}],"collection":[{"href":"https:\/\/medandbeauty.com\/hu\/wp-json\/wp\/v2\/product"}],"about":[{"href":"https:\/\/medandbeauty.com\/hu\/wp-json\/wp\/v2\/types\/product"}],"replies":[{"embeddable":true,"href":"https:\/\/medandbeauty.com\/hu\/wp-json\/wp\/v2\/comments?post=464408"}],"wp:featuredmedia":[{"embeddable":true,"href":"https:\/\/medandbeauty.com\/hu\/wp-json\/wp\/v2\/media\/464409"}],"wp:attachment":[{"href":"https:\/\/medandbeauty.com\/hu\/wp-json\/wp\/v2\/media?parent=464408"}],"wp:term":[{"taxonomy":"kolor","embeddable":true,"href":"https:\/\/medandbeauty.com\/hu\/wp-json\/wp\/v2\/kolor?post=464408"},{"taxonomy":"rodzaj-ubrania","embeddable":true,"href":"https:\/\/medandbeauty.com\/hu\/wp-json\/wp\/v2\/rodzaj-ubrania?post=464408"},{"taxonomy":"ubranie","embeddable":true,"href":"https:\/\/medandbeauty.com\/hu\/wp-json\/wp\/v2\/ubranie?post=464408"},{"taxonomy":"product_brand","embeddable":true,"href":"https:\/\/medandbeauty.com\/hu\/wp-json\/wp\/v2\/product_brand?post=464408"},{"taxonomy":"product_cat","embeddable":true,"href":"https:\/\/medandbeauty.com\/hu\/wp-json\/wp\/v2\/product_cat?post=464408"},{"taxonomy":"product_tag","embeddable":true,"href":"https:\/\/medandbeauty.com\/hu\/wp-json\/wp\/v2\/product_tag?post=464408"}],"curies":[{"name":"wp","href":"https:\/\/api.w.org\/{rel}","templated":true}]}}