{"id":464441,"date":"2024-01-06T00:03:20","date_gmt":"2024-01-06T00:03:20","guid":{"rendered":"https:\/\/medandbeauty.com\/product\/orvosi-ruha-cipzarral-premium-feher\/"},"modified":"2025-12-23T11:56:01","modified_gmt":"2025-12-23T10:56:01","slug":"orvosi-ruha-cipzarral-premium-feher","status":"publish","type":"product","link":"https:\/\/medandbeauty.com\/hu\/product\/orvosi-ruha-cipzarral-premium-feher\/","title":{"rendered":"Orvosi ruha cipz\u00e1rral Premium FEH\u00c9R"},"content":{"rendered":"<p style=\"font-weight: 400;\">Az <strong>orvosi<\/strong> vagy <strong>sz\u00e9ps\u00e9giparban<\/strong> val\u00f3 munkav\u00e9gz\u00e9shez csak az egyszer\u0171 feh\u00e9r <strong>orvosi k\u00f6penyeket<\/strong> t\u00e1rs\u00edtja?<\/p>\n<p style=\"font-weight: 400;\">A <strong><a href=\"https:\/\/medandbeauty.com\/hu\/shop\/neki\/premium-kollekcio\/\" target=\"_blank\" rel=\"noopener\"> pr\u00e9mium kollekci\u00f3b\u00f3l<\/a> sz\u00e1rmaz\u00f3<\/strong> <strong>cipz\u00e1ras orvosi ruh\u00e1nkkal<\/strong> szak\u00edtunk a form\u00e1val!<\/p>\n<p style=\"font-weight: 400;\">A professzion\u00e1lis \u00e9s eleg\u00e1ns megjelen\u00e9s a munkahelyen n\u00f6veli a betegek \u00e9s az \u00fcgyfelek bizalm\u00e1t, \u00e9s jav\u00edtja a k\u00e9nyelmes \u00e9s eszt\u00e9tikus <strong>orvosi ruh\u00e1zatot <\/strong> visel\u0151k k\u00f6z\u00e9rzet\u00e9t <strong>. <\/strong> <\/p>\n<p style=\"font-weight: 400;\"><strong>Feh\u00e9r orvosi ruha cipz\u00e1rral<\/strong> a <a href=\"https:\/\/medandbeauty.com\/hu\/shop\/neki\/premium-kollekcio\/\" target=\"_blank\" rel=\"noopener\"><strong>Pr\u00e9mium kollekci\u00f3<\/strong><\/a> 80%-ban kiv\u00e1l\u00f3 min\u0151s\u00e9g\u0171 pamutb\u00f3l, nejlonnal \u00e9s lycr\u00e1val kombin\u00e1lva lett varrva.<\/p>\n<p style=\"font-weight: 400;\">Az anyagban l\u00e9v\u0151 sz\u00e1lak kombin\u00e1ci\u00f3ja l\u00e9g\u00e1tereszt\u0151, puha \u00e9s sz\u00e9pen illeszkedik az alakhoz.<\/p>\n<p style=\"font-weight: 400;\">Nem kell agg\u00f3dnia az id\u0151ig\u00e9nyes gombol\u00e1s miatt. A hossz\u00fa cipz\u00e1rnak k\u00f6sz\u00f6nhet\u0151en a ruha gyorsan fel- \u00e9s levehet\u0151. <\/p>\n<p style=\"font-weight: 400;\">Pontosan tudjuk, mennyire fontos, hogy az apr\u00f3 munkaeszk\u00f6z\u00f6k k\u00e9zn\u00e9l legyenek, ez\u00e9rt <strong>a feh\u00e9r, cipz\u00e1ras orvosi ruh\u00e1t<\/strong> n\u00e9gy k\u00e9nyelmes zsebbel l\u00e1ttuk el &#8211; kett\u0151 a mellkason, kett\u0151 pedig az oldal\u00e1n.<\/p>\n<p style=\"font-weight: 400;\">A buff sz\u00edn\u0171 7\/8-as ujjakat gombos mandzsetta z\u00e1rja le a t\u00f6k\u00e9letes illeszked\u00e9s \u00e9rdek\u00e9ben, \u00e9s hogy megakad\u00e1lyozza az ujjak felh\u00faz\u00f3d\u00e1s\u00e1t.<\/p>\n<p style=\"font-weight: 400;\"><strong>A feh\u00e9r cipz\u00e1ras orvosi ruha<\/strong> eleg\u00e1ns felvarr\u00e1ssal rendelkezik (el\u00f6l \u00e9s h\u00e1tul egyar\u00e1nt), amely t\u00f6k\u00e9letesen illeszkedik b\u00e1rmilyen t\u00edpus\u00fa n\u0151i alakhoz.<\/p>\n<ul>\n<li style=\"font-weight: 400;\">\u00d6sszesen 4 praktikus zseb &#8211; k\u00e9t el\u00fcls\u0151 zseb a mellkason \u00e9s k\u00e9t oldals\u00f3 zseb<\/li>\n<li style=\"font-weight: 400;\"><span style=\"font-family: inherit;\">Klasszikus V nyakkiv\u00e1g\u00e1s<\/span><\/li>\n<li style=\"font-weight: 400;\"><span style=\"font-family: inherit;\">Eleg\u00e1ns, m\u00e9gis alkalmi szab\u00e1s<\/span><\/li>\n<li style=\"font-weight: 400;\"><span style=\"font-family: inherit;\">A mellkasi zsebek miatt a cipz\u00e1ras orvosi ruh\u00e1n a h\u00edmz\u00e9s NEM lehets\u00e9ges.<br \/>\n<\/span><\/li>\n<\/ul>\n<p>&nbsp;<\/p>\n<p style=\"font-weight: 400;\"><strong style=\"font-family: inherit;\">Tov\u00e1bbi inform\u00e1ci\u00f3k:<\/strong><\/p>\n<p style=\"font-weight: 400;\">A k\u00e9peken l\u00e1that\u00f3 modellek S m\u00e9retet viselnek, \u00e9s 170-174 cm magasak.<\/p>\n<p style=\"font-weight: 400;\">Ha nem tudja, milyen m\u00e9retet v\u00e1lasszon &#8211; n\u00e9zze meg a m\u00e9rett\u00e1bl\u00e1zatot. Ha tov\u00e1bbi k\u00e9ts\u00e9gek mer\u00fclnek fel &#8211; k\u00fcldje el nek\u00fcnk a m\u00e9reteit, \u00e9s mi m\u00e9retre szabjuk \u00d6nnek. <\/p>\n<p style=\"font-weight: 400;\">A Premium kollekci\u00f3 ruhadarabjainak sz\u00ednei nem egyeznek a <a href=\"https:\/\/medandbeauty.com\/hu\/shop\/neki\/basic-kollekcio\/\" target=\"_blank\" rel=\"noopener\">Basic kollekci\u00f3<\/a> sz\u00edneivel &#8211; m\u00e1s anyagb\u00f3l k\u00e9sz\u00fcltek.<\/p>\n<p style=\"font-weight: 400;\">A k\u00e9peken l\u00e1that\u00f3 egyes ruhadarabok \u00e1rnyalatai elt\u00e9rhetnek a t\u00e9nylegesekt\u0151l &#8211; ez a k\u00fcl\u00f6nb\u00f6z\u0151 elektronikus berendez\u00e9sek \u00e9s azok egyedi be\u00e1ll\u00edt\u00e1sai miatt van \u00edgy.<\/p>\n","protected":false},"excerpt":{"rendered":"<p>Az orvosi vagy sz\u00e9ps\u00e9giparban val\u00f3 munkav\u00e9gz\u00e9shez csak az egyszer\u0171 feh\u00e9r orvosi k\u00f6penyeket t\u00e1rs\u00edtja? A pr\u00e9mium kollekci\u00f3b\u00f3l sz\u00e1rmaz\u00f3 cipz\u00e1ras orvosi ruh\u00e1nkkal szak\u00edtunk a form\u00e1val! A professzion\u00e1lis \u00e9s eleg\u00e1ns megjelen\u00e9s a munkahelyen n\u00f6veli a betegek \u00e9s az \u00fcgyfelek bizalm\u00e1t, \u00e9s jav\u00edtja a k\u00e9nyelmes \u00e9s eszt\u00e9tikus orvosi ruh\u00e1zatot visel\u0151k k\u00f6z\u00e9rzet\u00e9t . Feh\u00e9r orvosi ruha cipz\u00e1rral a Pr\u00e9mium kollekci\u00f3 [&hellip;]<\/p>\n","protected":false},"featured_media":464445,"comment_status":"open","ping_status":"closed","template":"","meta":{"_acf_changed":false,"inline_featured_image":false},"kolor":[1930],"rodzaj-ubrania":[1884],"ubranie":[2013],"product_brand":[],"product_cat":[1887,1903,1902],"product_tag":[],"class_list":{"0":"post-464441","1":"product","2":"type-product","3":"status-publish","4":"has-post-thumbnail","6":"kolor-feherek","7":"rodzaj-ubrania-orvosi-ruhak","8":"ubranie-premium-orvosi-ruha-cipzarral","9":"product_cat-neki","10":"product_cat-orvosi-ruhak","11":"product_cat-premium-kollekcio","13":"first","14":"instock","15":"taxable","16":"shipping-taxable","17":"purchasable","18":"product-type-variable"},"acf":[],"_links":{"self":[{"href":"https:\/\/medandbeauty.com\/hu\/wp-json\/wp\/v2\/product\/464441","targetHints":{"allow":["GET"]}}],"collection":[{"href":"https:\/\/medandbeauty.com\/hu\/wp-json\/wp\/v2\/product"}],"about":[{"href":"https:\/\/medandbeauty.com\/hu\/wp-json\/wp\/v2\/types\/product"}],"replies":[{"embeddable":true,"href":"https:\/\/medandbeauty.com\/hu\/wp-json\/wp\/v2\/comments?post=464441"}],"wp:featuredmedia":[{"embeddable":true,"href":"https:\/\/medandbeauty.com\/hu\/wp-json\/wp\/v2\/media\/464445"}],"wp:attachment":[{"href":"https:\/\/medandbeauty.com\/hu\/wp-json\/wp\/v2\/media?parent=464441"}],"wp:term":[{"taxonomy":"kolor","embeddable":true,"href":"https:\/\/medandbeauty.com\/hu\/wp-json\/wp\/v2\/kolor?post=464441"},{"taxonomy":"rodzaj-ubrania","embeddable":true,"href":"https:\/\/medandbeauty.com\/hu\/wp-json\/wp\/v2\/rodzaj-ubrania?post=464441"},{"taxonomy":"ubranie","embeddable":true,"href":"https:\/\/medandbeauty.com\/hu\/wp-json\/wp\/v2\/ubranie?post=464441"},{"taxonomy":"product_brand","embeddable":true,"href":"https:\/\/medandbeauty.com\/hu\/wp-json\/wp\/v2\/product_brand?post=464441"},{"taxonomy":"product_cat","embeddable":true,"href":"https:\/\/medandbeauty.com\/hu\/wp-json\/wp\/v2\/product_cat?post=464441"},{"taxonomy":"product_tag","embeddable":true,"href":"https:\/\/medandbeauty.com\/hu\/wp-json\/wp\/v2\/product_tag?post=464441"}],"curies":[{"name":"wp","href":"https:\/\/api.w.org\/{rel}","templated":true}]}}