{"id":464465,"date":"2024-01-06T00:03:57","date_gmt":"2024-01-06T00:03:57","guid":{"rendered":"https:\/\/medandbeauty.com\/product\/orvosi-ruha-cipzarral-premium-black\/"},"modified":"2025-12-23T11:56:02","modified_gmt":"2025-12-23T10:56:02","slug":"orvosi-ruha-cipzarral-premium-black","status":"publish","type":"product","link":"https:\/\/medandbeauty.com\/hu\/product\/orvosi-ruha-cipzarral-premium-black\/","title":{"rendered":"Orvosi ruha cipz\u00e1rral Premium BLACK"},"content":{"rendered":"<p style=\"font-weight: 400;\">Azt gondolja, hogy az <strong>orvosi<\/strong> vagy <strong>sz\u00e9ps\u00e9giparban <\/strong>dolgozni csak a feh\u00e9r, szabv\u00e1nyos <strong>orvosi egyenruh\u00e1kr\u00f3l<\/strong> sz\u00f3l?<\/p>\n<p style=\"font-weight: 400;\">A <strong>Med &amp;<\/strong> Beauty-n\u00e1l megv\u00e1ltoztatjuk ezt a szeml\u00e9letet a <strong>cipz\u00e1ras <a href=\"https:\/\/medandbeauty.com\/hu\/shop\/neki\/premium-kollekcio\/\" target=\"_blank\" rel=\"noopener\">pr\u00e9mium<\/a> orvosi ruh\u00e1nkkal<\/strong>!<\/p>\n<p style=\"font-weight: 400;\">A professzion\u00e1lis megjelen\u00e9s munka k\u00f6zben kulcsfontoss\u00e1g\u00fa a betegek \u00e9s az \u00fcgyfelek bizalm\u00e1nak ki\u00e9p\u00edt\u00e9s\u00e9hez. Emellett a <strong>k\u00e9nyelmes orvosi ruh\u00e1zat<\/strong> jav\u00edtja a visel\u0151i k\u00f6z\u00e9rzet\u00e9t! <\/p>\n<p style=\"font-weight: 400;\"><strong>A fekete, cipz\u00e1ras orvosi ruha a<\/strong><a href=\"https:\/\/medandbeauty.com\/hu\/shop\/neki\/premium-kollekcio\/\" target=\"_blank\" rel=\"noopener\"> Premium kollekci\u00f3b\u00f3l 80% kiv\u00e1l\u00f3 min\u0151s\u00e9g\u0171 pamutb\u00f3l k\u00e9sz\u00fclt<\/a>, nejlonnal \u00e9s lycr\u00e1val kombin\u00e1lva. A sz\u00e1lak e kombin\u00e1ci\u00f3ja l\u00e9g\u00e1tereszt\u0151, puha \u00e9s a sziluettre sz\u00e9pen form\u00e1zott anyagot eredm\u00e9nyez.<\/p>\n<p style=\"font-weight: 400;\">Felejtse el az <strong>orvosi ruh\u00e1k<\/strong> k\u00e9nyelmetlen r\u00f6gz\u00edt\u00e9s\u00e9t! A hossz\u00fa cipz\u00e1rnak k\u00f6sz\u00f6nhet\u0151en, amely lehet\u0151v\u00e9 teszi a ruha gyors fel- \u00e9s lev\u00e9tel\u00e9t, a munkahelyi \u00e1t\u00f6lt\u00f6z\u00e9s egyszer\u0171 \u00e9s sz\u00f3rakoztat\u00f3.<\/p>\n<p style=\"font-weight: 400;\">Gondoskodtunk a praktikuss\u00e1gr\u00f3l &#8211; <strong>fekete cipz\u00e1ras orvosi ruh\u00e1nk<\/strong> n\u00e9gy k\u00e9nyelmes zsebbel rendelkezik: kett\u0151 a mellkason \u00e9s kett\u0151 az oldal\u00e1n, amelyek ide\u00e1lisak az alapvet\u0151 dolgok t\u00e1rol\u00e1s\u00e1ra.<\/p>\n<p style=\"font-weight: 400;\">A gombos mandzsett\u00e1ban v\u00e9gz\u0151d\u0151 7\/8-as ujjak t\u00f6k\u00e9letes illeszked\u00e9st garant\u00e1lnak, \u00e9s megakad\u00e1lyozz\u00e1k az ujjak felh\u00faz\u00f3d\u00e1s\u00e1t.<\/p>\n<p style=\"font-weight: 400;\">Az extra varr\u00e1s (el\u00f6l \u00e9s h\u00e1tul egyar\u00e1nt) eleg\u00e1ns jelleget k\u00f6lcs\u00f6n\u00f6z <strong>a fekete cipz\u00e1ras orvosi ruh\u00e1nak<\/strong>, amely t\u00f6k\u00e9letesen kiemel b\u00e1rmilyen n\u0151ies sziluettet.<\/p>\n<ul>\n<li style=\"font-weight: 400;\">\u00d6sszesen 4 praktikus zseb &#8211; k\u00e9t el\u00fcls\u0151 zseb a mellkason \u00e9s k\u00e9t oldals\u00f3 zseb<\/li>\n<li style=\"font-weight: 400;\"><span style=\"font-family: inherit;\">Klasszikus V nyakkiv\u00e1g\u00e1s<\/span><\/li>\n<li style=\"font-weight: 400;\"><span style=\"font-family: inherit;\">Eleg\u00e1ns, m\u00e9gis alkalmi szab\u00e1s<\/span><\/li>\n<li style=\"font-weight: 400;\"><span style=\"font-family: inherit;\">A mellkasi zsebek miatt a cipz\u00e1ras orvosi ruh\u00e1n a h\u00edmz\u00e9s NEM lehets\u00e9ges.<\/span><\/li>\n<\/ul>\n<p>&nbsp;<\/p>\n<p style=\"font-weight: 400;\"><strong>Tov\u00e1bbi inform\u00e1ci\u00f3k:<\/strong><\/p>\n<p style=\"font-weight: 400;\">A k\u00e9peken l\u00e1that\u00f3 modellek S m\u00e9retet viselnek, \u00e9s 170-174 cm magasak.<\/p>\n<p style=\"font-weight: 400;\">Ha nem tudja, milyen m\u00e9retet v\u00e1lasszon &#8211; n\u00e9zze meg a m\u00e9rett\u00e1bl\u00e1zatot. Ha tov\u00e1bbi k\u00e9ts\u00e9gek mer\u00fclnek fel &#8211; k\u00fcldje el nek\u00fcnk a m\u00e9reteit, \u00e9s mi m\u00e9retre szabjuk \u00d6nnek. <\/p>\n<p style=\"font-weight: 400;\">A <a href=\"https:\/\/medandbeauty.com\/hu\/shop\/neki\/premium-kollekcio\/\" target=\"_blank\" rel=\"noopener\">Premium kollekci\u00f3<\/a> ruhadarabjainak sz\u00ednei nem egyeznek a<a href=\"https:\/\/medandbeauty.com\/hu\/shop\/neki\/basic-kollekcio\/\" target=\"_blank\" rel=\"noopener\"> Basic kollekci\u00f3<\/a> sz\u00edneivel &#8211; m\u00e1s anyagb\u00f3l k\u00e9sz\u00fcltek.<\/p>\n<p style=\"font-weight: 400;\">A k\u00e9peken l\u00e1that\u00f3 egyes ruhadarabok \u00e1rnyalatai elt\u00e9rhetnek a t\u00e9nylegesekt\u0151l &#8211; ez a k\u00fcl\u00f6nb\u00f6z\u0151 elektronikus berendez\u00e9sek \u00e9s azok egyedi be\u00e1ll\u00edt\u00e1sai miatt van \u00edgy.<\/p>\n","protected":false},"excerpt":{"rendered":"<p>Azt gondolja, hogy az orvosi vagy sz\u00e9ps\u00e9giparban dolgozni csak a feh\u00e9r, szabv\u00e1nyos orvosi egyenruh\u00e1kr\u00f3l sz\u00f3l? A Med &amp; Beauty-n\u00e1l megv\u00e1ltoztatjuk ezt a szeml\u00e9letet a cipz\u00e1ras pr\u00e9mium orvosi ruh\u00e1nkkal! A professzion\u00e1lis megjelen\u00e9s munka k\u00f6zben kulcsfontoss\u00e1g\u00fa a betegek \u00e9s az \u00fcgyfelek bizalm\u00e1nak ki\u00e9p\u00edt\u00e9s\u00e9hez. Emellett a k\u00e9nyelmes orvosi ruh\u00e1zat jav\u00edtja a visel\u0151i k\u00f6z\u00e9rzet\u00e9t! A fekete, cipz\u00e1ras orvosi ruha [&hellip;]<\/p>\n","protected":false},"featured_media":464469,"comment_status":"open","ping_status":"closed","template":"","meta":{"_acf_changed":false,"inline_featured_image":false},"kolor":[1928],"rodzaj-ubrania":[1884],"ubranie":[2013],"product_brand":[],"product_cat":[1887,1903,1902],"product_tag":[],"class_list":{"0":"post-464465","1":"product","2":"type-product","3":"status-publish","4":"has-post-thumbnail","6":"kolor-czernie-hu","7":"rodzaj-ubrania-orvosi-ruhak","8":"ubranie-premium-orvosi-ruha-cipzarral","9":"product_cat-neki","10":"product_cat-orvosi-ruhak","11":"product_cat-premium-kollekcio","13":"first","14":"instock","15":"taxable","16":"shipping-taxable","17":"purchasable","18":"product-type-variable"},"acf":[],"_links":{"self":[{"href":"https:\/\/medandbeauty.com\/hu\/wp-json\/wp\/v2\/product\/464465","targetHints":{"allow":["GET"]}}],"collection":[{"href":"https:\/\/medandbeauty.com\/hu\/wp-json\/wp\/v2\/product"}],"about":[{"href":"https:\/\/medandbeauty.com\/hu\/wp-json\/wp\/v2\/types\/product"}],"replies":[{"embeddable":true,"href":"https:\/\/medandbeauty.com\/hu\/wp-json\/wp\/v2\/comments?post=464465"}],"wp:featuredmedia":[{"embeddable":true,"href":"https:\/\/medandbeauty.com\/hu\/wp-json\/wp\/v2\/media\/464469"}],"wp:attachment":[{"href":"https:\/\/medandbeauty.com\/hu\/wp-json\/wp\/v2\/media?parent=464465"}],"wp:term":[{"taxonomy":"kolor","embeddable":true,"href":"https:\/\/medandbeauty.com\/hu\/wp-json\/wp\/v2\/kolor?post=464465"},{"taxonomy":"rodzaj-ubrania","embeddable":true,"href":"https:\/\/medandbeauty.com\/hu\/wp-json\/wp\/v2\/rodzaj-ubrania?post=464465"},{"taxonomy":"ubranie","embeddable":true,"href":"https:\/\/medandbeauty.com\/hu\/wp-json\/wp\/v2\/ubranie?post=464465"},{"taxonomy":"product_brand","embeddable":true,"href":"https:\/\/medandbeauty.com\/hu\/wp-json\/wp\/v2\/product_brand?post=464465"},{"taxonomy":"product_cat","embeddable":true,"href":"https:\/\/medandbeauty.com\/hu\/wp-json\/wp\/v2\/product_cat?post=464465"},{"taxonomy":"product_tag","embeddable":true,"href":"https:\/\/medandbeauty.com\/hu\/wp-json\/wp\/v2\/product_tag?post=464465"}],"curies":[{"name":"wp","href":"https:\/\/api.w.org\/{rel}","templated":true}]}}