{"id":464487,"date":"2024-01-06T00:07:04","date_gmt":"2024-01-06T00:07:04","guid":{"rendered":"https:\/\/medandbeauty.com\/product\/orvosi-ruha-cipzarral-premium-pale-beige\/"},"modified":"2025-12-23T11:56:25","modified_gmt":"2025-12-23T10:56:25","slug":"orvosi-ruha-cipzarral-premium-pale-beige","status":"publish","type":"product","link":"https:\/\/medandbeauty.com\/hu\/product\/orvosi-ruha-cipzarral-premium-pale-beige\/","title":{"rendered":"Orvosi ruha cipz\u00e1rral Premium PALE BEIGE"},"content":{"rendered":"<p style=\"font-weight: 400;\">Az a benyom\u00e1sa, hogy az <strong>orvosi<\/strong> vagy <strong>sz\u00e9ps\u00e9gipari<\/strong> munkak\u00f6r\u00f6kben dolgozni csak a szok\u00e1sos feh\u00e9r <strong>orvosi egyenruh\u00e1k<\/strong> visel\u00e9s\u00e9b\u0151l \u00e1ll?<\/p>\n<p style=\"font-weight: 400;\">A <strong>Med &amp;<\/strong> Beauty-n\u00e1l \u00e1talak\u00edtjuk ezt a koncepci\u00f3t a<a href=\"https:\/\/medandbeauty.com\/hu\/shop\/neki\/premium-kollekcio\/\" target=\"_blank\" rel=\"noopener\"> pr\u00e9mium kollekci\u00f3<\/a> <strong>cipz\u00e1ras orvosi ruh\u00e1nkkal<\/strong>!<\/p>\n<p style=\"font-weight: 400;\">A szakmai feladatok ell\u00e1t\u00e1sa sor\u00e1n a professzion\u00e1lis megjelen\u00e9s kulcsfontoss\u00e1g\u00fa a betegek \u00e9s az \u00fcgyfelek bizalm\u00e1nak ki\u00e9p\u00edt\u00e9s\u00e9ben. Emellett a k\u00e9nyelmes <strong>orvosi ruh\u00e1zat<\/strong> jav\u00edtja minden visel\u0151j\u00e9nek k\u00f6z\u00e9rzet\u00e9t! <\/p>\n<p style=\"font-weight: 400;\">A pr\u00e9mium vonalb\u00f3l sz\u00e1rmaz\u00f3 <strong>vil\u00e1gos b\u00e9zs sz\u00edn\u0171, cipz\u00e1ras orvosi ruha<\/strong> 80% kiv\u00e1l\u00f3 min\u0151s\u00e9g\u0171 pamutb\u00f3l k\u00e9sz\u00fclt, nejlonnal \u00e9s lycr\u00e1val kombin\u00e1lva. A sz\u00f6vetben l\u00e9v\u0151 sz\u00e1lak e kever\u00e9ke l\u00e9g\u00e1tereszt\u0151, puha \u00e9s k\u00e9nyelmes minden testalkat\u00fa ruh\u00e1t tesz lehet\u0151v\u00e9. <\/p>\n<p style=\"font-weight: 400;\">Felejtse el a neh\u00e9zkes r\u00f6gz\u00edt\u00e9seket az <strong>orvosi ruh\u00e1zatban<\/strong>! A <strong>vil\u00e1gos b\u00e9zs sz\u00edn\u0171 cipz\u00e1ras orvosi ruh\u00e1ba<\/strong> varrt hossz\u00fa cipz\u00e1rnak k\u00f6sz\u00f6nhet\u0151en a munka k\u00f6zbeni \u00e1t\u00f6lt\u00f6z\u00e9s egyszer\u0171bb\u00e9 \u00e9s kellemesebb\u00e9 v\u00e1lik.<\/p>\n<p style=\"font-weight: 400;\">A funkcionalit\u00e1sr\u00f3l gondoskodtunk &#8211; <strong>a vil\u00e1gos b\u00e9zs sz\u00edn\u0171 Med &amp; Beauty cipz\u00e1ras orvosi ruha <\/strong>n\u00e9gy praktikus zsebbel rendelkezik: kett\u0151 el\u00f6l \u00e9s kett\u0151 oldalt, ide\u00e1lis az alapvet\u0151 dolgok t\u00e1rol\u00e1s\u00e1ra.<\/p>\n<p style=\"font-weight: 400;\">A gombos mandzsett\u00e1ban v\u00e9gz\u0151d\u0151 7\/8-as ujjak t\u00f6k\u00e9letes illeszked\u00e9st garant\u00e1lnak, \u00e9s megakad\u00e1lyozz\u00e1k az ujjak cs\u00fasz\u00e1s\u00e1t \u00e9s felh\u00faz\u00f3d\u00e1s\u00e1t.<\/p>\n<p style=\"font-weight: 400;\">Az extra varr\u00e1sok (el\u00f6l \u00e9s h\u00e1tul egyar\u00e1nt) eleg\u00e1ns jelleget k\u00f6lcs\u00f6n\u00f6znek a <strong>vil\u00e1gos b\u00e9zs sz\u00edn\u0171, cipz\u00e1ras orvosi ruh\u00e1nak<\/strong>, amely t\u00f6k\u00e9letesen kiemeli b\u00e1rmilyen t\u00edpus\u00fa n\u0151i alak el\u0151nyeit.<\/p>\n<ul>\n<li style=\"font-weight: 400;\">\u00d6sszesen 4 praktikus zseb &#8211; k\u00e9t el\u00fcls\u0151 zseb a mellkason \u00e9s k\u00e9t oldals\u00f3 zseb<\/li>\n<li style=\"font-weight: 400;\"><span style=\"font-family: inherit;\">Klasszikus V nyakkiv\u00e1g\u00e1s<\/span><\/li>\n<li style=\"font-weight: 400;\"><span style=\"font-family: inherit;\">Eleg\u00e1ns, m\u00e9gis alkalmi szab\u00e1s<\/span><\/li>\n<li style=\"font-weight: 400;\"><span style=\"font-family: inherit;\">A mellkasi zsebek miatt a cipz\u00e1ras orvosi ruh\u00e1n a h\u00edmz\u00e9s NEM lehets\u00e9ges.<\/span><\/li>\n<\/ul>\n<p>&nbsp;<\/p>\n<p style=\"font-weight: 400;\"><strong>Tov\u00e1bbi inform\u00e1ci\u00f3k:<\/strong><\/p>\n<p style=\"font-weight: 400;\">A k\u00e9peken l\u00e1that\u00f3 modellek S m\u00e9retet viselnek, \u00e9s 170-174 cm magasak.<\/p>\n<p style=\"font-weight: 400;\">Ha nem tudja, milyen m\u00e9retet v\u00e1lasszon &#8211; n\u00e9zze meg a m\u00e9rett\u00e1bl\u00e1zatot. Ha tov\u00e1bbi k\u00e9ts\u00e9gek mer\u00fclnek fel &#8211; k\u00fcldje el nek\u00fcnk a m\u00e9reteit, \u00e9s mi m\u00e9retre szabjuk \u00d6nnek. <\/p>\n<p style=\"font-weight: 400;\">A <a href=\"https:\/\/medandbeauty.com\/hu\/shop\/neki\/premium-kollekcio\/\" target=\"_blank\" rel=\"noopener\">Premium kollekci\u00f3<\/a> ruhadarabjainak sz\u00ednei nem egyeznek a <a href=\"https:\/\/medandbeauty.com\/hu\/shop\/neki\/basic-kollekcio\/\" target=\"_blank\" rel=\"noopener\">Basic kollekci\u00f3<\/a> sz\u00edneivel &#8211; m\u00e1s anyagb\u00f3l k\u00e9sz\u00fcltek.<\/p>\n<p style=\"font-weight: 400;\">A k\u00e9peken l\u00e1that\u00f3 egyes ruhadarabok \u00e1rnyalatai elt\u00e9rhetnek a t\u00e9nylegesekt\u0151l &#8211; ez a k\u00fcl\u00f6nb\u00f6z\u0151 elektronikus berendez\u00e9sek \u00e9s azok egyedi be\u00e1ll\u00edt\u00e1sai miatt van \u00edgy.<\/p>\n","protected":false},"excerpt":{"rendered":"<p>Az a benyom\u00e1sa, hogy az orvosi vagy sz\u00e9ps\u00e9gipari munkak\u00f6r\u00f6kben dolgozni csak a szok\u00e1sos feh\u00e9r orvosi egyenruh\u00e1k visel\u00e9s\u00e9b\u0151l \u00e1ll? A Med &amp; Beauty-n\u00e1l \u00e1talak\u00edtjuk ezt a koncepci\u00f3t a pr\u00e9mium kollekci\u00f3 cipz\u00e1ras orvosi ruh\u00e1nkkal! A szakmai feladatok ell\u00e1t\u00e1sa sor\u00e1n a professzion\u00e1lis megjelen\u00e9s kulcsfontoss\u00e1g\u00fa a betegek \u00e9s az \u00fcgyfelek bizalm\u00e1nak ki\u00e9p\u00edt\u00e9s\u00e9ben. Emellett a k\u00e9nyelmes orvosi ruh\u00e1zat jav\u00edtja minden [&hellip;]<\/p>\n","protected":false},"featured_media":464491,"comment_status":"open","ping_status":"closed","template":"","meta":{"_acf_changed":false,"inline_featured_image":false},"kolor":[1921],"rodzaj-ubrania":[1884],"ubranie":[2013],"product_brand":[],"product_cat":[1887,1903,1902],"product_tag":[],"class_list":{"0":"post-464487","1":"product","2":"type-product","3":"status-publish","4":"has-post-thumbnail","6":"kolor-beiges-hu","7":"rodzaj-ubrania-orvosi-ruhak","8":"ubranie-premium-orvosi-ruha-cipzarral","9":"product_cat-neki","10":"product_cat-orvosi-ruhak","11":"product_cat-premium-kollekcio","13":"first","14":"instock","15":"taxable","16":"shipping-taxable","17":"purchasable","18":"product-type-variable"},"acf":[],"_links":{"self":[{"href":"https:\/\/medandbeauty.com\/hu\/wp-json\/wp\/v2\/product\/464487","targetHints":{"allow":["GET"]}}],"collection":[{"href":"https:\/\/medandbeauty.com\/hu\/wp-json\/wp\/v2\/product"}],"about":[{"href":"https:\/\/medandbeauty.com\/hu\/wp-json\/wp\/v2\/types\/product"}],"replies":[{"embeddable":true,"href":"https:\/\/medandbeauty.com\/hu\/wp-json\/wp\/v2\/comments?post=464487"}],"wp:featuredmedia":[{"embeddable":true,"href":"https:\/\/medandbeauty.com\/hu\/wp-json\/wp\/v2\/media\/464491"}],"wp:attachment":[{"href":"https:\/\/medandbeauty.com\/hu\/wp-json\/wp\/v2\/media?parent=464487"}],"wp:term":[{"taxonomy":"kolor","embeddable":true,"href":"https:\/\/medandbeauty.com\/hu\/wp-json\/wp\/v2\/kolor?post=464487"},{"taxonomy":"rodzaj-ubrania","embeddable":true,"href":"https:\/\/medandbeauty.com\/hu\/wp-json\/wp\/v2\/rodzaj-ubrania?post=464487"},{"taxonomy":"ubranie","embeddable":true,"href":"https:\/\/medandbeauty.com\/hu\/wp-json\/wp\/v2\/ubranie?post=464487"},{"taxonomy":"product_brand","embeddable":true,"href":"https:\/\/medandbeauty.com\/hu\/wp-json\/wp\/v2\/product_brand?post=464487"},{"taxonomy":"product_cat","embeddable":true,"href":"https:\/\/medandbeauty.com\/hu\/wp-json\/wp\/v2\/product_cat?post=464487"},{"taxonomy":"product_tag","embeddable":true,"href":"https:\/\/medandbeauty.com\/hu\/wp-json\/wp\/v2\/product_tag?post=464487"}],"curies":[{"name":"wp","href":"https:\/\/api.w.org\/{rel}","templated":true}]}}