{"id":464512,"date":"2024-01-06T20:46:29","date_gmt":"2024-01-06T20:46:29","guid":{"rendered":"https:\/\/medandbeauty.com\/product\/noi-orvosi-nadrag-premium-clinging-palack-zold\/"},"modified":"2025-12-23T11:36:18","modified_gmt":"2025-12-23T10:36:18","slug":"noi-orvosi-nadrag-premium-clinging-palack-zold","status":"publish","type":"product","link":"https:\/\/medandbeauty.com\/hu\/product\/noi-orvosi-nadrag-premium-clinging-palack-zold\/","title":{"rendered":"N\u0151i orvosi nadr\u00e1g Premium clinging Palack z\u00f6ld"},"content":{"rendered":"<p>K\u00e9nyelmes orvosi nadr\u00e1gra van sz\u00fcks\u00e9ge, amely a lehet\u0151 legk\u00e9nyelmesebben tartja \u00d6nt a hossz\u00fa munka\u00f3r\u00e1k alatt?<\/p>\n<p>V\u00e1lassza az orvosi z\u00f6ld<strong> tapad\u00f3 <\/strong> nadr\u00e1got a<a href=\"https:\/\/medandbeauty.com\/hu\/shop\/neki\/premium-kollekcio\/\" target=\"_blank\" rel=\"noopener\">Pr\u00e9mium kollekci\u00f3b\u00f3l<\/a> &#8211; biztos, hogy t\u00f6k\u00e9letesen fog teljes\u00edteni!<\/p>\n<p>Ha fontos \u00d6nnek a visel\u00e9si k\u00e9nyelem \u00e9s a pr\u00e9mium min\u0151s\u00e9g\u0171 anyagok az orvosi ruh\u00e1zat kiv\u00e1laszt\u00e1sakor &#8211;<strong> a pr\u00e9mium z\u00f6ld sz\u00edn\u0171, sz\u0171k szab\u00e1s\u00fa n\u0151i orvosi nadr\u00e1g<\/strong>biztosan megfelel minden elv\u00e1r\u00e1s\u00e1nak!<\/p>\n<p><strong>A palackz\u00f6ld n\u0151i pr\u00e9mium kapaszkod\u00f3 orvosi nadr\u00e1g <\/strong>puha \u00e9s l\u00e9g\u00e1tereszt\u0151 anyagb\u00f3l k\u00e9sz\u00fclt, \u00edgy nem korl\u00e1tozza a mozg\u00e1st \u00e9s teljes szabads\u00e1got biztos\u00edt. A 80%-ban kiv\u00e1l\u00f3 min\u0151s\u00e9g\u0171 pamut, valamint a lycra \u00e9s nejlon kever\u00e9k\u00e9nek kombin\u00e1ci\u00f3ja r\u00e9v\u00e9n az anyag t\u00f6k\u00e9letesen illeszkedik minden alakhoz, valamint tart\u00f3s \u00e9s l\u00e9g\u00e1tereszt\u0151. <\/p>\n<p>Az orvosi z\u00f6ld cs\u0151nadr\u00e1gnak enyh\u00e9n megemelt dereka van, sz\u00e9les, rugalmas der\u00e9ksz\u00edjjal, ami a nadr\u00e1got nem sz\u0171k\u00edti, \u00e9s ez\u00e9rt nagyon k\u00e9nyelmes, m\u00e9g hossz\u00fa ideig tart\u00f3 visel\u00e9s eset\u00e9n is.<\/p>\n<p><strong>A tapad\u00f3s orvosi nadr\u00e1g<\/strong> gy\u00f6ny\u00f6r\u0171 palackz\u00f6ld sz\u00edne eleg\u00e1ns \u00e9s alkalmi \u00f6lt\u00f6z\u00e9khez egyar\u00e1nt illik, \u00e9s a zsebek hi\u00e1ny\u00e1nak k\u00f6sz\u00f6nhet\u0151en \u00fagy \u00e9rezheted, hogy a legk\u00e9nyelmesebb leggingset viseled!<\/p>\n<p>A <strong>palackz\u00f6ld pr\u00e9mium pr\u00e9mium orvosi tapad\u00f3 nadr\u00e1g <\/strong>a t\u00f6k\u00e9letes illeszked\u00e9s \u00e9rdek\u00e9ben h\u00faz\u00f3zsin\u00f3rral ell\u00e1tott der\u00e9ksz\u00edjjal rendelkezik.<\/p>\n<p>\u00c1ll\u00edtsa \u00f6ssze \u00e1lmai <strong>orvosi ruhak\u00e9szlet\u00e9t<\/strong> az<strong> orvosi nadr\u00e1g palackz\u00f6ld sz\u00edn\u0171 \u00e9s a sz\u0171k szab\u00e1s\u00fa orvosi nadr\u00e1ggal <\/strong>. <a href=\"https:\/\/medandbeauty.com\/it\/product\/tunica-medicale-a-maniche-corte-da-donna-premium-bottle-green\/\" target=\"_blank\" rel=\"noopener\"><strong>orvosi tunika<\/strong><\/a> amely ugyanebb\u0151l az anyagb\u00f3l k\u00e9sz\u00fclt.<\/p>\n<p>Az \u00e1rnyalatokat szabadon keverheti egym\u00e1ssal, hogy egyedi st\u00edlusokat hozzon l\u00e9tre, vagy v\u00e1laszthatja a monokr\u00f3m megjelen\u00e9st. Orvosi z\u00f6ld nadr\u00e1gunk kiemelkedik: <\/p>\n<ul>\n<li>zsebek hi\u00e1nya,<\/li>\n<li>sz\u00e9les, k\u00e9nyelmes, rugalmas der\u00e9kp\u00e1nt,<\/li>\n<li>karcs\u00fa szab\u00e1s &#8211; k\u00fapos l\u00e1bak,<\/li>\n<li>rugalmas, ny\u00fajthat\u00f3 anyag.<\/li>\n<\/ul>\n<p><strong>Tov\u00e1bbi inform\u00e1ci\u00f3k:<\/strong> A k\u00e9peken l\u00e1that\u00f3 modellek S m\u00e9ret\u0171 n\u0151i orvosi z\u00f6ld nadr\u00e1got viselnek, 170-174 cm magasak.<\/p>\n<p>Ha nem tudja, milyen m\u00e9retet v\u00e1lasszon &#8211; n\u00e9zze meg a m\u00e9rett\u00e1bl\u00e1zatot. Ha tov\u00e1bbi k\u00e9ts\u00e9gek mer\u00fclnek fel &#8211; k\u00fcldje el nek\u00fcnk a m\u00e9reteit, \u00e9s mi m\u00e9retre szabjuk \u00d6nnek. <\/p>\n<p>A <a href=\"https:\/\/medandbeauty.com\/hu\/shop\/neki\/premium-kollekcio\/\" target=\"_blank\" rel=\"noopener\">Premium kollekci\u00f3<\/a> ruhadarabjainak sz\u00ednei nem egyeznek a<a href=\"https:\/\/medandbeauty.com\/hu\/shop\/neki\/basic-kollekcio\/\" target=\"_blank\" rel=\"noopener\"> Basic kollekci\u00f3<\/a> sz\u00edneivel &#8211; m\u00e1s anyagb\u00f3l k\u00e9sz\u00fcltek. A k\u00e9peken l\u00e1that\u00f3 egyes ruhadarabok \u00e1rnyalatai elt\u00e9rhetnek a t\u00e9nylegesekt\u0151l &#8211; ez a k\u00fcl\u00f6nb\u00f6z\u0151 elektronikus berendez\u00e9sek \u00e9s azok egyedi be\u00e1ll\u00edt\u00e1sai miatt van \u00edgy.<\/p>\n<p><a href=\"https:\/\/medandbeauty.com\/hu\/\">Orvosi ruh\u00e1zati \u00fczlet\u00fcnk sz\u00e9les term\u00e9kv\u00e1laszt\u00e9kot aj\u00e1nl<\/a>, p\u00e9ld\u00e1ul <a href=\"https:\/\/medandbeauty.com\/hu\/shop\/neki\/\" target=\"_new\" rel=\"noopener\">n\u0151i orvosi ruh\u00e1zatot.<\/a> Bele\u00e9rtve <a href=\"https:\/\/medandbeauty.com\/hu\/rodzaj-ubrania\/orvosi-nadragok\/\" target=\"_new\" rel=\"noopener\">a k\u00e9nyelmes \u00e9s funkcion\u00e1lis orvosi nadr\u00e1gokat.<\/a> Speci\u00e1lisan tervezett <a href=\"https:\/\/medandbeauty.com\/hu\/shop\/neki\/basic-kollekcio\/orvosi-nadrag\/\" target=\"_new\" rel=\"noopener\">n\u0151i orvosi nadr\u00e1gokat<\/a> is k\u00edn\u00e1lunk , amelyekben a k\u00e9nyelem \u00e9s az elegancia \u00f6tv\u00f6z\u0151dik, \u00e9s azok sz\u00e1m\u00e1ra, akik \u00e9rt\u00e9kelik a term\u00e9szetes anyagokat, n\u0151i orvosi <a href=\"https:\/\/medandbeauty.com\/hu\/shop\/neki\/premium-kollekcio\/orvosi-nadrag-hu\/\" target=\"_new\" rel=\"noopener\">pamutnadr\u00e1gokat k\u00e9sz\u00edtett\u00fcnk a t\u00f6k\u00e9letes k\u00e9nyelem \u00e9rdek\u00e9ben.<\/a><\/p>\n<p>Arra b\u00e1tor\u00edtjuk \u00d6nt, hogy adjon le megrendel\u00e9seket.<\/p>\n","protected":false},"excerpt":{"rendered":"<p>K\u00e9nyelmes orvosi nadr\u00e1gra van sz\u00fcks\u00e9ge, amely a lehet\u0151 legk\u00e9nyelmesebben tartja \u00d6nt a hossz\u00fa munka\u00f3r\u00e1k alatt? V\u00e1lassza az orvosi z\u00f6ld tapad\u00f3 nadr\u00e1got aPr\u00e9mium kollekci\u00f3b\u00f3l &#8211; biztos, hogy t\u00f6k\u00e9letesen fog teljes\u00edteni! Ha fontos \u00d6nnek a visel\u00e9si k\u00e9nyelem \u00e9s a pr\u00e9mium min\u0151s\u00e9g\u0171 anyagok az orvosi ruh\u00e1zat kiv\u00e1laszt\u00e1sakor &#8211; a pr\u00e9mium z\u00f6ld sz\u00edn\u0171, sz\u0171k szab\u00e1s\u00fa n\u0151i orvosi nadr\u00e1gbiztosan megfelel [&hellip;]<\/p>\n","protected":false},"featured_media":464513,"comment_status":"open","ping_status":"closed","template":"","meta":{"_acf_changed":false,"inline_featured_image":false},"kolor":[1922],"rodzaj-ubrania":[1883],"ubranie":[1927],"product_brand":[],"product_cat":[1887,1926,1902],"product_tag":[1934],"class_list":{"0":"post-464512","1":"product","2":"type-product","3":"status-publish","4":"has-post-thumbnail","6":"kolor-zoldek","7":"rodzaj-ubrania-orvosi-nadragok","8":"ubranie-premium-orvosi-nadrag-noknek","9":"product_cat-neki","10":"product_cat-orvosi-nadrag-hu","11":"product_cat-premium-kollekcio","12":"product_tag-noi-orvosi-nadrag-egyenes-szaru","14":"first","15":"instock","16":"taxable","17":"shipping-taxable","18":"purchasable","19":"product-type-variable"},"acf":[],"_links":{"self":[{"href":"https:\/\/medandbeauty.com\/hu\/wp-json\/wp\/v2\/product\/464512","targetHints":{"allow":["GET"]}}],"collection":[{"href":"https:\/\/medandbeauty.com\/hu\/wp-json\/wp\/v2\/product"}],"about":[{"href":"https:\/\/medandbeauty.com\/hu\/wp-json\/wp\/v2\/types\/product"}],"replies":[{"embeddable":true,"href":"https:\/\/medandbeauty.com\/hu\/wp-json\/wp\/v2\/comments?post=464512"}],"wp:featuredmedia":[{"embeddable":true,"href":"https:\/\/medandbeauty.com\/hu\/wp-json\/wp\/v2\/media\/464513"}],"wp:attachment":[{"href":"https:\/\/medandbeauty.com\/hu\/wp-json\/wp\/v2\/media?parent=464512"}],"wp:term":[{"taxonomy":"kolor","embeddable":true,"href":"https:\/\/medandbeauty.com\/hu\/wp-json\/wp\/v2\/kolor?post=464512"},{"taxonomy":"rodzaj-ubrania","embeddable":true,"href":"https:\/\/medandbeauty.com\/hu\/wp-json\/wp\/v2\/rodzaj-ubrania?post=464512"},{"taxonomy":"ubranie","embeddable":true,"href":"https:\/\/medandbeauty.com\/hu\/wp-json\/wp\/v2\/ubranie?post=464512"},{"taxonomy":"product_brand","embeddable":true,"href":"https:\/\/medandbeauty.com\/hu\/wp-json\/wp\/v2\/product_brand?post=464512"},{"taxonomy":"product_cat","embeddable":true,"href":"https:\/\/medandbeauty.com\/hu\/wp-json\/wp\/v2\/product_cat?post=464512"},{"taxonomy":"product_tag","embeddable":true,"href":"https:\/\/medandbeauty.com\/hu\/wp-json\/wp\/v2\/product_tag?post=464512"}],"curies":[{"name":"wp","href":"https:\/\/api.w.org\/{rel}","templated":true}]}}