{"id":464530,"date":"2024-01-06T21:02:29","date_gmt":"2024-01-06T21:02:29","guid":{"rendered":"https:\/\/medandbeauty.com\/product\/ferfi-klasszikus-orvosi-kopeny-premium-feher\/"},"modified":"2025-12-23T11:29:35","modified_gmt":"2025-12-23T10:29:35","slug":"ferfi-klasszikus-orvosi-kopeny-premium-feher","status":"publish","type":"product","link":"https:\/\/medandbeauty.com\/hu\/product\/ferfi-klasszikus-orvosi-kopeny-premium-feher\/","title":{"rendered":"F\u00e9rfi klasszikus orvosi k\u00f6peny pr\u00e9mium FEH\u00c9R"},"content":{"rendered":"<p style=\"font-weight: 400;\"><strong>A klasszikus Med &amp; Beauty f\u00e9rfi orvosi k\u00f6t\u00e9ny a Med &amp;<\/strong> Beauty-t\u00f3l <a href=\"https:\/\/medandbeauty.com\/hu\/shop\/szamara\/premium-kollekcio-hu\/\" target=\"_blank\" rel=\"noopener\"><strong>Pr\u00e9mium kollekci\u00f3b\u00f3l<\/strong> <\/a>a legk\u00e9nyelmesebb <strong>k\u00f6t\u00e9ny<\/strong> a mindennapi munk\u00e1hoz minden orvosi \u00e9s sz\u00e9ps\u00e9gipari szakember sz\u00e1m\u00e1ra.<\/p>\n<p style=\"font-weight: 400;\"><strong>A f\u00e9rfi orvosi k\u00f6t\u00e9ny<\/strong> kiv\u00e1l\u00f3 min\u0151s\u00e9g\u0171 pamutb\u00f3l k\u00e9sz\u00fclt, nejlon \u00e9s lycra kever\u00e9k\u00e9vel, ami l\u00e9legz\u0151v\u00e9 teszi az anyagot, \u00e9s t\u00f6k\u00e9letesen illeszkedik a f\u00e9rfi alakhoz.<\/p>\n<p style=\"font-weight: 400;\">Tudjuk, hogy a funkcion\u00e1lis zsebek megk\u00f6nny\u00edtik a munk\u00e1t, ez\u00e9rt a <strong>Med &amp; Beauty f\u00e9rfi orvosi k\u00f6t\u00e9nyen <\/strong>ak\u00e1r h\u00e1rom zsebet is tal\u00e1lhat.<\/p>\n<p style=\"font-weight: 400;\">A k\u00e9t t\u00e1gas el\u00fcls\u0151 zseb lehet\u0151v\u00e9 teszi, hogy az \u00f6sszes munkaeszk\u00f6z\u00e9t mag\u00e1val vigye, a mellzseb pedig kiv\u00e1l\u00f3an alkalmas p\u00e9ld\u00e1ul egy igazolv\u00e1ny t\u00e1rol\u00e1s\u00e1ra.<\/p>\n<p style=\"font-weight: 400;\"><strong>A f\u00e9rfi orvosi k\u00f6t\u00e9ny<\/strong> klasszikus \u00e9s minimalista szab\u00e1sa nemcsak j\u00f3l n\u00e9z ki, hanem maxim\u00e1lis mozg\u00e1steret is biztos\u00edt, m\u00e9g akkor is, ha a k\u00f6t\u00e9ny be van k\u00f6tve.<\/p>\n<p style=\"font-weight: 400;\"><strong>A klasszikus <a href=\"https:\/\/medandbeauty.com\/hu\/shop\/szamara\/premium-kollekcio-hu\/\" target=\"_blank\" rel=\"noopener\">Med &amp; Beauty pr\u00e9mium<\/a> f\u00e9rfi orvosi k\u00f6t\u00e9ny<\/strong> j\u00f3l illik a Med <strong> &amp;<\/strong> Beauty k\u00edn\u00e1lat\u00e1ban kaphat\u00f3 m\u0171t\u0151sruh\u00e1khoz. <a href=\"https:\/\/medandbeauty.com\/hu\/shop\/szamara\/basic-kollekcio-hu\/\" target=\"_blank\" rel=\"noopener\"><strong>Basic kollekci\u00f3 m\u0171t\u0151sruh\u00e1i<\/strong><\/a>.<\/p>\n<p style=\"font-weight: 400;\">Add \u0151ket a kosaradba, \u00e9s \u00e1ll\u00edtsd \u00f6ssze a legk\u00e9nyelmesebb <strong>orvosi ruh\u00e1zatodat<\/strong>!<\/p>\n<ul>\n<li style=\"font-weight: 400;\">\u00d6sszesen 3 praktikus zseb<\/li>\n<li style=\"font-weight: 400;\"><span style=\"font-family: inherit;\">Rugalmas, l\u00e9g\u00e1tereszt\u0151 anyag<\/span><\/li>\n<li style=\"font-weight: 400;\"><span style=\"font-family: inherit;\">Klasszikus, eleg\u00e1ns szab\u00e1s<\/span><\/li>\n<li style=\"font-weight: 400;\"><span style=\"font-family: inherit;\">H\u00edmz\u00e9ssel szem\u00e9lyre szabhat\u00f3<\/span><\/li>\n<\/ul>\n<p>&nbsp;<\/p>\n<p style=\"font-weight: 400;\"><strong>Tov\u00e1bbi inform\u00e1ci\u00f3k:<\/strong><\/p>\n<p style=\"font-weight: 400;\">A k\u00e9peken l\u00e1that\u00f3 modell L m\u00e9retet visel, \u00e9s 186 cm magas.<\/p>\n<p style=\"font-weight: 400;\">Ha nem tudja, milyen m\u00e9retet v\u00e1lasszon &#8211; n\u00e9zze meg a m\u00e9rett\u00e1bl\u00e1zatot. Ha tov\u00e1bbi k\u00e9ts\u00e9gek mer\u00fclnek fel &#8211; k\u00fcldje el nek\u00fcnk a m\u00e9reteit, \u00e9s mi m\u00e9retre szabjuk \u00d6nnek. <\/p>\n<p style=\"font-weight: 400;\">A <a href=\"https:\/\/medandbeauty.com\/hu\/shop\/szamara\/premium-kollekcio-hu\/\" target=\"_blank\" rel=\"noopener\">Premium kollekci\u00f3<\/a> ruhadarabjainak sz\u00ednei nem egyeznek a <a href=\"https:\/\/medandbeauty.com\/hu\/shop\/szamara\/basic-kollekcio-hu\/\" target=\"_blank\" rel=\"noopener\">Basic kollekci\u00f3<\/a> sz\u00edneivel &#8211; m\u00e1s anyagb\u00f3l k\u00e9sz\u00fcltek.<\/p>\n<p style=\"font-weight: 400;\">A k\u00e9peken l\u00e1that\u00f3 egyes ruhadarabok \u00e1rnyalatai elt\u00e9rhetnek a t\u00e9nylegesekt\u0151l &#8211; ez a k\u00fcl\u00f6nb\u00f6z\u0151 elektronikus berendez\u00e9sek \u00e9s azok egyedi be\u00e1ll\u00edt\u00e1sai miatt van \u00edgy.<\/p>\n","protected":false},"excerpt":{"rendered":"<p>A klasszikus Med &amp; Beauty f\u00e9rfi orvosi k\u00f6t\u00e9ny a Med &amp; Beauty-t\u00f3l Pr\u00e9mium kollekci\u00f3b\u00f3l a legk\u00e9nyelmesebb k\u00f6t\u00e9ny a mindennapi munk\u00e1hoz minden orvosi \u00e9s sz\u00e9ps\u00e9gipari szakember sz\u00e1m\u00e1ra. A f\u00e9rfi orvosi k\u00f6t\u00e9ny kiv\u00e1l\u00f3 min\u0151s\u00e9g\u0171 pamutb\u00f3l k\u00e9sz\u00fclt, nejlon \u00e9s lycra kever\u00e9k\u00e9vel, ami l\u00e9legz\u0151v\u00e9 teszi az anyagot, \u00e9s t\u00f6k\u00e9letesen illeszkedik a f\u00e9rfi alakhoz. Tudjuk, hogy a funkcion\u00e1lis zsebek megk\u00f6nny\u00edtik [&hellip;]<\/p>\n","protected":false},"featured_media":464531,"comment_status":"open","ping_status":"closed","template":"","meta":{"_acf_changed":false,"inline_featured_image":false},"kolor":[1930],"rodzaj-ubrania":[1879],"ubranie":[2016],"product_brand":[],"product_cat":[2014,2015,1980,1959],"product_tag":[],"class_list":{"0":"post-464530","1":"product","2":"type-product","3":"status-publish","4":"has-post-thumbnail","6":"kolor-feherek","7":"rodzaj-ubrania-orvosi-kopenyek","8":"ubranie-premium-klasszikus-ferfi-orvosi-kopeny","9":"product_cat-bestsellerek-hu","10":"product_cat-orvosi-kopenyek-hu","11":"product_cat-premium-kollekcio-hu","12":"product_cat-szamara","14":"first","15":"instock","16":"taxable","17":"shipping-taxable","18":"purchasable","19":"product-type-variable"},"acf":[],"_links":{"self":[{"href":"https:\/\/medandbeauty.com\/hu\/wp-json\/wp\/v2\/product\/464530","targetHints":{"allow":["GET"]}}],"collection":[{"href":"https:\/\/medandbeauty.com\/hu\/wp-json\/wp\/v2\/product"}],"about":[{"href":"https:\/\/medandbeauty.com\/hu\/wp-json\/wp\/v2\/types\/product"}],"replies":[{"embeddable":true,"href":"https:\/\/medandbeauty.com\/hu\/wp-json\/wp\/v2\/comments?post=464530"}],"wp:featuredmedia":[{"embeddable":true,"href":"https:\/\/medandbeauty.com\/hu\/wp-json\/wp\/v2\/media\/464531"}],"wp:attachment":[{"href":"https:\/\/medandbeauty.com\/hu\/wp-json\/wp\/v2\/media?parent=464530"}],"wp:term":[{"taxonomy":"kolor","embeddable":true,"href":"https:\/\/medandbeauty.com\/hu\/wp-json\/wp\/v2\/kolor?post=464530"},{"taxonomy":"rodzaj-ubrania","embeddable":true,"href":"https:\/\/medandbeauty.com\/hu\/wp-json\/wp\/v2\/rodzaj-ubrania?post=464530"},{"taxonomy":"ubranie","embeddable":true,"href":"https:\/\/medandbeauty.com\/hu\/wp-json\/wp\/v2\/ubranie?post=464530"},{"taxonomy":"product_brand","embeddable":true,"href":"https:\/\/medandbeauty.com\/hu\/wp-json\/wp\/v2\/product_brand?post=464530"},{"taxonomy":"product_cat","embeddable":true,"href":"https:\/\/medandbeauty.com\/hu\/wp-json\/wp\/v2\/product_cat?post=464530"},{"taxonomy":"product_tag","embeddable":true,"href":"https:\/\/medandbeauty.com\/hu\/wp-json\/wp\/v2\/product_tag?post=464530"}],"curies":[{"name":"wp","href":"https:\/\/api.w.org\/{rel}","templated":true}]}}