{"id":464539,"date":"2024-01-09T20:34:20","date_gmt":"2024-01-09T20:34:20","guid":{"rendered":"https:\/\/medandbeauty.com\/product\/noi-orvosi-bluz-mutosruha-alap-palack-zold\/"},"modified":"2026-02-10T11:38:24","modified_gmt":"2026-02-10T10:38:24","slug":"noi-orvosi-bluz-mutosruha-alap-palack-zold","status":"publish","type":"product","link":"https:\/\/medandbeauty.com\/hu\/product\/noi-orvosi-bluz-mutosruha-alap-palack-zold\/","title":{"rendered":"N\u0151i orvosi bl\u00faz m\u0171t\u0151sruha alap palack z\u00f6ld"},"content":{"rendered":"<p style=\"font-weight: 400;\">Fedezze fel <strong>a <a href=\"https:\/\/medandbeauty.com\/hu\/shop\/neki\/basic-kollekcio\/\" target=\"_blank\" rel=\"noopener\">legkelend\u0151bb Basic b\u0151rrad\u00edrjainkat<\/a><\/strong>, amelyekbe v\u00e1s\u00e1rl\u00f3ink ezrei szerettek bele!<\/p>\n<p style=\"font-weight: 400;\">Ha hossz\u00fa \u00f3r\u00e1kat t\u00f6lt a munkahely\u00e9n, olyan<strong> orvosi ruh\u00e1zatra <\/strong>van sz\u00fcks\u00e9ge, amely maxim\u00e1lis k\u00e9nyelmet biztos\u00edt. <strong>A Scrubs Basic n\u0151i orvosi bl\u00faz<\/strong> <strong>palackz\u00f6ld sz\u00ednben <\/strong>a legjobb min\u0151s\u00e9g\u0171 anyagokb\u00f3l k\u00e9sz\u00fclt.<\/p>\n<p style=\"font-weight: 400;\">A poli\u00e9szter, a viszk\u00f3z \u00e9s a lycra kombin\u00e1ci\u00f3j\u00e1nak k\u00f6sz\u00f6nhet\u0151en az anyag nagyon strapab\u00edr\u00f3 \u00e9s puha, minden testalkathoz alkalmazkodik, nem korl\u00e1tozza a mozg\u00e1st, \u00e9s &#8211; ami rendk\u00edv\u00fcl fontos az <strong>orvosi ruh\u00e1zat<\/strong> eset\u00e9ben &#8211; l\u00e9g\u00e1tereszt\u0151 \u00e9s l\u00e9legz\u0151.<\/p>\n<p style=\"font-weight: 400;\"><strong>A n\u0151i orvosi bl\u00fazos m\u0171t\u0151sruha basic palackz\u00f6ld<\/strong> t\u00f6k\u00e9letes alap egy id\u0151tlen \u00e9s mindenekel\u0151tt praktikus <strong>orvosi ruhat\u00e1rhoz<\/strong>.<\/p>\n<p style=\"font-weight: 400;\">K\u00e9t t\u00e1gas \u00e9s megb\u00edzhat\u00f3 zsebbel rendelkezik, amelyekben a munk\u00e1hoz sz\u00fcks\u00e9ges \u00f6sszes szersz\u00e1mot \u00e9s tartoz\u00e9kot t\u00e1rolhatja.<\/p>\n<p style=\"font-weight: 400;\">A klasszikus v-nyak optikailag meghosszabb\u00edtja a sziluettet, a der\u00e9kra sz\u0171k\u00edtett szab\u00e1s minden n\u0151i alak minden el\u0151ny\u00e9t kiemeli, az ujjak hossza (majdnem k\u00f6ny\u00e9kig \u00e9r) pedig v\u00e9delmet ny\u00fajt a v\u00e1llaknak an\u00e9lk\u00fcl, hogy korl\u00e1tozn\u00e1 a mozg\u00e1st.<\/p>\n<p style=\"font-weight: 400;\">Kombin\u00e1lja <strong>a n\u0151i m\u0171t\u0151sruha Basic orvosi bl\u00faz palack z\u00f6ld sz\u00ednben<\/strong> a <strong><a href=\"https:\/\/medandbeauty.com\/sk\/product\/lekarske-nohavice-damske-joggery-scrubs-basic-bottle-green\/\" target=\"_blank\" rel=\"noopener\">orvosi meleg\u00edt\u0151nadr\u00e1ggal<\/a> <\/strong>vagy <a href=\"https:\/\/medandbeauty.com\/sk\/product\/damske-lekarske-nohavice-proste-scrubs-basic-butter-green\/\" target=\"_blank\" rel=\"noopener\"><strong>egyenes orvosi nadr\u00e1ggal<\/strong> <\/a>ugyanabban a sz\u00ednben, vagy v\u00e1lasszon egy m\u00e1sik \u00e1rnyalatot az orvosi nadr\u00e1gok k\u00f6z\u00f6tt. <a href=\"https:\/\/medandbeauty.com\/hu\/shop\/neki\/basic-kollekcio\/\" target=\"_blank\" rel=\"noopener\"><strong>kollekci\u00f3b\u00f3l.<\/strong> <strong>Med &amp; Beauty Basic<\/strong><\/a>.<\/p>\n<p style=\"font-weight: 400;\">A <strong><a href=\"https:\/\/medandbeauty.com\/hu\/shop\/neki\/basic-kollekcio\/\" target=\"_blank\" rel=\"noopener\">Med &amp; Beauty Basic<\/a><\/strong> <strong>orvosi m\u0171t\u0151sruh\u00e1val<\/strong> maxim\u00e1lis k\u00e9nyelmet biztos\u00edthat, mik\u00f6zben a munkahely\u00e9n is professzion\u00e1lis megjelen\u00e9st biztos\u00edt.<\/p>\n<p>Gy\u0151z\u0151dj\u00f6n meg r\u00f3la, hogy a meleg gyapj\u00fa  <a href=\"https:\/\/medandbeauty.com\/hu\/shop\/neki\/basic-kollekcio\/orvosi-bluzok-hu\/\" target=\"_blank\" rel=\"noopener\">orvosi bl\u00fazok<\/a>  tan\u00fas\u00edtott l\u00e9g\u00e1tereszt\u0151 anyagb\u00f3l k\u00e9sz\u00fclt!<\/p>\n<ul>\n<li style=\"font-weight: 400;\">K\u00e9t nagy, praktikus \u00e9s t\u00e1gas zseb<\/li>\n<li style=\"font-weight: 400;\"><span style=\"font-family: inherit;\">Kont\u00faros der\u00e9kr\u00e9sz<\/span><\/li>\n<li style=\"font-weight: 400;\"><span style=\"font-family: inherit;\">Klasszikus v-nyak\u00fa<\/span><\/li>\n<li style=\"font-weight: 400;\"><span style=\"font-family: inherit;\">K\u00e9nyelmes, r\u00f6vid ujj\u00fa<\/span><\/li>\n<\/ul>\n<p style=\"font-weight: 400;\"><strong> <\/strong><\/p>\n<p style=\"font-weight: 400;\"><strong>Tov\u00e1bbi inform\u00e1ci\u00f3k:<\/strong><br \/>\nA k\u00e9peken l\u00e1that\u00f3 modellek S m\u00e9ret\u0171 orvosi ruh\u00e1t viselnek \u00e9s 170-174 cm magasak.<\/p>\n<p style=\"font-weight: 400;\">Ha nem tudja, milyen m\u00e9retet v\u00e1lasszon &#8211; n\u00e9zze meg a m\u00e9rett\u00e1bl\u00e1zatot. Ha tov\u00e1bbi k\u00e9ts\u00e9gek mer\u00fclnek fel &#8211; k\u00fcldje el nek\u00fcnk a m\u00e9reteit, \u00e9s mi m\u00e9retre szabjuk \u00d6nnek. <\/p>\n<p style=\"font-weight: 400;\">A <a href=\"https:\/\/medandbeauty.com\/hu\/shop\/neki\/basic-kollekcio\/\" target=\"_blank\" rel=\"noopener\">Basic kollekci\u00f3<\/a> ruhadarabjainak sz\u00ednei nem egyeznek a <a href=\"https:\/\/medandbeauty.com\/hu\/shop\/neki\/premium-kollekcio\/\" target=\"_blank\" rel=\"noopener\">Premium kollekci\u00f3<\/a> sz\u00edneivel &#8211; m\u00e1s anyagb\u00f3l k\u00e9sz\u00fcltek.<\/p>\n<p style=\"font-weight: 400;\">A k\u00e9peken l\u00e1that\u00f3 egyes ruhadarabok \u00e1rnyalatai elt\u00e9rhetnek a t\u00e9nylegesekt\u0151l &#8211; ez a k\u00fcl\u00f6nb\u00f6z\u0151 elektronikus berendez\u00e9sek \u00e9s azok egyedi be\u00e1ll\u00edt\u00e1sai miatt van \u00edgy.<\/p>\n","protected":false},"excerpt":{"rendered":"<p>Fedezze fel a legkelend\u0151bb Basic b\u0151rrad\u00edrjainkat, amelyekbe v\u00e1s\u00e1rl\u00f3ink ezrei szerettek bele! Ha hossz\u00fa \u00f3r\u00e1kat t\u00f6lt a munkahely\u00e9n, olyan orvosi ruh\u00e1zatra van sz\u00fcks\u00e9ge, amely maxim\u00e1lis k\u00e9nyelmet biztos\u00edt. A Scrubs Basic n\u0151i orvosi bl\u00faz palackz\u00f6ld sz\u00ednben a legjobb min\u0151s\u00e9g\u0171 anyagokb\u00f3l k\u00e9sz\u00fclt. A poli\u00e9szter, a viszk\u00f3z \u00e9s a lycra kombin\u00e1ci\u00f3j\u00e1nak k\u00f6sz\u00f6nhet\u0151en az anyag nagyon strapab\u00edr\u00f3 \u00e9s puha, minden [&hellip;]<\/p>\n","protected":false},"featured_media":464540,"comment_status":"open","ping_status":"closed","template":"","meta":{"_acf_changed":false,"inline_featured_image":false},"kolor":[1922],"rodzaj-ubrania":[1877,1882],"ubranie":[1906],"product_brand":[],"product_cat":[1888,1891,1887,1890],"product_tag":[],"class_list":{"0":"post-464539","1":"product","2":"type-product","3":"status-publish","4":"has-post-thumbnail","6":"kolor-zoldek","7":"rodzaj-ubrania-orvosi-bluzok","8":"rodzaj-ubrania-scrubs-hu","9":"ubranie-noi-orvosi-bluz-mutosruha-basic","10":"product_cat-basic-kollekcio","11":"product_cat-bozotosok","12":"product_cat-neki","13":"product_cat-orvosi-bluzok","15":"first","16":"instock","17":"taxable","18":"shipping-taxable","19":"purchasable","20":"product-type-variable"},"acf":[],"_links":{"self":[{"href":"https:\/\/medandbeauty.com\/hu\/wp-json\/wp\/v2\/product\/464539","targetHints":{"allow":["GET"]}}],"collection":[{"href":"https:\/\/medandbeauty.com\/hu\/wp-json\/wp\/v2\/product"}],"about":[{"href":"https:\/\/medandbeauty.com\/hu\/wp-json\/wp\/v2\/types\/product"}],"replies":[{"embeddable":true,"href":"https:\/\/medandbeauty.com\/hu\/wp-json\/wp\/v2\/comments?post=464539"}],"wp:featuredmedia":[{"embeddable":true,"href":"https:\/\/medandbeauty.com\/hu\/wp-json\/wp\/v2\/media\/464540"}],"wp:attachment":[{"href":"https:\/\/medandbeauty.com\/hu\/wp-json\/wp\/v2\/media?parent=464539"}],"wp:term":[{"taxonomy":"kolor","embeddable":true,"href":"https:\/\/medandbeauty.com\/hu\/wp-json\/wp\/v2\/kolor?post=464539"},{"taxonomy":"rodzaj-ubrania","embeddable":true,"href":"https:\/\/medandbeauty.com\/hu\/wp-json\/wp\/v2\/rodzaj-ubrania?post=464539"},{"taxonomy":"ubranie","embeddable":true,"href":"https:\/\/medandbeauty.com\/hu\/wp-json\/wp\/v2\/ubranie?post=464539"},{"taxonomy":"product_brand","embeddable":true,"href":"https:\/\/medandbeauty.com\/hu\/wp-json\/wp\/v2\/product_brand?post=464539"},{"taxonomy":"product_cat","embeddable":true,"href":"https:\/\/medandbeauty.com\/hu\/wp-json\/wp\/v2\/product_cat?post=464539"},{"taxonomy":"product_tag","embeddable":true,"href":"https:\/\/medandbeauty.com\/hu\/wp-json\/wp\/v2\/product_tag?post=464539"}],"curies":[{"name":"wp","href":"https:\/\/api.w.org\/{rel}","templated":true}]}}