{"id":464831,"date":"2024-01-10T21:41:32","date_gmt":"2024-01-10T21:41:32","guid":{"rendered":"https:\/\/medandbeauty.com\/product\/noi-orvosi-nadrag-proste-mutosruha-alap-butter-green\/"},"modified":"2025-12-23T12:14:08","modified_gmt":"2025-12-23T11:14:08","slug":"noi-orvosi-nadrag-proste-mutosruha-alap-butter-green","status":"publish","type":"product","link":"https:\/\/medandbeauty.com\/hu\/product\/noi-orvosi-nadrag-proste-mutosruha-alap-butter-green\/","title":{"rendered":"N\u0151i orvosi nadr\u00e1g PROSTE m\u0171t\u0151sruha alap BUTTER GREEN"},"content":{"rendered":"<p style=\"font-weight: 400;\">Az id\u0151tlen elegancia minden kedvel\u0151je im\u00e1dja ezt a bestseller \u00e9s k\u00e9nyelmes modellt!<\/p>\n<p style=\"font-weight: 400;\">Szeretn\u00e9 szenz\u00e1ci\u00f3san \u00e9rezni mag\u00e1t \u00e9s meg\u0151rizni a professzion\u00e1lis megjelen\u00e9s\u00e9t munka k\u00f6zben?<\/p>\n<p style=\"font-weight: 400;\"><strong>A <a href=\"https:\/\/medandbeauty.com\/hu\/shop\/neki\/basic-kollekcio\/\" target=\"_blank\" rel=\"noopener\">Med &amp; Beauty Basic kollekci\u00f3<\/a> orvosi egyenes nadr\u00e1gja palackz\u00f6ld sz\u00ednben <\/strong>t\u00f6k\u00e9letes v\u00e1laszt\u00e1s azoknak a n\u0151knek, akik sz\u00e1m\u00e1ra fontos a professzionalizmus \u00e9s a k\u00e9nyelem a hossz\u00fa munkaid\u0151 alatt.<\/p>\n<p style=\"font-weight: 400;\"><strong>A Basic n\u0151i egyenes orvosi nadr\u00e1g palackz\u00f6ld sz\u00ednben <\/strong>puha \u00e9s mindenekel\u0151tt kellemes tapint\u00e1s\u00fa anyagb\u00f3l k\u00e9sz\u00fclt, \u00edgy magas szint\u0171 visel\u00e9si k\u00e9nyelmet \u00e9s teljes mozg\u00e1sszabads\u00e1got biztos\u00edt.<\/p>\n<p style=\"font-weight: 400;\">A viszk\u00f3z, a poli\u00e9szter \u00e9s a lycra kombin\u00e1ci\u00f3j\u00e1nak k\u00f6sz\u00f6nhet\u0151en a sz\u00f6vet b\u00e1rmilyen n\u0151i alakhoz alkalmazkodik, valamint rendk\u00edv\u00fcl l\u00e9g\u00e1tereszt\u0151 \u00e9s tart\u00f3s.<\/p>\n<p style=\"font-weight: 400;\"><strong>A <a href=\"https:\/\/medandbeauty.com\/hu\/shop\/neki\/basic-kollekcio\/\" target=\"_blank\" rel=\"noopener\">Basic kollekci\u00f3<\/a> n\u0151i egyszer\u0171 orvosi m\u0171t\u0151snadr\u00e1gja<\/strong> n\u00e9gy funkcion\u00e1lis zsebbel rendelkezik (kett\u0151 h\u00e1tul, kett\u0151 pedig el\u00f6l), amelyekbe minden olyan kieg\u00e9sz\u00edt\u0151t \u00e9s szersz\u00e1mot betehet, amelyre a munk\u00e1ban sz\u00fcks\u00e9ge van.<\/p>\n<p style=\"font-weight: 400;\">A magas derek\u00fa nadr\u00e1g \u00e9s az enyh\u00e9n sz\u0171k\u00edtett szab\u00e1s minden n\u0151 alakj\u00e1t kiemeli, m\u00edg a der\u00e9kon elhelyezett rugalmas p\u00e1nt teljes k\u00e9nyelmet \u00e9s mozg\u00e1sszabads\u00e1got biztos\u00edt.<\/p>\n<p>Link  <strong>egyenes orvosi nadr\u00e1g m\u0171t\u0151sruha basic \u00fcveg z\u00f6ld<\/strong>  z  <a href=\"https:\/\/medandbeauty.com\/sk\/product\/damska-lekarska-bluzka-scrubs-basic-bottle-green\/\" target=\"_blank\" rel=\"noopener\"><strong>orvosi bl\u00faz<\/strong><\/a>  ugyanabban a sz\u00ednben, vagy p\u00e1ros\u00edtsa egy m\u00e1sik \u00e1rnyalattal a kollekci\u00f3nkb\u00f3l.  <a href=\"https:\/\/medandbeauty.com\/hu\/shop\/neki\/basic-kollekcio\/\" target=\"_blank\" rel=\"noopener\"><strong>m\u0171t\u00e9tek Basic<\/strong><\/a>  \u00e9s k\u00e9sz\u00edtsd el \u00e1lmaid szettj\u00e9t!<strong><br \/>\n<\/strong><\/p>\n<p>Ne felejtse el megn\u00e9zni a tan\u00fas\u00edtott \u00e9s l\u00e9g\u00e1tereszt\u0151 anyagb\u00f3l k\u00e9sz\u00fclt meleg, gyapj\u00fa <a href=\"https:\/\/medandbeauty.com\/hu\/shop\/neki\/basic-kollekcio\/orvosi-bluzok-hu\/\" target=\"_blank\" rel=\"noopener\">orvosi meleg\u00edt\u0151 pul\u00f3vereinket<\/a> is!<\/p>\n<ul>\n<li>Elasztikus der\u00e9kp\u00e1nt<\/li>\n<li><span style=\"font-family: inherit;\">4 praktikus \u00e9s t\u00e1gas zseb<\/span><\/li>\n<li><span style=\"font-family: inherit;\">Enyh\u00e9n k\u00fapos az alj\u00e1n<\/span><\/li>\n<li><span style=\"font-family: inherit;\">Alakform\u00e1l\u00f3 emelked\u00e9s<\/span><\/li>\n<\/ul>\n<p>&nbsp;<\/p>\n<p style=\"font-weight: 400;\"><strong>Tov\u00e1bbi inform\u00e1ci\u00f3k:<\/strong><br \/>\nA k\u00e9peken l\u00e1that\u00f3 modellek S-es m\u00e9retet viselnek, \u00e9s 170-174 cm magasak.<\/p>\n<p style=\"font-weight: 400;\">Ha nem tudja, milyen m\u00e9retet v\u00e1lasszon &#8211; n\u00e9zze meg a m\u00e9rett\u00e1bl\u00e1zatot. Ha tov\u00e1bbi k\u00e9ts\u00e9gek mer\u00fclnek fel &#8211; k\u00fcldje el nek\u00fcnk a m\u00e9reteit, \u00e9s mi m\u00e9retre szabjuk \u00d6nnek. <\/p>\n<p style=\"font-weight: 400;\">A <a href=\"https:\/\/medandbeauty.com\/hu\/shop\/neki\/basic-kollekcio\/\" target=\"_blank\" rel=\"noopener\">Basic kollekci\u00f3<\/a> ruhadarabjainak sz\u00ednei nem egyeznek a <a href=\"https:\/\/medandbeauty.com\/hu\/shop\/neki\/premium-kollekcio\/\" target=\"_blank\" rel=\"noopener\">Premium kollekci\u00f3<\/a> sz\u00edneivel &#8211; m\u00e1s anyagb\u00f3l k\u00e9sz\u00fcltek.<\/p>\n<p style=\"font-weight: 400;\">A k\u00e9peken l\u00e1that\u00f3 egyes ruhadarabok \u00e1rnyalatai elt\u00e9rhetnek a t\u00e9nylegesekt\u0151l &#8211; ez a k\u00fcl\u00f6nb\u00f6z\u0151 elektronikus berendez\u00e9sek \u00e9s azok egyedi be\u00e1ll\u00edt\u00e1sai miatt van \u00edgy.<\/p>\n","protected":false},"excerpt":{"rendered":"<p>Az id\u0151tlen elegancia minden kedvel\u0151je im\u00e1dja ezt a bestseller \u00e9s k\u00e9nyelmes modellt! Szeretn\u00e9 szenz\u00e1ci\u00f3san \u00e9rezni mag\u00e1t \u00e9s meg\u0151rizni a professzion\u00e1lis megjelen\u00e9s\u00e9t munka k\u00f6zben? A Med &amp; Beauty Basic kollekci\u00f3 orvosi egyenes nadr\u00e1gja palackz\u00f6ld sz\u00ednben t\u00f6k\u00e9letes v\u00e1laszt\u00e1s azoknak a n\u0151knek, akik sz\u00e1m\u00e1ra fontos a professzionalizmus \u00e9s a k\u00e9nyelem a hossz\u00fa munkaid\u0151 alatt. A Basic n\u0151i egyenes [&hellip;]<\/p>\n","protected":false},"featured_media":464836,"comment_status":"open","ping_status":"closed","template":"","meta":{"_acf_changed":false,"inline_featured_image":false},"kolor":[1922],"rodzaj-ubrania":[1883,1882],"ubranie":[1905],"product_brand":[],"product_cat":[1888,1891,1887,1892],"product_tag":[],"class_list":{"0":"post-464831","1":"product","2":"type-product","3":"status-publish","4":"has-post-thumbnail","6":"kolor-zoldek","7":"rodzaj-ubrania-orvosi-nadragok","8":"rodzaj-ubrania-scrubs-hu","9":"ubranie-noi-orvosi-nadrag-egyenes-mutosruha-basic","10":"product_cat-basic-kollekcio","11":"product_cat-bozotosok","12":"product_cat-neki","13":"product_cat-orvosi-nadrag","15":"first","16":"instock","17":"taxable","18":"shipping-taxable","19":"purchasable","20":"product-type-variable"},"acf":[],"_links":{"self":[{"href":"https:\/\/medandbeauty.com\/hu\/wp-json\/wp\/v2\/product\/464831","targetHints":{"allow":["GET"]}}],"collection":[{"href":"https:\/\/medandbeauty.com\/hu\/wp-json\/wp\/v2\/product"}],"about":[{"href":"https:\/\/medandbeauty.com\/hu\/wp-json\/wp\/v2\/types\/product"}],"replies":[{"embeddable":true,"href":"https:\/\/medandbeauty.com\/hu\/wp-json\/wp\/v2\/comments?post=464831"}],"wp:featuredmedia":[{"embeddable":true,"href":"https:\/\/medandbeauty.com\/hu\/wp-json\/wp\/v2\/media\/464836"}],"wp:attachment":[{"href":"https:\/\/medandbeauty.com\/hu\/wp-json\/wp\/v2\/media?parent=464831"}],"wp:term":[{"taxonomy":"kolor","embeddable":true,"href":"https:\/\/medandbeauty.com\/hu\/wp-json\/wp\/v2\/kolor?post=464831"},{"taxonomy":"rodzaj-ubrania","embeddable":true,"href":"https:\/\/medandbeauty.com\/hu\/wp-json\/wp\/v2\/rodzaj-ubrania?post=464831"},{"taxonomy":"ubranie","embeddable":true,"href":"https:\/\/medandbeauty.com\/hu\/wp-json\/wp\/v2\/ubranie?post=464831"},{"taxonomy":"product_brand","embeddable":true,"href":"https:\/\/medandbeauty.com\/hu\/wp-json\/wp\/v2\/product_brand?post=464831"},{"taxonomy":"product_cat","embeddable":true,"href":"https:\/\/medandbeauty.com\/hu\/wp-json\/wp\/v2\/product_cat?post=464831"},{"taxonomy":"product_tag","embeddable":true,"href":"https:\/\/medandbeauty.com\/hu\/wp-json\/wp\/v2\/product_tag?post=464831"}],"curies":[{"name":"wp","href":"https:\/\/api.w.org\/{rel}","templated":true}]}}