{"id":464877,"date":"2024-01-10T21:42:18","date_gmt":"2024-01-10T21:42:18","guid":{"rendered":"https:\/\/medandbeauty.com\/product\/noi-orvosi-nadrag-proste-mutosnadrag-basic-cappuccino\/"},"modified":"2025-12-23T11:58:59","modified_gmt":"2025-12-23T10:58:59","slug":"noi-orvosi-nadrag-proste-mutosnadrag-basic-cappuccino","status":"publish","type":"product","link":"https:\/\/medandbeauty.com\/hu\/product\/noi-orvosi-nadrag-proste-mutosnadrag-basic-cappuccino\/","title":{"rendered":"N\u0151i orvosi nadr\u00e1g PROSTE m\u0171t\u0151snadr\u00e1g Basic CAPPUCCINO"},"content":{"rendered":"<p style=\"font-weight: 400;\">Az id\u0151tlen elegancia rajong\u00f3i im\u00e1dj\u00e1k ezt a klasszikus \u00e9s k\u00e9nyelmes, m\u00e9gis bestseller modellt!<\/p>\n<p style=\"font-weight: 400;\">Szeretn\u00e9 j\u00f3l \u00e9s k\u00e9nyelmesen \u00e9rezni mag\u00e1t, \u00e9s munka k\u00f6zben kifog\u00e1stalan megjelen\u00e9st fenntartani?<\/p>\n<p style=\"font-weight: 400;\"><strong>A <a href=\"https:\/\/medandbeauty.com\/hu\/shop\/neki\/basic-kollekcio\/\" target=\"_blank\" rel=\"noopener\">Med &amp; Beauty Basic kollekci\u00f3<\/a> orvosi egyenes nadr\u00e1gja kapucs\u00edn\u00f3 sz\u00ednben <\/strong>t\u00f6k\u00e9letes v\u00e1laszt\u00e1s minden olyan n\u0151 sz\u00e1m\u00e1ra, akinek fontos a professzion\u00e1lis megjelen\u00e9s a hossz\u00fa munka\u00f3r\u00e1k alatt, valamint a k\u00e9nyelem \u00e9s a k\u00e9nyelem visel\u00e9se k\u00f6zben.<\/p>\n<p style=\"font-weight: 400;\"><strong>A Basic n\u0151i egyenes orvosi nadr\u00e1g kapucs\u00edn\u00f3 sz\u00ednben<\/strong> teljes mozg\u00e1sszabads\u00e1got biztos\u00edt, mivel hihetetlen\u00fcl puha \u00e9s kellemes tapint\u00e1s\u00fa anyagb\u00f3l k\u00e9sz\u00fclt.<\/p>\n<p style=\"font-weight: 400;\">A poli\u00e9szter, a viszk\u00f3z \u00e9s a lycra kombin\u00e1ci\u00f3j\u00e1nak k\u00f6sz\u00f6nhet\u0151en az anyag b\u00e1rmilyen n\u0151i testalkathoz alkalmazkodik, ugyanakkor rendk\u00edv\u00fcl tart\u00f3s \u00e9s l\u00e9g\u00e1tereszt\u0151.<\/p>\n<p style=\"font-weight: 400;\"><strong>A Basic kollekci\u00f3 n\u0151i egyszer\u0171 orvosi m\u0171t\u0151snadr\u00e1gja<\/strong> n\u00e9gy praktikus zsebbel (kett\u0151 h\u00e1tul, kett\u0151 el\u00f6l) rendelkezik, amelyekbe a legsz\u00fcks\u00e9gesebb szersz\u00e1mokat \u00e9s munkatartoz\u00e9kokat helyezheti el.<\/p>\n<p style=\"font-weight: 400;\">Az enyh\u00e9n sz\u0171k\u00edtett szab\u00e1s \u00e9s a magas derek\u00fa nadr\u00e1g kiemeli a n\u0151i alak minden el\u0151ny\u00e9t, m\u00edg az elasztikus der\u00e9kp\u00e1nt garant\u00e1lja a mozg\u00e1sszabads\u00e1got \u00e9s a visel\u00e9si k\u00e9nyelmet.<\/p>\n<p style=\"font-weight: 400;\">P\u00e1ros\u00edtsa <strong>a m\u0171t\u0151snadr\u00e1got alap cappuccino egyenes orvosi nadr\u00e1ggal<\/strong>. <a href=\"https:\/\/medandbeauty.com\/it\/product\/camicetta-medica-da-donna-basic-cappuccino\/\" target=\"_blank\" rel=\"noopener\"><strong>orvosi bl\u00faz<\/strong> <\/a>ugyanabban a sz\u00ednben, vagy p\u00e1ros\u00edtsa a kollekci\u00f3nk egy m\u00e1sik \u00e1rnyalat\u00e1val. <a href=\"https:\/\/medandbeauty.com\/hu\/shop\/neki\/basic-kollekcio\/\" target=\"_blank\" rel=\"noopener\"><strong>kollekci\u00f3<\/strong><\/a> \u00e9s hozzon l\u00e9tre egy egyedi szettet!<strong><br \/>\n<\/strong><\/p>\n<p>Gy\u0151z\u0151dj\u00f6n meg r\u00f3la, hogy a meleg gyapj\u00fa  <a href=\"https:\/\/medandbeauty.com\/hu\/shop\/neki\/basic-kollekcio\/orvosi-bluzok-hu\/\" target=\"_blank\" rel=\"noopener\">orvosi bl\u00fazok<\/a>  tan\u00fas\u00edtott l\u00e9g\u00e1tereszt\u0151 anyagb\u00f3l k\u00e9sz\u00fclt!<\/p>\n<ul>\n<li style=\"font-weight: 400;\"><span style=\"font-family: inherit;\">Elasztikus der\u00e9kp\u00e1nt<\/span><strong><br \/>\n<\/strong><\/li>\n<li>4 praktikus \u00e9s t\u00e1gas zseb<\/li>\n<li style=\"font-weight: 400;\">Enyh\u00e9n k\u00fapos az alj\u00e1n<\/li>\n<li style=\"font-weight: 400;\"><span style=\"font-family: inherit;\">Alakform\u00e1l\u00f3 emelked\u00e9s<\/span><\/li>\n<\/ul>\n<p>&nbsp;<\/p>\n<p style=\"font-weight: 400;\"><strong>Tov\u00e1bbi inform\u00e1ci\u00f3k:<\/strong><br \/>\nA k\u00e9peken l\u00e1that\u00f3 modellek S-es m\u00e9retet viselnek, \u00e9s 170-174 cm magasak.<\/p>\n<p style=\"font-weight: 400;\">Ha nem tudja, milyen m\u00e9retet v\u00e1lasszon &#8211; n\u00e9zze meg a m\u00e9rett\u00e1bl\u00e1zatot. Ha tov\u00e1bbi k\u00e9ts\u00e9gek mer\u00fclnek fel &#8211; k\u00fcldje el nek\u00fcnk a m\u00e9reteit, \u00e9s mi m\u00e9retre szabjuk \u00d6nnek. <\/p>\n<p style=\"font-weight: 400;\">A <a href=\"https:\/\/medandbeauty.com\/hu\/shop\/neki\/basic-kollekcio\/\" target=\"_blank\" rel=\"noopener\">Basic kollekci\u00f3<\/a> ruhadarabjainak sz\u00ednei nem egyeznek a <a href=\"https:\/\/medandbeauty.com\/hu\/shop\/neki\/premium-kollekcio\/\" target=\"_blank\" rel=\"noopener\">Premium kollekci\u00f3<\/a> sz\u00edneivel &#8211; m\u00e1s anyagb\u00f3l k\u00e9sz\u00fcltek.<\/p>\n<p style=\"font-weight: 400;\">A k\u00e9peken l\u00e1that\u00f3 egyes ruhadarabok \u00e1rnyalatai elt\u00e9rhetnek a t\u00e9nylegesekt\u0151l &#8211; ez a k\u00fcl\u00f6nb\u00f6z\u0151 elektronikus berendez\u00e9sek \u00e9s azok egyedi be\u00e1ll\u00edt\u00e1sai miatt van \u00edgy.<\/p>\n","protected":false},"excerpt":{"rendered":"<p>Az id\u0151tlen elegancia rajong\u00f3i im\u00e1dj\u00e1k ezt a klasszikus \u00e9s k\u00e9nyelmes, m\u00e9gis bestseller modellt! Szeretn\u00e9 j\u00f3l \u00e9s k\u00e9nyelmesen \u00e9rezni mag\u00e1t, \u00e9s munka k\u00f6zben kifog\u00e1stalan megjelen\u00e9st fenntartani? A Med &amp; Beauty Basic kollekci\u00f3 orvosi egyenes nadr\u00e1gja kapucs\u00edn\u00f3 sz\u00ednben t\u00f6k\u00e9letes v\u00e1laszt\u00e1s minden olyan n\u0151 sz\u00e1m\u00e1ra, akinek fontos a professzion\u00e1lis megjelen\u00e9s a hossz\u00fa munka\u00f3r\u00e1k alatt, valamint a k\u00e9nyelem \u00e9s [&hellip;]<\/p>\n","protected":false},"featured_media":464883,"comment_status":"open","ping_status":"closed","template":"","meta":{"_acf_changed":false,"inline_featured_image":false},"kolor":[1921],"rodzaj-ubrania":[1883,1882],"ubranie":[1905],"product_brand":[],"product_cat":[1888,1891,1887,1892],"product_tag":[],"class_list":{"0":"post-464877","1":"product","2":"type-product","3":"status-publish","4":"has-post-thumbnail","6":"kolor-beiges-hu","7":"rodzaj-ubrania-orvosi-nadragok","8":"rodzaj-ubrania-scrubs-hu","9":"ubranie-noi-orvosi-nadrag-egyenes-mutosruha-basic","10":"product_cat-basic-kollekcio","11":"product_cat-bozotosok","12":"product_cat-neki","13":"product_cat-orvosi-nadrag","15":"first","16":"instock","17":"taxable","18":"shipping-taxable","19":"purchasable","20":"product-type-variable"},"acf":[],"_links":{"self":[{"href":"https:\/\/medandbeauty.com\/hu\/wp-json\/wp\/v2\/product\/464877","targetHints":{"allow":["GET"]}}],"collection":[{"href":"https:\/\/medandbeauty.com\/hu\/wp-json\/wp\/v2\/product"}],"about":[{"href":"https:\/\/medandbeauty.com\/hu\/wp-json\/wp\/v2\/types\/product"}],"replies":[{"embeddable":true,"href":"https:\/\/medandbeauty.com\/hu\/wp-json\/wp\/v2\/comments?post=464877"}],"wp:featuredmedia":[{"embeddable":true,"href":"https:\/\/medandbeauty.com\/hu\/wp-json\/wp\/v2\/media\/464883"}],"wp:attachment":[{"href":"https:\/\/medandbeauty.com\/hu\/wp-json\/wp\/v2\/media?parent=464877"}],"wp:term":[{"taxonomy":"kolor","embeddable":true,"href":"https:\/\/medandbeauty.com\/hu\/wp-json\/wp\/v2\/kolor?post=464877"},{"taxonomy":"rodzaj-ubrania","embeddable":true,"href":"https:\/\/medandbeauty.com\/hu\/wp-json\/wp\/v2\/rodzaj-ubrania?post=464877"},{"taxonomy":"ubranie","embeddable":true,"href":"https:\/\/medandbeauty.com\/hu\/wp-json\/wp\/v2\/ubranie?post=464877"},{"taxonomy":"product_brand","embeddable":true,"href":"https:\/\/medandbeauty.com\/hu\/wp-json\/wp\/v2\/product_brand?post=464877"},{"taxonomy":"product_cat","embeddable":true,"href":"https:\/\/medandbeauty.com\/hu\/wp-json\/wp\/v2\/product_cat?post=464877"},{"taxonomy":"product_tag","embeddable":true,"href":"https:\/\/medandbeauty.com\/hu\/wp-json\/wp\/v2\/product_tag?post=464877"}],"curies":[{"name":"wp","href":"https:\/\/api.w.org\/{rel}","templated":true}]}}