{"id":464935,"date":"2024-01-10T21:48:21","date_gmt":"2024-01-10T21:48:21","guid":{"rendered":"https:\/\/medandbeauty.com\/product\/noi-orvosi-nadrag-proste-mutosnadrag-basic-chocolate\/"},"modified":"2026-02-13T11:01:50","modified_gmt":"2026-02-13T10:01:50","slug":"noi-orvosi-nadrag-proste-mutosnadrag-basic-chocolate","status":"publish","type":"product","link":"https:\/\/medandbeauty.com\/hu\/product\/noi-orvosi-nadrag-proste-mutosnadrag-basic-chocolate\/","title":{"rendered":"N\u0151i orvosi nadr\u00e1g PROSTE m\u0171t\u0151snadr\u00e1g Basic CHOCOLATE"},"content":{"rendered":"<p style=\"font-weight: 400;\">Az id\u0151tlen elegancia minden kedvel\u0151je im\u00e1dni fogja ezt a klasszikus, id\u0151tlen \u00e9s rendk\u00edv\u00fcl k\u00e9nyelmes modellt!<\/p>\n<p style=\"font-weight: 400;\">Szeretne munka k\u00f6zben kifog\u00e1stalan megjelen\u00e9st fenntartani \u00e9s szenz\u00e1ci\u00f3san \u00e9rezni mag\u00e1t?<\/p>\n<p style=\"font-weight: 400;\"><strong>A <a href=\"https:\/\/medandbeauty.com\/hu\/shop\/neki\/basic-kollekcio\/\" target=\"_blank\" rel=\"noopener\">Med &amp; Beauty Basic kollekci\u00f3<\/a> orvosi egyenes nadr\u00e1gja csokol\u00e1d\u00e9 sz\u00ednben<\/strong> t\u00f6k\u00e9letes v\u00e1laszt\u00e1s minden olyan n\u0151 sz\u00e1m\u00e1ra, aki a hossz\u00fa munkaid\u0151ben is \u00e9rt\u00e9keli a professzionalizmust \u00e9s a k\u00e9nyelmet.<\/p>\n<p style=\"font-weight: 400;\"><strong>A Basic chocolate n\u0151i orvosi egyenes nadr\u00e1gok<\/strong> kellemes tapint\u00e1s\u00fa, puha anyagb\u00f3l k\u00e9sz\u00fcltek, \u00edgy magas visel\u00e9si k\u00e9nyelmet \u00e9s teljes mozg\u00e1sszabads\u00e1got biztos\u00edtanak.<\/p>\n<p style=\"font-weight: 400;\">A poli\u00e9szter, a viszk\u00f3z \u00e9s a lycra kombin\u00e1ci\u00f3j\u00e1nak k\u00f6sz\u00f6nhet\u0151en az anyag t\u00f6k\u00e9letesen illeszkedik b\u00e1rmilyen t\u00edpus\u00fa n\u0151i alakhoz, valamint rendk\u00edv\u00fcl tart\u00f3s \u00e9s l\u00e9g\u00e1tereszt\u0151.<\/p>\n<p style=\"font-weight: 400;\"><strong>A Basic kollekci\u00f3 n\u0151i egyenes orvosi m\u0171t\u0151snadr\u00e1gja<\/strong> n\u00e9gy funkcion\u00e1lis zsebbel (kett\u0151 h\u00e1tul, kett\u0151 el\u00f6l) rendelkezik, amelyekbe minden olyan kieg\u00e9sz\u00edt\u0151t \u00e9s apr\u00f3s\u00e1got betehet, amelyre munk\u00e1ja sor\u00e1n sz\u00fcks\u00e9ge van.<\/p>\n<p style=\"font-weight: 400;\">Az enyh\u00e9n sz\u0171k\u00edtett szab\u00e1s \u00e9s a magas derek\u00fa nadr\u00e1g kiemeli minden alak el\u0151nyeit, m\u00edg a rugalmas der\u00e9kp\u00e1nt teljes k\u00e9nyelmet \u00e9s mozg\u00e1sszabads\u00e1got biztos\u00edt.<\/p>\n<p style=\"font-weight: 400;\">P\u00e1ros\u00edtsa <strong>a m\u0171t\u0151snadr\u00e1got a csokol\u00e1d\u00e9 sz\u00edn\u0171, egyenes orvosi nadr\u00e1ggal<\/strong>. <a href=\"https:\/\/medandbeauty.com\/sk\/product\/damske-lekarske-bluzky-basic-chocolate\/\" target=\"_blank\" rel=\"noopener\"><strong>orvosi bl\u00faz<\/strong><\/a> ugyanabban a sz\u00ednben, vagy p\u00e1ros\u00edtsa a kollekci\u00f3nk egy m\u00e1sik \u00e1rnyalat\u00e1val. <a href=\"https:\/\/medandbeauty.com\/hu\/shop\/neki\/basic-kollekcio\/\" target=\"_blank\" rel=\"noopener\"><strong>kollekci\u00f3<\/strong> <\/a>\u00e9s hozzon l\u00e9tre egy egyedi szettet!<\/p>\n<p>Gy\u0151z\u0151dj\u00f6n meg r\u00f3la, hogy a meleg gyapj\u00fa  <a href=\"https:\/\/medandbeauty.com\/hu\/shop\/neki\/basic-kollekcio\/orvosi-bluzok-hu\/\" target=\"_blank\" rel=\"noopener\">orvosi bl\u00fazok<\/a>  tan\u00fas\u00edtott l\u00e9g\u00e1tereszt\u0151 anyagb\u00f3l k\u00e9sz\u00fclt!<\/p>\n<ul>\n<li style=\"font-weight: 400;\">Elasztikus der\u00e9kp\u00e1nt<\/li>\n<li style=\"font-weight: 400;\"><span style=\"font-family: inherit;\">4 praktikus \u00e9s t\u00e1gas zseb<\/span><\/li>\n<li style=\"font-weight: 400;\"><span style=\"font-family: inherit;\">Enyh\u00e9n k\u00fapos az alj\u00e1n<\/span><\/li>\n<li style=\"font-weight: 400;\"><span style=\"font-family: inherit;\">Alakform\u00e1l\u00f3 emelked\u00e9s<\/span><strong style=\"font-family: inherit;\"> <\/strong><\/li>\n<\/ul>\n<p>&nbsp;<\/p>\n<p style=\"font-weight: 400;\"><strong>Tov\u00e1bbi inform\u00e1ci\u00f3k:<\/strong><br \/>\nA k\u00e9peken l\u00e1that\u00f3 modellek S-es m\u00e9retet viselnek, \u00e9s 170-174 cm magasak.<\/p>\n<p style=\"font-weight: 400;\">Ha nem tudja, milyen m\u00e9retet v\u00e1lasszon &#8211; n\u00e9zze meg a m\u00e9rett\u00e1bl\u00e1zatot. Ha tov\u00e1bbi k\u00e9ts\u00e9gek mer\u00fclnek fel &#8211; k\u00fcldje el nek\u00fcnk a m\u00e9reteit, \u00e9s mi m\u00e9retre szabjuk \u00d6nnek. <\/p>\n<p style=\"font-weight: 400;\">A <a href=\"https:\/\/medandbeauty.com\/hu\/shop\/neki\/basic-kollekcio\/\" target=\"_blank\" rel=\"noopener\">Basic kollekci\u00f3<\/a> ruhadarabjainak sz\u00ednei nem egyeznek a <a href=\"https:\/\/medandbeauty.com\/hu\/shop\/neki\/premium-kollekcio\/\" target=\"_blank\" rel=\"noopener\">Premium kollekci\u00f3<\/a> sz\u00edneivel &#8211; m\u00e1s anyagb\u00f3l k\u00e9sz\u00fcltek.<\/p>\n<p style=\"font-weight: 400;\">A k\u00e9peken l\u00e1that\u00f3 egyes ruhadarabok \u00e1rnyalatai elt\u00e9rhetnek a t\u00e9nylegesekt\u0151l &#8211; ez a k\u00fcl\u00f6nb\u00f6z\u0151 elektronikus berendez\u00e9sek \u00e9s azok egyedi be\u00e1ll\u00edt\u00e1sai miatt van \u00edgy.<\/p>\n<p><strong>16.04.2025 &#8211; \u00faj anyagsz\u00e1ll\u00edt\u00e1s. Az ezen id\u0151pont el\u0151tt leadott megrendel\u00e9sekb\u0151l sz\u00e1rmaz\u00f3 term\u00e9kek sz\u00edne n\u00e9mileg elt\u00e9rhet az aktu\u00e1lis \u00e1rnyalathoz k\u00e9pest. <\/strong><\/p>\n","protected":false},"excerpt":{"rendered":"<p>Az id\u0151tlen elegancia minden kedvel\u0151je im\u00e1dni fogja ezt a klasszikus, id\u0151tlen \u00e9s rendk\u00edv\u00fcl k\u00e9nyelmes modellt! Szeretne munka k\u00f6zben kifog\u00e1stalan megjelen\u00e9st fenntartani \u00e9s szenz\u00e1ci\u00f3san \u00e9rezni mag\u00e1t? A Med &amp; Beauty Basic kollekci\u00f3 orvosi egyenes nadr\u00e1gja csokol\u00e1d\u00e9 sz\u00ednben t\u00f6k\u00e9letes v\u00e1laszt\u00e1s minden olyan n\u0151 sz\u00e1m\u00e1ra, aki a hossz\u00fa munkaid\u0151ben is \u00e9rt\u00e9keli a professzionalizmust \u00e9s a k\u00e9nyelmet. A Basic [&hellip;]<\/p>\n","protected":false},"featured_media":464941,"comment_status":"open","ping_status":"closed","template":"","meta":{"_acf_changed":false,"inline_featured_image":false},"kolor":[1896],"rodzaj-ubrania":[1883,1882],"ubranie":[1905],"product_brand":[],"product_cat":[1888,1891,1887,1892],"product_tag":[],"class_list":{"0":"post-464935","1":"product","2":"type-product","3":"status-publish","4":"has-post-thumbnail","6":"kolor-browns-hu","7":"rodzaj-ubrania-orvosi-nadragok","8":"rodzaj-ubrania-scrubs-hu","9":"ubranie-noi-orvosi-nadrag-egyenes-mutosruha-basic","10":"product_cat-basic-kollekcio","11":"product_cat-bozotosok","12":"product_cat-neki","13":"product_cat-orvosi-nadrag","15":"first","16":"instock","17":"taxable","18":"shipping-taxable","19":"purchasable","20":"product-type-variable"},"acf":[],"_links":{"self":[{"href":"https:\/\/medandbeauty.com\/hu\/wp-json\/wp\/v2\/product\/464935","targetHints":{"allow":["GET"]}}],"collection":[{"href":"https:\/\/medandbeauty.com\/hu\/wp-json\/wp\/v2\/product"}],"about":[{"href":"https:\/\/medandbeauty.com\/hu\/wp-json\/wp\/v2\/types\/product"}],"replies":[{"embeddable":true,"href":"https:\/\/medandbeauty.com\/hu\/wp-json\/wp\/v2\/comments?post=464935"}],"wp:featuredmedia":[{"embeddable":true,"href":"https:\/\/medandbeauty.com\/hu\/wp-json\/wp\/v2\/media\/464941"}],"wp:attachment":[{"href":"https:\/\/medandbeauty.com\/hu\/wp-json\/wp\/v2\/media?parent=464935"}],"wp:term":[{"taxonomy":"kolor","embeddable":true,"href":"https:\/\/medandbeauty.com\/hu\/wp-json\/wp\/v2\/kolor?post=464935"},{"taxonomy":"rodzaj-ubrania","embeddable":true,"href":"https:\/\/medandbeauty.com\/hu\/wp-json\/wp\/v2\/rodzaj-ubrania?post=464935"},{"taxonomy":"ubranie","embeddable":true,"href":"https:\/\/medandbeauty.com\/hu\/wp-json\/wp\/v2\/ubranie?post=464935"},{"taxonomy":"product_brand","embeddable":true,"href":"https:\/\/medandbeauty.com\/hu\/wp-json\/wp\/v2\/product_brand?post=464935"},{"taxonomy":"product_cat","embeddable":true,"href":"https:\/\/medandbeauty.com\/hu\/wp-json\/wp\/v2\/product_cat?post=464935"},{"taxonomy":"product_tag","embeddable":true,"href":"https:\/\/medandbeauty.com\/hu\/wp-json\/wp\/v2\/product_tag?post=464935"}],"curies":[{"name":"wp","href":"https:\/\/api.w.org\/{rel}","templated":true}]}}