{"id":465312,"date":"2024-02-04T22:35:35","date_gmt":"2024-02-04T22:35:35","guid":{"rendered":"https:\/\/medandbeauty.com\/product\/orvosi-nadrag-noi-joggers-mutosruha-basic-cappuccino\/"},"modified":"2025-12-23T11:59:08","modified_gmt":"2025-12-23T10:59:08","slug":"orvosi-nadrag-noi-joggers-mutosruha-basic-cappuccino","status":"publish","type":"product","link":"https:\/\/medandbeauty.com\/hu\/product\/orvosi-nadrag-noi-joggers-mutosruha-basic-cappuccino\/","title":{"rendered":"Orvosi nadr\u00e1g n\u0151i joggers m\u0171t\u0151sruha Basic CAPPUCCINO"},"content":{"rendered":"<p style=\"font-weight: 400;\">T\u00f6k\u00e9letes, m\u00e9gis k\u00e9nyelmes <strong>orvosi kocog\u00f3t<\/strong> keres a mindennapi munk\u00e1j\u00e1hoz?<\/p>\n<p style=\"font-weight: 400;\">A <a href=\"https:\/\/medandbeauty.com\/hu\/shop\/neki\/basic-kollekcio\/\" target=\"_blank\" rel=\"noopener\"><strong>alap m\u0171t\u0151sruh\u00e1k<\/strong><\/a> minden elv\u00e1r\u00e1s\u00e1nak megfelel!<\/p>\n<p style=\"font-weight: 400;\">Ha a legjobb min\u0151s\u00e9g\u0171 anyagokb\u00f3l k\u00e9sz\u00fclt orvosi ruh\u00e1zatot szeretne, hogy maxim\u00e1lis k\u00e9nyelmet biztos\u00edtson a munk\u00e1ja v\u00e9gz\u00e9se k\u00f6zben &#8211; a <strong>Basic orvosi joggerek kapucs\u00edn\u00f3 sz\u00ednben <\/strong>elengedhetetlenek a ruhat\u00e1r\u00e1ban.<\/p>\n<p style=\"font-weight: 400;\"><strong>A Scrubs Basic n\u0151i orvosi jogging nadr\u00e1g kapucs\u00edn\u00f3 sz\u00ednben<\/strong> puha tapint\u00e1s\u00fa \u00e9s viselhet\u0151 anyagb\u00f3l k\u00e9sz\u00fclt, \u00edgy nem korl\u00e1tozza a mozg\u00e1st. A viszk\u00f3z, poli\u00e9szter \u00e9s lycra kombin\u00e1ci\u00f3ja rendk\u00edv\u00fcl strapab\u00edr\u00f3v\u00e1 \u00e9s l\u00e9g\u00e1tereszt\u0151v\u00e9 teszi az anyagot, \u00e9s ami fontos, t\u00f6k\u00e9letesen alkalmazkodik a n\u0151i alakhoz. <\/p>\n<p style=\"font-weight: 400;\">100%-os k\u00e9nyelmet garant\u00e1l a sz\u00e9les \u00e9s rugalmas der\u00e9kp\u00e1nt, amely a k\u00f6nny\u0171 m\u00e9retbe\u00e1ll\u00edt\u00e1s \u00e9rdek\u00e9ben h\u00faz\u00f3zsin\u00f3rral gazdag\u00edtott, valamint az enyh\u00e9n megemelt fels\u0151 r\u00e9sz. <strong>A <a href=\"https:\/\/medandbeauty.com\/hu\/shop\/neki\/basic-kollekcio\/\" target=\"_blank\" rel=\"noopener\">Med &amp; Beauty Basic kollekci\u00f3 <\/a> orvosi joggerjei<\/strong>teljes k\u00e9nyelmet biztos\u00edtanak a hossz\u00fa munka\u00f3r\u00e1k alatt is.<\/p>\n<p style=\"font-weight: 400;\">A <strong>kapucs\u00edn\u00f3 sz\u00edn\u0171 orvosi jogging nadr\u00e1g<\/strong> b\u00e1rmilyen \u00f6lt\u00f6z\u00e9khez j\u00f3l illeszkedik, a hat praktikus \u00e9s t\u00e1gas zseb pedig lehet\u0151v\u00e9 teszi, hogy minden munkaeszk\u00f6z\u00e9t \u00e9s szersz\u00e1m\u00e1t k\u00e9zn\u00e9l tartsa.<\/p>\n<p style=\"font-weight: 400;\"><strong>A n\u0151i m\u0171t\u0151snadr\u00e1got Basic orvosi joggereket<\/strong> pamutszalaggal l\u00e1ttuk el a l\u00e1bak alj\u00e1n, hogy megakad\u00e1lyozzuk a nadr\u00e1g felh\u00faz\u00f3d\u00e1s\u00e1t intenz\u00edv munkaid\u0151ben.<\/p>\n<p style=\"font-weight: 400;\">\u00c1ll\u00edtsa \u00f6ssze az ide\u00e1lis <strong>orvosi ruhak\u00e9szletet<\/strong><strong> a kapucs\u00edn\u00f3 sz\u00edn\u0171 n\u0151i orvosi meleg\u00edt\u0151nadr\u00e1g<\/strong> \u00e9s az ugyanebb\u0151l az anyagb\u00f3l k\u00e9sz\u00fclt<strong> <a href=\"https:\/\/medandbeauty.com\/sk\/product\/damske-lekarske-bluzky-basic-cappuccino\/\" target=\"_blank\" rel=\"noopener\">orvosi bl\u00faz<\/a><\/strong> p\u00e1ros\u00edt\u00e1s\u00e1val.<\/p>\n<p style=\"font-weight: 400;\">Keverje szabadon a sz\u00edneket, \u00e9s hozzon l\u00e9tre egyedi megjelen\u00e9st, vagy v\u00e1lasszon klasszikus, id\u0151tlen, egysz\u00edn\u0171 megjelen\u00e9st.<\/p>\n<p>Gy\u0151z\u0151dj\u00f6n meg r\u00f3la, hogy a meleg gyapj\u00fa  <a href=\"https:\/\/medandbeauty.com\/hu\/shop\/neki\/basic-kollekcio\/orvosi-bluzok-hu\/\" target=\"_blank\" rel=\"noopener\">orvosi bl\u00fazok<\/a>  tan\u00fas\u00edtott l\u00e9g\u00e1tereszt\u0151 anyagb\u00f3l k\u00e9sz\u00fclt!<\/p>\n<ul>\n<li style=\"font-weight: 400;\">Elasztikus der\u00e9kp\u00e1nt h\u00faz\u00f3zsin\u00f3rral<\/li>\n<li style=\"font-weight: 400;\"><span style=\"font-family: inherit;\">6 praktikus \u00e9s t\u00e1gas zseb<\/span><\/li>\n<li style=\"font-weight: 400;\"><span style=\"font-family: inherit;\">Pamut bord\u00e1k a l\u00e1bakn\u00e1l<\/span><\/li>\n<li style=\"font-weight: 400;\"><span style=\"font-family: inherit;\">Alakform\u00e1l\u00f3 emelked\u00e9s<\/span><\/li>\n<\/ul>\n<p style=\"font-weight: 400;\"><strong> <\/strong><\/p>\n<p style=\"font-weight: 400;\"><strong>Tov\u00e1bbi inform\u00e1ci\u00f3k:<\/strong><br \/>\nA k\u00e9peken l\u00e1that\u00f3 modellek S-es m\u00e9retet viselnek, \u00e9s 170-174 cm magasak.<\/p>\n<p style=\"font-weight: 400;\">Ha nem tudja, milyen m\u00e9retet v\u00e1lasszon &#8211; n\u00e9zze meg a m\u00e9rett\u00e1bl\u00e1zatot. Ha tov\u00e1bbi k\u00e9ts\u00e9gek mer\u00fclnek fel &#8211; k\u00fcldje el nek\u00fcnk a m\u00e9reteit, \u00e9s mi m\u00e9retre szabjuk \u00d6nnek. <\/p>\n<p style=\"font-weight: 400;\">A <a href=\"https:\/\/medandbeauty.com\/hu\/shop\/neki\/basic-kollekcio\/\" target=\"_blank\" rel=\"noopener\">Basic kollekci\u00f3<\/a> ruhadarabjainak sz\u00ednei nem egyeznek a <a href=\"https:\/\/medandbeauty.com\/hu\/shop\/neki\/premium-kollekcio\/\" target=\"_blank\" rel=\"noopener\">Premium kollekci\u00f3<\/a> sz\u00edneivel &#8211; m\u00e1s anyagb\u00f3l k\u00e9sz\u00fcltek.<\/p>\n<p style=\"font-weight: 400;\">A k\u00e9peken l\u00e1that\u00f3 egyes ruhadarabok \u00e1rnyalatai elt\u00e9rhetnek a t\u00e9nylegesekt\u0151l &#8211; ez a k\u00fcl\u00f6nb\u00f6z\u0151 elektronikus berendez\u00e9sek \u00e9s azok egyedi be\u00e1ll\u00edt\u00e1sai miatt van \u00edgy.<\/p>\n","protected":false},"excerpt":{"rendered":"<p>T\u00f6k\u00e9letes, m\u00e9gis k\u00e9nyelmes orvosi kocog\u00f3t keres a mindennapi munk\u00e1j\u00e1hoz? A alap m\u0171t\u0151sruh\u00e1k minden elv\u00e1r\u00e1s\u00e1nak megfelel! Ha a legjobb min\u0151s\u00e9g\u0171 anyagokb\u00f3l k\u00e9sz\u00fclt orvosi ruh\u00e1zatot szeretne, hogy maxim\u00e1lis k\u00e9nyelmet biztos\u00edtson a munk\u00e1ja v\u00e9gz\u00e9se k\u00f6zben &#8211; a Basic orvosi joggerek kapucs\u00edn\u00f3 sz\u00ednben elengedhetetlenek a ruhat\u00e1r\u00e1ban. A Scrubs Basic n\u0151i orvosi jogging nadr\u00e1g kapucs\u00edn\u00f3 sz\u00ednben puha tapint\u00e1s\u00fa \u00e9s viselhet\u0151 [&hellip;]<\/p>\n","protected":false},"featured_media":465314,"comment_status":"open","ping_status":"closed","template":"","meta":{"_acf_changed":false,"inline_featured_image":false},"kolor":[1921],"rodzaj-ubrania":[1883,1882],"ubranie":[1911],"product_brand":[],"product_cat":[1888,1891,1887,1892],"product_tag":[1932],"class_list":{"0":"post-465312","1":"product","2":"type-product","3":"status-publish","4":"has-post-thumbnail","6":"kolor-beiges-hu","7":"rodzaj-ubrania-orvosi-nadragok","8":"rodzaj-ubrania-scrubs-hu","9":"ubranie-noi-orvosi-jogger-nadrag-mutosnadrag-alapszintu","10":"product_cat-basic-kollekcio","11":"product_cat-bozotosok","12":"product_cat-neki","13":"product_cat-orvosi-nadrag","14":"product_tag-noi-orvosi-kocogok","16":"first","17":"instock","18":"taxable","19":"shipping-taxable","20":"purchasable","21":"product-type-variable"},"acf":[],"_links":{"self":[{"href":"https:\/\/medandbeauty.com\/hu\/wp-json\/wp\/v2\/product\/465312","targetHints":{"allow":["GET"]}}],"collection":[{"href":"https:\/\/medandbeauty.com\/hu\/wp-json\/wp\/v2\/product"}],"about":[{"href":"https:\/\/medandbeauty.com\/hu\/wp-json\/wp\/v2\/types\/product"}],"replies":[{"embeddable":true,"href":"https:\/\/medandbeauty.com\/hu\/wp-json\/wp\/v2\/comments?post=465312"}],"wp:featuredmedia":[{"embeddable":true,"href":"https:\/\/medandbeauty.com\/hu\/wp-json\/wp\/v2\/media\/465314"}],"wp:attachment":[{"href":"https:\/\/medandbeauty.com\/hu\/wp-json\/wp\/v2\/media?parent=465312"}],"wp:term":[{"taxonomy":"kolor","embeddable":true,"href":"https:\/\/medandbeauty.com\/hu\/wp-json\/wp\/v2\/kolor?post=465312"},{"taxonomy":"rodzaj-ubrania","embeddable":true,"href":"https:\/\/medandbeauty.com\/hu\/wp-json\/wp\/v2\/rodzaj-ubrania?post=465312"},{"taxonomy":"ubranie","embeddable":true,"href":"https:\/\/medandbeauty.com\/hu\/wp-json\/wp\/v2\/ubranie?post=465312"},{"taxonomy":"product_brand","embeddable":true,"href":"https:\/\/medandbeauty.com\/hu\/wp-json\/wp\/v2\/product_brand?post=465312"},{"taxonomy":"product_cat","embeddable":true,"href":"https:\/\/medandbeauty.com\/hu\/wp-json\/wp\/v2\/product_cat?post=465312"},{"taxonomy":"product_tag","embeddable":true,"href":"https:\/\/medandbeauty.com\/hu\/wp-json\/wp\/v2\/product_tag?post=465312"}],"curies":[{"name":"wp","href":"https:\/\/api.w.org\/{rel}","templated":true}]}}