{"id":465360,"date":"2024-02-04T22:40:51","date_gmt":"2024-02-04T22:40:51","guid":{"rendered":"https:\/\/medandbeauty.com\/product\/orvosi-nadrag-noi-joggers-mutosruha-basic-chocolate\/"},"modified":"2026-04-06T23:36:30","modified_gmt":"2026-04-06T21:36:30","slug":"orvosi-nadrag-noi-joggers-mutosruha-basic-chocolate","status":"publish","type":"product","link":"https:\/\/medandbeauty.com\/hu\/product\/orvosi-nadrag-noi-joggers-mutosruha-basic-chocolate\/","title":{"rendered":"Orvosi nadr\u00e1g n\u0151i joggers m\u0171t\u0151sruha Basic CHOCOLATE"},"content":{"rendered":"<p style=\"caret-color: #000000; color: #000000;\">Ultrak\u00e9nyelmes <strong>orvosi kocog\u00f3t<\/strong> keres a mindennapi viselethez?<\/p>\n<p style=\"caret-color: #000000; color: #000000;\">A <a href=\"https:\/\/medandbeauty.com\/hu\/shop\/neki\/basic-kollekcio\/\" target=\"_blank\" rel=\"noopener\"><strong>alap m\u0171t\u0151sruh\u00e1k<\/strong> <\/a>biztosan megfelelnek minden elv\u00e1r\u00e1s\u00e1nak!<\/p>\n<p><span style=\"color: #000000;\"><span style=\"caret-color: #000000;\">Ha a legjobb min\u0151s\u00e9g\u0171 anyagokb\u00f3l k\u00e9sz\u00fclt orvosi ruh\u00e1zatot szeretne a maxim\u00e1lis k\u00e9nyelem \u00e9rdek\u00e9ben &#8211; a mi <\/span><\/span><strong><span style=\"color: #000000;\"><span style=\"caret-color: #000000;\">Basic orvosi meleg\u00edt\u0151nadr\u00e1g csokol\u00e1d\u00e9 sz\u00ednben<\/span><\/span><\/strong><span style=\"color: #000000;\"><span style=\"caret-color: #000000;\"> k\u00f6telez\u0151 darab a ruhat\u00e1r\u00e1ban.<\/span><\/span><\/p>\n<p><strong><span style=\"color: #000000;\"><span style=\"caret-color: #000000;\">N\u0151i orvosi jogger nadr\u00e1g m\u0171t\u0151snadr\u00e1g alap csokol\u00e1d\u00e9<\/span><\/span><\/strong><span style=\"color: #000000;\"><span style=\"caret-color: #000000;\">  puha tapint\u00e1s\u00fa \u00e9s rendk\u00edv\u00fcl kellemes viselet\u0171 anyagb\u00f3l k\u00e9sz\u00fclnek, amely maxim\u00e1lis k\u00e9nyelmet biztos\u00edt a visel\u00e9s sor\u00e1n \u00e9s a teljes mozg\u00e1startom\u00e1ny fenntart\u00e1s\u00e1ban. A poli\u00e9szter, a viszk\u00f3z \u00e9s a lycra kombin\u00e1ci\u00f3j\u00e1nak k\u00f6sz\u00f6nhet\u0151en az anyag t\u00f6k\u00e9letesen illeszkedik b\u00e1rmilyen t\u00edpus\u00fa n\u0151i alakhoz, valamint rendk\u00edv\u00fcl tart\u00f3s \u00e9s l\u00e9g\u00e1tereszt\u0151.<\/span><\/span><\/p>\n<p style=\"caret-color: #000000; color: #000000;\">100%-os k\u00e9nyelmet garant\u00e1l az enyh\u00e9n megemelt fels\u0151 r\u00e9sz, valamint a sz\u00e9les \u00e9s rugalmas der\u00e9kp\u00e1nt, amely a m\u00e9ret k\u00f6nny\u0171 be\u00e1ll\u00edt\u00e1s\u00e1hoz h\u00faz\u00f3zsin\u00f3rral rendelkezik.<strong>. Orvosi jogger a <a href=\"https:\/\/medandbeauty.com\/hu\/shop\/neki\/basic-kollekcio\/\" target=\"_blank\" rel=\"noopener\">Med &amp; Beauty Basic kollekci\u00f3b\u00f3l<\/a><\/strong>  nem korl\u00e1tozz\u00e1k a mozg\u00e1st, m\u00e9g hossz\u00fa ideig tart\u00f3 visel\u00e9s eset\u00e9n sem.<\/p>\n<p><strong><span style=\"color: #000000;\"><span style=\"caret-color: #000000;\">Orvosi kocog\u00f3k csokol\u00e1d\u00e9 <\/span><\/span><\/strong><span style=\"color: #000000;\"><span style=\"caret-color: #000000;\">b\u00e1rmilyen \u00f6lt\u00f6z\u00e9khez passzol, a hat t\u00e1gas, praktikus \u00e9s megb\u00edzhat\u00f3 zseb pedig lehet\u0151v\u00e9 teszi, hogy minden munk\u00e1hoz sz\u00fcks\u00e9ges dolgot \u00e9s eszk\u00f6zt k\u00e9zn\u00e9l tartson.<\/span><\/span><\/p>\n<p style=\"caret-color: #000000; color: #000000;\"><strong>A n\u0151i m\u0171t\u0151snadr\u00e1got Basic orvosi joggereket<\/strong> pamutszalaggal l\u00e1ttuk el a l\u00e1bak alj\u00e1n, hogy megakad\u00e1lyozzuk a nadr\u00e1g felh\u00faz\u00f3d\u00e1s\u00e1t intenz\u00edv munkaid\u0151ben.<\/p>\n<p><span style=\"color: #000000;\"><span style=\"caret-color: #000000;\">\u00c1ll\u00edtsa \u00f6ssze \u00e1lmai szettj\u00e9t <\/span><\/span><strong style=\"caret-color: #000000; color: #000000;\">az orvosi ruh\u00e1zatb\u00f3l<\/strong><span style=\"color: #000000;\"><span style=\"caret-color: #000000;\">az\u00e1ltal, hogy \u00f6sszep\u00e1ros\u00edtja a<\/span><\/span><strong><span style=\"color: #000000;\"><span style=\"caret-color: #000000;\"> n\u0151i orvosi jogger csokol\u00e1d\u00e9 <a href=\"https:\/\/medandbeauty.com\/hu\/product\/noi-orvosi-bluz-mutosruha-basic-chocolate\/\" target=\"_blank\" rel=\"noopener\">orvosi bl\u00faz<\/a><\/span><\/span><\/strong><span style=\"color: #000000;\"><span style=\"caret-color: #000000;\"> ugyanabb\u00f3l az anyagb\u00f3l k\u00e9sz\u00fclt.<\/span><\/span><\/p>\n<p style=\"caret-color: #000000; color: #000000;\">A sz\u00edneket szabadon keverheti \u00e9s kombin\u00e1lhatja, hogy egyedi megjelen\u00e9st hozzon l\u00e9tre, vagy v\u00e1laszthatja az egysz\u00edn\u0171, klasszikus megjelen\u00e9st.<\/p>\n<p>Gy\u0151z\u0151dj\u00f6n meg r\u00f3la, hogy a meleg gyapj\u00fa  <a href=\"https:\/\/medandbeauty.com\/hu\/shop\/neki\/basic-kollekcio\/orvosi-bluzok-hu\/\" target=\"_blank\" rel=\"noopener\">orvosi bl\u00fazok<\/a>  tan\u00fas\u00edtott l\u00e9g\u00e1tereszt\u0151 anyagb\u00f3l k\u00e9sz\u00fclt!<\/p>\n<ul style=\"caret-color: #000000; color: #000000;\">\n<li>Elasztikus der\u00e9kp\u00e1nt h\u00faz\u00f3zsin\u00f3rral<\/li>\n<li><span style=\"font-family: inherit;\">6 praktikus \u00e9s t\u00e1gas zseb<\/span><\/li>\n<li><span style=\"font-family: inherit;\">Pamut bord\u00e1k a l\u00e1bakn\u00e1l<\/span><\/li>\n<li><span style=\"font-family: inherit;\">Alakform\u00e1l\u00f3 emelked\u00e9s<\/span><\/li>\n<\/ul>\n<p style=\"caret-color: #000000; color: #000000;\"><strong> <\/strong><\/p>\n<p style=\"caret-color: #000000; color: #000000;\"><strong>Tov\u00e1bbi inform\u00e1ci\u00f3k:<\/strong><br \/>\nA k\u00e9peken l\u00e1that\u00f3 modellek S-es m\u00e9retet viselnek, \u00e9s 170-174 cm magasak.<\/p>\n<p style=\"caret-color: #000000; color: #000000;\">Ha nem tudja, milyen m\u00e9retet v\u00e1lasszon &#8211; n\u00e9zze meg a m\u00e9rett\u00e1bl\u00e1zatot. Ha tov\u00e1bbi k\u00e9ts\u00e9gek mer\u00fclnek fel &#8211; k\u00fcldje el nek\u00fcnk a m\u00e9reteit, \u00e9s mi m\u00e9retre szabjuk \u00d6nnek. <\/p>\n<p style=\"caret-color: #000000; color: #000000;\">A <a href=\"https:\/\/medandbeauty.com\/hu\/shop\/neki\/basic-kollekcio\/\" target=\"_blank\" rel=\"noopener\">Basic kollekci\u00f3<\/a> ruhadarabjainak sz\u00ednei nem egyeznek a <a href=\"https:\/\/medandbeauty.com\/hu\/shop\/neki\/premium-kollekcio\/\" target=\"_blank\" rel=\"noopener\">Premium kollekci\u00f3<\/a> sz\u00edneivel &#8211; m\u00e1s anyagb\u00f3l k\u00e9sz\u00fcltek.<\/p>\n<p style=\"caret-color: #000000; color: #000000;\">A k\u00e9peken l\u00e1that\u00f3 egyes ruhadarabok \u00e1rnyalatai elt\u00e9rhetnek a t\u00e9nylegesekt\u0151l &#8211; ez a k\u00fcl\u00f6nb\u00f6z\u0151 elektronikus berendez\u00e9sek \u00e9s azok egyedi be\u00e1ll\u00edt\u00e1sai miatt van \u00edgy.<\/p>\n<p><strong>16.04.2025 &#8211; \u00faj anyagsz\u00e1ll\u00edt\u00e1s. Az ezen id\u0151pont el\u0151tt leadott megrendel\u00e9sekb\u0151l sz\u00e1rmaz\u00f3 term\u00e9kek sz\u00edne n\u00e9mileg elt\u00e9rhet az aktu\u00e1lis \u00e1rnyalathoz k\u00e9pest. <\/strong><\/p>\n","protected":false},"excerpt":{"rendered":"<p>Ultrak\u00e9nyelmes orvosi kocog\u00f3t keres a mindennapi viselethez? A alap m\u0171t\u0151sruh\u00e1k biztosan megfelelnek minden elv\u00e1r\u00e1s\u00e1nak! Ha a legjobb min\u0151s\u00e9g\u0171 anyagokb\u00f3l k\u00e9sz\u00fclt orvosi ruh\u00e1zatot szeretne a maxim\u00e1lis k\u00e9nyelem \u00e9rdek\u00e9ben &#8211; a mi Basic orvosi meleg\u00edt\u0151nadr\u00e1g csokol\u00e1d\u00e9 sz\u00ednben k\u00f6telez\u0151 darab a ruhat\u00e1r\u00e1ban. N\u0151i orvosi jogger nadr\u00e1g m\u0171t\u0151snadr\u00e1g alap csokol\u00e1d\u00e9 puha tapint\u00e1s\u00fa \u00e9s rendk\u00edv\u00fcl kellemes viselet\u0171 anyagb\u00f3l k\u00e9sz\u00fclnek, amely [&hellip;]<\/p>\n","protected":false},"featured_media":465362,"comment_status":"open","ping_status":"closed","template":"","meta":{"_acf_changed":false,"inline_featured_image":false},"kolor":[1896],"rodzaj-ubrania":[1883,1882],"ubranie":[1911],"product_brand":[],"product_cat":[1888,1891,1887,1892],"product_tag":[],"class_list":{"0":"post-465360","1":"product","2":"type-product","3":"status-publish","4":"has-post-thumbnail","6":"kolor-browns-hu","7":"rodzaj-ubrania-orvosi-nadragok","8":"rodzaj-ubrania-scrubs-hu","9":"ubranie-noi-orvosi-jogger-nadrag-mutosnadrag-alapszintu","10":"product_cat-basic-kollekcio","11":"product_cat-bozotosok","12":"product_cat-neki","13":"product_cat-orvosi-nadrag","15":"first","16":"instock","17":"taxable","18":"shipping-taxable","19":"purchasable","20":"product-type-variable"},"acf":[],"_links":{"self":[{"href":"https:\/\/medandbeauty.com\/hu\/wp-json\/wp\/v2\/product\/465360","targetHints":{"allow":["GET"]}}],"collection":[{"href":"https:\/\/medandbeauty.com\/hu\/wp-json\/wp\/v2\/product"}],"about":[{"href":"https:\/\/medandbeauty.com\/hu\/wp-json\/wp\/v2\/types\/product"}],"replies":[{"embeddable":true,"href":"https:\/\/medandbeauty.com\/hu\/wp-json\/wp\/v2\/comments?post=465360"}],"wp:featuredmedia":[{"embeddable":true,"href":"https:\/\/medandbeauty.com\/hu\/wp-json\/wp\/v2\/media\/465362"}],"wp:attachment":[{"href":"https:\/\/medandbeauty.com\/hu\/wp-json\/wp\/v2\/media?parent=465360"}],"wp:term":[{"taxonomy":"kolor","embeddable":true,"href":"https:\/\/medandbeauty.com\/hu\/wp-json\/wp\/v2\/kolor?post=465360"},{"taxonomy":"rodzaj-ubrania","embeddable":true,"href":"https:\/\/medandbeauty.com\/hu\/wp-json\/wp\/v2\/rodzaj-ubrania?post=465360"},{"taxonomy":"ubranie","embeddable":true,"href":"https:\/\/medandbeauty.com\/hu\/wp-json\/wp\/v2\/ubranie?post=465360"},{"taxonomy":"product_brand","embeddable":true,"href":"https:\/\/medandbeauty.com\/hu\/wp-json\/wp\/v2\/product_brand?post=465360"},{"taxonomy":"product_cat","embeddable":true,"href":"https:\/\/medandbeauty.com\/hu\/wp-json\/wp\/v2\/product_cat?post=465360"},{"taxonomy":"product_tag","embeddable":true,"href":"https:\/\/medandbeauty.com\/hu\/wp-json\/wp\/v2\/product_tag?post=465360"}],"curies":[{"name":"wp","href":"https:\/\/api.w.org\/{rel}","templated":true}]}}