{"id":465499,"date":"2024-02-04T23:06:26","date_gmt":"2024-02-04T22:06:26","guid":{"rendered":"https:\/\/medandbeauty.com\/product\/orvosi-nadrag-noi-joggers-mutosruha-basic-tengereszkek\/"},"modified":"2025-12-23T11:41:14","modified_gmt":"2025-12-23T10:41:14","slug":"orvosi-nadrag-noi-joggers-mutosruha-basic-tengereszkek","status":"publish","type":"product","link":"https:\/\/medandbeauty.com\/hu\/product\/orvosi-nadrag-noi-joggers-mutosruha-basic-tengereszkek\/","title":{"rendered":"Orvosi nadr\u00e1g n\u0151i joggers m\u0171t\u0151sruha basic tenger\u00e9szk\u00e9k"},"content":{"rendered":"<p><strong>21.02.2025 &#8211; \u00faj anyagsz\u00e1ll\u00edt\u00e1s. Az ezen id\u0151pont el\u0151tt leadott megrendel\u00e9sekb\u0151l sz\u00e1rmaz\u00f3 term\u00e9kek sz\u00edne n\u00e9mileg elt\u00e9rhet az aktu\u00e1lis \u00e1rnyalatt\u00f3l. <\/strong><\/p>\n<p>&nbsp;<\/p>\n<p style=\"caret-color: #000000; color: #000000;\">K\u00e9nyelmes <strong>orvosi kocog\u00f3t<\/strong> keres a mindennapokra?<\/p>\n<p style=\"caret-color: #000000; color: #000000;\">A <a href=\"https:\/\/medandbeauty.com\/hu\/shop\/neki\/basic-kollekcio\/\" target=\"_blank\" rel=\"noopener\"><strong>alap m\u0171t\u0151sruh\u00e1k<\/strong><\/a> minden elv\u00e1r\u00e1s\u00e1nak megfelel!<\/p>\n<p style=\"caret-color: #000000; color: #000000;\">Ha a legjobb min\u0151s\u00e9g\u0171 anyagokb\u00f3l k\u00e9sz\u00fclt orvosi ruh\u00e1zatot szeretne a maxim\u00e1lis k\u00e9nyelem \u00e9rdek\u00e9ben &#8211; a <strong>tenger\u00e9szk\u00e9k sz\u00edn\u0171 Basic orvosi meleg\u00edt\u0151nadr\u00e1gunk<\/strong> k\u00f6telez\u0151 darab a ruhat\u00e1r\u00e1ban.<\/p>\n<p style=\"caret-color: #000000; color: #000000;\"><strong>A tenger\u00e9szk\u00e9k sz\u00edn\u0171 Basic n\u0151i orvosi jogging nadr\u00e1got<\/strong> puha tapint\u00e1s\u00fa \u00e9s rendk\u00edv\u00fcl kellemes viselet\u0171 anyagb\u00f3l szabt\u00e1k, amely maxim\u00e1lis k\u00e9nyelmet biztos\u00edt visel\u00e9s k\u00f6zben \u00e9s a teljes mozg\u00e1startom\u00e1ny fenntart\u00e1sa mellett. A poli\u00e9szter, viszk\u00f3z \u00e9s lycra kombin\u00e1ci\u00f3j\u00e1nak k\u00f6sz\u00f6nhet\u0151en az anyag t\u00f6k\u00e9letesen alkalmazkodik a n\u0151i alakhoz, emellett rendk\u00edv\u00fcl tart\u00f3s \u00e9s l\u00e9g\u00e1tereszt\u0151. <\/p>\n<p style=\"caret-color: #000000; color: #000000;\">100%-os k\u00e9nyelmet garant\u00e1l az enyh\u00e9n megemelt fels\u0151 r\u00e9sz, valamint a sz\u00e9les \u00e9s rugalmas der\u00e9kp\u00e1nt, amely a m\u00e9ret k\u00f6nny\u0171 be\u00e1ll\u00edt\u00e1s\u00e1hoz h\u00faz\u00f3zsin\u00f3rral rendelkezik.<strong>. Orvosi jogger a <a href=\"https:\/\/medandbeauty.com\/hu\/shop\/neki\/basic-kollekcio\/\" target=\"_blank\" rel=\"noopener\">Med &amp; Beauty Basic kollekci\u00f3b\u00f3l<\/a><\/strong>  nem korl\u00e1tozz\u00e1k a mozg\u00e1st, m\u00e9g hossz\u00fa ideig tart\u00f3 visel\u00e9s eset\u00e9n sem.<\/p>\n<p style=\"caret-color: #000000; color: #000000;\">A <strong>tenger\u00e9szk\u00e9k sz\u00edn\u0171 orvosi jogging nadr\u00e1g <\/strong>b\u00e1rmilyen \u00f6lt\u00f6z\u00e9khez j\u00f3l illik, a hat t\u00e1gas, praktikus \u00e9s megb\u00edzhat\u00f3 zseb pedig k\u00e9zn\u00e9l tartja az \u00f6sszes munkaeszk\u00f6z\u00e9t \u00e9s szersz\u00e1m\u00e1t.<\/p>\n<p style=\"caret-color: #000000; color: #000000;\"><strong>A n\u0151i m\u0171t\u0151snadr\u00e1got Basic orvosi joggereket<\/strong> pamutszalaggal l\u00e1ttuk el a l\u00e1bak alj\u00e1n, hogy megakad\u00e1lyozzuk a nadr\u00e1g felh\u00faz\u00f3d\u00e1s\u00e1t intenz\u00edv munkaid\u0151ben.<\/p>\n<p style=\"caret-color: #000000; color: #000000;\">\u00c1ll\u00edtsa \u00f6ssze \u00e1lmai <strong>orvosi ruhak\u00e9szlet\u00e9t<\/strong>, ha<strong> a tenger\u00e9szk\u00e9k n\u0151i orvosi joggert egy<\/strong> ugyanebb\u0151l az anyagb\u00f3l k\u00e9sz\u00fclt<strong> <a href=\"https:\/\/medandbeauty.com\/it\/product\/camicetta-medica-da-donna-scrubs-basic-blu-navy\/\" target=\"_blank\" rel=\"noopener\">orvosi bl\u00fazzal<\/a><\/strong> p\u00e1ros\u00edtja.<\/p>\n<p style=\"caret-color: #000000; color: #000000;\">Keverje szabadon a sz\u00edneket, \u00e9s hozzon l\u00e9tre egyedi megjelen\u00e9st, vagy v\u00e1lasszon klasszikus \u00e9s id\u0151tlen egysz\u00edn\u0171 megjelen\u00e9st.<\/p>\n<p>Gy\u0151z\u0151dj\u00f6n meg r\u00f3la, hogy a meleg gyapj\u00fa  <a href=\"https:\/\/medandbeauty.com\/hu\/shop\/neki\/basic-kollekcio\/orvosi-bluzok-hu\/\" target=\"_blank\" rel=\"noopener\">orvosi bl\u00fazok<\/a>  tan\u00fas\u00edtott l\u00e9g\u00e1tereszt\u0151 anyagb\u00f3l k\u00e9sz\u00fclt!<\/p>\n<ul style=\"caret-color: #000000; color: #000000;\">\n<li>Elasztikus der\u00e9kp\u00e1nt h\u00faz\u00f3zsin\u00f3rral<\/li>\n<li><span style=\"font-family: inherit;\">6 praktikus \u00e9s t\u00e1gas zseb<\/span><\/li>\n<li><span style=\"font-family: inherit;\">Pamut bord\u00e1k a l\u00e1bakn\u00e1l<\/span><\/li>\n<li><span style=\"font-family: inherit;\">Alakform\u00e1l\u00f3 emelked\u00e9s<\/span><\/li>\n<\/ul>\n<p style=\"caret-color: #000000; color: #000000;\"><strong> <\/strong><\/p>\n<p style=\"caret-color: #000000; color: #000000;\"><strong>Tov\u00e1bbi inform\u00e1ci\u00f3k:<\/strong><br \/>\nA k\u00e9peken l\u00e1that\u00f3 modellek S-es m\u00e9retet viselnek, \u00e9s 170-174 cm magasak.<\/p>\n<p style=\"caret-color: #000000; color: #000000;\">Ha nem tudja, milyen m\u00e9retet v\u00e1lasszon &#8211; n\u00e9zze meg a m\u00e9rett\u00e1bl\u00e1zatot. Ha tov\u00e1bbi k\u00e9ts\u00e9gek mer\u00fclnek fel &#8211; k\u00fcldje el nek\u00fcnk a m\u00e9reteit, \u00e9s mi m\u00e9retre szabjuk \u00d6nnek. <\/p>\n<p style=\"caret-color: #000000; color: #000000;\">A <a href=\"https:\/\/medandbeauty.com\/hu\/shop\/neki\/basic-kollekcio\/\" target=\"_blank\" rel=\"noopener\">Basic kollekci\u00f3<\/a> ruhadarabjainak sz\u00ednei nem egyeznek a <a href=\"https:\/\/medandbeauty.com\/hu\/shop\/neki\/premium-kollekcio\/\" target=\"_blank\" rel=\"noopener\">Premium kollekci\u00f3<\/a> sz\u00edneivel &#8211; m\u00e1s anyagb\u00f3l k\u00e9sz\u00fcltek.<\/p>\n<p style=\"caret-color: #000000; color: #000000;\">A k\u00e9peken l\u00e1that\u00f3 egyes ruhadarabok \u00e1rnyalatai elt\u00e9rhetnek a t\u00e9nylegesekt\u0151l &#8211; ez a k\u00fcl\u00f6nb\u00f6z\u0151 elektronikus berendez\u00e9sek \u00e9s azok egyedi be\u00e1ll\u00edt\u00e1sai miatt van \u00edgy.<\/p>\n","protected":false},"excerpt":{"rendered":"<p>21.02.2025 &#8211; \u00faj anyagsz\u00e1ll\u00edt\u00e1s. Az ezen id\u0151pont el\u0151tt leadott megrendel\u00e9sekb\u0151l sz\u00e1rmaz\u00f3 term\u00e9kek sz\u00edne n\u00e9mileg elt\u00e9rhet az aktu\u00e1lis \u00e1rnyalatt\u00f3l. &nbsp; K\u00e9nyelmes orvosi kocog\u00f3t keres a mindennapokra? A alap m\u0171t\u0151sruh\u00e1k minden elv\u00e1r\u00e1s\u00e1nak megfelel! Ha a legjobb min\u0151s\u00e9g\u0171 anyagokb\u00f3l k\u00e9sz\u00fclt orvosi ruh\u00e1zatot szeretne a maxim\u00e1lis k\u00e9nyelem \u00e9rdek\u00e9ben &#8211; a tenger\u00e9szk\u00e9k sz\u00edn\u0171 Basic orvosi meleg\u00edt\u0151nadr\u00e1gunk k\u00f6telez\u0151 darab a ruhat\u00e1r\u00e1ban. [&hellip;]<\/p>\n","protected":false},"featured_media":461823,"comment_status":"open","ping_status":"closed","template":"","meta":{"_acf_changed":false,"inline_featured_image":false},"kolor":[1901],"rodzaj-ubrania":[1883,1882],"ubranie":[1911],"product_brand":[],"product_cat":[1888,1891,1887,1892],"product_tag":[],"class_list":{"0":"post-465499","1":"product","2":"type-product","3":"status-publish","4":"has-post-thumbnail","6":"kolor-kek","7":"rodzaj-ubrania-orvosi-nadragok","8":"rodzaj-ubrania-scrubs-hu","9":"ubranie-noi-orvosi-jogger-nadrag-mutosnadrag-alapszintu","10":"product_cat-basic-kollekcio","11":"product_cat-bozotosok","12":"product_cat-neki","13":"product_cat-orvosi-nadrag","15":"first","16":"instock","17":"taxable","18":"shipping-taxable","19":"purchasable","20":"product-type-variable"},"acf":[],"_links":{"self":[{"href":"https:\/\/medandbeauty.com\/hu\/wp-json\/wp\/v2\/product\/465499","targetHints":{"allow":["GET"]}}],"collection":[{"href":"https:\/\/medandbeauty.com\/hu\/wp-json\/wp\/v2\/product"}],"about":[{"href":"https:\/\/medandbeauty.com\/hu\/wp-json\/wp\/v2\/types\/product"}],"replies":[{"embeddable":true,"href":"https:\/\/medandbeauty.com\/hu\/wp-json\/wp\/v2\/comments?post=465499"}],"wp:featuredmedia":[{"embeddable":true,"href":"https:\/\/medandbeauty.com\/hu\/wp-json\/wp\/v2\/media\/461823"}],"wp:attachment":[{"href":"https:\/\/medandbeauty.com\/hu\/wp-json\/wp\/v2\/media?parent=465499"}],"wp:term":[{"taxonomy":"kolor","embeddable":true,"href":"https:\/\/medandbeauty.com\/hu\/wp-json\/wp\/v2\/kolor?post=465499"},{"taxonomy":"rodzaj-ubrania","embeddable":true,"href":"https:\/\/medandbeauty.com\/hu\/wp-json\/wp\/v2\/rodzaj-ubrania?post=465499"},{"taxonomy":"ubranie","embeddable":true,"href":"https:\/\/medandbeauty.com\/hu\/wp-json\/wp\/v2\/ubranie?post=465499"},{"taxonomy":"product_brand","embeddable":true,"href":"https:\/\/medandbeauty.com\/hu\/wp-json\/wp\/v2\/product_brand?post=465499"},{"taxonomy":"product_cat","embeddable":true,"href":"https:\/\/medandbeauty.com\/hu\/wp-json\/wp\/v2\/product_cat?post=465499"},{"taxonomy":"product_tag","embeddable":true,"href":"https:\/\/medandbeauty.com\/hu\/wp-json\/wp\/v2\/product_tag?post=465499"}],"curies":[{"name":"wp","href":"https:\/\/api.w.org\/{rel}","templated":true}]}}