{"id":465748,"date":"2024-02-05T00:27:31","date_gmt":"2024-02-05T00:27:31","guid":{"rendered":"https:\/\/medandbeauty.com\/product\/noi-orvosi-kopeny-premium-gallerral-spring\/"},"modified":"2025-12-23T11:26:55","modified_gmt":"2025-12-23T10:26:55","slug":"noi-orvosi-kopeny-premium-gallerral-spring","status":"publish","type":"product","link":"https:\/\/medandbeauty.com\/hu\/product\/noi-orvosi-kopeny-premium-gallerral-spring\/","title":{"rendered":"N\u0151i orvosi k\u00f6peny pr\u00e9mium gall\u00e9rral SPRING"},"content":{"rendered":"<p style=\"font-weight: 400;\">Fedezze fel az egyik legeleg\u00e1nsabb modellt a<a href=\"https:\/\/medandbeauty.com\/hu\/shop\/neki\/premium-kollekcio\/\" target=\"_blank\" rel=\"noopener\"><strong> Med &amp; Beauty Premium kollekci\u00f3nkban<\/strong><\/a>.<\/p>\n<p style=\"font-weight: 400;\">Ha fontosnak tartja a professzion\u00e1lis megjelen\u00e9st a munkahely\u00e9n, de nem akarja fel\u00e1ldozni a k\u00e9nyelmet \u00e9s a teljes mozg\u00e1sszabads\u00e1got, akkor ezt a szab\u00e1st \u00d6nnek tal\u00e1lt\u00e1k ki.<\/p>\n<p style=\"font-weight: 400;\"><strong>A f\u0171zfa sz\u00edn\u0171, gall\u00e9rral ell\u00e1tott orvosi k\u00f6t\u00e9nyt<\/strong> a legjobb min\u0151s\u00e9g\u0171 pamutb\u00f3l, lycra \u00e9s nejlon kever\u00e9k\u00e9vel varrt\u00e1k. Az anyagban l\u00e9v\u0151 sz\u00e1lak ezen kombin\u00e1ci\u00f3ja miatt a k\u00f6t\u00e9ny rendk\u00edv\u00fcl k\u00e9nyelmes viselet, nem gy\u0171r\u0151dik, valamint l\u00e9g\u00e1tereszt\u0151 \u00e9s l\u00e9legz\u0151. <\/p>\n<p style=\"font-weight: 400;\">A <strong>Med &amp; Beauty<\/strong> term\u00e9kcsal\u00e1dban kaphat\u00f3 \u00f6sszes orvosi ruhadarabot a legapr\u00f3bb r\u00e9szletekre is odafigyelve varrj\u00e1k. Az eleg\u00e1ns mellkiv\u00e1g\u00e1sok, amelyeket <strong>a heather gall\u00e9ros orvosi k\u00f6t\u00e9nyn\u00e9l<\/strong> haszn\u00e1lnak, garant\u00e1lj\u00e1k a t\u00f6k\u00e9letes illeszked\u00e9st minden n\u0151i alakhoz. <\/p>\n<p style=\"font-weight: 400;\">A k\u00fapos der\u00e9kkal \u00e9s \u00f6vvel ell\u00e1tott, <strong>gall\u00e9rral ell\u00e1tott orvosi k\u00f6t\u00e9ny<\/strong> minden testalkatot kiemel, m\u00edg a klasszikus, be\u00e9p\u00edtett nyakkiv\u00e1g\u00e1s optikailag meghosszabb\u00edtja az alakot.<\/p>\n<p style=\"font-weight: 400;\">A magas gall\u00e9r sikkess\u00e9 var\u00e1zsolja b\u00e1rmelyik ruh\u00e1t, \u00e9s ami szint\u00e9n nagyon fontos, \u00fagy lett kialak\u00edtva, hogy ne akad\u00e1lyozza a mozg\u00e1s\u00e1t.<\/p>\n<p style=\"font-weight: 400;\">A k\u00e9t funkcion\u00e1lis rejtett zsebbel minden apr\u00f3s\u00e1got magaddal vihetsz, amire a munk\u00e1hoz sz\u00fcks\u00e9ged van, m\u00edg a \u00be-es ujjak biztos\u00edtj\u00e1k a v\u00e1llad v\u00e9delm\u00e9t, mik\u00f6zben teljesen mobilis maradsz.<\/p>\n<p style=\"font-weight: 400;\">P\u00e1ros\u00edtsa <strong>a heather gall\u00e9ros orvosi k\u00f6t\u00e9nyt a <a href=\"https:\/\/medandbeauty.com\/sk\/product\/damske-lekarske-nohavice-premium-fit-spring\/\" target=\"_blank\" rel=\"noopener\">hozz\u00e1 tartoz\u00f3<\/a><\/strong>, azonos sz\u00edn\u0171 <strong> orvosi nadr\u00e1ggal<\/strong>, vagy kombin\u00e1ljon szabadon k\u00fcl\u00f6nb\u00f6z\u0151 \u00e1rnyalatokat egym\u00e1ssal, hogy egyedi szetteket hozzon l\u00e9tre.<\/p>\n<ul>\n<li style=\"font-weight: 400;\">K\u00e9t funkcion\u00e1lis, rejtett oldalzseb<\/li>\n<li style=\"font-weight: 400;\"><span style=\"font-family: inherit;\">Meredek nyakkiv\u00e1g\u00e1s eleg\u00e1ns, kont\u00faros gall\u00e9rral<\/span><\/li>\n<li style=\"font-weight: 400;\"><span style=\"font-family: inherit;\">Der\u00e9ksz\u00edj az alak hangs\u00falyoz\u00e1s\u00e1ra<\/span><\/li>\n<li style=\"font-weight: 400;\"><span style=\"font-family: inherit;\">3\/4 ujj\u00fa<\/span><\/li>\n<li style=\"font-weight: 400;\"><span style=\"font-family: inherit;\">H\u00edmz\u00e9ssel szem\u00e9lyre szabhat\u00f3<\/span><\/li>\n<\/ul>\n<p>&nbsp;<\/p>\n<p style=\"font-weight: 400;\"><strong>Tov\u00e1bbi inform\u00e1ci\u00f3k:<\/strong><br \/>\nA k\u00e9peken l\u00e1that\u00f3 modellek S-es m\u00e9retet viselnek, \u00e9s 170-174 cm magasak.<\/p>\n<p style=\"font-weight: 400;\">Ha nem tudja, milyen m\u00e9retet v\u00e1lasszon &#8211; n\u00e9zze meg a m\u00e9rett\u00e1bl\u00e1zatot. Ha tov\u00e1bbi k\u00e9ts\u00e9gek mer\u00fclnek fel &#8211; k\u00fcldje el nek\u00fcnk a m\u00e9reteit, \u00e9s mi m\u00e9retre szabjuk \u00d6nnek. <\/p>\n<p style=\"font-weight: 400;\">A <a href=\"https:\/\/medandbeauty.com\/hu\/shop\/neki\/premium-kollekcio\/\" target=\"_blank\" rel=\"noopener\">Premium kollekci\u00f3<\/a> ruhadarabjainak sz\u00ednei nem egyeznek a <a href=\"https:\/\/medandbeauty.com\/hu\/shop\/neki\/basic-kollekcio\/\" target=\"_blank\" rel=\"noopener\">Basic kollekci\u00f3<\/a> sz\u00edneivel &#8211; m\u00e1s anyagb\u00f3l k\u00e9sz\u00fcltek.<\/p>\n<p style=\"font-weight: 400;\">A k\u00e9peken l\u00e1that\u00f3 egyes ruhadarabok \u00e1rnyalatai elt\u00e9rhetnek a t\u00e9nylegesekt\u0151l &#8211; ez a k\u00fcl\u00f6nb\u00f6z\u0151 elektronikus berendez\u00e9sek \u00e9s azok egyedi be\u00e1ll\u00edt\u00e1sai miatt van \u00edgy.<\/p>\n","protected":false},"excerpt":{"rendered":"<p>Fedezze fel az egyik legeleg\u00e1nsabb modellt a Med &amp; Beauty Premium kollekci\u00f3nkban. Ha fontosnak tartja a professzion\u00e1lis megjelen\u00e9st a munkahely\u00e9n, de nem akarja fel\u00e1ldozni a k\u00e9nyelmet \u00e9s a teljes mozg\u00e1sszabads\u00e1got, akkor ezt a szab\u00e1st \u00d6nnek tal\u00e1lt\u00e1k ki. A f\u0171zfa sz\u00edn\u0171, gall\u00e9rral ell\u00e1tott orvosi k\u00f6t\u00e9nyt a legjobb min\u0151s\u00e9g\u0171 pamutb\u00f3l, lycra \u00e9s nejlon kever\u00e9k\u00e9vel varrt\u00e1k. Az anyagban [&hellip;]<\/p>\n","protected":false},"featured_media":465749,"comment_status":"open","ping_status":"closed","template":"","meta":{"_acf_changed":false,"inline_featured_image":false},"kolor":[1898],"rodzaj-ubrania":[1879],"ubranie":[2007],"product_brand":[],"product_cat":[1887,1936,1902],"product_tag":[2006],"class_list":{"0":"post-465748","1":"product","2":"type-product","3":"status-publish","4":"has-post-thumbnail","6":"kolor-ibolyak","7":"rodzaj-ubrania-orvosi-kopenyek","8":"ubranie-noi-orvosi-kopeny-premium-gallerral","9":"product_cat-neki","10":"product_cat-orvosi-kopenyek","11":"product_cat-premium-kollekcio","12":"product_tag-kozmetikai-kotenyek","14":"first","15":"instock","16":"taxable","17":"shipping-taxable","18":"purchasable","19":"product-type-variable"},"acf":[],"_links":{"self":[{"href":"https:\/\/medandbeauty.com\/hu\/wp-json\/wp\/v2\/product\/465748","targetHints":{"allow":["GET"]}}],"collection":[{"href":"https:\/\/medandbeauty.com\/hu\/wp-json\/wp\/v2\/product"}],"about":[{"href":"https:\/\/medandbeauty.com\/hu\/wp-json\/wp\/v2\/types\/product"}],"replies":[{"embeddable":true,"href":"https:\/\/medandbeauty.com\/hu\/wp-json\/wp\/v2\/comments?post=465748"}],"wp:featuredmedia":[{"embeddable":true,"href":"https:\/\/medandbeauty.com\/hu\/wp-json\/wp\/v2\/media\/465749"}],"wp:attachment":[{"href":"https:\/\/medandbeauty.com\/hu\/wp-json\/wp\/v2\/media?parent=465748"}],"wp:term":[{"taxonomy":"kolor","embeddable":true,"href":"https:\/\/medandbeauty.com\/hu\/wp-json\/wp\/v2\/kolor?post=465748"},{"taxonomy":"rodzaj-ubrania","embeddable":true,"href":"https:\/\/medandbeauty.com\/hu\/wp-json\/wp\/v2\/rodzaj-ubrania?post=465748"},{"taxonomy":"ubranie","embeddable":true,"href":"https:\/\/medandbeauty.com\/hu\/wp-json\/wp\/v2\/ubranie?post=465748"},{"taxonomy":"product_brand","embeddable":true,"href":"https:\/\/medandbeauty.com\/hu\/wp-json\/wp\/v2\/product_brand?post=465748"},{"taxonomy":"product_cat","embeddable":true,"href":"https:\/\/medandbeauty.com\/hu\/wp-json\/wp\/v2\/product_cat?post=465748"},{"taxonomy":"product_tag","embeddable":true,"href":"https:\/\/medandbeauty.com\/hu\/wp-json\/wp\/v2\/product_tag?post=465748"}],"curies":[{"name":"wp","href":"https:\/\/api.w.org\/{rel}","templated":true}]}}