{"id":563005,"date":"2025-10-14T00:17:10","date_gmt":"2025-10-13T22:17:10","guid":{"rendered":"https:\/\/medandbeauty.com\/product\/noi-orvosi-boritek-tunika-premium-tejcsokolade\/"},"modified":"2025-12-23T10:54:03","modified_gmt":"2025-12-23T09:54:03","slug":"noi-orvosi-boritek-tunika-premium-tejcsokolade","status":"publish","type":"product","link":"https:\/\/medandbeauty.com\/hu\/product\/noi-orvosi-boritek-tunika-premium-tejcsokolade\/","title":{"rendered":"N\u0151i orvosi bor\u00edt\u00e9k tunika Pr\u00e9mium tejcsokol\u00e1d\u00e9"},"content":{"rendered":"<p><strong>A Premium Milk Chocolate Medical Envelope Tunic<\/strong> a legjobb min\u0151s\u00e9g\u0171 pamut, nejlon \u00e9s lycra kever\u00e9k\u00e9b\u0151l <strong>k\u00e9sz\u00fclt<\/strong>.<\/p>\n<p>Az anyagban l\u00e9v\u0151 sz\u00e1lak ilyen kombin\u00e1ci\u00f3ja teszi a <strong>Med&amp;Beauty bor\u00edt\u00e9k tunik\u00e1kat<\/strong> l\u00e9g\u00e1tereszt\u0151v\u00e9, t\u00f6k\u00e9letesen illeszkednek a n\u0151i sziluetthez, \u00e9s teljes k\u00e9nyelmet biztos\u00edtanak a hossz\u00fa munka\u00f3r\u00e1k alatt.<\/p>\n<p>A <strong>Med &amp; Beauty<\/strong> \u00e1ltal gy\u00e1rtott <strong>orvosi fels\u0151ruh\u00e1zat<\/strong> minden modellje praktikus \u00e9s t\u00e1gas zsebekkel van felszerelve, amelyekben minden olyan dolgot k\u00e9zn\u00e9l tarthat, amit szeretne.<\/p>\n<p><strong> <a href=\"https:\/\/medandbeauty.com\/hu\/shop\/neki\/premium-kollekcio\/\" target=\"_blank\" rel=\"noopener\">A Pr\u00e9mium kollekci\u00f3b\u00f3l<\/a> sz\u00e1rmaz\u00f3 Milk Chocolate orvosi bor\u00edt\u00e9k tunika <\/strong>nagy elad\u00e1si pontja <strong>a <\/strong>nyakkiv\u00e1g\u00e1sn\u00e1l l\u00e9v\u0151 r\u00f6gz\u00edt\u00e9s. A maxim\u00e1lis k\u00e9nyelem \u00e9rdek\u00e9ben rejtett gombbal \u00e9s r\u00f6gz\u00edt\u0151vel l\u00e1ttuk el.<\/p>\n<p>A sz\u00edv alak\u00fa nyakkiv\u00e1g\u00e1s egyszerre id\u0151tlen \u00e9s modern, a tunika hossz\u00e1t pedig \u00fagy v\u00e1lasztottuk meg, hogy az b\u00e1rmilyen alakhoz sz\u00e9pen illeszkedjen.<\/p>\n<p><strong>A Med &amp; Beauty-n\u00e1l<\/strong> nemcsak a visel\u00e9si k\u00e9nyelemre, hanem az eszt\u00e9tikus \u00e9s professzion\u00e1lis megjelen\u00e9sre is \u00f6sszpontos\u00edtunk. A<strong> Premium Medical Envelope Tunika<\/strong> <strong>tejcsokol\u00e1d\u00e9 sz\u00ednben der\u00e9ksz\u00edjjal<\/strong> eg\u00e9sz\u00fcl ki <strong>,<\/strong> amely t\u00f6k\u00e9letesen kiemeli a n\u0151i alak minden tulajdons\u00e1g\u00e1t. <\/p>\n<p><strong>A Premium Milk Chocolate orvosi bor\u00edt\u00e9k tunika <\/strong>t\u00f6k\u00e9letesen <strong>p\u00e1ros\u00edthat\u00f3 <\/strong> <strong>a hozz\u00e1 tartoz\u00f3 orvosi nadr\u00e1ggal,<\/strong> amely ugyanabb\u00f3l az anyagb\u00f3l k\u00e9sz\u00fclt.<\/p>\n<p>P\u00e1ros\u00edtsa <strong>az orvosi nadr\u00e1got<\/strong> azonos sz\u00ednben vagy b\u00e1rmelyik \u00e1rnyalatot a k\u00edn\u00e1latunkban el\u00e9rhet\u0151 sz\u00e1mos \u00e1rnyalat k\u00f6z\u00fcl.<\/p>\n<ul>\n<li>K\u00e9t nagy, t\u00e1gas zseb<\/li>\n<li><span style=\"font-family: inherit;\">Nap Nap a nyakkiv\u00e1g\u00e1sn\u00e1l a maxim\u00e1lis k\u00e9nyelem \u00e9rdek\u00e9ben<\/span><\/li>\n<li><span style=\"font-family: inherit;\">K\u00fapos der\u00e9kr\u00e9sz \u00f6vvel<\/span><\/li>\n<li><span style=\"font-family: inherit;\">H\u00fcvely 3\/4<\/span><\/li>\n<li><span style=\"font-family: inherit;\">H\u00edmz\u00e9ssel szem\u00e9lyre szabhat\u00f3<\/span><\/li>\n<\/ul>\n<p>&nbsp;<\/p>\n<p><strong>Tov\u00e1bbi inform\u00e1ci\u00f3k:<\/strong><br \/>\nA k\u00e9peken l\u00e1that\u00f3 modellek S-es m\u00e9retet viselnek, \u00e9s 170-174 cm magasak.<\/p>\n<p>Ha nem tudja, milyen m\u00e9retet v\u00e1lasszon &#8211; n\u00e9zze meg a m\u00e9rett\u00e1bl\u00e1zatot. Ha tov\u00e1bbi k\u00e9ts\u00e9gek mer\u00fclnek fel &#8211; k\u00fcldje el nek\u00fcnk a m\u00e9reteit, \u00e9s mi m\u00e9retre szabjuk \u00d6nnek. <\/p>\n<p>A <a href=\"https:\/\/medandbeauty.com\/hu\/shop\/neki\/premium-kollekcio\/\" target=\"_blank\" rel=\"noopener\">Premium kollekci\u00f3<\/a> ruhadarabjainak sz\u00ednei nem egyeznek a <a href=\"https:\/\/medandbeauty.com\/hu\/shop\/neki\/basic-kollekcio\/\" target=\"_blank\" rel=\"noopener\">Basic kollekci\u00f3<\/a> sz\u00edneivel &#8211; m\u00e1s anyagb\u00f3l k\u00e9sz\u00fcltek.<\/p>\n<p>A k\u00e9peken l\u00e1that\u00f3 egyes ruhadarabok \u00e1rnyalatai elt\u00e9rhetnek a t\u00e9nylegesekt\u0151l &#8211; ez a k\u00fcl\u00f6nb\u00f6z\u0151 elektronikus berendez\u00e9sek \u00e9s azok egyedi be\u00e1ll\u00edt\u00e1sai miatt van \u00edgy.<\/p>\n","protected":false},"excerpt":{"rendered":"<p>A Premium Milk Chocolate Medical Envelope Tunic a legjobb min\u0151s\u00e9g\u0171 pamut, nejlon \u00e9s lycra kever\u00e9k\u00e9b\u0151l k\u00e9sz\u00fclt. Az anyagban l\u00e9v\u0151 sz\u00e1lak ilyen kombin\u00e1ci\u00f3ja teszi a Med&amp;Beauty bor\u00edt\u00e9k tunik\u00e1kat l\u00e9g\u00e1tereszt\u0151v\u00e9, t\u00f6k\u00e9letesen illeszkednek a n\u0151i sziluetthez, \u00e9s teljes k\u00e9nyelmet biztos\u00edtanak a hossz\u00fa munka\u00f3r\u00e1k alatt. A Med &amp; Beauty \u00e1ltal gy\u00e1rtott orvosi fels\u0151ruh\u00e1zat minden modellje praktikus \u00e9s t\u00e1gas zsebekkel [&hellip;]<\/p>\n","protected":false},"featured_media":561301,"comment_status":"open","ping_status":"closed","template":"","meta":{"_acf_changed":false,"inline_featured_image":false},"kolor":[1896],"rodzaj-ubrania":[1885],"ubranie":[1924],"product_brand":[],"product_cat":[1887,1923,1902],"product_tag":[],"class_list":{"0":"post-563005","1":"product","2":"type-product","3":"status-publish","4":"has-post-thumbnail","6":"kolor-browns-hu","7":"rodzaj-ubrania-orvosi-tunikak","8":"ubranie-premium-noi-orvosi-boritek-tunika","9":"product_cat-neki","10":"product_cat-orvosi-tunikak","11":"product_cat-premium-kollekcio","13":"first","14":"instock","15":"taxable","16":"shipping-taxable","17":"purchasable","18":"product-type-variable"},"acf":[],"_links":{"self":[{"href":"https:\/\/medandbeauty.com\/hu\/wp-json\/wp\/v2\/product\/563005","targetHints":{"allow":["GET"]}}],"collection":[{"href":"https:\/\/medandbeauty.com\/hu\/wp-json\/wp\/v2\/product"}],"about":[{"href":"https:\/\/medandbeauty.com\/hu\/wp-json\/wp\/v2\/types\/product"}],"replies":[{"embeddable":true,"href":"https:\/\/medandbeauty.com\/hu\/wp-json\/wp\/v2\/comments?post=563005"}],"wp:featuredmedia":[{"embeddable":true,"href":"https:\/\/medandbeauty.com\/hu\/wp-json\/wp\/v2\/media\/561301"}],"wp:attachment":[{"href":"https:\/\/medandbeauty.com\/hu\/wp-json\/wp\/v2\/media?parent=563005"}],"wp:term":[{"taxonomy":"kolor","embeddable":true,"href":"https:\/\/medandbeauty.com\/hu\/wp-json\/wp\/v2\/kolor?post=563005"},{"taxonomy":"rodzaj-ubrania","embeddable":true,"href":"https:\/\/medandbeauty.com\/hu\/wp-json\/wp\/v2\/rodzaj-ubrania?post=563005"},{"taxonomy":"ubranie","embeddable":true,"href":"https:\/\/medandbeauty.com\/hu\/wp-json\/wp\/v2\/ubranie?post=563005"},{"taxonomy":"product_brand","embeddable":true,"href":"https:\/\/medandbeauty.com\/hu\/wp-json\/wp\/v2\/product_brand?post=563005"},{"taxonomy":"product_cat","embeddable":true,"href":"https:\/\/medandbeauty.com\/hu\/wp-json\/wp\/v2\/product_cat?post=563005"},{"taxonomy":"product_tag","embeddable":true,"href":"https:\/\/medandbeauty.com\/hu\/wp-json\/wp\/v2\/product_tag?post=563005"}],"curies":[{"name":"wp","href":"https:\/\/api.w.org\/{rel}","templated":true}]}}