{"id":574077,"date":"2025-10-14T00:10:44","date_gmt":"2025-10-13T22:10:44","guid":{"rendered":"https:\/\/medandbeauty.com\/product\/noi-orvosi-jogging-nadrag-scrubs-basic-hot-chocolate-hot-chocolate\/"},"modified":"2025-12-23T11:43:59","modified_gmt":"2025-12-23T10:43:59","slug":"noi-orvosi-jogging-nadrag-scrubs-basic-hot-chocolate-hot-chocolate","status":"publish","type":"product","link":"https:\/\/medandbeauty.com\/hu\/product\/noi-orvosi-jogging-nadrag-scrubs-basic-hot-chocolate-hot-chocolate\/","title":{"rendered":"N\u0151i orvosi jogging nadr\u00e1g SCRUBS Basic HOT CHOCOLATE HOT CHOCOLATE"},"content":{"rendered":"<p>A t\u00f6k\u00e9letes \u00e9s legk\u00e9nyelmesebb <strong>orvosi kocog\u00f3t<\/strong> keresi a mindennapjaihoz?<\/p>\n<p style=\"color: #000000;\">A <a href=\"https:\/\/medandbeauty.com\/hu\/shop\/neki\/basic-kollekcio\/\" target=\"_blank\" rel=\"noopener\"><strong>alap m\u0171t\u0151sruh\u00e1k<\/strong><\/a> minden elv\u00e1r\u00e1s\u00e1nak megfelel!<\/p>\n<p style=\"color: #000000;\">Ha a legjobb min\u0151s\u00e9g\u0171 anyagokb\u00f3l k\u00e9sz\u00fclt orvosi ruhadarabokat szeretne a maxim\u00e1lis k\u00e9nyelem \u00e9rdek\u00e9ben &#8211; <strong>a Hot Chocolate sz\u00edn\u0171 Basic orvosi joggerek elengedhetetlenek<\/strong> a ruhat\u00e1r\u00e1ban.<\/p>\n<p style=\"color: #000000;\"><strong>A Basic Hot Chocolate n\u0151i orvosi m\u0171t\u0151snadr\u00e1got <\/strong>puha tapint\u00e1s\u00fa \u00e9s rendk\u00edv\u00fcl kellemes viselet\u0171 anyagb\u00f3l <strong>varrt\u00e1k <\/strong>, amely maxim\u00e1lis k\u00e9nyelmet biztos\u00edt a visel\u00e9s sor\u00e1n \u00e9s a teljes mozg\u00e1startom\u00e1ny fenntart\u00e1s\u00e1ban.<\/p>\n<p style=\"color: #000000;\">A poli\u00e9szter, a viszk\u00f3z \u00e9s a lycra kombin\u00e1ci\u00f3ja miatt az anyag t\u00f6k\u00e9letesen illeszkedik a n\u0151i alakhoz, valamint rendk\u00edv\u00fcl tart\u00f3s \u00e9s nagyon l\u00e9g\u00e1tereszt\u0151.<\/p>\n<p style=\"color: #000000;\">100%-os k\u00e9nyelmet garant\u00e1l az enyh\u00e9n megemelt fels\u0151 r\u00e9sz, valamint a sz\u00e9les \u00e9s rugalmas der\u00e9kp\u00e1nt, amely a m\u00e9ret k\u00f6nny\u0171 be\u00e1ll\u00edt\u00e1s\u00e1hoz h\u00faz\u00f3zsin\u00f3rral rendelkezik.<strong>. Med &amp; Beauty orvosi kocog\u00f3k<\/strong>  nem korl\u00e1tozz\u00e1k a mozg\u00e1st, m\u00e9g hossz\u00fa ideig tart\u00f3 visel\u00e9s eset\u00e9n sem.<\/p>\n<p style=\"color: #000000;\"><strong>A Hot Chocolate sz\u00edn\u0171 Medical Joggers <\/strong>b\u00e1rmilyen \u00f6lt\u00f6z\u00e9khez j\u00f3l <strong>illeszkedik <\/strong>, a hat t\u00e1gas \u00e9s praktikus zseb pedig lehet\u0151v\u00e9 teszi, hogy a munk\u00e1hoz sz\u00fcks\u00e9ges dolgokat \u00e9s szersz\u00e1mokat k\u00e9zn\u00e9l tartsa.<\/p>\n<p style=\"color: #000000;\"><strong>A n\u0151i m\u0171t\u0151snadr\u00e1got Basic orvosi joggereket<\/strong> pamutszalaggal l\u00e1ttuk el a l\u00e1bak alj\u00e1n, hogy megakad\u00e1lyozzuk a nadr\u00e1g felh\u00faz\u00f3d\u00e1s\u00e1t az intenz\u00edv munkaid\u0151ben.<\/p>\n<p style=\"color: #000000;\">\u00c1ll\u00edtsa <strong>\u00f6ssze<\/strong> \u00e1lmai <strong>orvosi ruhak\u00e9szlet\u00e9t<\/strong><strong> a n\u0151i Hot Chocolate orvosi joggerrel \u00e9s a k\u00e9tzsebes orvosi bl\u00fazzal vagy az azonos anyagb\u00f3l k\u00e9sz\u00fclt egyzsebes orvosi bl\u00fazzal<\/strong>.<\/p>\n<p style=\"color: #000000;\">Keverje szabadon a sz\u00edneket, \u00e9s hozzon l\u00e9tre egyedi megjelen\u00e9st, vagy v\u00e1lasszon klasszikus \u00e9s id\u0151tlen egysz\u00edn\u0171 megjelen\u00e9st.<\/p>\n<ul style=\"color: #000000;\">\n<li>Elasztikus der\u00e9kp\u00e1nt h\u00faz\u00f3zsin\u00f3rral<\/li>\n<li><span style=\"font-family: inherit;\">6 praktikus \u00e9s t\u00e1gas zseb<\/span><\/li>\n<li><span style=\"font-family: inherit;\">Pamut bord\u00e1k a l\u00e1bakn\u00e1l<\/span><\/li>\n<li><span style=\"font-family: inherit;\">Alakform\u00e1l\u00f3 emelked\u00e9s<\/span><\/li>\n<\/ul>\n<p style=\"color: #000000;\"><strong> <\/strong><\/p>\n<p style=\"color: #000000;\"><strong>Tov\u00e1bbi inform\u00e1ci\u00f3k:<\/strong><br \/>\nA k\u00e9peken l\u00e1that\u00f3 modellek S-es m\u00e9retet viselnek, \u00e9s 170-174 cm magasak.<\/p>\n<p style=\"color: #000000;\">Ha nem tudja, milyen m\u00e9retet v\u00e1lasszon &#8211; n\u00e9zze meg a m\u00e9rett\u00e1bl\u00e1zatot. Ha tov\u00e1bbi k\u00e9ts\u00e9gek mer\u00fclnek fel &#8211; k\u00fcldje el nek\u00fcnk a m\u00e9reteit, \u00e9s mi m\u00e9retre szabjuk \u00d6nnek. <\/p>\n<p style=\"color: #000000;\">A Basic kollekci\u00f3 ruhadarabjainak sz\u00ednei nem egyeznek a <a href=\"https:\/\/medandbeauty.com\/hu\/shop\/neki\/premium-kollekcio\/\" target=\"_blank\" rel=\"noopener\">Premium kollekci\u00f3<\/a> sz\u00edneivel &#8211; m\u00e1s anyagb\u00f3l k\u00e9sz\u00fcltek.<\/p>\n<p style=\"color: #000000;\">A k\u00e9peken l\u00e1that\u00f3 egyes ruhadarabok \u00e1rnyalatai elt\u00e9rhetnek a t\u00e9nylegesekt\u0151l &#8211; ez a k\u00fcl\u00f6nb\u00f6z\u0151 elektronikus berendez\u00e9sek \u00e9s azok egyedi be\u00e1ll\u00edt\u00e1sai miatt van \u00edgy.<\/p>\n","protected":false},"excerpt":{"rendered":"<p>A t\u00f6k\u00e9letes \u00e9s legk\u00e9nyelmesebb orvosi kocog\u00f3t keresi a mindennapjaihoz? A alap m\u0171t\u0151sruh\u00e1k minden elv\u00e1r\u00e1s\u00e1nak megfelel! Ha a legjobb min\u0151s\u00e9g\u0171 anyagokb\u00f3l k\u00e9sz\u00fclt orvosi ruhadarabokat szeretne a maxim\u00e1lis k\u00e9nyelem \u00e9rdek\u00e9ben &#8211; a Hot Chocolate sz\u00edn\u0171 Basic orvosi joggerek elengedhetetlenek a ruhat\u00e1r\u00e1ban. A Basic Hot Chocolate n\u0151i orvosi m\u0171t\u0151snadr\u00e1got puha tapint\u00e1s\u00fa \u00e9s rendk\u00edv\u00fcl kellemes viselet\u0171 anyagb\u00f3l varrt\u00e1k , [&hellip;]<\/p>\n","protected":false},"featured_media":574582,"comment_status":"open","ping_status":"closed","template":"","meta":{"_acf_changed":false,"inline_featured_image":false},"kolor":[1896],"rodzaj-ubrania":[1883,1882],"ubranie":[1911],"product_brand":[],"product_cat":[1888,1891,1889,1887,1892],"product_tag":[],"class_list":{"0":"post-574077","1":"product","2":"type-product","3":"status-publish","4":"has-post-thumbnail","6":"kolor-browns-hu","7":"rodzaj-ubrania-orvosi-nadragok","8":"rodzaj-ubrania-scrubs-hu","9":"ubranie-noi-orvosi-jogger-nadrag-mutosnadrag-alapszintu","10":"product_cat-basic-kollekcio","11":"product_cat-bozotosok","12":"product_cat-hirek","13":"product_cat-neki","14":"product_cat-orvosi-nadrag","16":"first","17":"instock","18":"taxable","19":"shipping-taxable","20":"purchasable","21":"product-type-variable"},"acf":[],"_links":{"self":[{"href":"https:\/\/medandbeauty.com\/hu\/wp-json\/wp\/v2\/product\/574077","targetHints":{"allow":["GET"]}}],"collection":[{"href":"https:\/\/medandbeauty.com\/hu\/wp-json\/wp\/v2\/product"}],"about":[{"href":"https:\/\/medandbeauty.com\/hu\/wp-json\/wp\/v2\/types\/product"}],"replies":[{"embeddable":true,"href":"https:\/\/medandbeauty.com\/hu\/wp-json\/wp\/v2\/comments?post=574077"}],"wp:featuredmedia":[{"embeddable":true,"href":"https:\/\/medandbeauty.com\/hu\/wp-json\/wp\/v2\/media\/574582"}],"wp:attachment":[{"href":"https:\/\/medandbeauty.com\/hu\/wp-json\/wp\/v2\/media?parent=574077"}],"wp:term":[{"taxonomy":"kolor","embeddable":true,"href":"https:\/\/medandbeauty.com\/hu\/wp-json\/wp\/v2\/kolor?post=574077"},{"taxonomy":"rodzaj-ubrania","embeddable":true,"href":"https:\/\/medandbeauty.com\/hu\/wp-json\/wp\/v2\/rodzaj-ubrania?post=574077"},{"taxonomy":"ubranie","embeddable":true,"href":"https:\/\/medandbeauty.com\/hu\/wp-json\/wp\/v2\/ubranie?post=574077"},{"taxonomy":"product_brand","embeddable":true,"href":"https:\/\/medandbeauty.com\/hu\/wp-json\/wp\/v2\/product_brand?post=574077"},{"taxonomy":"product_cat","embeddable":true,"href":"https:\/\/medandbeauty.com\/hu\/wp-json\/wp\/v2\/product_cat?post=574077"},{"taxonomy":"product_tag","embeddable":true,"href":"https:\/\/medandbeauty.com\/hu\/wp-json\/wp\/v2\/product_tag?post=574077"}],"curies":[{"name":"wp","href":"https:\/\/api.w.org\/{rel}","templated":true}]}}