{"id":574799,"date":"2025-10-29T12:23:35","date_gmt":"2025-10-29T11:23:35","guid":{"rendered":"https:\/\/medandbeauty.com\/product\/noi-orvosi-hosszu-ujju-hot-chocolate\/"},"modified":"2025-12-23T11:32:21","modified_gmt":"2025-12-23T10:32:21","slug":"noi-orvosi-hosszu-ujju-hot-chocolate","status":"publish","type":"product","link":"https:\/\/medandbeauty.com\/hu\/product\/noi-orvosi-hosszu-ujju-hot-chocolate\/","title":{"rendered":"N\u0151i orvosi hossz\u00fa ujj\u00fa HOT CHOCOLATE"},"content":{"rendered":"<p>Teljes \u00fajdons\u00e1g a k\u00edn\u00e1latunkban &#8211; ultrak\u00e9nyelmes, l\u00e9g\u00e1tereszt\u0151 \u00e9s l\u00e9legz\u0151 <strong>orvosi hossz\u00fa ujjak<\/strong>!<\/p>\n<p><span style=\"font-weight: 400;\">Ha hossz\u00fa \u00e9s intenz\u00edv \u00f3r\u00e1kat t\u00f6lt a munkahely\u00e9n, olyan<strong> orvosi ruh\u00e1zatra <\/strong>van sz\u00fcks\u00e9ge, amely maxim\u00e1lis k\u00e9nyelmet biztos\u00edt.  <\/span><\/p>\n<p> <span style=\"font-weight: 400;\"><strong> L<\/strong><\/span><b>A n\u0151i orvosi ongsleeve Hot Chocolate sz\u00ednben <\/b>92% kiv\u00e1l\u00f3 min\u0151s\u00e9g\u0171 viszk\u00f3zb\u00f3l \u00e9s 8% elaszt\u00e1nb\u00f3l <b>k\u00e9sz\u00fclt <\/b>.<\/p>\n<p style=\"font-weight: 400;\">A sz\u00f6vetben l\u00e9v\u0151 sz\u00e1laknak ez a kever\u00e9ke teszi az anyagot nagyon tart\u00f3s, puha, kellemes tapint\u00e1s\u00fav\u00e1, alkalmazkodik minden t\u00edpus\u00fa n\u0151i alakhoz, nem korl\u00e1tozza a mozg\u00e1st, \u00e9s &#8211; ami rendk\u00edv\u00fcl fontos az <strong>orvosi ruh\u00e1zat<\/strong> eset\u00e9ben &#8211; l\u00e9g\u00e1tereszt\u0151 \u00e9s l\u00e9legz\u0151.<\/p>\n<p style=\"font-weight: 400;\"><strong>A Hot Chocolate sz\u00edn\u0171 n\u0151i orvosi hossz\u00fa ujj\u00fa ruha t\u00f6k\u00e9letes alapja <\/strong>egy megb\u00edzhat\u00f3 \u00e9s id\u0151t\u00e1ll\u00f3 orvosi <strong>ruhat\u00e1rnak<\/strong>.<\/p>\n<p style=\"font-weight: 400;\">Klasszikus kerek nyakkiv\u00e1g\u00e1s\u00e1val a hossz\u00fa ujj\u00fa ruha t\u00f6k\u00e9letesen p\u00e1ros\u00edthat\u00f3 <strong>a Basic kollekci\u00f3nkb\u00f3l sz\u00e1rmaz\u00f3 m\u0171t\u0151sruh\u00e1kkal<\/strong>, \u00e9s nagyon klasszikus darabja az<strong> orvosi ruhat\u00e1rnak<\/strong>.<\/p>\n<p style=\"font-weight: 400;\">A hossz\u00fa ujjak v\u00e9delmet ny\u00fajtanak az alkaroknak, \u00e9s seg\u00edtenek fenntartani az optim\u00e1lis testh\u0151m\u00e9rs\u00e9kletet a hidegebb napokon.<\/p>\n<p style=\"font-weight: 400;\">P\u00e1ros\u00edtsa <strong>az orvosi hossz\u00fa ujj\u00fa Hot Chocolate <\/strong> <a href=\"https:\/\/medandbeauty.com\/hu\/shop\/neki\/basic-kollekcio\/?rodzaj-ubrania=bluzki-medyczne\" target=\"_blank\" rel=\"noopener\">orvosi bl\u00fazzal \u00e9s<\/a> <a href=\"https:\/\/medandbeauty.com\/hu\/shop\/neki\/basic-kollekcio\/?rodzaj-ubrania=spodnie-medyczne\" target=\"_blank\" rel=\"noopener\">orvosi nadr\u00e1ggal a kollekci\u00f3ban rendelkez\u00e9sre \u00e1ll\u00f3 sz\u00e1mos szab\u00e1s \u00e9s \u00e1rnyalat k\u00f6z\u00fcl b\u00e1rmelyikben<\/a>. <a href=\"https:\/\/medandbeauty.com\/hu\/shop\/neki\/basic-kollekcio\/\" target=\"_blank\" rel=\"noopener\"><strong>Med &amp; Beauty Basic<\/strong><\/a>.<\/p>\n<p>Gy\u0151z\u0151dj\u00f6n meg r\u00f3la, hogy a meleg gyapj\u00fa  <a href=\"https:\/\/medandbeauty.com\/hu\/shop\/neki\/basic-kollekcio\/orvosi-bluzok-hu\/\" target=\"_blank\" rel=\"noopener\">orvosi bl\u00fazok<\/a>  tan\u00fas\u00edtott l\u00e9g\u00e1tereszt\u0151 anyagb\u00f3l k\u00e9sz\u00fclt!<\/p>\n<p style=\"font-weight: 400;\">Biztos\u00edtsa a maxim\u00e1lis k\u00e9nyelmet \u00e9s a professzion\u00e1lis megjelen\u00e9st a munkahely\u00e9n az<strong> orvosi hossz\u00fa ujjakkal.<\/strong> <a href=\"https:\/\/medandbeauty.com\/hu\/shop\/neki\/basic-kollekcio\/\" target=\"_blank\" rel=\"noopener\"><strong>Med &amp; Beauty Basic<\/strong><\/a>.<\/p>\n<p><strong>A Women&#8217;s Medical Longsleeve Hot<\/strong> <strong>Chocolate<\/strong> <strong>sz\u00ednben<\/strong> sztreccs <strong>anyagb\u00f3l k\u00e9sz\u00fclt<\/strong> &#8211; a m\u00e9retek ellen\u0151rz\u00e9s\u00e9n\u00e9l vegye figyelembe, hogy az anyag k\u00f6r\u00fclbel\u00fcl 5 cm-t ny\u00falik.<\/p>\n<ul>\n<li style=\"font-weight: 400;\">L\u00e9g\u00e1tereszt\u0151, l\u00e9legz\u0151 \u00e9s rugalmas anyag<\/li>\n<li>Illesztett v\u00e1g\u00e1s<\/li>\n<li>Hossz\u00fa ujj\u00fa<\/li>\n<li>Klasszikus nyakkiv\u00e1g\u00e1s<\/li>\n<li>H\u00edmz\u00e9ssel szem\u00e9lyre szabhat\u00f3<\/li>\n<\/ul>\n<p style=\"font-weight: 400;\"><strong>Tov\u00e1bbi inform\u00e1ci\u00f3k:<\/strong><br \/>\nA k\u00e9peken l\u00e1that\u00f3 modellek S-es m\u00e9retet viselnek, \u00e9s 170-174 cm magasak.<\/p>\n<p style=\"font-weight: 400;\">Ha nem tudja, milyen m\u00e9retet v\u00e1lasszon &#8211; n\u00e9zze meg a m\u00e9rett\u00e1bl\u00e1zatot. Ha tov\u00e1bbi k\u00e9ts\u00e9gek mer\u00fclnek fel &#8211; k\u00fcldje el nek\u00fcnk a m\u00e9reteit, \u00e9s mi m\u00e9retre szabjuk \u00d6nnek. <\/p>\n<p style=\"font-weight: 400;\">A hossz\u00fa ujj\u00fa ruh\u00e1k sz\u00ednei nem egyeznek a <a href=\"https:\/\/medandbeauty.com\/hu\/shop\/neki\/basic-kollekcio\/\" target=\"_blank\" rel=\"noopener\">Basic<\/a> \u00e9s <a href=\"https:\/\/medandbeauty.com\/hu\/shop\/neki\/premium-kollekcio\/\" target=\"_blank\" rel=\"noopener\">Premium<\/a> kollekci\u00f3k sz\u00edneivel &#8211; m\u00e1s anyagb\u00f3l k\u00e9sz\u00fcltek.<\/p>\n<p style=\"font-weight: 400;\">A k\u00e9peken l\u00e1that\u00f3 egyes ruhadarabok \u00e1rnyalatai elt\u00e9rhetnek a t\u00e9nylegesekt\u0151l &#8211; ez a k\u00fcl\u00f6nb\u00f6z\u0151 elektronikus berendez\u00e9sek \u00e9s azok egyedi be\u00e1ll\u00edt\u00e1sai miatt van \u00edgy.<\/p>\n","protected":false},"excerpt":{"rendered":"<p>Teljes \u00fajdons\u00e1g a k\u00edn\u00e1latunkban &#8211; ultrak\u00e9nyelmes, l\u00e9g\u00e1tereszt\u0151 \u00e9s l\u00e9legz\u0151 orvosi hossz\u00fa ujjak! Ha hossz\u00fa \u00e9s intenz\u00edv \u00f3r\u00e1kat t\u00f6lt a munkahely\u00e9n, olyan orvosi ruh\u00e1zatra van sz\u00fcks\u00e9ge, amely maxim\u00e1lis k\u00e9nyelmet biztos\u00edt. LA n\u0151i orvosi ongsleeve Hot Chocolate sz\u00ednben 92% kiv\u00e1l\u00f3 min\u0151s\u00e9g\u0171 viszk\u00f3zb\u00f3l \u00e9s 8% elaszt\u00e1nb\u00f3l k\u00e9sz\u00fclt . A sz\u00f6vetben l\u00e9v\u0151 sz\u00e1laknak ez a kever\u00e9ke teszi az anyagot [&hellip;]<\/p>\n","protected":false},"featured_media":647032,"comment_status":"open","ping_status":"closed","template":"","meta":{"_acf_changed":false,"inline_featured_image":false},"kolor":[1896],"rodzaj-ubrania":[1877],"ubranie":[1942],"product_brand":[],"product_cat":[1888,1889,1887,1938],"product_tag":[],"class_list":{"0":"post-574799","1":"product","2":"type-product","3":"status-publish","4":"has-post-thumbnail","6":"kolor-browns-hu","7":"rodzaj-ubrania-orvosi-bluzok","8":"ubranie-noi-basic-hosszu-ujju","9":"product_cat-basic-kollekcio","10":"product_cat-hirek","11":"product_cat-neki","12":"product_cat-orvosi-hosszu-ujju","14":"first","15":"instock","16":"taxable","17":"shipping-taxable","18":"purchasable","19":"product-type-variable"},"acf":[],"_links":{"self":[{"href":"https:\/\/medandbeauty.com\/hu\/wp-json\/wp\/v2\/product\/574799","targetHints":{"allow":["GET"]}}],"collection":[{"href":"https:\/\/medandbeauty.com\/hu\/wp-json\/wp\/v2\/product"}],"about":[{"href":"https:\/\/medandbeauty.com\/hu\/wp-json\/wp\/v2\/types\/product"}],"replies":[{"embeddable":true,"href":"https:\/\/medandbeauty.com\/hu\/wp-json\/wp\/v2\/comments?post=574799"}],"wp:featuredmedia":[{"embeddable":true,"href":"https:\/\/medandbeauty.com\/hu\/wp-json\/wp\/v2\/media\/647032"}],"wp:attachment":[{"href":"https:\/\/medandbeauty.com\/hu\/wp-json\/wp\/v2\/media?parent=574799"}],"wp:term":[{"taxonomy":"kolor","embeddable":true,"href":"https:\/\/medandbeauty.com\/hu\/wp-json\/wp\/v2\/kolor?post=574799"},{"taxonomy":"rodzaj-ubrania","embeddable":true,"href":"https:\/\/medandbeauty.com\/hu\/wp-json\/wp\/v2\/rodzaj-ubrania?post=574799"},{"taxonomy":"ubranie","embeddable":true,"href":"https:\/\/medandbeauty.com\/hu\/wp-json\/wp\/v2\/ubranie?post=574799"},{"taxonomy":"product_brand","embeddable":true,"href":"https:\/\/medandbeauty.com\/hu\/wp-json\/wp\/v2\/product_brand?post=574799"},{"taxonomy":"product_cat","embeddable":true,"href":"https:\/\/medandbeauty.com\/hu\/wp-json\/wp\/v2\/product_cat?post=574799"},{"taxonomy":"product_tag","embeddable":true,"href":"https:\/\/medandbeauty.com\/hu\/wp-json\/wp\/v2\/product_tag?post=574799"}],"curies":[{"name":"wp","href":"https:\/\/api.w.org\/{rel}","templated":true}]}}