{"id":635838,"date":"2025-12-01T17:58:18","date_gmt":"2025-12-01T16:58:18","guid":{"rendered":"https:\/\/medandbeauty.com\/product\/noi-orvosi-bluz-mutosruha-basic-rose\/"},"modified":"2026-04-07T06:54:41","modified_gmt":"2026-04-07T04:54:41","slug":"noi-orvosi-bluz-mutosruha-basic-rose","status":"publish","type":"product","link":"https:\/\/medandbeauty.com\/hu\/product\/noi-orvosi-bluz-mutosruha-basic-rose\/","title":{"rendered":"N\u0151i orvosi bl\u00faz m\u0171t\u0151sruha Basic ROSE"},"content":{"rendered":"<p style=\"font-weight: 400;\">Fedezze fel <strong><a href=\"https:\/\/medandbeauty.com\/hu\/shop\/neki\/basic-kollekcio\/\" target=\"_blank\" rel=\"noopener\">a klasszikus Basic b\u0151rrad\u00edrokat<\/a><\/strong>, amelyekbe v\u00e1s\u00e1rl\u00f3ink ezrei szerettek bele!<\/p>\n<p style=\"font-weight: 400;\">Ha hossz\u00fa \u00f3r\u00e1kat t\u00f6lt a munkahely\u00e9n,<strong> olyan orvosi ruh\u00e1zatra <\/strong>van sz\u00fcks\u00e9ge,<strong> amely <\/strong>maxim\u00e1lis k\u00e9nyelmet biztos\u00edt. <strong>A m\u0171t\u0151sruha Basic Rose n\u0151i orvosi bl\u00faz<\/strong> a legjobb min\u0151s\u00e9g\u0171 <strong>anyagokb\u00f3l k\u00e9sz\u00fclt<\/strong>.<\/p>\n<p style=\"font-weight: 400;\">A poli\u00e9szter, a viszk\u00f3z \u00e9s a lycra kombin\u00e1ci\u00f3j\u00e1nak k\u00f6sz\u00f6nhet\u0151en az anyag nagyon tart\u00f3s, puha, kellemes tapint\u00e1s\u00fa, minden testalkathoz alkalmazkodik, nem korl\u00e1tozza a mozg\u00e1st, \u00e9s &#8211; ami rendk\u00edv\u00fcl fontos az <strong>orvosi ruh\u00e1zat<\/strong> eset\u00e9ben &#8211; l\u00e9g\u00e1tereszt\u0151 \u00e9s l\u00e9legz\u0151.<\/p>\n<p style=\"font-weight: 400;\"><strong>A n\u0151i m\u0171t\u0151sruha Basic Rose orvosi bl\u00faz ide\u00e1lis alapja <\/strong>egy praktikus \u00e9s id\u0151t\u00e1ll\u00f3 orvosi <strong>ruhat\u00e1rnak<\/strong>.<\/p>\n<p style=\"font-weight: 400;\">K\u00e9t t\u00e1gas \u00e9s praktikus zsebbel van felszerelve, amelyekben a munk\u00e1hoz sz\u00fcks\u00e9ges \u00f6sszes szersz\u00e1m \u00e9s tartoz\u00e9k t\u00e1rolhat\u00f3.<\/p>\n<p style=\"font-weight: 400;\">A klasszikus V-nyak optikailag meghosszabb\u00edtja az alakot, a keskeny\u00edtett der\u00e9kvonal kiemeli a n\u0151i alak minden el\u0151ny\u00e9t, az ujjak hossza (majdnem k\u00f6ny\u00e9kig \u00e9r) pedig v\u00e9delmet ny\u00fajt a v\u00e1llaknak, mik\u00f6zben nem korl\u00e1tozza a mozg\u00e1st.<\/p>\n<p style=\"font-weight: 400;\">P\u00e1ros\u00edtsa <strong>a n\u0151i m\u0171t\u0151s\u00f6k Basic orvosi bl\u00faz\u00e1t r\u00f3zsasz\u00edn\u0171 orvosi<\/strong> <strong>joggerrel vagy klasszikus <\/strong>prost\u00e9 <strong>orvosi nadr\u00e1ggal ugyanabban a sz\u00ednben<\/strong>, vagy v\u00e1lasszon m\u00e1s \u00e1rnyalatot a sok k\u00f6z\u00fcl, amelyek a term\u00e9kk\u00edn\u00e1latban rendelkez\u00e9sre \u00e1llnak. <a href=\"https:\/\/medandbeauty.com\/hu\/shop\/neki\/basic-kollekcio\/\" target=\"_blank\" rel=\"noopener\"><strong>Med &amp; Beauty Basic kollekci\u00f3b\u00f3l<\/strong><\/a>.<\/p>\n<p style=\"font-weight: 400;\">Biztos\u00edtsa a maxim\u00e1lis k\u00e9nyelmet \u00e9s a professzion\u00e1lis megjelen\u00e9st a munkahely\u00e9n az<strong> orvosi m\u0171t\u0151sruh\u00e1kkal.<\/strong> <a href=\"https:\/\/medandbeauty.com\/hu\/shop\/neki\/basic-kollekcio\/\" target=\"_blank\" rel=\"noopener\"><strong>Med &amp; Beauty Basic<\/strong><\/a>.<\/p>\n<p>Gy\u0151z\u0151dj\u00f6n meg r\u00f3la, hogy a meleg gyapj\u00fa  <a href=\"https:\/\/medandbeauty.com\/hu\/shop\/neki\/basic-kollekcio\/orvosi-bluzok-hu\/\" target=\"_blank\" rel=\"noopener\">orvosi bl\u00fazok<\/a>  tan\u00fas\u00edtott l\u00e9g\u00e1tereszt\u0151 anyagb\u00f3l k\u00e9sz\u00fclt!<\/p>\n<ul>\n<li style=\"font-weight: 400;\">K\u00e9t nagy, praktikus \u00e9s t\u00e1gas zseb<\/li>\n<li style=\"font-weight: 400;\"><span style=\"font-family: inherit;\">Kont\u00faros der\u00e9kr\u00e9sz<\/span><\/li>\n<li style=\"font-weight: 400;\"><span style=\"font-family: inherit;\">Klasszikus v-nyak\u00fa<\/span><\/li>\n<li style=\"font-weight: 400;\"><span style=\"font-family: inherit;\">K\u00e9nyelmes, r\u00f6vid ujj\u00fa<\/span><\/li>\n<\/ul>\n<p>&nbsp;<\/p>\n<p style=\"font-weight: 400;\"><strong>Tov\u00e1bbi inform\u00e1ci\u00f3k:<\/strong><br \/>\nA k\u00e9peken l\u00e1that\u00f3 modellek S-es m\u00e9retet viselnek, \u00e9s 170-174 cm magasak.<\/p>\n<p style=\"font-weight: 400;\">Ha nem tudja, milyen m\u00e9retet v\u00e1lasszon &#8211; n\u00e9zze meg a m\u00e9rett\u00e1bl\u00e1zatot. Ha tov\u00e1bbi k\u00e9ts\u00e9gek mer\u00fclnek fel &#8211; k\u00fcldje el nek\u00fcnk a m\u00e9reteit, \u00e9s mi m\u00e9retre szabjuk \u00d6nnek. <\/p>\n<p style=\"font-weight: 400;\">A <a href=\"https:\/\/medandbeauty.com\/hu\/shop\/neki\/basic-kollekcio\/\" target=\"_blank\" rel=\"noopener\">Basic kollekci\u00f3<\/a> ruhadarabjainak sz\u00ednei nem egyeznek a <a href=\"https:\/\/medandbeauty.com\/hu\/shop\/neki\/premium-kollekcio\/\" target=\"_blank\" rel=\"noopener\">Premium kollekci\u00f3<\/a> sz\u00edneivel &#8211; m\u00e1s anyagb\u00f3l k\u00e9sz\u00fcltek.<\/p>\n<p style=\"font-weight: 400;\">A k\u00e9peken l\u00e1that\u00f3 egyes ruhadarabok \u00e1rnyalatai elt\u00e9rhetnek a t\u00e9nylegesekt\u0151l &#8211; ez a k\u00fcl\u00f6nb\u00f6z\u0151 elektronikus berendez\u00e9sek \u00e9s azok egyedi be\u00e1ll\u00edt\u00e1sai miatt van \u00edgy.<\/p>\n","protected":false},"excerpt":{"rendered":"<p>Fedezze fel a klasszikus Basic b\u0151rrad\u00edrokat, amelyekbe v\u00e1s\u00e1rl\u00f3ink ezrei szerettek bele! Ha hossz\u00fa \u00f3r\u00e1kat t\u00f6lt a munkahely\u00e9n, olyan orvosi ruh\u00e1zatra van sz\u00fcks\u00e9ge, amely maxim\u00e1lis k\u00e9nyelmet biztos\u00edt. A m\u0171t\u0151sruha Basic Rose n\u0151i orvosi bl\u00faz a legjobb min\u0151s\u00e9g\u0171 anyagokb\u00f3l k\u00e9sz\u00fclt. A poli\u00e9szter, a viszk\u00f3z \u00e9s a lycra kombin\u00e1ci\u00f3j\u00e1nak k\u00f6sz\u00f6nhet\u0151en az anyag nagyon tart\u00f3s, puha, kellemes tapint\u00e1s\u00fa, minden [&hellip;]<\/p>\n","protected":false},"featured_media":632859,"comment_status":"open","ping_status":"closed","template":"","meta":{"_acf_changed":false,"inline_featured_image":false},"kolor":[1900],"rodzaj-ubrania":[1877,1882],"ubranie":[1906],"product_brand":[],"product_cat":[1888,1891,1887,1890],"product_tag":[],"class_list":{"0":"post-635838","1":"product","2":"type-product","3":"status-publish","4":"has-post-thumbnail","6":"kolor-rozsak","7":"rodzaj-ubrania-orvosi-bluzok","8":"rodzaj-ubrania-scrubs-hu","9":"ubranie-noi-orvosi-bluz-mutosruha-basic","10":"product_cat-basic-kollekcio","11":"product_cat-bozotosok","12":"product_cat-neki","13":"product_cat-orvosi-bluzok","15":"first","16":"instock","17":"taxable","18":"shipping-taxable","19":"purchasable","20":"product-type-variable"},"acf":[],"_links":{"self":[{"href":"https:\/\/medandbeauty.com\/hu\/wp-json\/wp\/v2\/product\/635838","targetHints":{"allow":["GET"]}}],"collection":[{"href":"https:\/\/medandbeauty.com\/hu\/wp-json\/wp\/v2\/product"}],"about":[{"href":"https:\/\/medandbeauty.com\/hu\/wp-json\/wp\/v2\/types\/product"}],"replies":[{"embeddable":true,"href":"https:\/\/medandbeauty.com\/hu\/wp-json\/wp\/v2\/comments?post=635838"}],"wp:featuredmedia":[{"embeddable":true,"href":"https:\/\/medandbeauty.com\/hu\/wp-json\/wp\/v2\/media\/632859"}],"wp:attachment":[{"href":"https:\/\/medandbeauty.com\/hu\/wp-json\/wp\/v2\/media?parent=635838"}],"wp:term":[{"taxonomy":"kolor","embeddable":true,"href":"https:\/\/medandbeauty.com\/hu\/wp-json\/wp\/v2\/kolor?post=635838"},{"taxonomy":"rodzaj-ubrania","embeddable":true,"href":"https:\/\/medandbeauty.com\/hu\/wp-json\/wp\/v2\/rodzaj-ubrania?post=635838"},{"taxonomy":"ubranie","embeddable":true,"href":"https:\/\/medandbeauty.com\/hu\/wp-json\/wp\/v2\/ubranie?post=635838"},{"taxonomy":"product_brand","embeddable":true,"href":"https:\/\/medandbeauty.com\/hu\/wp-json\/wp\/v2\/product_brand?post=635838"},{"taxonomy":"product_cat","embeddable":true,"href":"https:\/\/medandbeauty.com\/hu\/wp-json\/wp\/v2\/product_cat?post=635838"},{"taxonomy":"product_tag","embeddable":true,"href":"https:\/\/medandbeauty.com\/hu\/wp-json\/wp\/v2\/product_tag?post=635838"}],"curies":[{"name":"wp","href":"https:\/\/api.w.org\/{rel}","templated":true}]}}