{"id":645460,"date":"2025-10-31T14:09:49","date_gmt":"2025-10-31T13:09:49","guid":{"rendered":"https:\/\/medandbeauty.com\/product\/noi-rovid-ujju-orvosi-boritek-tunika-premium-mocca\/"},"modified":"2025-12-18T10:06:01","modified_gmt":"2025-12-18T09:06:01","slug":"noi-rovid-ujju-orvosi-boritek-tunika-premium-mocca","status":"publish","type":"product","link":"https:\/\/medandbeauty.com\/hu\/product\/noi-rovid-ujju-orvosi-boritek-tunika-premium-mocca\/","title":{"rendered":"N\u0151i r\u00f6vid ujj\u00fa orvosi bor\u00edt\u00e9k tunika Premium Mocca"},"content":{"rendered":"<p><strong>A pr\u00e9mium r\u00f6vid ujj\u00fa orvosi bor\u00edt\u00e9k tunika Mocca sz\u00ednben <\/strong>t\u00f6k\u00e9letes v\u00e1laszt\u00e1s a melegebb napokra, de nem csak!<\/p>\n<p>A der\u00e9ksz\u00edjjal ell\u00e1tott eleg\u00e1ns szab\u00e1s biztosan tetszeni fog az orvosi \u00e9s sz\u00e9ps\u00e9giparban dolgoz\u00f3 n\u0151knek, akik szeretik a klasszikusokat \u00e9s a minimalizmust.<\/p>\n<p><strong>A pr\u00e9mium r\u00f6vid ujj\u00fa orvosi bor\u00edt\u00e9ktunik\u00e1t Mocca sz\u00ednben<\/strong> a legjobb min\u0151s\u00e9g\u0171 pamut, nejlon \u00e9s lycra kever\u00e9k\u00e9b\u0151l <strong>k\u00e9sz\u00edtett\u00e9k<\/strong>.<\/p>\n<p>Az anyagban l\u00e9v\u0151 sz\u00e1lak ezen kombin\u00e1ci\u00f3ja azt jelenti, hogy <strong>a <a href=\"https:\/\/medandbeauty.com\/hu\/shop\/neki\/premium-kollekcio\/\" target=\"_blank\" rel=\"noopener\">Med&amp;Beauty Premium kollekci\u00f3<\/a> r\u00f6vid ujj\u00fa, bor\u00edt\u00e9kolhat\u00f3 takar\u00f3fels\u0151i<\/strong> t\u00f6k\u00e9letesen illeszkednek a n\u0151i alakhoz, \u00e9s teljes k\u00e9nyelmet biztos\u00edtanak a hossz\u00fa \u00f3r\u00e1kon \u00e1t tart\u00f3 munka sor\u00e1n.<\/p>\n<p>A <strong>Med &amp; Beauty<\/strong> \u00e1ltal gy\u00e1rtott <strong>orvosi fels\u0151ruh\u00e1zat<\/strong> minden modellje t\u00e1gas \u00e9s praktikus zsebekkel van felszerelve, amelyek lehet\u0151v\u00e9 teszik, hogy minden olyan dolgot elpakoljon, amit k\u00e9zn\u00e9l szeretne tartani.<\/p>\n<p><strong>A pr\u00e9mium r\u00f6vid ujj\u00fa orvosi bor\u00edt\u00e9kos tunika Mocca sz\u00edn\u0171 pr\u00e9mium r\u00f6vid ujj\u00fa ruh\u00e1j\u00e1nak <\/strong>hatalmas f\u00e9nypontja a nyakkiv\u00e1g\u00e1sn\u00e1l l\u00e9v\u0151 r\u00f6gz\u00edt\u00e9s. A maxim\u00e1lis k\u00e9nyelem \u00e9rdek\u00e9ben rejtett gombbal \u00e9s r\u00f6gz\u00edt\u0151vel l\u00e1ttuk el.<\/p>\n<p>A sz\u00edv alak\u00fa nyakkiv\u00e1g\u00e1s egyszerre id\u0151tlen \u00e9s modern, a tunika hossz\u00e1t pedig \u00fagy v\u00e1lasztottuk meg, hogy az b\u00e1rmilyen t\u00edpus\u00fa n\u0151i alakon sz\u00e9pen \u00fclj\u00f6n.<\/p>\n<p><strong>A Med &amp; Beauty-<\/strong> n\u00e1l nemcsak a visel\u00e9si k\u00e9nyelemre, hanem az eszt\u00e9tikus \u00e9s professzion\u00e1lis megjelen\u00e9sre is \u00f6sszpontos\u00edtunk <strong>.<\/strong> A<strong> pr\u00e9mium r\u00f6vid ujj\u00fa orvosi bor\u00edt\u00e9ktunik\u00e1t <\/strong><b>Mocca<\/b><strong> sz\u00ednben <\/strong> egy der\u00e9k\u00f6vvel<b>eg\u00e9sz\u00edtett\u00fck ki<\/b>, amely t\u00f6k\u00e9letesen kiemeli a n\u0151i alak minden el\u0151ny\u00e9t. <\/p>\n<p><strong>A pr\u00e9mium r\u00f6vid ujj\u00fa orvosi bor\u00edt\u00e9k tunika Mocca sz\u00ednben <\/strong>remek\u00fcl<strong>mutat <\/strong> <strong>a hozz\u00e1 tartoz\u00f3 orvosi nadr\u00e1ggal,<\/strong> amely ugyanabb\u00f3l az anyagb\u00f3l k\u00e9sz\u00fclt.<\/p>\n<p>P\u00e1ros\u00edtsa <strong>az orvosi nadr\u00e1got<\/strong> azonos sz\u00ednben vagy b\u00e1rmelyik \u00e1rnyalatot a k\u00edn\u00e1latunkban el\u00e9rhet\u0151 sz\u00e1mos \u00e1rnyalat k\u00f6z\u00fcl.<\/p>\n<ul>\n<li>K\u00e9t t\u00e1gas, nagy zseb<\/li>\n<li><span style=\"font-family: inherit;\">K\u00fapos der\u00e9kr\u00e9sz \u00f6vvel  <\/span><\/li>\n<li><span style=\"font-family: inherit;\">Nap Nap a nyakkiv\u00e1g\u00e1sn\u00e1l a maxim\u00e1lis k\u00e9nyelem \u00e9rdek\u00e9ben<\/span><\/li>\n<li><span style=\"font-family: inherit;\">R\u00f6vid ujj\u00fa<\/span><\/li>\n<li><span style=\"font-family: inherit;\">H\u00edmz\u00e9ssel szem\u00e9lyre szabhat\u00f3<\/span><\/li>\n<\/ul>\n<p>&nbsp;<\/p>\n<p><strong>Tov\u00e1bbi inform\u00e1ci\u00f3k:<\/strong><br \/>\nA k\u00e9peken l\u00e1that\u00f3 modellek S-es m\u00e9retet viselnek, \u00e9s 170-174 cm magasak.<\/p>\n<p>Ha nem tudja, milyen m\u00e9retet v\u00e1lasszon &#8211; n\u00e9zze meg a m\u00e9rett\u00e1bl\u00e1zatot. Ha tov\u00e1bbi k\u00e9ts\u00e9gek mer\u00fclnek fel &#8211; k\u00fcldje el nek\u00fcnk a m\u00e9reteit, \u00e9s mi m\u00e9retre szabjuk \u00d6nnek. <\/p>\n<p>A <a href=\"https:\/\/medandbeauty.com\/hu\/shop\/neki\/premium-kollekcio\/\" target=\"_blank\" rel=\"noopener\">Premium kollekci\u00f3<\/a> ruhadarabjainak sz\u00ednei nem egyeznek a <a href=\"https:\/\/medandbeauty.com\/hu\/shop\/neki\/basic-kollekcio\/\" target=\"_blank\" rel=\"noopener\">Basic kollekci\u00f3<\/a> sz\u00edneivel &#8211; m\u00e1s anyagb\u00f3l k\u00e9sz\u00fcltek.<\/p>\n<p>A k\u00e9peken l\u00e1that\u00f3 egyes ruhadarabok \u00e1rnyalatai elt\u00e9rhetnek a t\u00e9nylegesekt\u0151l &#8211; ez a k\u00fcl\u00f6nb\u00f6z\u0151 elektronikus berendez\u00e9sek \u00e9s azok egyedi be\u00e1ll\u00edt\u00e1sai miatt van \u00edgy.<\/p>\n","protected":false},"excerpt":{"rendered":"<p>A pr\u00e9mium r\u00f6vid ujj\u00fa orvosi bor\u00edt\u00e9k tunika Mocca sz\u00ednben t\u00f6k\u00e9letes v\u00e1laszt\u00e1s a melegebb napokra, de nem csak! A der\u00e9ksz\u00edjjal ell\u00e1tott eleg\u00e1ns szab\u00e1s biztosan tetszeni fog az orvosi \u00e9s sz\u00e9ps\u00e9giparban dolgoz\u00f3 n\u0151knek, akik szeretik a klasszikusokat \u00e9s a minimalizmust. A pr\u00e9mium r\u00f6vid ujj\u00fa orvosi bor\u00edt\u00e9ktunik\u00e1t Mocca sz\u00ednben a legjobb min\u0151s\u00e9g\u0171 pamut, nejlon \u00e9s lycra kever\u00e9k\u00e9b\u0151l k\u00e9sz\u00edtett\u00e9k. [&hellip;]<\/p>\n","protected":false},"featured_media":576567,"comment_status":"open","ping_status":"closed","template":"","meta":{"_acf_changed":false,"inline_featured_image":false},"kolor":[1921],"rodzaj-ubrania":[1885],"ubranie":[1925],"product_brand":[],"product_cat":[1887,1923,1902],"product_tag":[],"class_list":{"0":"post-645460","1":"product","2":"type-product","3":"status-publish","4":"has-post-thumbnail","6":"kolor-beiges-hu","7":"rodzaj-ubrania-orvosi-tunikak","8":"ubranie-premium-rovid-ujju-noi-orvosi-boritek-tunika","9":"product_cat-neki","10":"product_cat-orvosi-tunikak","11":"product_cat-premium-kollekcio","13":"first","14":"instock","15":"taxable","16":"shipping-taxable","17":"purchasable","18":"product-type-variable"},"acf":[],"_links":{"self":[{"href":"https:\/\/medandbeauty.com\/hu\/wp-json\/wp\/v2\/product\/645460","targetHints":{"allow":["GET"]}}],"collection":[{"href":"https:\/\/medandbeauty.com\/hu\/wp-json\/wp\/v2\/product"}],"about":[{"href":"https:\/\/medandbeauty.com\/hu\/wp-json\/wp\/v2\/types\/product"}],"replies":[{"embeddable":true,"href":"https:\/\/medandbeauty.com\/hu\/wp-json\/wp\/v2\/comments?post=645460"}],"wp:featuredmedia":[{"embeddable":true,"href":"https:\/\/medandbeauty.com\/hu\/wp-json\/wp\/v2\/media\/576567"}],"wp:attachment":[{"href":"https:\/\/medandbeauty.com\/hu\/wp-json\/wp\/v2\/media?parent=645460"}],"wp:term":[{"taxonomy":"kolor","embeddable":true,"href":"https:\/\/medandbeauty.com\/hu\/wp-json\/wp\/v2\/kolor?post=645460"},{"taxonomy":"rodzaj-ubrania","embeddable":true,"href":"https:\/\/medandbeauty.com\/hu\/wp-json\/wp\/v2\/rodzaj-ubrania?post=645460"},{"taxonomy":"ubranie","embeddable":true,"href":"https:\/\/medandbeauty.com\/hu\/wp-json\/wp\/v2\/ubranie?post=645460"},{"taxonomy":"product_brand","embeddable":true,"href":"https:\/\/medandbeauty.com\/hu\/wp-json\/wp\/v2\/product_brand?post=645460"},{"taxonomy":"product_cat","embeddable":true,"href":"https:\/\/medandbeauty.com\/hu\/wp-json\/wp\/v2\/product_cat?post=645460"},{"taxonomy":"product_tag","embeddable":true,"href":"https:\/\/medandbeauty.com\/hu\/wp-json\/wp\/v2\/product_tag?post=645460"}],"curies":[{"name":"wp","href":"https:\/\/api.w.org\/{rel}","templated":true}]}}