{"id":696659,"date":"2026-01-29T20:31:24","date_gmt":"2026-01-29T19:31:24","guid":{"rendered":"https:\/\/medandbeauty.com\/product\/noi-orvosi-nadrag-flare-mutosnadrag-basic-kakao\/"},"modified":"2026-03-11T23:57:39","modified_gmt":"2026-03-11T22:57:39","slug":"noi-orvosi-nadrag-flare-mutosnadrag-basic-kakao","status":"publish","type":"product","link":"https:\/\/medandbeauty.com\/hu\/product\/noi-orvosi-nadrag-flare-mutosnadrag-basic-kakao\/","title":{"rendered":"N\u0151i orvosi nadr\u00e1g FLARE m\u0171t\u0151snadr\u00e1g Basic KAKAO"},"content":{"rendered":"<p>Most kaphat\u00f3 &#8211; a legkelend\u0151bb <strong>orvosi nadr\u00e1gunk mostant\u00f3l FLARE b\u0151v\u00edtett szab\u00e1sban!<\/strong><\/p>\n<p><span style=\"color: #000000;\">Ha a legjobb min\u0151s\u00e9g\u0171 anyagokb\u00f3l k\u00e9sz\u00fclt orvosi ruh\u00e1zatot szeretne a maxim\u00e1lis k\u00e9nyelem \u00e9rdek\u00e9ben &#8211; a mi<strong> <\/strong> oldalunkon. <\/span><strong><span style=\"color: #000000;\">Flare Basic orvosi nadr\u00e1g kaka\u00f3 sz\u00ednben<\/span><\/strong><span style=\"color: #000000;\"> az \u00d6n ruhat\u00e1r\u00e1nak k\u00f6telez\u0151 darabja.<\/span><\/p>\n<p style=\"color: #000000;\"><strong>A Flare m\u0171t\u0151snadr\u00e1g Basic Cocoa n\u0151i orvosi nadr\u00e1got <\/strong>puha tapint\u00e1s\u00fa \u00e9s rendk\u00edv\u00fcl kellemes viselet\u0171 anyagb\u00f3l <strong>varrt\u00e1k <\/strong>, amely maxim\u00e1lis k\u00e9nyelmet biztos\u00edt a visel\u00e9s sor\u00e1n \u00e9s a teljes mozg\u00e1startom\u00e1ny fenntart\u00e1s\u00e1ban.<\/p>\n<p style=\"color: #000000;\">A poli\u00e9szter, a viszk\u00f3z \u00e9s a lycra kombin\u00e1ci\u00f3ja miatt az anyag t\u00f6k\u00e9letesen illeszkedik a n\u0151i alakhoz, valamint rendk\u00edv\u00fcl tart\u00f3s \u00e9s nagyon l\u00e9g\u00e1tereszt\u0151.<\/p>\n<p><span style=\"color: #000000;\">A 100%-os k\u00e9nyelmet az enyh\u00e9n magas der\u00e9kr\u00e9sz \u00e9s a sz\u00e9les, rugalmas der\u00e9kp\u00e1nt garant\u00e1lja, amely a m\u00e9ret k\u00f6nny\u0171 be\u00e1ll\u00edt\u00e1s\u00e1hoz h\u00faz\u00f3zsin\u00f3rral rendelkezik.<\/span><strong style=\"color: #000000;\">. <\/strong><strong><span style=\"color: #000000;\">Orvosi nadr\u00e1g a Med &amp; Beauty term\u00e9kk\u00edn\u00e1lat\u00e1b\u00f3l.<\/span><\/strong><span style=\"color: #000000;\"> nem korl\u00e1tozza a mozg\u00e1st, m\u00e9g hosszan tart\u00f3 visel\u00e9s eset\u00e9n sem.<\/span><\/p>\n<p style=\"color: #000000;\">A <strong>Flare orvosi nadr\u00e1g kaka\u00f3 sz\u00ednben <\/strong>b\u00e1rmilyen st\u00edlushoz j\u00f3l <strong>illik <\/strong>, a n\u00e9gy t\u00e1gas \u00e9s praktikus zseb pedig lehet\u0151v\u00e9 teszi, hogy minden munkaeszk\u00f6z\u00e9t \u00e9s szersz\u00e1m\u00e1t k\u00e9zn\u00e9l tartsa.<\/p>\n<p><span style=\"color: #000000;\">\u00c1ll\u00edtsa \u00f6ssze \u00e1lmai szettj\u00e9t <\/span><strong style=\"color: #000000;\">az orvosi ruh\u00e1zatb\u00f3l<\/strong><span style=\"color: #000000;\">a k\u00f6vetkez\u0151kkel \u00f6sszep\u00e1ros\u00edtva<\/span><strong><span style=\"color: #000000;\"> Flare Kakao n\u0151i orvosi nadr\u00e1g k\u00e9t zsebbel, egy zsebes orvosi bl\u00faz <\/span><\/strong><span style=\"color: #000000;\">vagy \u00fajdons\u00e1gunk &#8211; a <\/span><strong><span style=\"color: #000000;\">Flex orvosi bl\u00faz<\/span><\/strong><span style=\"color: #000000;\"> amely azonos anyagb\u00f3l k\u00e9sz\u00fclt.<\/span><\/p>\n<p style=\"color: #000000;\">Keverje szabadon a sz\u00edneket, \u00e9s hozzon l\u00e9tre egyedi megjelen\u00e9st, vagy v\u00e1lasszon klasszikus \u00e9s id\u0151tlen egysz\u00edn\u0171 megjelen\u00e9st.<\/p>\n<ul style=\"color: #000000;\">\n<li>Elasztikus der\u00e9kp\u00e1nt h\u00faz\u00f3zsin\u00f3rral<\/li>\n<li><span style=\"font-family: inherit;\">4 praktikus \u00e9s t\u00e1gas zseb<\/span><\/li>\n<li><span style=\"font-family: inherit;\">Kiterjesztett l\u00e1bak<\/span><\/li>\n<li><span style=\"font-family: inherit;\">Nagy emelked\u00e9s az alak hangs\u00falyoz\u00e1s\u00e1ra<\/span><\/li>\n<\/ul>\n<p style=\"color: #000000;\"><strong> <\/strong><\/p>\n<p style=\"color: #000000;\"><strong>Tov\u00e1bbi inform\u00e1ci\u00f3k:<\/strong><br \/>\nA k\u00e9peken l\u00e1that\u00f3 modellek S-es m\u00e9retet viselnek, \u00e9s 170-174 cm magasak.<\/p>\n<p style=\"color: #000000;\">Ha nem tudja, milyen m\u00e9retet v\u00e1lasszon &#8211; n\u00e9zze meg a m\u00e9rett\u00e1bl\u00e1zatot. Ha tov\u00e1bbi k\u00e9ts\u00e9gek mer\u00fclnek fel &#8211; k\u00fcldje el nek\u00fcnk a m\u00e9reteit, \u00e9s mi m\u00e9retre szabjuk \u00d6nnek. <\/p>\n<p style=\"color: #000000;\">A<a href=\"https:\/\/medandbeauty.com\/hu\/shop\/neki\/basic-kollekcio\/\" target=\"_blank\" rel=\"noopener\"> Basic kollekci\u00f3<\/a> ruhadarabjainak sz\u00ednei nem egyeznek a <a href=\"https:\/\/medandbeauty.com\/hu\/shop\/neki\/premium-kollekcio\/\" target=\"_blank\" rel=\"noopener\">Premium kollekci\u00f3<\/a> sz\u00edneivel &#8211; m\u00e1s anyagb\u00f3l k\u00e9sz\u00fcltek.<\/p>\n<p style=\"color: #000000;\">A k\u00e9peken l\u00e1that\u00f3 egyes ruhadarabok \u00e1rnyalatai elt\u00e9rhetnek a t\u00e9nylegesekt\u0151l &#8211; ez a k\u00fcl\u00f6nb\u00f6z\u0151 elektronikus berendez\u00e9sek \u00e9s azok egyedi be\u00e1ll\u00edt\u00e1sai miatt van \u00edgy.<\/p>\n","protected":false},"excerpt":{"rendered":"<p>Most kaphat\u00f3 &#8211; a legkelend\u0151bb orvosi nadr\u00e1gunk mostant\u00f3l FLARE b\u0151v\u00edtett szab\u00e1sban! Ha a legjobb min\u0151s\u00e9g\u0171 anyagokb\u00f3l k\u00e9sz\u00fclt orvosi ruh\u00e1zatot szeretne a maxim\u00e1lis k\u00e9nyelem \u00e9rdek\u00e9ben &#8211; a mi oldalunkon. Flare Basic orvosi nadr\u00e1g kaka\u00f3 sz\u00ednben az \u00d6n ruhat\u00e1r\u00e1nak k\u00f6telez\u0151 darabja. A Flare m\u0171t\u0151snadr\u00e1g Basic Cocoa n\u0151i orvosi nadr\u00e1got puha tapint\u00e1s\u00fa \u00e9s rendk\u00edv\u00fcl kellemes viselet\u0171 anyagb\u00f3l varrt\u00e1k [&hellip;]<\/p>\n","protected":false},"featured_media":678240,"comment_status":"open","ping_status":"closed","template":"","meta":{"_acf_changed":false,"inline_featured_image":false},"kolor":[1896],"rodzaj-ubrania":[1883,1882],"ubranie":[1895],"product_brand":[],"product_cat":[1888,1891,1887,1892],"product_tag":[],"class_list":{"0":"post-696659","1":"product","2":"type-product","3":"status-publish","4":"has-post-thumbnail","6":"kolor-browns-hu","7":"rodzaj-ubrania-orvosi-nadragok","8":"rodzaj-ubrania-scrubs-hu","9":"ubranie-noi-orvosi-nadrag-faklya-faklya-mutosruha-basic","10":"product_cat-basic-kollekcio","11":"product_cat-bozotosok","12":"product_cat-neki","13":"product_cat-orvosi-nadrag","15":"first","16":"instock","17":"taxable","18":"shipping-taxable","19":"purchasable","20":"product-type-variable"},"acf":[],"_links":{"self":[{"href":"https:\/\/medandbeauty.com\/hu\/wp-json\/wp\/v2\/product\/696659","targetHints":{"allow":["GET"]}}],"collection":[{"href":"https:\/\/medandbeauty.com\/hu\/wp-json\/wp\/v2\/product"}],"about":[{"href":"https:\/\/medandbeauty.com\/hu\/wp-json\/wp\/v2\/types\/product"}],"replies":[{"embeddable":true,"href":"https:\/\/medandbeauty.com\/hu\/wp-json\/wp\/v2\/comments?post=696659"}],"wp:featuredmedia":[{"embeddable":true,"href":"https:\/\/medandbeauty.com\/hu\/wp-json\/wp\/v2\/media\/678240"}],"wp:attachment":[{"href":"https:\/\/medandbeauty.com\/hu\/wp-json\/wp\/v2\/media?parent=696659"}],"wp:term":[{"taxonomy":"kolor","embeddable":true,"href":"https:\/\/medandbeauty.com\/hu\/wp-json\/wp\/v2\/kolor?post=696659"},{"taxonomy":"rodzaj-ubrania","embeddable":true,"href":"https:\/\/medandbeauty.com\/hu\/wp-json\/wp\/v2\/rodzaj-ubrania?post=696659"},{"taxonomy":"ubranie","embeddable":true,"href":"https:\/\/medandbeauty.com\/hu\/wp-json\/wp\/v2\/ubranie?post=696659"},{"taxonomy":"product_brand","embeddable":true,"href":"https:\/\/medandbeauty.com\/hu\/wp-json\/wp\/v2\/product_brand?post=696659"},{"taxonomy":"product_cat","embeddable":true,"href":"https:\/\/medandbeauty.com\/hu\/wp-json\/wp\/v2\/product_cat?post=696659"},{"taxonomy":"product_tag","embeddable":true,"href":"https:\/\/medandbeauty.com\/hu\/wp-json\/wp\/v2\/product_tag?post=696659"}],"curies":[{"name":"wp","href":"https:\/\/api.w.org\/{rel}","templated":true}]}}