{"id":129540,"date":"2024-06-19T10:49:13","date_gmt":"2024-06-19T08:49:13","guid":{"rendered":"https:\/\/medandbeauty.com\/?page_id=129540"},"modified":"2025-11-07T14:12:24","modified_gmt":"2025-11-07T13:12:24","slug":"regolamento-del-negozio-2","status":"publish","type":"page","link":"https:\/\/medandbeauty.com\/it\/regolamento-del-negozio-2\/","title":{"rendered":"Regolamento sugli sconti per gli studenti"},"content":{"rendered":"\n<h2 class=\"wp-block-heading\">\u00a71. Disposizioni generali<\/h2>\n\n<p>(1) Il programma di sconti per studenti (&#8220;Sconto per studenti&#8221;) si rivolge esclusivamente a persone in possesso di uno status di studente valido, comprovato da una carta dello studente o da un altro documento di diritto.<\/p>\n\n<p>2. Lo sconto per gli studenti \u00e8 del 15% e si applica a tutto l&#8217;assortimento, esclusi i prodotti outlet e le carte regalo.<\/p>\n\n<p>3 Lo sconto per studenti \u00e8 valido sia nel negozio online che nella cartoleria (previa presentazione dello status di studente attivo e della carta d&#8217;identit\u00e0 dello studente).<\/p>\n\n<h2 class=\"wp-block-heading\">\u00a72. Regole per usufruire dello sconto<\/h2>\n\n<p>1. Per poter utilizzare lo sconto studenti nel negozio online, devi aver effettuato il login con un account in cui il tuo status di studente sia stato verificato con successo.<\/p>\n\n<p>2. Una volta verificato il tuo status di studente, lo sconto verr\u00e0 calcolato automaticamente alla cassa quando aggiungerai i prodotti al carrello.<\/p>\n\n<p>(3) Lo status di studente verificato \u00e8 valido per un semestre accademico (in base alle date di validit\u00e0 della carta d&#8217;identit\u00e0), dopodich\u00e9 l&#8217;idoneit\u00e0 dovr\u00e0 essere riconfermata.<\/p>\n\n<p>4 Lo sconto studenti non \u00e8 cumulabile con altri sconti o promozioni.<\/p>\n\n<p>5 Se viene utilizzato un codice sconto diverso, lo sconto per studenti verr\u00e0 automaticamente sostituito dal nuovo sconto.<\/p>\n\n<h2 class=\"wp-block-heading\">\u00a73. Restrizioni e condizioni specifiche<\/h2>\n\n<p>1 Lo sconto studenti \u00e8 personale e pu\u00f2 essere utilizzato solo per acquisti effettuati per uso privato e non lavorativo.<\/p>\n\n<p>(2) In caso di acquisto con lo sconto studenti, non \u00e8 possibile emettere una fattura con partita IVA dell&#8217;acquirente o una fattura che documenti l&#8217;acquisto a nome dell&#8217;azienda.<\/p>\n\n<p>(3) Se desideri ottenere una fattura con IVA per la tua azienda, lo sconto per studenti non verr\u00e0 calcolato.<\/p>\n\n<p>4 Il cliente ha il diritto di scegliere:<\/p>\n\n<p>  a) effettuare un acquisto utilizzando lo sconto studenti, su base individuale (senza TIN), oppure<\/p>\n\n<p>  b) effettuare un acquisto senza sconto, con la possibilit\u00e0 di emettere una fattura con IVA all&#8217;azienda.<\/p>\n\n<p>(5) Usufruire dello sconto studenti equivale ad accettare il presente regolamento.<\/p>\n\n<h2 class=\"wp-block-heading\">\u00a74. Disposizioni finali<\/h2>\n\n<p>(1) L&#8217;organizzatore si riserva il diritto di modificare il regolamento in qualsiasi momento, nel rispetto delle leggi vigenti.<\/p>\n\n<p>2 Il contenuto attuale dei termini e delle condizioni \u00e8 disponibile sul sito web del negozio.<\/p>\n\n<p>(3) Le disposizioni del Codice Civile e le altre leggi applicabili si applicano alle questioni non coperte dal presente Regolamento.<\/p>\n","protected":false},"excerpt":{"rendered":"<p>\u00a71. Disposizioni generali (1) Il programma di sconti per studenti (&#8220;Sconto per studenti&#8221;) si rivolge esclusivamente a persone in possesso di uno status di studente valido, comprovato da una carta dello studente o da un altro documento di diritto. 2. Lo sconto per gli studenti \u00e8 del 15% e si applica a tutto l&#8217;assortimento, esclusi [&hellip;]<\/p>\n","protected":false},"author":18285,"featured_media":0,"parent":0,"menu_order":0,"comment_status":"closed","ping_status":"closed","template":"","meta":{"_acf_changed":false,"inline_featured_image":false,"footnotes":""},"class_list":["post-129540","page","type-page","status-publish","hentry"],"acf":[],"_links":{"self":[{"href":"https:\/\/medandbeauty.com\/it\/wp-json\/wp\/v2\/pages\/129540","targetHints":{"allow":["GET"]}}],"collection":[{"href":"https:\/\/medandbeauty.com\/it\/wp-json\/wp\/v2\/pages"}],"about":[{"href":"https:\/\/medandbeauty.com\/it\/wp-json\/wp\/v2\/types\/page"}],"author":[{"embeddable":true,"href":"https:\/\/medandbeauty.com\/it\/wp-json\/wp\/v2\/users\/18285"}],"replies":[{"embeddable":true,"href":"https:\/\/medandbeauty.com\/it\/wp-json\/wp\/v2\/comments?post=129540"}],"version-history":[{"count":6,"href":"https:\/\/medandbeauty.com\/it\/wp-json\/wp\/v2\/pages\/129540\/revisions"}],"predecessor-version":[{"id":584304,"href":"https:\/\/medandbeauty.com\/it\/wp-json\/wp\/v2\/pages\/129540\/revisions\/584304"}],"wp:attachment":[{"href":"https:\/\/medandbeauty.com\/it\/wp-json\/wp\/v2\/media?parent=129540"}],"curies":[{"name":"wp","href":"https:\/\/api.w.org\/{rel}","templated":true}]}}