{"id":31483,"date":"2023-09-06T12:22:34","date_gmt":"2023-09-06T10:22:34","guid":{"rendered":"https:\/\/medandbeauty.com\/informativa-sulla-privacy\/"},"modified":"2025-05-28T13:20:22","modified_gmt":"2025-05-28T11:20:22","slug":"informativa-sulla-privacy","status":"publish","type":"page","link":"https:\/\/medandbeauty.com\/it\/informativa-sulla-privacy\/","title":{"rendered":"Informativa sulla privacy"},"content":{"rendered":"<p>Indice dei contenuti &#8211; I.<br \/>Dati personali dell&#8217;amministratore &#8211; II.<br \/>Ambito di applicazione dei Termini e Condizioni, dati identificativi del Venditore &#8211; III.<br \/>Finalit\u00e0 e motivi del trattamento dei dati personali &#8211; IV.   Destinatari dei dati. <br \/>Trasferimenti di dati a paesi terzi &#8211; V.<br \/>Periodo di conservazione dei dati personali &#8211; VI.<br \/>Diritti dell&#8217;interessato &#8211; VII.  Processo decisionale automatizzato. <br \/>Profilazione &#8211; VIII.<br \/>Informativa sui cookie I.<br \/>Amministratore dei dati personali 1.<br \/>L&#8217;Amministratore informa che affida il trattamento dei dati personali ai seguenti soggetti: a) Edrone Sp.  z o.o., ul. <br \/>Lekarska 1, 31-203 Krak\u00f3w, NIP: 676-248-20-64, KRS: 0000537197 &#8211; al fine di utilizzare il sistema di mailing di edrone.me per l&#8217;invio della newsletter, b) USER.COM Sp. z o.o., ul. <br \/>Grzybowska 87, 00-844 Varsavia, NIP: 5272791969, KRS: 0000654981 &#8211; per utilizzare il sistema di marketing automation e mailing di user.com per inviare newsletter, gestire la comunicazione del marchio via e-mail e SMS, tracciare l&#8217;attivit\u00e0 degli utenti su c) GRUPA ALTER REMIGIUSZ \u015aLIWKA ul. D\u0119bowa 6A 56-400 Spalice NIP: PL9111078576 (e-mail: kontakt@weblo.pl, tel. +48 571 201 007, URL: www.weblo.pl) &#8211; supporto al sito, responsabile della sicurezza del negozio, dell&#8217;elaborazione dei dati ai fini della manutenzione e dell&#8217;amministrazione del negozio.<\/p>\n<p>(2) L&#8217;Amministratore informa che utilizza le seguenti tecnologie per tracciare le azioni compiute dall&#8217;utente\/cliente all&#8217;interno del sito web del Negozio:<br \/>a) codice di tracciamento user.com &#8211; permette di raccogliere informazioni sull&#8217;utente, sul traffico sul sito web e sulle interazioni con il sito web al fine di personalizzare la comunicazione con l&#8217;utente e adattarla alle sue preferenze.<br \/>(3) L&#8217;Amministratore, in conformit\u00e0 con l&#8217;Art. 32(2). 1 RODO rispetter\u00e0 il principio della protezione dei dati personali e adotter\u00e0 misure tecniche e organizzative adeguate per prevenire la distruzione accidentale o illegale, la perdita, la modifica, la divulgazione non autorizzata o l&#8217;accesso non autorizzato ai dati personali trattati nell&#8217;ambito delle sue attivit\u00e0.  <br \/>Il conferimento dei dati personali \u00e8 volontario, ma \u00e8 necessario per l \u201cesecuzione del Contratto in conformit\u00e0 con il Regolamento dell\u201d Internet Shop MED&amp;BEAUTY S.Grocholewski Sp\u00f3\u0142ka komandytowa (in precedenza: MED&amp;BEAUTY &#8211; Grocholewski Sp\u00f3\u0142ka jawna) . che pu\u00f2 essere trovato al link: www.medandbeauty\/regulaminy (di seguito denominato Regolamento).<br \/>(5) Per cliente del Negozio si intende qualsiasi persona che utilizzi il Negozio nei modi e nei limiti indicati nei Termini e condizioni.<br \/>6 Il Titolare tratta i seguenti dati personali dei Clienti:<\/p>\n<p>a) nome, b) indirizzo di residenza, c) indirizzo di consegna, d) indirizzo e-mail, e) numero di telefono.<br \/>II. Ambito di applicazione del Regolamento, dati di identificazione del Venditore<br \/>1. I presenti Termini e Condizioni definiscono i principi di utilizzo del negozio online www.medandbeauty.com e l&#8217;invio e l&#8217;elaborazione degli ordini effettuati nell&#8217;ambito del negozio online MED&amp;BEAUTY S.Grocholewski Sp\u00f3\u0142ka komandytowa (precedentemente: MED&amp;BEAUTY &#8211; Grocholewski Sp\u00f3\u0142ka jawna) . opera all&#8217;indirizzo: www.medandbeauty.com<br \/>2. Il venditore e l&#8217;operatore del Med&amp;Beauty Internet Shop \u00e8 MED&amp;BEAUTY S.Grocholewski Sp\u00f3\u0142ka komandytowa (precedentemente: MED&amp;BEAUTY &#8211; Grocholewski Sp\u00f3\u0142ka jawna) KRS 0001169806 NIP 7882040978 REGON 527048220, indirizzo e-mail di contatto: shop@medandbeauty.com, numero di telefono di contatto: 736 630 825<br \/>III. Finalit\u00e0 e base del trattamento dei dati personali<br \/>1. L&#8217;Amministratore tratta i dati personali per le seguenti finalit\u00e0 L&#8217;Amministratore tratta i dati personali per i seguenti scopi:<br \/>a) per consentire ai Clienti di effettuare gli Ordini in conformit\u00e0 con i Termini e le Condizioni,<br \/>b) per elaborare gli Ordini in conformit\u00e0 con i Termini e le Condizioni,<br \/>c) per gestire i reclami dei Clienti,<br \/>d) per scopi fiscali &#8211; solo ai fini delle liquidazioni contabili in conformit\u00e0 con le norme giuridiche vincolanti,<br \/>e) per scopi di marketing, ossia per inviare ai Clienti informazioni aggiornate sulle attivit\u00e0 del Negozio. Il consenso al marketing \u00e8 dato volontariamente e non costituisce una condizione per l&#8217;utilizzo del Negozio da parte del Cliente.<br \/>2. L&#8217;Amministratore tratta i dati personali dei Clienti sulla base del loro consenso volontario (Articolo 6(1)(a) del RODO), ai fini dell&#8217;esecuzione del contratto di vendita di articoli specifici (Articolo 6(1)(b) del RODO) e nell&#8217;ambito degli obblighi fiscali &#8211; per adempiere agli obblighi che incombono all&#8217;Amministratore (Articolo 6(1)(c) del RODO). Per quanto riguarda il consenso al marketing, l&#8217;Amministratore tratta i dati solo sulla base del consenso volontario del Cliente (Art. 6(1)(a) RODO).     <br \/>IV. Destinatari dei dati.<br \/>Trasferimento dei dati a paesi terzi 1. I destinatari dei dati personali trattati dal Titolare possono essere soggetti che collaborano con il Titolare quando ci\u00f2 \u00e8 necessario per l&#8217;esecuzione del contratto concluso con l&#8217;interessato ai sensi del Regolamento.  <br \/>2 I destinatari dei dati personali trattati dal responsabile del trattamento possono anche essere subappaltatori &#8211; entit\u00e0 i cui servizi sono utilizzati dal responsabile del trattamento per il trattamento dei dati, ad esempio uffici contabili, studi legali, entit\u00e0 che forniscono servizi informatici (compresi i servizi di hosting).<br \/>3. il responsabile del trattamento pu\u00f2 essere obbligato a divulgare i dati personali sulla base delle leggi applicabili, in particolare a divulgare i dati personali alle autorit\u00e0 o istituzioni statali autorizzate.<\/p>\n<p>4. i dati personali non saranno trasferiti a soggetti stabiliti al di fuori dello Spazio Economico Europeo V.<br \/>Periodo di conservazione dei dati personali 1. L&#8217;Amministratore conserver\u00e0 i dati personali per tutta la durata del contratto stipulato con l&#8217;interessato e dopo la sua cessazione per le finalit\u00e0 connesse alla rivendicazione dei crediti relativi al contratto, all&#8217;adempimento degli obblighi derivanti dalle leggi applicabili, ma per un periodo non superiore al termine di prescrizione previsto dalle disposizioni del Codice Civile.<br \/>Nel caso di un Cliente che abbia un Account Cliente ai sensi dei Termini e Condizioni, l&#8217;Amministratore conserver\u00e0 i suoi dati per il periodo indicato nella frase precedente o per la durata dell&#8217;Account, se successiva. 2<\/p>\n<p>L&#8217;Amministratore conserver\u00e0 i dati personali contenuti nei documenti di liquidazione (ad es. fatture) per il periodo indicato nelle disposizioni della Legge sull&#8217;Imposta sul Valore Aggiunto e della Legge sulla Contabilit\u00e0. 3. L&#8217;Amministratore conserver\u00e0 i dati personali elaborati per scopi di marketing per un periodo di 10 anni, ma non oltre il momento in cui il consenso al trattamento dei dati viene ritirato o viene sollevata un&#8217;obiezione al trattamento dei dati. VI.<\/p>\n<p>Diritti dell&#8217;interessato 1. Ogni interessato ha il diritto: a) di accedere ai dati &#8211; di ottenere dal responsabile del trattamento la conferma che i suoi dati personali sono trattati.   Se vengono trattati dati relativi a una persona, questa ha il diritto di accedere e ottenere le seguenti informazioni: le finalit\u00e0 del trattamento, le categorie di dati personali, le informazioni sui destinatari o sulle categorie di destinatari a cui i dati sono stati o saranno comunicati, la durata della conservazione dei dati o i criteri per determinarla, il diritto dell&#8217;interessato di chiedere la rettifica, la cancellazione o la limitazione del trattamento dei dati personali e di opporsi a tale trattamento (articolo 15 RODO);<br \/>(b) ottenere una copia dei dati &#8211; ottenere una copia dei dati trattati, la prima copia \u00e8 gratuita e per le copie successive il responsabile del trattamento pu\u00f2 addebitare un costo ragionevole basato sui costi amministrativi (articolo 15, paragrafo 3, RODO);<br \/>(c) alla rettifica &#8211; per richiedere la rettifica di dati personali che lo riguardano inesatti o il completamento di dati incompleti (articolo 16 del RODO);<br \/>(d) alla cancellazione &#8211; per richiedere la cancellazione dei propri dati personali qualora il responsabile del trattamento non abbia pi\u00f9 una base giuridica per il trattamento o i dati non siano pi\u00f9 necessari ai fini del trattamento (articolo 17 del RODO);<br \/>(e) limitare il trattamento &#8211; richiedere la limitazione del trattamento dei dati personali (articolo 18 RODO) quando:<br \/>l&#8217;interessato mette in dubbio l&#8217;esattezza dei dati personali &#8211; per un periodo che consenta all&#8217;Amministratore di verificare l&#8217;esattezza dei dati,<br \/>il trattamento \u00e8 illegale e l&#8217;interessato si oppone alla cancellazione chiedendo la limitazione dell&#8217;uso,<br \/>Il responsabile del trattamento non ha pi\u00f9 bisogno di questi dati, ma sono necessari all&#8217;interessato per stabilire, far valere o difendere un diritto,<br \/>l&#8217;interessato si \u00e8 opposto al trattamento &#8211; finch\u00e9 non si stabilisce se i motivi legittimi del responsabile del trattamento prevalgono sui motivi dell&#8217;obiezione dell&#8217;interessato;<br \/>(f) opporsi &#8211; opporsi al trattamento dei propri dati personali per le legittime finalit\u00e0 del titolare del trattamento per motivi connessi alla propria situazione particolare, compresa la profilazione. Il Titolare del trattamento dovr\u00e0 quindi valutare l&#8217;esistenza di validi motivi legittimi per il trattamento che prevalgono sugli interessi, i diritti e le libert\u00e0 degli interessati, o su motivi di accertamento, esercizio o difesa di diritti. <\/p>\n<p>Se, in base alla valutazione, gli interessi dell&#8217;interessato prevalgono sugli interessi del responsabile del trattamento, il responsabile del trattamento sar\u00e0 obbligato a cessare il trattamento dei dati per tali finalit\u00e0 (articolo 21 del RODO). 2. Per esercitare i suddetti diritti, l&#8217;interessato dovr\u00e0 contattare, utilizzando i dati di contatto forniti, il responsabile del trattamento e informarlo di quale diritto e in quale misura desidera esercitarlo. 3. L&#8217;interessato ha il diritto di presentare un reclamo all&#8217;autorit\u00e0 di controllo, che \u00e8 il Presidente dell&#8217;Ufficio per la protezione dei dati personali, via Stawki 2, Varsavia.<br \/>L&#8217;interessato ha il diritto di proporre reclamo all&#8217;autorit\u00e0 di controllo, che \u00e8 il Presidente dell&#8217;Ufficio per la protezione dei dati personali, 2 Stawki Street, Varsavia. VII.  Processo decisionale automatizzato. <\/p>\n<p>Profilazione &#8211; I dati personali non saranno trattati con mezzi automatizzati, compresa la profilazione. VIII.<br \/>Politica sui cookie 1. Il Negozio non raccoglie alcuna informazione con mezzi automatici, ad eccezione delle informazioni contenute nei cookie.<br \/>Il Negozio non raccoglie alcuna informazione con mezzi automatici, ad eccezione delle informazioni contenute nei cookie. 2. I cookie (i cosiddetti &#8220;cookies&#8221;) sono dati informatici, in particolare file di testo, che vengono memorizzati sul terminale del Cliente e sono destinati all&#8217;utilizzo dei siti web del Negozio.  I cookie contengono solitamente il nome del sito web da cui provengono, la durata della loro memorizzazione sul dispositivo finale e un numero univoco.<br \/>(3) L&#8217;Amministratore del negozio \u00e8 l&#8217;entit\u00e0 che inserisce i cookie nell&#8217;apparecchiatura terminale del Cliente e vi accede.<\/p>\n<p>4 I cookie vengono utilizzati per: a) adattare il contenuto dei siti web del Negozio alle preferenze del Cliente e ottimizzare l&#8217;uso dei siti web; in particolare, questi file consentono di riconoscere il dispositivo del Cliente e di visualizzare in modo appropriato il sito web, adattandolo alle sue esigenze individuali; b) creare statistiche che aiutano a capire come i Clienti utilizzano i siti web, il che consente di migliorarne la struttura e il contenuto; c) mantenere una sessione del Cliente.<\/p>\n<p>5 Nel Negozio vengono utilizzati i seguenti tipi di cookie: a) &#8220;sessioncookies&#8221; e &#8220;persistentcookies&#8221;. I cookie di &#8220;sessione&#8221; sono file temporanei che vengono memorizzati sul terminale del Cliente fino a quando quest&#8217;ultimo non effettua il logout, abbandona il sito web o spegne il software (browser web). I cookie &#8220;permanenti&#8221; vengono memorizzati sull&#8217;apparecchiatura terminale del Cliente per il tempo specificato nei parametri dei cookie o fino alla loro cancellazione da parte del Cliente;  <\/p>\n<p>b) cookie &#8220;essenziali&#8221; che consentono di utilizzare i servizi disponibili nel Negozio, ad esempio cookie di autenticazione utilizzati per i servizi che richiedono l&#8217;autenticazione nel Negozio; c) cookie utilizzati per garantire la sicurezza, ad esempio utilizzati per rilevare abusi di autenticazione nel Negozio; d) cookie &#8220;di performance&#8221;, che consentono di raccogliere informazioni sulle modalit\u00e0 di utilizzo dei siti web del Negozio; e) cookie &#8220;funzionali&#8221;, che consentono di &#8220;ricordare&#8221; le impostazioni selezionate nel Negozio.<\/p>\n<p>utilizzati per rilevare abusi di autenticazione all&#8217;interno del Negozio; d) cookie &#8220;di performance&#8221;, che consentono di raccogliere informazioni sulle modalit\u00e0 di utilizzo dei siti web del Negozio; e) cookie &#8220;funzionali&#8221;, che consentono di &#8220;ricordare&#8221; le impostazioni selezionate dal Cliente e di personalizzare l&#8217;interfaccia del Cliente, ad esempio in relazione alla lingua o alla regione di provenienza, alle dimensioni dei caratteri, al layout del sito web e cos\u00ec via; f) cookie &#8220;pubblicitari&#8221;, che consentono di fornire contenuti pubblicitari pi\u00f9 adatti agli interessi del Cliente.<br \/>(6) In molti casi, il software di navigazione web (browser web) consente di memorizzare i cookie sull&#8217;apparecchiatura terminale del Cliente per impostazione predefinita. I clienti possono modificare le impostazioni dei cookie in qualsiasi momento. Queste impostazioni possono essere modificate in particolare in modo da bloccare il trattamento automatico dei cookie nelle impostazioni del browser web o da informare ogni volta che vengono inseriti nel dispositivo del Cliente.<br \/>Informazioni dettagliate sulla possibilit\u00e0 e sui metodi di utilizzo dei cookie sono disponibili nelle impostazioni del tuo software (browser web). 7. L&#8217;Amministratore informa che le limitazioni all&#8217;uso dei cookie possono influire su alcune delle funzionalit\u00e0 disponibili sul Negozio.   <\/p>\n\n<script id=\"CookieDeclaration\" src=\"https:\/\/consent.cookiebot.com\/0017215b-cfe1-4ff7-909a-fe2399bd0be9\/cd.js\" type=\"text\/javascript\"><\/script>\n","protected":false},"excerpt":{"rendered":"<p>Indice dei contenuti &#8211; I.Dati personali dell&#8217;amministratore &#8211; II.Ambito di applicazione dei Termini e Condizioni, dati identificativi del Venditore &#8211; III.Finalit\u00e0 e motivi del trattamento dei dati personali &#8211; IV. Destinatari dei dati. Trasferimenti di dati a paesi terzi &#8211; V.Periodo di conservazione dei dati personali &#8211; VI.Diritti dell&#8217;interessato &#8211; VII. Processo decisionale automatizzato. Profilazione [&hellip;]<\/p>\n","protected":false},"author":1,"featured_media":0,"parent":0,"menu_order":0,"comment_status":"closed","ping_status":"closed","template":"","meta":{"_acf_changed":false,"inline_featured_image":false,"footnotes":""},"class_list":["post-31483","page","type-page","status-publish","hentry"],"acf":[],"_links":{"self":[{"href":"https:\/\/medandbeauty.com\/it\/wp-json\/wp\/v2\/pages\/31483","targetHints":{"allow":["GET"]}}],"collection":[{"href":"https:\/\/medandbeauty.com\/it\/wp-json\/wp\/v2\/pages"}],"about":[{"href":"https:\/\/medandbeauty.com\/it\/wp-json\/wp\/v2\/types\/page"}],"author":[{"embeddable":true,"href":"https:\/\/medandbeauty.com\/it\/wp-json\/wp\/v2\/users\/1"}],"replies":[{"embeddable":true,"href":"https:\/\/medandbeauty.com\/it\/wp-json\/wp\/v2\/comments?post=31483"}],"version-history":[{"count":3,"href":"https:\/\/medandbeauty.com\/it\/wp-json\/wp\/v2\/pages\/31483\/revisions"}],"predecessor-version":[{"id":431549,"href":"https:\/\/medandbeauty.com\/it\/wp-json\/wp\/v2\/pages\/31483\/revisions\/431549"}],"wp:attachment":[{"href":"https:\/\/medandbeauty.com\/it\/wp-json\/wp\/v2\/media?parent=31483"}],"curies":[{"name":"wp","href":"https:\/\/api.w.org\/{rel}","templated":true}]}}