{"id":356871,"date":"2024-11-21T14:06:56","date_gmt":"2024-11-21T13:06:56","guid":{"rendered":"https:\/\/medandbeauty.com\/abbigliamento-per-fisioterapisti\/"},"modified":"2025-03-02T07:27:36","modified_gmt":"2025-03-02T06:27:36","slug":"abbigliamento-per-fisioterapisti","status":"publish","type":"page","link":"https:\/\/medandbeauty.com\/it\/abbigliamento-per-fisioterapisti\/","title":{"rendered":"Abbigliamento per fisioterapisti"},"content":{"rendered":"\n<p>L&#8217;abbigliamento per fisioterapisti \u00e8 un elemento essenziale per tutti i professionisti che lavorano con i pazienti per migliorare la loro salute e il loro benessere. L <strong>&#8216;abbigliamento giusto per i fisioterapisti garantisce il massimo comfort, <\/strong>consentendo libert\u00e0 di movimento e un aspetto professionale. I fisioterapisti hanno bisogno di un abbigliamento in grado di far fronte alle esigenze di un lavoro dinamico, per questo le nostre proposte combinano design moderno e funzionalit\u00e0. <\/p>\n\n<h2 class=\"wp-block-heading\">Abbigliamento medico per fisioterapisti: qualit\u00e0 dei materiali ed ergonomia<\/h2>\n\n<p>L&#8217;abbigliamento medico per fisioterapisti deve essere realizzato con materiali di alta qualit\u00e0 che garantiscano traspirabilit\u00e0, flessibilit\u00e0 e durata. <strong>I nostri indumenti per fisioterapisti sono realizzati con una miscela di tessuti come cotone, nylon, viscosa, poliestere e lycra, <\/strong>che garantiscono un comfort adeguato quando vengono indossati durante la giornata lavorativa. L&#8217;abbigliamento per il terapista della riabilitazione scelto correttamente garantisce un adeguato flusso d&#8217;aria, particolarmente importante durante l&#8217;intenso sforzo fisico che spesso accompagna il lavoro del fisioterapista. <\/p>\n\n<h2 class=\"wp-block-heading\">Felpa per il fisioterapista &#8211; comfort e stile<\/h2>\n\n<p>Una felpa per fisioterapista deve combinare funzionalit\u00e0 ed estetica. Le nostre <strong>felpe mediche per fisioterapisti sono progettate per offrire la massima libert\u00e0 di movimento,<\/strong> fondamentale quando si eseguono diverse tecniche terapeutiche. Grazie ai tagli comodi e ai materiali elasticizzati, i fisioterapisti possono concentrarsi sui loro pazienti senza doversi preoccupare dei limiti degli indumenti. Inoltre, le tasche funzionali consentono di riporre accessori pratici come penne, appunti o piccoli strumenti terapeutici.   <\/p>\n\n<h2 class=\"wp-block-heading\">Pantaloni da fisioterapista: comfort e mobilit\u00e0<\/h2>\n\n<p>I nostri pantaloni per fisioterapisti sono realizzati con tessuti elasticizzati che si adattano perfettamente senza limitare i movimenti. Sono disponibili sia <strong>modelli a gamba dritta che joggers, che offrono un comfort extra grazie alle coulisse elasticizzate.<\/strong> I pantaloni per fisioterapisti sono disponibili in una variet\u00e0 di colori e taglie che ti permettono di adattare il tuo abbigliamento alle tue esigenze e preferenze individuali. <\/p>\n\n<h2 class=\"wp-block-heading\">Perch\u00e9 scegliere l&#8217;abbigliamento medico per fisioterapisti di Med&amp;Beauty?<\/h2>\n\n<p>Il nostro abbigliamento medico per fisioterapisti <strong>combina materiali di altissima qualit\u00e0, design moderno e soluzioni funzionali<\/strong>. Grazie alle opzioni di personalizzazione, come il ricamo del nome o del logo, l&#8217;abbigliamento medico per fisioterapisti pu\u00f2 essere ancora pi\u00f9 unico e sottolineare la professionalit\u00e0 nel loro lavoro quotidiano. <\/p>\n\n<p>Il nostro <a href=\"\/\">negozio di abbigliamento medico<\/a> offre:<\/p>\n\n<ul class=\"wp-block-list\">\n<li><a href=\"https:\/\/medandbeauty.com\/it\/shop\/per-lui\/\">abbigliamento medico da uomo<\/a><\/li>\n\n\n\n<li><a href=\"https:\/\/medandbeauty.com\/it\/shop\/per-lei\/\">abbigliamento medico da donna<\/a><\/li>\n\n\n\n<li><a href=\"https:\/\/medandbeauty.com\/it\/rodzaj-ubrania\/camicette-mediche\/\">camicette mediche<\/a><\/li>\n\n\n\n<li><a href=\"https:\/\/medandbeauty.com\/it\/rodzaj-ubrania\/pantaloni-medici\/\">pantaloni medici<\/a><\/li>\n\n\n\n<li><a href=\"https:\/\/medandbeauty.com\/it\/rodzaj-ubrania\/camici\/\">camici medici<\/a><\/li>\n<\/ul>\n\n<p>Ti invitiamo a effettuare gli ordini.<\/p>\n","protected":false},"excerpt":{"rendered":"<p>L&#8217;abbigliamento per fisioterapisti \u00e8 un elemento essenziale per tutti i professionisti che lavorano con i pazienti per migliorare la loro salute e il loro benessere. L &#8216;abbigliamento giusto per i fisioterapisti garantisce il massimo comfort, consentendo libert\u00e0 di movimento e un aspetto professionale. I fisioterapisti hanno bisogno di un abbigliamento in grado di far fronte [&hellip;]<\/p>\n","protected":false},"author":28789,"featured_media":0,"parent":0,"menu_order":0,"comment_status":"closed","ping_status":"closed","template":"page.php","meta":{"_acf_changed":false,"inline_featured_image":false,"footnotes":""},"class_list":["post-356871","page","type-page","status-publish","hentry"],"acf":[],"_links":{"self":[{"href":"https:\/\/medandbeauty.com\/it\/wp-json\/wp\/v2\/pages\/356871","targetHints":{"allow":["GET"]}}],"collection":[{"href":"https:\/\/medandbeauty.com\/it\/wp-json\/wp\/v2\/pages"}],"about":[{"href":"https:\/\/medandbeauty.com\/it\/wp-json\/wp\/v2\/types\/page"}],"author":[{"embeddable":true,"href":"https:\/\/medandbeauty.com\/it\/wp-json\/wp\/v2\/users\/28789"}],"replies":[{"embeddable":true,"href":"https:\/\/medandbeauty.com\/it\/wp-json\/wp\/v2\/comments?post=356871"}],"version-history":[{"count":1,"href":"https:\/\/medandbeauty.com\/it\/wp-json\/wp\/v2\/pages\/356871\/revisions"}],"predecessor-version":[{"id":356874,"href":"https:\/\/medandbeauty.com\/it\/wp-json\/wp\/v2\/pages\/356871\/revisions\/356874"}],"wp:attachment":[{"href":"https:\/\/medandbeauty.com\/it\/wp-json\/wp\/v2\/media?parent=356871"}],"curies":[{"name":"wp","href":"https:\/\/api.w.org\/{rel}","templated":true}]}}