{"id":356875,"date":"2024-11-21T14:11:45","date_gmt":"2024-11-21T13:11:45","guid":{"rendered":"https:\/\/medandbeauty.com\/abbigliamento-dentale\/"},"modified":"2025-03-02T07:27:38","modified_gmt":"2025-03-02T06:27:38","slug":"abbigliamento-dentale","status":"publish","type":"page","link":"https:\/\/medandbeauty.com\/it\/abbigliamento-dentale\/","title":{"rendered":"Abbigliamento dentale"},"content":{"rendered":"\n<p>L&#8217;abbigliamento medico per infermieri \u00e8 parte integrante del loro lavoro quotidiano. L&#8217;abbigliamento per infermieri deve L&#8217;abbigliamento dentale non \u00e8 solo un elemento visivo, ma soprattutto uno strumento che supporta il lavoro quotidiano di dentisti, assistenti dentali e personale medico. Comfort, funzionalit\u00e0 ed estetica sono le caratteristiche principali che definiscono la nostra gamma di abbigliamento medico dentale. <strong>Scegliendo gli indumenti dentali giusti, i dentisti e i loro team possono sentirsi a proprio agio,<\/strong> con un impatto positivo sul rapporto con i pazienti e sulla qualit\u00e0 delle procedure eseguite.  <\/p>\n\n<h2 class=\"wp-block-heading\">Grembiuli dentali: comfort e protezione durante il lavoro<\/h2>\n\n<p>I nostri grembiuli dentali sono una parte essenziale di ogni studio dentistico. I grembiuli dentali di Med&amp;Beauty combinano stile e comfort, permettendoti di adattarti facilmente al tuo ambiente di lavoro. Realizzati con materiali di altissima qualit\u00e0, sono facili da mantenere puliti. <strong>La variet\u00e0 di tagli ti permette di scegliere i grembiuli dentali che meglio si adattano alle tue esigenze individuali<\/strong>: dai tagli classici alle versioni moderne. Ogni grembiule \u00e8 progettato per fornire una protezione adeguata contro i fattori esterni senza limitare la libert\u00e0 di movimento.   <\/p>\n\n<h2 class=\"wp-block-heading\">Uniformi dentali: eleganza e funzionalit\u00e0<\/h2>\n\n<p>Le uniformi dentali sono la base dell&#8217;aspetto professionale di ogni dentista e dei suoi assistenti. I nostri <strong>capi di abbigliamento per dentisti sono realizzati con tessuti traspiranti che garantiscono il comfort per tutto il giorno.<\/strong> La combinazione di cotone, nylon e lycra (linea premium) e poliestere, viscosa e lycra (linea basic) rende gli indumenti non solo piacevoli al tatto, ma anche durevoli e resistenti ai ripetuti lavaggi. Questo aspetto \u00e8 estremamente importante nel settore dentale, dove l&#8217;igiene gioca un ruolo fondamentale.    <\/p>\n\n<h2 class=\"wp-block-heading\">Codice di abbigliamento per assistenti dentali: comfort e professionalit\u00e0<\/h2>\n\n<p>L&#8217;assistente dentale svolge un ruolo importante nel lavoro quotidiano dello studio, quindi<strong> l&#8217;abbigliamento per un&#8217;assistente dentale deve combinare comfort, funzionalit\u00e0 ed eleganza<\/strong>. La nostra gamma comprende un&#8217;ampia scelta di grembiuli cosmetici, camici e abiti che ti permettono di sentirti a tuo agio e professionale. Molti modelli sono dotati di tasche funzionali, utilissime per riporre accessori essenziali come penne o blocchi per appunti.  <\/p>\n\n<h3 class=\"wp-block-heading\">Camicette medico-dentistiche: il comfort di tutti i giorni<\/h3>\n\n<p>I camici medici dentali sono la soluzione ideale per chi apprezza il comfort e la funzionalit\u00e0. I nostri camici sono realizzati con tessuti elasticizzati che garantiscono libert\u00e0 di movimento quando si lavora con i pazienti. <strong>Offriamo una variet\u00e0 di tagli: dai modelli classici e dritti a quelli pi\u00f9 aderenti <\/strong>che accentuano la figura. Le camicette medico-dentistiche sono disponibili in un&#8217;ampia gamma di colori, che ti permettono di abbinare il tuo abbigliamento all&#8217;immagine del tuo studio e alle preferenze del tuo personale.    <\/p>\n\n<h3 class=\"wp-block-heading\">Pantaloni medico-dentistici: comfort e funzionalit\u00e0<\/h3>\n\n<p>In qualsiasi settore medico, ma soprattutto in quello odontoiatrico, un pantalone ben aderente \u00e8 fondamentale per garantire il comfort e la sicurezza durante il lavoro. I pantaloni medico-dentistici disponibili nella nostra gamma combinano un design moderno con soluzioni pratiche.   <strong>Realizzati con tessuti elastici e traspiranti, garantiscono il massimo comfort anche durante le lunghe ore di lavoro.<\/strong>  I modelli disponibili includono pantaloni con una variet\u00e0 di tagli, tra cui i popolari joggers e pantaloni aderenti o con gambe dritte e larghe.  <\/p>\n\n<h2 class=\"wp-block-heading\">Abbigliamento medico-dentistico &#8211; qualit\u00e0 e professionalit\u00e0<\/h2>\n\n<p><strong>Gli indumenti medico-dentistici disponibili nel nostro negozio combinano materiali di altissima qualit\u00e0 <\/strong>con un design moderno. La personalizzazione degli indumenti &#8211; ad esempio il ricamo del nome o del cognome &#8211; ti permette di sottolineare ulteriormente la tua professionalit\u00e0 e il tuo approccio individuale al paziente. Dai un&#8217;occhiata alla nostra gamma di abbigliamento medico per dentisti, che combina comfort, qualit\u00e0 e un look professionale per supportarti nelle tue sfide professionali quotidiane.  <\/p>\n\n<p>Il nostro <a href=\"\/\">negozio di abbigliamento medico<\/a> consiglia:<\/p>\n\n<ul class=\"wp-block-list\">\n<li><a href=\"https:\/\/medandbeauty.com\/it\/shop\/per-lui\/\">Abbigliamento medico per uomo<\/a><\/li>\n\n\n\n<li><a href=\"https:\/\/medandbeauty.com\/it\/shop\/per-lei\/\">Abbigliamento medico da donna<\/a><\/li>\n\n\n\n<li><a href=\"https:\/\/medandbeauty.com\/it\/rodzaj-ubrania\/camicette-mediche\/\">Camicette mediche<\/a><\/li>\n\n\n\n<li><a href=\"https:\/\/medandbeauty.com\/it\/rodzaj-ubrania\/pantaloni-medici\/\">Pantaloni medici<\/a><\/li>\n\n\n\n<li><a href=\"https:\/\/medandbeauty.com\/it\/rodzaj-ubrania\/camici\/\">Camici medici<\/a><\/li>\n\n\n\n<li><a href=\"https:\/\/medandbeauty.com\/it\/rodzaj-ubrania\/abiti-da-medico\/\">Abiti da medico<\/a><\/li>\n\n\n\n<li><a href=\"https:\/\/medandbeauty.com\/it\/rodzaj-ubrania\/camici-medici\/\">Camici medici<\/a><\/li>\n\n\n\n<li><a href=\"https:\/\/medandbeauty.com\/it\/rodzaj-ubrania\/tuniche-mediche\/\">Tuniche mediche<\/a><\/li>\n\n\n\n<li><a href=\"https:\/\/medandbeauty.com\/it\/rodzaj-ubrania\/giacche-mediche\/\">Giacche mediche<\/a><\/li>\n<\/ul>\n\n<p>Ti invitiamo a effettuare gli ordini.<\/p>\n","protected":false},"excerpt":{"rendered":"<p>L&#8217;abbigliamento medico per infermieri \u00e8 parte integrante del loro lavoro quotidiano. L&#8217;abbigliamento per infermieri deve L&#8217;abbigliamento dentale non \u00e8 solo un elemento visivo, ma soprattutto uno strumento che supporta il lavoro quotidiano di dentisti, assistenti dentali e personale medico. Comfort, funzionalit\u00e0 ed estetica sono le caratteristiche principali che definiscono la nostra gamma di abbigliamento medico [&hellip;]<\/p>\n","protected":false},"author":28789,"featured_media":0,"parent":0,"menu_order":0,"comment_status":"closed","ping_status":"closed","template":"page.php","meta":{"_acf_changed":false,"inline_featured_image":false,"footnotes":""},"class_list":["post-356875","page","type-page","status-publish","hentry"],"acf":[],"_links":{"self":[{"href":"https:\/\/medandbeauty.com\/it\/wp-json\/wp\/v2\/pages\/356875","targetHints":{"allow":["GET"]}}],"collection":[{"href":"https:\/\/medandbeauty.com\/it\/wp-json\/wp\/v2\/pages"}],"about":[{"href":"https:\/\/medandbeauty.com\/it\/wp-json\/wp\/v2\/types\/page"}],"author":[{"embeddable":true,"href":"https:\/\/medandbeauty.com\/it\/wp-json\/wp\/v2\/users\/28789"}],"replies":[{"embeddable":true,"href":"https:\/\/medandbeauty.com\/it\/wp-json\/wp\/v2\/comments?post=356875"}],"version-history":[{"count":1,"href":"https:\/\/medandbeauty.com\/it\/wp-json\/wp\/v2\/pages\/356875\/revisions"}],"predecessor-version":[{"id":356877,"href":"https:\/\/medandbeauty.com\/it\/wp-json\/wp\/v2\/pages\/356875\/revisions\/356877"}],"wp:attachment":[{"href":"https:\/\/medandbeauty.com\/it\/wp-json\/wp\/v2\/media?parent=356875"}],"curies":[{"name":"wp","href":"https:\/\/api.w.org\/{rel}","templated":true}]}}