{"id":356880,"date":"2024-11-21T12:50:54","date_gmt":"2024-11-21T11:50:54","guid":{"rendered":"https:\/\/medandbeauty.com\/abbigliamento-per-loperatore-sanitario\/"},"modified":"2025-03-02T07:27:40","modified_gmt":"2025-03-02T06:27:40","slug":"abbigliamento-per-loperatore-sanitario","status":"publish","type":"page","link":"https:\/\/medandbeauty.com\/it\/abbigliamento-per-loperatore-sanitario\/","title":{"rendered":"Abbigliamento per l&#8217;operatore sanitario"},"content":{"rendered":"\n<p>Il lavoro di un assistente sanitario non richiede solo molta empatia e impegno, ma anche la giusta preparazione in termini di abbigliamento. L<strong> &#8216;abbigliamento dell&#8217;assistente sanitario \u00e8 un elemento importante che ha un impatto diretto sul comfort e sulla qualit\u00e0 dei<\/strong> compiti svolti. Per tutto il giorno, l&#8217;assistente sanitario deve sentirsi a proprio agio nel suo abbigliamento, indipendentemente dall&#8217;intensit\u00e0 del lavoro svolto o dalla durata del servizio di guardia. Ecco perch\u00e9 la nostra gamma non offre solo abbigliamento per l&#8217;operatore sanitario, ma anche uno strumento per aiutarti a superare le sfide quotidiane.  <\/p>\n\n<h2 class=\"wp-block-heading\">Abbigliamento per l&#8217;assistente sanitario: quale abbigliamento scegliere?<\/h2>\n\n<p>L&#8217;abbigliamento per assistenti sanitari deve combinare diverse caratteristiche chiave: comfort, funzionalit\u00e0 ed estetica. Il comfort \u00e8 una priorit\u00e0 assoluta, per questo <strong>offriamo abbigliamento per assistenti sanitari realizzato con tessuti morbidi e traspiranti. <\/strong>In un lavoro in cui devi essere costantemente in movimento, \u00e8 molto importante che gli indumenti non limitino i movimenti e permettano una completa libert\u00e0 di azione. Inoltre, i nostri modelli sono progettati per offrire tagli ergonomici che supportano il corpo nei suoi movimenti naturali, riducendo al minimo il rischio di affaticamento.  <\/p>\n\n<h2 class=\"wp-block-heading\">Abbigliamento per assistenti medici &#8211; funzionalit\u00e0 e dettagli pratici<\/h2>\n\n<p>Ogni operatore sanitario conosce bene l&#8217;importanza dei dettagli pratici nell&#8217;abbigliamento. <strong>I nostri capi di abbigliamento per l&#8217;assistente medico sono dotati di numerose tasche in cui puoi riporre in modo sicuro gli accessori essenziali <\/strong>, come penne o piccoli strumenti necessari per il tuo lavoro quotidiano. Sono dettagli che fanno la differenza, soprattutto quando al lavoro ogni secondo \u00e8 importante.   <\/p>\n\n<h2 class=\"wp-block-heading\">Abbigliamento confortevole per il caregiver &#8211; materiali di alta qualit\u00e0<\/h2>\n\n<p>Gli indumenti confortevoli per l&#8217;assistente devono essere realizzati con tessuti che combinano traspirabilit\u00e0, flessibilit\u00e0 e durata. Ecco perch\u00e9 troverai capi realizzati con una miscela di cotone, nylon e lycra (versione premium) e poliestere, viscosa e lycra (versione basic): il cotone offre comfort e traspirazione naturale, il poliestere garantisce la durata, il nylon la resistenza e la lycra e la viscosa aggiungono flessibilit\u00e0 all&#8217;indumento, preziosa durante una lunga giornata di lavoro. Questa combinazione fa s\u00ec che <strong>gli indumenti per operatori sanitari di Med&amp;Beauty non solo abbiano un bell&#8217;aspetto, ma funzionino perfettamente<\/strong> per molto tempo.  <\/p>\n\n<h2 class=\"wp-block-heading\">Aspetto elegante e professionalit\u00e0<\/h2>\n\n<p>L&#8217;abbigliamento del caregiver deve anche riflettere la professionalit\u00e0 della persona che lo indossa. <strong>I nostri capi d&#8217;abbigliamento combinano tagli classici con tocchi moderni, in modo che ogni assistente possa sentirsi sicuro<\/strong> sapendo che il suo abbigliamento supporta un&#8217;immagine positiva tra i pazienti e i colleghi. Nel nostro assortimento troverai sia tagli classici che modelli pi\u00f9 moderni, che ti permetteranno di scegliere un abbigliamento che si adatti perfettamente alle tue preferenze personali e al tuo stile di lavoro. <\/p>\n\n<h2 class=\"wp-block-heading\">Adattamento alle esigenze individuali<\/h2>\n\n<p>Gli indumenti per badanti sono disponibili in un&#8217;ampia gamma di taglie, in modo da adattarsi perfettamente alla tua figura. Offriamo anche <strong>la possibilit\u00e0 di personalizzare gli indumenti, dalla scelta dei colori all&#8217;aggiunta di ricami con il nome o il logo della struttura.<\/strong> Questa opzione permette di adattare gli indumenti alle esigenze del team e di creare un&#8217;immagine coerente, particolarmente importante quando si ha a che fare con i pazienti. <\/p>\n\n<h2 class=\"wp-block-heading\">Perch\u00e9 scegliere i nostri indumenti per gli operatori sanitari?<\/h2>\n\n<p>Il nostro <strong>abbigliamento per l&#8217;assistenza medica \u00e8 il risultato di anni di esperienza e collaborazione con i professionisti del settore<\/strong>. Ci concentriamo sulla qualit\u00e0 dei prodotti, sul comfort e sulla funzionalit\u00e0. I nostri prodotti sono realizzati con materiali durevoli che resistono ai lavaggi ripetuti, non si sgualciscono e sono facili da mantenere puliti, il che \u00e8 fondamentale in un ambiente di lavoro esigente. Gli indumenti che offriamo sono la perfetta combinazione di design moderno, ergonomia e qualit\u00e0 superiore, per rendere ogni giornata lavorativa pi\u00f9 facile e piacevole.   <\/p>\n\n<p>Il nostro <a href=\"https:\/\/medandbeauty.com\/it\/\">negozio di abbigliamento medico<\/a> consiglia:<\/p>\n\n<ul class=\"wp-block-list\">\n<li><a href=\"https:\/\/medandbeauty.com\/it\/shop\/per-lei\/\">abbigliamento medico da donna<\/a>,<\/li>\n\n\n\n<li><a href=\"https:\/\/medandbeauty.com\/it\/shop\/per-lui\/\">abbigliamento medico da uomo<\/a>,<\/li>\n\n\n\n<li><a href=\"https:\/\/medandbeauty.com\/it\/rodzaj-ubrania\/camicette-mediche\/\">camicette mediche<\/a>,<\/li>\n\n\n\n<li><a href=\"https:\/\/medandbeauty.com\/it\/rodzaj-ubrania\/pantaloni-medici\/\">pantaloni da medico<\/a>,<\/li>\n\n\n\n<li><a href=\"https:\/\/medandbeauty.com\/it\/rodzaj-ubrania\/camici\/\">camici medici.<\/a><\/li>\n<\/ul>\n\n<p>Ti invitiamo a effettuare gli ordini.<\/p>\n","protected":false},"excerpt":{"rendered":"<p>Il lavoro di un assistente sanitario non richiede solo molta empatia e impegno, ma anche la giusta preparazione in termini di abbigliamento. L &#8216;abbigliamento dell&#8217;assistente sanitario \u00e8 un elemento importante che ha un impatto diretto sul comfort e sulla qualit\u00e0 dei compiti svolti. Per tutto il giorno, l&#8217;assistente sanitario deve sentirsi a proprio agio nel [&hellip;]<\/p>\n","protected":false},"author":28789,"featured_media":0,"parent":0,"menu_order":0,"comment_status":"closed","ping_status":"closed","template":"page.php","meta":{"_acf_changed":false,"inline_featured_image":false,"footnotes":""},"class_list":["post-356880","page","type-page","status-publish","hentry"],"acf":[],"_links":{"self":[{"href":"https:\/\/medandbeauty.com\/it\/wp-json\/wp\/v2\/pages\/356880","targetHints":{"allow":["GET"]}}],"collection":[{"href":"https:\/\/medandbeauty.com\/it\/wp-json\/wp\/v2\/pages"}],"about":[{"href":"https:\/\/medandbeauty.com\/it\/wp-json\/wp\/v2\/types\/page"}],"author":[{"embeddable":true,"href":"https:\/\/medandbeauty.com\/it\/wp-json\/wp\/v2\/users\/28789"}],"replies":[{"embeddable":true,"href":"https:\/\/medandbeauty.com\/it\/wp-json\/wp\/v2\/comments?post=356880"}],"version-history":[{"count":1,"href":"https:\/\/medandbeauty.com\/it\/wp-json\/wp\/v2\/pages\/356880\/revisions"}],"predecessor-version":[{"id":356882,"href":"https:\/\/medandbeauty.com\/it\/wp-json\/wp\/v2\/pages\/356880\/revisions\/356882"}],"wp:attachment":[{"href":"https:\/\/medandbeauty.com\/it\/wp-json\/wp\/v2\/media?parent=356880"}],"curies":[{"name":"wp","href":"https:\/\/api.w.org\/{rel}","templated":true}]}}