{"id":356885,"date":"2024-11-21T12:46:50","date_gmt":"2024-11-21T11:46:50","guid":{"rendered":"https:\/\/medandbeauty.com\/abbigliamento-per-medici\/"},"modified":"2025-03-02T07:28:12","modified_gmt":"2025-03-02T06:28:12","slug":"abbigliamento-per-medici","status":"publish","type":"page","link":"https:\/\/medandbeauty.com\/it\/abbigliamento-per-medici\/","title":{"rendered":"Abbigliamento per medici"},"content":{"rendered":"\n<p>L&#8217;abbigliamento medico per i medici \u00e8 un elemento chiave che garantisce non solo protezione, ma anche il giusto look al lavoro. Nel nostro assortimento troverai <strong>abbigliamento medico che combina funzionalit\u00e0, comfort e stile moderno.<\/strong> Dai grembiuli classici alle eleganti uniformi mediche, ogni capo di abbigliamento medico \u00e8 progettato per offrire il massimo comfort durante le lunghe ore di lavoro. <\/p>\n\n<h2 class=\"wp-block-heading\">Abbigliamento per medici: funzionalit\u00e0 e comfort<\/h2>\n\n<p>Un abbigliamento ben fatto per i medici deve essere soprattutto pratico e confortevole. Il nostro abbigliamento medico \u00e8 progettato per supportare i medici nelle loro attivit\u00e0 quotidiane. Utilizziamo materiali di alta qualit\u00e0 che garantiscono un&#8217;adeguata traspirabilit\u00e0 e libert\u00e0 di movimento. In questo modo i <strong>medici possono concentrarsi sui loro pazienti senza preoccuparsi del disagio derivante da un abbigliamento inadeguato.<\/strong>   <\/p>\n\n<h2 class=\"wp-block-heading\">Grembiuli medici: un classico della medicina<\/h2>\n\n<p>Il grembiule medico \u00e8 una parte indispensabile dell&#8217;abbigliamento di ogni medico. I nostri grembiuli da medico combinano l&#8217;eleganza tradizionale con comode caratteristiche come le tasche extra spaziose e l&#8217;alloggiamento per il badge identificativo. Anche la scelta dei materiali \u00e8 degna di nota. <strong>I grembiuli da medico della nostra linea premium sono realizzati con una miscela di 80% cotone, 17% nylon e 3% lycra, <\/strong>che garantisce un&#8217;eccellente traspirabilit\u00e0, flessibilit\u00e0 e durata. I grembiuli della linea basic, invece, sono composti per il 63% da poliestere, il 29% da viscosa e l&#8217;8% da lycra, che garantisce leggerezza, facilit\u00e0 di manutenzione e durata anche in caso di uso intensivo.   <\/p>\n\n<h2 class=\"wp-block-heading\">L&#8217;abbigliamento protettivo per i medici: la sicurezza prima di tutto<\/h2>\n\n<p>L&#8217;abbigliamento protettivo per medici \u00e8 un elemento chiave dell&#8217;equipaggiamento che non solo fornisce protezione contro i potenziali rischi, ma influisce anche sul comfort lavorativo. Offriamo abbigliamento protettivo che soddisfa i pi\u00f9 alti standard di sicurezza e igiene. <strong>I materiali utilizzati sono resistenti allo sporco, facili da pulire e garantiscono una protezione di lunga durata,<\/strong> aspetto estremamente importante quando si lavora in un ambiente medico. <\/p>\n\n<h2 class=\"wp-block-heading\">Personalizzazione e ampia gamma di abbigliamento medico<\/h2>\n\n<p>L&#8217;abbigliamento medico deve essere adatto alle esigenze dei medici, per questo offriamo opzioni di personalizzazione che ti permettono di adattare il tuo abbigliamento alle tue esigenze individuali: dalla scelta del colore all&#8217;aggiunta di un ricamo con il tuo nome o il logo della tua istituzione. In questo modo ogni medico potr\u00e0 sentirsi non solo a proprio agio ma anche unico, sottolineando la sua appartenenza al team e la sua professionalit\u00e0. <\/p>\n\n<p>Il nostro <a href=\"https:\/\/medandbeauty.com\/it\/\">negozio di abbigliamento medico<\/a> consiglia:<\/p>\n\n<ul class=\"wp-block-list\">\n<li><a href=\"https:\/\/medandbeauty.com\/it\/shop\/per-lui\/\">abbigliamento medico da uomo,<\/a><\/li>\n\n\n\n<li><a href=\"https:\/\/medandbeauty.com\/it\/shop\/per-lei\/\">abbigliamento medico da donna,<\/a><\/li>\n\n\n\n<li><a href=\"https:\/\/medandbeauty.com\/it\/rodzaj-ubrania\/camicette-mediche\/\">camicette mediche,<\/a><\/li>\n\n\n\n<li><a href=\"https:\/\/medandbeauty.com\/it\/rodzaj-ubrania\/pantaloni-medici\/\">pantaloni da medico,<\/a><\/li>\n\n\n\n<li><a href=\"https:\/\/medandbeauty.com\/it\/rodzaj-ubrania\/camici\/\">camici medici,<\/a><\/li>\n\n\n\n<li><a href=\"https:\/\/medandbeauty.com\/it\/rodzaj-ubrania\/abiti-da-medico\/\">abiti medici,<\/a><\/li>\n\n\n\n<li><a href=\"https:\/\/medandbeauty.com\/it\/rodzaj-ubrania\/camici-medici\/\">camici medici,<\/a><\/li>\n\n\n\n<li><a href=\"https:\/\/medandbeauty.com\/it\/rodzaj-ubrania\/tuniche-mediche\/\">tuniche mediche,<\/a><\/li>\n\n\n\n<li><a href=\"https:\/\/medandbeauty.com\/it\/rodzaj-ubrania\/giacche-mediche\/\">giacche mediche.<\/a><\/li>\n<\/ul>\n\n<p>Ti invitiamo a effettuare gli ordini.<\/p>\n","protected":false},"excerpt":{"rendered":"<p>L&#8217;abbigliamento medico per i medici \u00e8 un elemento chiave che garantisce non solo protezione, ma anche il giusto look al lavoro. Nel nostro assortimento troverai abbigliamento medico che combina funzionalit\u00e0, comfort e stile moderno. Dai grembiuli classici alle eleganti uniformi mediche, ogni capo di abbigliamento medico \u00e8 progettato per offrire il massimo comfort durante le [&hellip;]<\/p>\n","protected":false},"author":28789,"featured_media":0,"parent":0,"menu_order":0,"comment_status":"closed","ping_status":"closed","template":"page.php","meta":{"_acf_changed":false,"inline_featured_image":false,"footnotes":""},"class_list":["post-356885","page","type-page","status-publish","hentry"],"acf":[],"_links":{"self":[{"href":"https:\/\/medandbeauty.com\/it\/wp-json\/wp\/v2\/pages\/356885","targetHints":{"allow":["GET"]}}],"collection":[{"href":"https:\/\/medandbeauty.com\/it\/wp-json\/wp\/v2\/pages"}],"about":[{"href":"https:\/\/medandbeauty.com\/it\/wp-json\/wp\/v2\/types\/page"}],"author":[{"embeddable":true,"href":"https:\/\/medandbeauty.com\/it\/wp-json\/wp\/v2\/users\/28789"}],"replies":[{"embeddable":true,"href":"https:\/\/medandbeauty.com\/it\/wp-json\/wp\/v2\/comments?post=356885"}],"version-history":[{"count":1,"href":"https:\/\/medandbeauty.com\/it\/wp-json\/wp\/v2\/pages\/356885\/revisions"}],"predecessor-version":[{"id":356888,"href":"https:\/\/medandbeauty.com\/it\/wp-json\/wp\/v2\/pages\/356885\/revisions\/356888"}],"wp:attachment":[{"href":"https:\/\/medandbeauty.com\/it\/wp-json\/wp\/v2\/media?parent=356885"}],"curies":[{"name":"wp","href":"https:\/\/api.w.org\/{rel}","templated":true}]}}