{"id":356891,"date":"2024-11-21T12:43:05","date_gmt":"2024-11-21T11:43:05","guid":{"rendered":"https:\/\/medandbeauty.com\/uniformi-cosmetiche\/"},"modified":"2025-03-02T07:28:16","modified_gmt":"2025-03-02T06:28:16","slug":"uniformi-cosmetiche","status":"publish","type":"page","link":"https:\/\/medandbeauty.com\/it\/uniformi-cosmetiche\/","title":{"rendered":"Uniformi cosmetiche"},"content":{"rendered":"\n<p>Le divise cosmetiche non sono solo un abbigliamento che protegge dallo sporco, ma soprattutto un elemento che sottolinea la professionalit\u00e0 e l&#8217;estetica del tuo lavoro. Che tu sia<strong> un&#8217;estetista, una nail stylist o una specialista in medicina estetica, il giusto abbigliamento cosmetico influisce sul comfort<\/strong> e sulla comodit\u00e0 durante le lunghe ore di lavoro. La nostra collezione \u00e8 una combinazione di eleganza, design moderno e funzionalit\u00e0 che garantisce il giusto look, senza compromettere il comfort.  <\/p>\n\n<h2 class=\"wp-block-heading\">Grembiuli cosmetici: pratici ed eleganti<\/h2>\n\n<p>I grembiuli cosmetici sono una parte indispensabile del guardaroba di ogni professionista della bellezza. <strong>Quando scegli i nostri grembiuli da estetista, puoi contare su una vestibilit\u00e0 ottimale<\/strong>, che \u00e8 particolarmente importante quando si eseguono procedure precise. Disponibili in un&#8217;ampia gamma di tagli, dai modelli classici agli abiti da estetista, i nostri grembiuli da estetista sono progettati tenendo conto del comfort e della funzionalit\u00e0: l&#8217;ideale per chi apprezza la comodit\u00e0 e l&#8217;aspetto professionale. I grembiuli cosmetici a kimono (tuniche cosmetiche) stanno guadagnando popolarit\u00e0 grazie alla loro versatilit\u00e0 e facilit\u00e0 di indossarli.  <\/p>\n\n<h2 class=\"wp-block-heading\">Uniformi cosmetiche &#8211; eleganza quotidiana<\/h2>\n\n<p>L&#8217;abbigliamento cosmetico di Med&amp;Beauty \u00e8 dedicato <strong>a chi vuole combinare il comfort con un look elegante.<\/strong> Ogni divisa da estetista \u00e8 realizzata con materiali di altissima qualit\u00e0, che non rilasciano, sono traspiranti e facili da mantenere puliti. Il nostro abbigliamento per estetiste combina un design alla moda con l&#8217;ergonomia per rendere pi\u00f9 piacevole ogni giornata di lavoro. <\/p>\n\n<h2 class=\"wp-block-heading\">Scrub cosmetici: funzionalit\u00e0 in primo piano<\/h2>\n\n<p><strong>I camici cosmetici sono la scelta perfetta per chi d\u00e0 importanza alla massima libert\u00e0 di movimento e alla funzionalit\u00e0<\/strong> (comode tasche). Grazie ai materiali elasticizzati, i camici si adattano perfettamente al corpo, offrendo comfort sia durante le ore di lavoro intenso che durante le meritate pause caff\u00e8. Il taglio moderno e la disponibilit\u00e0 in molti colori li rendono adattabili alle preferenze individuali e alle esigenze estetiche del salone.  <\/p>\n\n<h2 class=\"wp-block-heading\">Diversit\u00e0 e personalizzazione: cosa offriamo?<\/h2>\n\n<p>Nel nostro assortimento troverai un&#8217;ampia selezione di divise da estetista. <strong>Grazie alla possibilit\u00e0 di personalizzazione, ogni divisa da estetista pu\u00f2 essere decorata con il logo o il nome dell&#8217;azienda, <\/strong>sottolineando ulteriormente la professionalit\u00e0 del salone. I nostri capi sono disponibili in un&#8217;ampia gamma di taglie, che consentono una vestibilit\u00e0 perfetta per ogni figura, assicurando il massimo comfort quando vengono indossati per tutto il giorno. <\/p>\n\n<p>Tutte le nostre divise cosmetiche sono realizzate con materiali di prima qualit\u00e0 che assicurano durata e comfort. <strong>Il grembiule in cotone con nylon e lycra della linea premium<\/strong> assicura che l&#8217;indumento non sia solo bello da vedere, ma anche traspirante e resistente. I grembiuli cosmetici della linea basic, invece, sono la combinazione ideale di poliestere, viscosa e lycra per garantire comfort e flessibilit\u00e0. <\/p>\n\n<p>Il nostro <a href=\"https:\/\/medandbeauty.com\/it\/\">negozio di abbigliamento medico<\/a> e cosmetico offre:<\/p>\n\n<ul class=\"wp-block-list\">\n<li><a href=\"https:\/\/medandbeauty.com\/it\/shop\/per-lui\/\">abbigliamento medico da uomo,<\/a><\/li>\n\n\n\n<li><a href=\"https:\/\/medandbeauty.com\/it\/shop\/per-lei\/\">abbigliamento medico da donna,<\/a><\/li>\n\n\n\n<li><a href=\"https:\/\/medandbeauty.com\/it\/rodzaj-ubrania\/camicette-mediche\/\">camicette mediche,<\/a><\/li>\n\n\n\n<li><a href=\"https:\/\/medandbeauty.com\/it\/rodzaj-ubrania\/pantaloni-medici\/\">pantaloni da medico,<\/a><\/li>\n\n\n\n<li><a href=\"https:\/\/medandbeauty.com\/it\/rodzaj-ubrania\/camici\/\">camici medici,<\/a><\/li>\n\n\n\n<li><a href=\"https:\/\/medandbeauty.com\/it\/rodzaj-ubrania\/abiti-da-medico\/\">abiti medici,<\/a><\/li>\n\n\n\n<li><a href=\"https:\/\/medandbeauty.com\/it\/rodzaj-ubrania\/camici-medici\/\">camici medici,<\/a><\/li>\n\n\n\n<li><a href=\"https:\/\/medandbeauty.com\/it\/rodzaj-ubrania\/tuniche-mediche\/\">tuniche mediche.<\/a><\/li>\n<\/ul>\n\n<p>Ti invitiamo a effettuare gli ordini.<\/p>\n","protected":false},"excerpt":{"rendered":"<p>Le divise cosmetiche non sono solo un abbigliamento che protegge dallo sporco, ma soprattutto un elemento che sottolinea la professionalit\u00e0 e l&#8217;estetica del tuo lavoro. Che tu sia un&#8217;estetista, una nail stylist o una specialista in medicina estetica, il giusto abbigliamento cosmetico influisce sul comfort e sulla comodit\u00e0 durante le lunghe ore di lavoro. La [&hellip;]<\/p>\n","protected":false},"author":28789,"featured_media":0,"parent":0,"menu_order":0,"comment_status":"closed","ping_status":"closed","template":"page.php","meta":{"_acf_changed":false,"inline_featured_image":false,"footnotes":""},"class_list":["post-356891","page","type-page","status-publish","hentry"],"acf":[],"_links":{"self":[{"href":"https:\/\/medandbeauty.com\/it\/wp-json\/wp\/v2\/pages\/356891","targetHints":{"allow":["GET"]}}],"collection":[{"href":"https:\/\/medandbeauty.com\/it\/wp-json\/wp\/v2\/pages"}],"about":[{"href":"https:\/\/medandbeauty.com\/it\/wp-json\/wp\/v2\/types\/page"}],"author":[{"embeddable":true,"href":"https:\/\/medandbeauty.com\/it\/wp-json\/wp\/v2\/users\/28789"}],"replies":[{"embeddable":true,"href":"https:\/\/medandbeauty.com\/it\/wp-json\/wp\/v2\/comments?post=356891"}],"version-history":[{"count":1,"href":"https:\/\/medandbeauty.com\/it\/wp-json\/wp\/v2\/pages\/356891\/revisions"}],"predecessor-version":[{"id":356892,"href":"https:\/\/medandbeauty.com\/it\/wp-json\/wp\/v2\/pages\/356891\/revisions\/356892"}],"wp:attachment":[{"href":"https:\/\/medandbeauty.com\/it\/wp-json\/wp\/v2\/media?parent=356891"}],"curies":[{"name":"wp","href":"https:\/\/api.w.org\/{rel}","templated":true}]}}