{"id":382821,"date":"2025-03-25T14:12:29","date_gmt":"2025-03-25T13:12:29","guid":{"rendered":"https:\/\/medandbeauty.com\/registrazione-di-coloro-che-desiderano-partecipare-alla-riunione\/"},"modified":"2025-03-25T14:46:44","modified_gmt":"2025-03-25T13:46:44","slug":"registrazione-di-coloro-che-desiderano-partecipare-alla-riunione","status":"publish","type":"page","link":"https:\/\/medandbeauty.com\/it\/registrazione-di-coloro-che-desiderano-partecipare-alla-riunione\/","title":{"rendered":"Registrazione di coloro che desiderano partecipare alla riunione"},"content":{"rendered":"\n\n<div class=\"wpcf7 no-js\" id=\"wpcf7-f382683-o1\" lang=\"it-IT\" dir=\"ltr\" data-wpcf7-id=\"382683\">\n<div class=\"screen-reader-response\"><p role=\"status\" aria-live=\"polite\" aria-atomic=\"true\"><\/p> <ul><\/ul><\/div>\n<form action=\"\/it\/wp-json\/wp\/v2\/pages\/382821#wpcf7-f382683-o1\" method=\"post\" class=\"wpcf7-form init\" aria-label=\"Modulo di contatto\" novalidate=\"novalidate\" data-status=\"init\">\n<fieldset class=\"hidden-fields-container\"><input type=\"hidden\" name=\"_wpcf7\" value=\"382683\" \/><input type=\"hidden\" name=\"_wpcf7_version\" value=\"6.1.5\" \/><input type=\"hidden\" name=\"_wpcf7_locale\" value=\"it_IT\" \/><input type=\"hidden\" name=\"_wpcf7_unit_tag\" value=\"wpcf7-f382683-o1\" \/><input type=\"hidden\" name=\"_wpcf7_container_post\" value=\"0\" \/><input type=\"hidden\" name=\"_wpcf7_posted_data_hash\" value=\"\" \/><input type=\"hidden\" name=\"_wpcf7_recaptcha_response\" value=\"\" \/>\n<\/fieldset>\n<div class=\"form-section wpc_form_registration\">\n\t<div class=\"form-row\">\n\t\t<p>Nome <label> <span class=\"requied\">*<\/span><\/label><br \/>\n<span class=\"wpcf7-form-control-wrap\" data-name=\"full_name\"><input size=\"40\" maxlength=\"400\" minlength=\"2\" class=\"wpcf7-form-control wpcf7-text wpcf7-validates-as-required full_name\" aria-required=\"true\" aria-invalid=\"false\" placeholder=\"Nome\" value=\"\" type=\"text\" name=\"full_name\" \/><\/span>\n\t\t<\/p>\n\t<\/div>\n\t<div class=\"form-row\">\n\t\t<p><label> Sei un nostro cliente? <span class=\"requied\">*<\/span><\/label><br \/>\n<span class=\"wpcf7-form-control-wrap\" data-name=\"client\"><span class=\"wpcf7-form-control wpcf7-radio client\"><span class=\"wpcf7-list-item first\"><label><input type=\"radio\" name=\"client\" value=\"S\u00ec\" \/><span class=\"wpcf7-list-item-label\">S\u00ec<\/span><\/label><\/span><span class=\"wpcf7-list-item last\"><label><input type=\"radio\" name=\"client\" value=\"No\" \/><span class=\"wpcf7-list-item-label\">No<\/span><\/label><\/span><\/span><\/span>\n\t\t<\/p>\n\t<\/div>\n\t<div class=\"form-row\">\n\t\t<p><label> Di cosa ti occupi professionalmente? <span class=\"requied\">*<\/span><\/label><br \/>\n<span class=\"wpcf7-form-control-wrap\" data-name=\"work\"><input size=\"40\" maxlength=\"400\" minlength=\"2\" class=\"wpcf7-form-control wpcf7-text wpcf7-validates-as-required work\" aria-required=\"true\" aria-invalid=\"false\" placeholder=\"Di cosa ti occupi professionalmente?\" value=\"\" type=\"text\" name=\"work\" \/><\/span>\n\t\t<\/p>\n\t<\/div>\n\t<div class=\"form-row\">\n\t\t<p><label> Email di contatto <span class=\"requied\">*<\/span><\/label><br \/>\n<span class=\"wpcf7-form-control-wrap\" data-name=\"mail\"><input size=\"40\" maxlength=\"400\" minlength=\"2\" class=\"wpcf7-form-control wpcf7-email wpcf7-validates-as-required wpcf7-text wpcf7-validates-as-email mail\" aria-required=\"true\" aria-invalid=\"false\" placeholder=\"Email di contatto\" value=\"\" type=\"email\" name=\"mail\" \/><\/span>\n\t\t<\/p>\n\t<\/div>\n\t<div class=\"form-row\">\n\t\t<p><label> Numero di telefono <span class=\"requied\">*<\/span><\/label><br \/>\n<span class=\"wpcf7-form-control-wrap\" data-name=\"phone_nubmer\"><input size=\"40\" maxlength=\"400\" minlength=\"9\" class=\"wpcf7-form-control wpcf7-tel wpcf7-validates-as-required wpcf7-text wpcf7-validates-as-tel phone_nubmer\" aria-required=\"true\" aria-invalid=\"false\" placeholder=\"500600700\" value=\"\" type=\"tel\" name=\"phone_nubmer\" \/><\/span>\n\t\t<\/p>\n\t<\/div>\n\t<div class=\"form-row\">\n\t\t<p><span class=\"wpcf7-form-control-wrap\" data-name=\"acceptance-1\"><span class=\"wpcf7-form-control wpcf7-acceptance\"><span class=\"wpcf7-list-item\"><label><input type=\"checkbox\" name=\"acceptance-1\" value=\"1\" class=\"acceptance-1\" aria-invalid=\"false\" \/><span class=\"wpcf7-list-item-label\">Sei d'accordo con la condivisione della tua immagine sui nostri social media?<\/span><\/label><\/span><\/span><\/span>\n\t\t<\/p>\n\t<\/div>\n\t<div class=\"form-row\">\n\t\t<p><label> Perch\u00e9 vuoi partecipare all'incontro? <span class=\"requied\">*<\/span><\/label><br \/>\n<span class=\"wpcf7-form-control-wrap\" data-name=\"why\"><input size=\"40\" maxlength=\"400\" minlength=\"2\" class=\"wpcf7-form-control wpcf7-text wpcf7-validates-as-required why\" autocomplete=\"name\" aria-required=\"true\" aria-invalid=\"false\" placeholder=\"Perch\u00e9 vuoi partecipare?\" value=\"\" type=\"text\" name=\"why\" \/><\/span>\n\t\t<\/p>\n\t<\/div>\n\t<div class=\"form-row\">\n\t\t<p><span class=\"wpcf7-form-control-wrap\" data-name=\"acceptance-2\"><span class=\"wpcf7-form-control wpcf7-acceptance\"><span class=\"wpcf7-list-item\"><label><input type=\"checkbox\" name=\"acceptance-2\" value=\"1\" class=\"acceptance-2\" aria-invalid=\"false\" \/><span class=\"wpcf7-list-item-label\">Acconsento al trattamento dei miei dati personali, tra cui nome, indirizzo e-mail, numero di telefono da parte di MED&BEAUTY - GROCHOLEWSKI ; ul.27 Grudnia 15A, 64-330 Opalenica, Polonia per l'invio di informazioni promozionali. <span class=\"acceptance_more_info acceptance_more_info_hidden\">Inoltre, dichiaro di essere stato informato della possibilit\u00e0 di revocare il mio consenso in qualsiasi momento e che la sua revoca non pregiudica la legalit\u00e0 del trattamento che \u00e8 stato effettuato sulla base del consenso prima della sua revoca.<\/span><\/span><\/label><\/span><\/span><\/span>\n\t\t<\/p>\n\t<\/div>\n\t<p><input class=\"wpcf7-form-control wpcf7-submit has-spinner send-btn btn\" id=\"send-btn\" type=\"submit\" value=\"Invia\" \/>\n\t<\/p>\n<\/div><div class=\"wpcf7-response-output\" aria-hidden=\"true\"><\/div>\n<\/form>\n<\/div>\n\n<p>\n<script>$(document).ready(function() {console.log('test123')\n    if ($('.wpc_form_registration').length) {<\/p>\n<p>        if ($('.acceptance_more_info_btn').length &amp;&amp; $('.acceptance_more_info_hidden').length) {\n            $('.acceptance_more_info_btn').on('click', function() {\n                $('.acceptance_more_info').removeClass('acceptance_more_info_hidden');\n            });\n        }\n    }\n});<\/scirpt><\/script><\/p>\n","protected":false},"excerpt":{"rendered":"","protected":false},"author":1,"featured_media":0,"parent":0,"menu_order":0,"comment_status":"closed","ping_status":"closed","template":"template-pages\/page_form_register.php","meta":{"_acf_changed":false,"inline_featured_image":false,"footnotes":""},"class_list":["post-382821","page","type-page","status-publish","hentry"],"acf":[],"_links":{"self":[{"href":"https:\/\/medandbeauty.com\/it\/wp-json\/wp\/v2\/pages\/382821","targetHints":{"allow":["GET"]}}],"collection":[{"href":"https:\/\/medandbeauty.com\/it\/wp-json\/wp\/v2\/pages"}],"about":[{"href":"https:\/\/medandbeauty.com\/it\/wp-json\/wp\/v2\/types\/page"}],"author":[{"embeddable":true,"href":"https:\/\/medandbeauty.com\/it\/wp-json\/wp\/v2\/users\/1"}],"replies":[{"embeddable":true,"href":"https:\/\/medandbeauty.com\/it\/wp-json\/wp\/v2\/comments?post=382821"}],"version-history":[{"count":1,"href":"https:\/\/medandbeauty.com\/it\/wp-json\/wp\/v2\/pages\/382821\/revisions"}],"predecessor-version":[{"id":382822,"href":"https:\/\/medandbeauty.com\/it\/wp-json\/wp\/v2\/pages\/382821\/revisions\/382822"}],"wp:attachment":[{"href":"https:\/\/medandbeauty.com\/it\/wp-json\/wp\/v2\/media?parent=382821"}],"curies":[{"name":"wp","href":"https:\/\/api.w.org\/{rel}","templated":true}]}}