{"id":32140,"date":"2024-01-02T14:43:56","date_gmt":"2024-01-02T14:43:56","guid":{"rendered":"https:\/\/medandbeauty.com\/product\/camice-medico-da-donna-con-scollatura-premium-nero\/"},"modified":"2025-12-23T12:03:33","modified_gmt":"2025-12-23T11:03:33","slug":"camice-medico-da-donna-con-scollatura-premium-nero","status":"publish","type":"product","link":"https:\/\/medandbeauty.com\/it\/product\/camice-medico-da-donna-con-scollatura-premium-nero\/","title":{"rendered":"Camice medico da donna con scollatura premium NERO"},"content":{"rendered":"<p style=\"font-weight: 400;\">Il <strong>grembiule medico nero con scollatura premium<\/strong> \u00e8 la scelta perfetta per le donne che lavorano nel settore estetico e medico e che preferiscono uno stile classico e un&#8217;eleganza raffinata.<\/p>\n<p style=\"font-weight: 400;\"><strong>Il grembiule da medico nero con scollatura della <a href=\"https:\/\/medandbeauty.com\/it\/shop\/per-lei\/collezione-premium-per-lei\/\" target=\"_blank\" rel=\"noopener\">Premium Collection<\/a><\/strong> \u00e8 realizzato in una miscela di alta qualit\u00e0 di cotone, nylon e lycra, in modo da offrire non solo comfort, ma anche una vestibilit\u00e0 perfetta per diverse silhouette e comodit\u00e0 durante la giornata lavorativa.<\/p>\n<p style=\"font-weight: 400;\">Le tasche di questo modello sono pratiche e spaziose e consentono di riporre gli oggetti essenziali da tenere sempre a portata di mano.<\/p>\n<p style=\"font-weight: 400;\">Un&#8217;importante caratteristica distintiva del <strong>grembiule medico<\/strong> <strong>Med &amp; Beauty<\/strong> <strong>nero con scollatura<\/strong> \u00e8 la comoda chiusura con bottoni a pressione, che permette di indossarlo e toglierlo rapidamente.<\/p>\n<p style=\"font-weight: 400;\">La classica scollatura trapezoidale aggiunge un fascino senza tempo e un tocco moderno, mentre la lunghezza del grembiule \u00e8 stata scelta con precisione per adattarsi perfettamente a qualsiasi silhouette.<\/p>\n<p style=\"font-weight: 400;\">Alla <strong>Med &amp; Beauty<\/strong> non ci preoccupiamo solo del comfort di chi li indossa, ma anche dell&#8217;estetica e di un aspetto professionale. La vestibilit\u00e0 slim <strong>del grembiule medico nero con scollatura<\/strong> accentua tutte le caratteristiche della figura femminile. <\/p>\n<p style=\"font-weight: 400;\">Si abbina perfettamente con <a href=\"https:\/\/medandbeauty.com\/sklep?s=przylegaj%C4%85ce\" target=\"_blank\" rel=\"noopener\"><br \/>\n  <strong>pantaloni medici<\/strong><br \/>\n<\/a>dello stesso materiale. Potete scegliere <a href=\"https:\/\/medandbeauty.com\/it\/shop\/per-lei\/collezione-premium-per-lei\/?rodzaj-ubrania=spodnie-medyczne\" target=\"_blank\" rel=\"noopener\"><br \/>\n  <strong>pantaloni medici<\/strong><br \/>\n<\/a> in nero o abbinati a qualsiasi tonalit\u00e0 dei colori premium disponibili nella collezione.<\/p>\n<ul>\n<li style=\"font-weight: 400;\">Elegante scollatura trapezoidale<\/li>\n<li style=\"font-weight: 400;\"><span style=\"font-family: inherit;\">Comoda chiusura con bottoni a pressione<\/span><\/li>\n<li style=\"font-weight: 400;\"><span style=\"font-family: inherit;\">Taglio classico e aderente per una silhouette perfetta<\/span><\/li>\n<li style=\"font-weight: 400;\"><span style=\"font-family: inherit;\">Due capienti tasche anteriori con toppe<\/span><\/li>\n<li style=\"font-weight: 400;\"><span style=\"font-family: inherit;\">Personalizzabile con ricamo<\/span><\/li>\n<\/ul>\n<p style=\"font-weight: 400;\">\nI<strong>nformazioni aggiuntive:<\/strong> Le modelle nelle foto indossano la taglia S e sono alte 170-174 cm.<\/p>\n<p style=\"font-weight: 400;\">Se vi state chiedendo quale taglia scegliere, date un&#8217;occhiata alla tabella delle taglie. In caso di dubbi, inviateci le vostre misure e noi le adatteremo per voi. <\/p>\n<p style=\"font-weight: 400;\">I colori dei capi della collezione Premium non corrispondono a quelli della<a href=\"https:\/\/medandbeauty.com\/it\/shop\/per-lei\/collezione-basic-per-lei\/\" target=\"_blank\" rel=\"noopener\"> collezione Basic<\/a>, poich\u00e9 sono realizzati con tessuti diversi.<\/p>\n<p style=\"font-weight: 400;\">Le tonalit\u00e0 dei singoli capi nelle immagini possono differire da quelle reali, a causa della variet\u00e0 di apparecchiature elettroniche disponibili e delle loro impostazioni individuali.<\/p>\n","protected":false},"excerpt":{"rendered":"<p>Il grembiule medico nero con scollatura premium \u00e8 la scelta perfetta per le donne che lavorano nel settore estetico e medico e che preferiscono uno stile classico e un&#8217;eleganza raffinata. Il grembiule da medico nero con scollatura della Premium Collection \u00e8 realizzato in una miscela di alta qualit\u00e0 di cotone, nylon e lycra, in modo [&hellip;]<\/p>\n","protected":false},"featured_media":32164,"comment_status":"open","ping_status":"closed","template":"","meta":{"_acf_changed":false,"inline_featured_image":false},"kolor":[563],"rodzaj-ubrania":[565],"ubranie":[566],"product_brand":[],"product_cat":[809,561,552],"product_tag":[],"class_list":{"0":"post-32140","1":"product","2":"type-product","3":"status-publish","4":"has-post-thumbnail","6":"kolor-czernie-it","7":"rodzaj-ubrania-camici-medici","8":"ubranie-camice-medico-premium-per-donna-con-scollatura","9":"product_cat-camici-medici-premium-per-lei","10":"product_cat-collezione-premium-per-lei","11":"product_cat-per-lei","13":"first","14":"instock","15":"taxable","16":"shipping-taxable","17":"purchasable","18":"product-type-variable"},"acf":[],"_links":{"self":[{"href":"https:\/\/medandbeauty.com\/it\/wp-json\/wp\/v2\/product\/32140","targetHints":{"allow":["GET"]}}],"collection":[{"href":"https:\/\/medandbeauty.com\/it\/wp-json\/wp\/v2\/product"}],"about":[{"href":"https:\/\/medandbeauty.com\/it\/wp-json\/wp\/v2\/types\/product"}],"replies":[{"embeddable":true,"href":"https:\/\/medandbeauty.com\/it\/wp-json\/wp\/v2\/comments?post=32140"}],"wp:featuredmedia":[{"embeddable":true,"href":"https:\/\/medandbeauty.com\/it\/wp-json\/wp\/v2\/media\/32164"}],"wp:attachment":[{"href":"https:\/\/medandbeauty.com\/it\/wp-json\/wp\/v2\/media?parent=32140"}],"wp:term":[{"taxonomy":"kolor","embeddable":true,"href":"https:\/\/medandbeauty.com\/it\/wp-json\/wp\/v2\/kolor?post=32140"},{"taxonomy":"rodzaj-ubrania","embeddable":true,"href":"https:\/\/medandbeauty.com\/it\/wp-json\/wp\/v2\/rodzaj-ubrania?post=32140"},{"taxonomy":"ubranie","embeddable":true,"href":"https:\/\/medandbeauty.com\/it\/wp-json\/wp\/v2\/ubranie?post=32140"},{"taxonomy":"product_brand","embeddable":true,"href":"https:\/\/medandbeauty.com\/it\/wp-json\/wp\/v2\/product_brand?post=32140"},{"taxonomy":"product_cat","embeddable":true,"href":"https:\/\/medandbeauty.com\/it\/wp-json\/wp\/v2\/product_cat?post=32140"},{"taxonomy":"product_tag","embeddable":true,"href":"https:\/\/medandbeauty.com\/it\/wp-json\/wp\/v2\/product_tag?post=32140"}],"curies":[{"name":"wp","href":"https:\/\/api.w.org\/{rel}","templated":true}]}}