{"id":32204,"date":"2024-01-02T15:08:11","date_gmt":"2024-01-02T15:08:11","guid":{"rendered":"https:\/\/medandbeauty.com\/product\/camice-medico-classico-da-donna-colore-bianco-premium\/"},"modified":"2025-12-23T12:03:33","modified_gmt":"2025-12-23T11:03:33","slug":"camice-medico-classico-da-donna-colore-bianco-premium","status":"publish","type":"product","link":"https:\/\/medandbeauty.com\/it\/product\/camice-medico-classico-da-donna-colore-bianco-premium\/","title":{"rendered":"Camice medico classico da donna, colore bianco premium"},"content":{"rendered":"<p style=\"font-weight: 400;\">Se cercate <strong>un grembiule medico classico da donna<\/strong> per compiti speciali, siete nel posto giusto!<\/p>\n<p style=\"font-weight: 400;\"><strong>Il classico grembiule medico da donna<\/strong> della <a href=\"https:\/\/medandbeauty.com\/it\/shop\/per-lei\/collezione-premium-per-lei\/\" target=\"_blank\" rel=\"noopener\">Premium Collection<\/a> \u00e8 un modello che migliaia di clienti del settore <strong>medico<\/strong> ed <strong>estetico<\/strong> hanno imparato ad amare.<\/p>\n<p style=\"font-weight: 400;\">Il <strong>grembiule medico<\/strong> \u00e8 stato cucito in cotone di prima qualit\u00e0 con una miscela di lirica e nylon. Questa combinazione di fibre nel materiale rende il lavoro con il nostro <strong>grembiule medico<\/strong> estremamente confortevole. <\/p>\n<p style=\"font-weight: 400;\">Grazie all&#8217;elasticit\u00e0 del materiale, il <strong>grembiule medico<\/strong> classico <strong>Med &amp; Beauty<\/strong> offre una gamma completa di movimenti, anche quando \u00e8 allacciato.<\/p>\n<p style=\"font-weight: 400;\">Il <strong>classico grembiule medico premium da donna<\/strong> si chiude con bottoni automatici (bottoni a pressione), che lo rendono facile da allacciare e slacciare in qualsiasi situazione.<\/p>\n<p style=\"font-weight: 400;\">Le due ampie tasche contengono tutti i piccoli oggetti necessari per il lavoro, mentre le maniche lunghe proteggono le braccia e gli avambracci.<\/p>\n<p style=\"font-weight: 400;\">La forma semplice del <strong>grembiule<\/strong> e il colletto a forma di sottile colletto rialzato sottolineano la classicit\u00e0 di questo modello e fanno s\u00ec che ogni donna che indossa il nostro <strong>grembiule medico<\/strong> classico abbia un aspetto molto professionale.<\/p>\n<p style=\"font-weight: 400;\">Abbinate il <strong>camice medico classico da donna<\/strong> a uno qualsiasi dei camici <a href=\"https:\/\/medandbeauty.com\/it\/shop\/per-lei\/collezione-basic-per-lei\/\" target=\"_blank\" rel=\"noopener\"><br \/>\n  <strong>camici<\/strong><br \/>\n<\/a> o <a href=\"https:\/\/medandbeauty.com\/it\/shop\/per-lei\/collezione-premium-per-lei\/?rodzaj-ubrania=sukienki-medyczne\" target=\"_blank\" rel=\"noopener\"><br \/>\n  <strong>camici medici<\/strong><br \/>\n<\/a> della linea <a href=\"https:\/\/medandbeauty.com\/it\/shop\/per-lei\/collezione-premium-per-lei\/\" target=\"_blank\" rel=\"noopener\"><br \/>\n  <strong>Med &amp; Beauty Premium<\/strong><br \/>\n<\/a> o <a href=\"https:\/\/medandbeauty.com\/it\/shop\/per-lei\/collezione-basic-per-lei\/\" target=\"_blank\" rel=\"noopener\"><br \/>\n  <strong>Basic<\/strong><br \/>\n<\/a>. Nella nostra gamma troverete pi\u00f9 di una dozzina di colori che si coordineranno perfettamente con il grembiule.<\/p>\n<ul>\n<li style=\"font-weight: 400;\">Due tasche grandi, spaziose e pratiche<\/li>\n<li style=\"font-weight: 400;\"><span style=\"font-family: inherit;\">Chiusura con comodi bottoni a pressione<\/span><\/li>\n<li style=\"font-weight: 400;\"><span style=\"font-family: inherit;\">Taglio classico con collo alto<\/span><\/li>\n<li style=\"font-weight: 400;\"><span style=\"font-family: inherit;\">Personalizzabile con ricamo<\/span><\/li>\n<\/ul>\n<p style=\"font-weight: 400;\">\nI<strong>nformazioni aggiuntive:<\/strong> Le modelle nelle foto indossano la taglia S e sono alte 170-174 cm.<\/p>\n<p style=\"font-weight: 400;\">Se vi state chiedendo quale taglia scegliere, date un&#8217;occhiata alla tabella delle taglie. In caso di dubbi, inviateci le vostre misure e noi le adatteremo per voi. <\/p>\n<p style=\"font-weight: 400;\">I colori dei capi della collezione Premium non corrispondono a quelli della <a href=\"https:\/\/medandbeauty.com\/it\/shop\/per-lei\/collezione-basic-per-lei\/\" target=\"_blank\" rel=\"noopener\">collezione Basic<\/a>, poich\u00e9 sono realizzati con tessuti diversi.<\/p>\n<p style=\"font-weight: 400;\">Le tonalit\u00e0 dei singoli capi nelle immagini possono differire da quelle reali, a causa della variet\u00e0 di apparecchiature elettroniche disponibili e delle loro impostazioni individuali.<\/p>\n","protected":false},"excerpt":{"rendered":"<p>Se cercate un grembiule medico classico da donna per compiti speciali, siete nel posto giusto! Il classico grembiule medico da donna della Premium Collection \u00e8 un modello che migliaia di clienti del settore medico ed estetico hanno imparato ad amare. Il grembiule medico \u00e8 stato cucito in cotone di prima qualit\u00e0 con una miscela di [&hellip;]<\/p>\n","protected":false},"featured_media":32218,"comment_status":"open","ping_status":"closed","template":"","meta":{"_acf_changed":false,"inline_featured_image":false},"kolor":[],"rodzaj-ubrania":[565],"ubranie":[575],"product_brand":[],"product_cat":[809,561,574,552],"product_tag":[],"class_list":{"0":"post-32204","1":"product","2":"type-product","3":"status-publish","4":"has-post-thumbnail","6":"rodzaj-ubrania-camici-medici","7":"ubranie-camice-medico-classico-da-donna-premium","8":"product_cat-camici-medici-premium-per-lei","9":"product_cat-collezione-premium-per-lei","10":"product_cat-i-piu-venduti-per-lei","11":"product_cat-per-lei","13":"first","14":"instock","15":"taxable","16":"shipping-taxable","17":"purchasable","18":"product-type-variable"},"acf":[],"_links":{"self":[{"href":"https:\/\/medandbeauty.com\/it\/wp-json\/wp\/v2\/product\/32204","targetHints":{"allow":["GET"]}}],"collection":[{"href":"https:\/\/medandbeauty.com\/it\/wp-json\/wp\/v2\/product"}],"about":[{"href":"https:\/\/medandbeauty.com\/it\/wp-json\/wp\/v2\/types\/product"}],"replies":[{"embeddable":true,"href":"https:\/\/medandbeauty.com\/it\/wp-json\/wp\/v2\/comments?post=32204"}],"wp:featuredmedia":[{"embeddable":true,"href":"https:\/\/medandbeauty.com\/it\/wp-json\/wp\/v2\/media\/32218"}],"wp:attachment":[{"href":"https:\/\/medandbeauty.com\/it\/wp-json\/wp\/v2\/media?parent=32204"}],"wp:term":[{"taxonomy":"kolor","embeddable":true,"href":"https:\/\/medandbeauty.com\/it\/wp-json\/wp\/v2\/kolor?post=32204"},{"taxonomy":"rodzaj-ubrania","embeddable":true,"href":"https:\/\/medandbeauty.com\/it\/wp-json\/wp\/v2\/rodzaj-ubrania?post=32204"},{"taxonomy":"ubranie","embeddable":true,"href":"https:\/\/medandbeauty.com\/it\/wp-json\/wp\/v2\/ubranie?post=32204"},{"taxonomy":"product_brand","embeddable":true,"href":"https:\/\/medandbeauty.com\/it\/wp-json\/wp\/v2\/product_brand?post=32204"},{"taxonomy":"product_cat","embeddable":true,"href":"https:\/\/medandbeauty.com\/it\/wp-json\/wp\/v2\/product_cat?post=32204"},{"taxonomy":"product_tag","embeddable":true,"href":"https:\/\/medandbeauty.com\/it\/wp-json\/wp\/v2\/product_tag?post=32204"}],"curies":[{"name":"wp","href":"https:\/\/api.w.org\/{rel}","templated":true}]}}