{"id":32208,"date":"2024-01-02T15:43:12","date_gmt":"2024-01-02T15:43:12","guid":{"rendered":"https:\/\/medandbeauty.com\/product\/camicetta-medica-da-donna-scrubs-premium-blu\/"},"modified":"2025-12-23T12:04:32","modified_gmt":"2025-12-23T11:04:32","slug":"camicetta-medica-da-donna-scrubs-premium-blu","status":"publish","type":"product","link":"https:\/\/medandbeauty.com\/it\/product\/camicetta-medica-da-donna-scrubs-premium-blu\/","title":{"rendered":"Camicetta medica da donna scrubs premium BLU"},"content":{"rendered":"<p style=\"font-weight: 400;\">I <strong>classici scrub<\/strong> che hanno conquistato il cuore di migliaia di clienti, ora anche in una <a href=\"https:\/\/medandbeauty.com\/it\/shop\/per-lei\/collezione-premium-per-lei\/\" target=\"_blank\" rel=\"noopener\">collezione premium<\/a>!<\/p>\n<p style=\"font-weight: 400;\">Le lunghe ore di lavoro richiedono gli <strong>indumenti medici<\/strong> pi\u00f9 confortevoli. La <strong>camicetta medica premium scrubs da donna blu<\/strong> \u00e8 stata confezionata con l&#8217;80% di cotone di prima qualit\u00e0 e ulteriormente arricchita con una raffinata miscela di lycra e nylon.<\/p>\n<p style=\"font-weight: 400;\">Questo mix di fibre nel tessuto rende il materiale morbido, resistente, perfettamente aderente alla figura, non limita i movimenti e, soprattutto, \u00e8 traspirante.<\/p>\n<p style=\"font-weight: 400;\">La <strong>camicetta<a href=\"https:\/\/medandbeauty.com\/it\/shop\/per-lei\/collezione-premium-per-lei\/\" target=\"_blank\" rel=\"noopener\">premium scrubs<\/a> medico donna blu<\/strong> \u00e8 la base perfetta per un guardaroba di uniformi mediche comodo e versatile.<\/p>\n<p style=\"font-weight: 400;\">Due ampie e pratiche tasche sul davanti consentono di tenere a portata di mano tutti gli elementi essenziali durante il lavoro.<\/p>\n<p style=\"font-weight: 400;\">Il classico scollo a V allunga otticamente la silhouette, la vestibilit\u00e0 slim mette in risalto tutte le caratteristiche femminili e la lunghezza delle maniche (che arrivano quasi al gomito) garantisce la protezione delle spalle senza limitare i movimenti.<\/p>\n<p style=\"font-weight: 400;\">Abbinate la camicetta <strong>medica premium scrubs blu da donna<\/strong> ai <a href=\"https:\/\/medandbeauty.com\/sk\/product\/damske-lekarske-nohavice-jogger-premium-white\/\" target=\"_blank\" rel=\"noopener\"><strong>joggers medici<\/strong><\/a>, <a href=\"https:\/\/medandbeauty.com\/sk\/product\/damske-lekarske-nohavice-premium-fit-white\/\" target=\"_blank\" rel=\"noopener\"><strong>pantaloni medici<\/strong> <\/a>o i classici <a href=\"https:\/\/medandbeauty.com\/sk\/product\/damske-lekarske-nohavice-proste-scrubs-premium-white\/\" target=\"_blank\" rel=\"noopener\"><strong>pantaloni medici dritti<\/strong> <\/a>nella stessa tonalit\u00e0 o scegliendo un altro colore tra i tanti disponibili nella nostra gamma.<\/p>\n<p style=\"font-weight: 400;\">Assicuratevi un comfort totale e un aspetto professionale sul posto di lavoro con la linea di <strong>abbigliamento medico<\/strong> <a href=\"https:\/\/medandbeauty.com\/it\/shop\/per-lei\/collezione-premium-per-lei\/\" target=\"_blank\" rel=\"noopener\"><br \/>\n  <strong>Med &amp; Beauty Premium<\/strong><br \/>\n<\/a>.<strong><br \/>\n<\/strong><\/p>\n<ul>\n<li style=\"font-weight: 400;\">Due capienti tasche anteriori<\/li>\n<li style=\"font-weight: 400;\"><span style=\"font-family: inherit;\">Tessuto morbido e traspirante<\/span><\/li>\n<li style=\"font-weight: 400;\"><span style=\"font-family: inherit;\">Taglio slim e senza tempo<\/span><\/li>\n<li style=\"font-weight: 400;\"><span style=\"font-family: inherit;\">Personalizzabile con ricamo<\/span><\/li>\n<\/ul>\n<p style=\"font-weight: 400;\">\nI<strong>nformazioni aggiuntive:<\/strong> Le modelle nelle foto indossano la taglia S e sono alte 170-174 cm.<\/p>\n<p style=\"font-weight: 400;\">Se vi state chiedendo quale taglia scegliere, date un&#8217;occhiata alla tabella delle taglie. In caso di dubbi, inviateci le vostre misure e noi le adatteremo per voi. <\/p>\n<p style=\"font-weight: 400;\">I colori dei capi della<a href=\"https:\/\/medandbeauty.com\/it\/shop\/per-lei\/collezione-premium-per-lei\/\" target=\"_blank\" rel=\"noopener\"> collezione Premium<\/a> non corrispondono a quelli della <a href=\"https:\/\/medandbeauty.com\/it\/shop\/per-lei\/collezione-basic-per-lei\/\" target=\"_blank\" rel=\"noopener\">collezione Basic<\/a>, poich\u00e9 sono realizzati con tessuti diversi.<\/p>\n<p style=\"font-weight: 400;\">Le tonalit\u00e0 dei singoli capi nelle immagini possono differire da quelle reali, a causa della variet\u00e0 di apparecchiature elettroniche disponibili e delle loro impostazioni individuali.<\/p>\n","protected":false},"excerpt":{"rendered":"<p>I classici scrub che hanno conquistato il cuore di migliaia di clienti, ora anche in una collezione premium! Le lunghe ore di lavoro richiedono gli indumenti medici pi\u00f9 confortevoli. La camicetta medica premium scrubs da donna blu \u00e8 stata confezionata con l&#8217;80% di cotone di prima qualit\u00e0 e ulteriormente arricchita con una raffinata miscela di [&hellip;]<\/p>\n","protected":false},"featured_media":32225,"comment_status":"open","ping_status":"closed","template":"","meta":{"_acf_changed":false,"inline_featured_image":false},"kolor":[567],"rodzaj-ubrania":[557,556],"ubranie":[562],"product_brand":[],"product_cat":[808,561,552,811],"product_tag":[],"class_list":{"0":"post-32208","1":"product","2":"type-product","3":"status-publish","4":"has-post-thumbnail","6":"kolor-blu","7":"rodzaj-ubrania-camicette-mediche","8":"rodzaj-ubrania-camici","9":"ubranie-camicetta-medica-da-donna-scrubs-premium","10":"product_cat-camicette-mediche-premium-per-lei","11":"product_cat-collezione-premium-per-lei","12":"product_cat-per-lei","13":"product_cat-scrubs-premium-per-lei","15":"first","16":"instock","17":"taxable","18":"shipping-taxable","19":"purchasable","20":"product-type-variable"},"acf":[],"_links":{"self":[{"href":"https:\/\/medandbeauty.com\/it\/wp-json\/wp\/v2\/product\/32208","targetHints":{"allow":["GET"]}}],"collection":[{"href":"https:\/\/medandbeauty.com\/it\/wp-json\/wp\/v2\/product"}],"about":[{"href":"https:\/\/medandbeauty.com\/it\/wp-json\/wp\/v2\/types\/product"}],"replies":[{"embeddable":true,"href":"https:\/\/medandbeauty.com\/it\/wp-json\/wp\/v2\/comments?post=32208"}],"wp:featuredmedia":[{"embeddable":true,"href":"https:\/\/medandbeauty.com\/it\/wp-json\/wp\/v2\/media\/32225"}],"wp:attachment":[{"href":"https:\/\/medandbeauty.com\/it\/wp-json\/wp\/v2\/media?parent=32208"}],"wp:term":[{"taxonomy":"kolor","embeddable":true,"href":"https:\/\/medandbeauty.com\/it\/wp-json\/wp\/v2\/kolor?post=32208"},{"taxonomy":"rodzaj-ubrania","embeddable":true,"href":"https:\/\/medandbeauty.com\/it\/wp-json\/wp\/v2\/rodzaj-ubrania?post=32208"},{"taxonomy":"ubranie","embeddable":true,"href":"https:\/\/medandbeauty.com\/it\/wp-json\/wp\/v2\/ubranie?post=32208"},{"taxonomy":"product_brand","embeddable":true,"href":"https:\/\/medandbeauty.com\/it\/wp-json\/wp\/v2\/product_brand?post=32208"},{"taxonomy":"product_cat","embeddable":true,"href":"https:\/\/medandbeauty.com\/it\/wp-json\/wp\/v2\/product_cat?post=32208"},{"taxonomy":"product_tag","embeddable":true,"href":"https:\/\/medandbeauty.com\/it\/wp-json\/wp\/v2\/product_tag?post=32208"}],"curies":[{"name":"wp","href":"https:\/\/api.w.org\/{rel}","templated":true}]}}