{"id":32448,"date":"2024-01-05T21:48:23","date_gmt":"2024-01-05T21:48:23","guid":{"rendered":"https:\/\/medandbeauty.com\/product\/camice-medico-da-donna-con-colletto-di-qualita-superiore-bianco\/"},"modified":"2025-12-23T12:07:54","modified_gmt":"2025-12-23T11:07:54","slug":"camice-medico-da-donna-con-colletto-di-qualita-superiore-bianco","status":"publish","type":"product","link":"https:\/\/medandbeauty.com\/it\/product\/camice-medico-da-donna-con-colletto-di-qualita-superiore-bianco\/","title":{"rendered":"Camice medico da donna con colletto di qualit\u00e0 superiore BIANCO"},"content":{"rendered":"<p style=\"font-weight: 400;\">Scoprite uno dei modelli pi\u00f9 classici della nostra <a href=\"https:\/\/medandbeauty.com\/it\/shop\/per-lei\/collezione-premium-per-lei\/\" target=\"_blank\" rel=\"noopener\"><strong>collezione<\/strong> <strong>Med &amp; Beauty Premium<\/strong><\/a>.<\/p>\n<p style=\"font-weight: 400;\">Se tenete a un look professionale al lavoro ma non volete sacrificare il comfort e la completa libert\u00e0 di movimento, questo taglio \u00e8 fatto per voi.<\/p>\n<p style=\"font-weight: 400;\">Il <strong>grembiule medico con colletto in bianco <\/strong>\u00e8 stato realizzato in cotone della migliore qualit\u00e0 con una miscela di lycra e nylon. Questa combinazione di fibre nel tessuto fa s\u00ec che il grembiule non si sgualcisca, sia estremamente comodo da indossare e sia anche traspirante e arioso. <\/p>\n<p style=\"font-weight: 400;\">Tutti gli indumenti medici disponibili nella gamma <strong>Med &amp; Beauty<\/strong> sono cuciti con attenzione ai minimi dettagli. Le eleganti pinces sul busto utilizzate nel <strong>grembiule medico bianco con colletto<\/strong> garantiscono una perfetta vestibilit\u00e0 per qualsiasi tipo di figura femminile. <\/p>\n<p style=\"font-weight: 400;\">Con una vita affusolata e una cintura, il <strong>grembiule medico bianco con colletto<\/strong> accentua tutti i tipi di corpo, mentre la scollatura classica incorporata allunga otticamente la figura.<\/p>\n<p style=\"font-weight: 400;\">Il colletto alto aggiunge un tocco chic a qualsiasi abbigliamento e, cosa molto importante, \u00e8 stato sagomato in modo tale da non interferire con i movimenti.<\/p>\n<p style=\"font-weight: 400;\">Grazie alle due ampie tasche nascoste, potrete portare con voi tutti gli accessori e i piccoli oggetti di cui avete bisogno per il lavoro, mentre le maniche a \u00be assicurano la protezione delle spalle e la massima mobilit\u00e0.<\/p>\n<p style=\"font-weight: 400;\">Abbinate il <strong>grembiule medico con colletto bianco ai <a href=\"https:\/\/medandbeauty.com\/it\/shop\/per-lei\/collezione-premium-per-lei\/?rodzaj-ubrania=spodnie-medyczne\" target=\"_blank\" rel=\"noopener\">pantaloni medici<\/a><\/strong> dello stesso colore, oppure combinate liberamente diverse tonalit\u00e0 tra loro per creare set unici.<\/p>\n<ul>\n<li style=\"font-weight: 400;\">Due funzionali tasche laterali a scomparsa<\/li>\n<li style=\"font-weight: 400;\"><span style=\"font-family: inherit;\">Scollatura profonda con un elegante colletto sagomato<\/span><\/li>\n<li style=\"font-weight: 400;\"><span style=\"font-family: inherit;\">Cintura in vita per accentuare la figura<\/span><\/li>\n<li style=\"font-weight: 400;\"><span style=\"font-family: inherit;\">Maniche a 3\/4<\/span><\/li>\n<li style=\"font-weight: 400;\"><span style=\"font-family: inherit;\">Personalizzabile con ricamo<\/span><\/li>\n<\/ul>\n<p>&nbsp;<\/p>\n<p style=\"font-weight: 400;\">\nI<strong>nformazioni aggiuntive:<\/strong> Le modelle nelle foto indossano la taglia S e sono alte 170-174 cm.<\/p>\n<p style=\"font-weight: 400;\">Se vi state chiedendo quale taglia scegliere, date un&#8217;occhiata alla tabella delle taglie. In caso di dubbi, inviateci le vostre misure e noi le adatteremo per voi. <\/p>\n<p style=\"font-weight: 400;\">I colori dei capi della <a href=\"https:\/\/medandbeauty.com\/it\/shop\/per-lei\/collezione-premium-per-lei\/\" target=\"_blank\" rel=\"noopener\">collezione Premium<\/a> non corrispondono a quelli della <a href=\"https:\/\/medandbeauty.com\/it\/shop\/per-lei\/collezione-basic-per-lei\/\" target=\"_blank\" rel=\"noopener\">collezione Basic<\/a>, poich\u00e9 sono realizzati con tessuti diversi.<\/p>\n<p style=\"font-weight: 400;\">Le tonalit\u00e0 dei singoli capi nelle immagini possono differire da quelle reali, a causa della variet\u00e0 di apparecchiature elettroniche disponibili e delle loro impostazioni individuali.<\/p>\n","protected":false},"excerpt":{"rendered":"<p>Scoprite uno dei modelli pi\u00f9 classici della nostra collezione Med &amp; Beauty Premium. Se tenete a un look professionale al lavoro ma non volete sacrificare il comfort e la completa libert\u00e0 di movimento, questo taglio \u00e8 fatto per voi. Il grembiule medico con colletto in bianco \u00e8 stato realizzato in cotone della migliore qualit\u00e0 con [&hellip;]<\/p>\n","protected":false},"featured_media":32462,"comment_status":"open","ping_status":"closed","template":"","meta":{"_acf_changed":false,"inline_featured_image":false},"kolor":[559],"rodzaj-ubrania":[565],"ubranie":[580],"product_brand":[],"product_cat":[809,561,552],"product_tag":[1637],"class_list":{"0":"post-32448","1":"product","2":"type-product","3":"status-publish","4":"has-post-thumbnail","6":"kolor-bianchi","7":"rodzaj-ubrania-camici-medici","8":"ubranie-camice-medico-da-donna-con-colletto-premium","9":"product_cat-camici-medici-premium-per-lei","10":"product_cat-collezione-premium-per-lei","11":"product_cat-per-lei","12":"product_tag-grembiuli-cosmetici","14":"first","15":"instock","16":"taxable","17":"shipping-taxable","18":"purchasable","19":"product-type-variable"},"acf":[],"_links":{"self":[{"href":"https:\/\/medandbeauty.com\/it\/wp-json\/wp\/v2\/product\/32448","targetHints":{"allow":["GET"]}}],"collection":[{"href":"https:\/\/medandbeauty.com\/it\/wp-json\/wp\/v2\/product"}],"about":[{"href":"https:\/\/medandbeauty.com\/it\/wp-json\/wp\/v2\/types\/product"}],"replies":[{"embeddable":true,"href":"https:\/\/medandbeauty.com\/it\/wp-json\/wp\/v2\/comments?post=32448"}],"wp:featuredmedia":[{"embeddable":true,"href":"https:\/\/medandbeauty.com\/it\/wp-json\/wp\/v2\/media\/32462"}],"wp:attachment":[{"href":"https:\/\/medandbeauty.com\/it\/wp-json\/wp\/v2\/media?parent=32448"}],"wp:term":[{"taxonomy":"kolor","embeddable":true,"href":"https:\/\/medandbeauty.com\/it\/wp-json\/wp\/v2\/kolor?post=32448"},{"taxonomy":"rodzaj-ubrania","embeddable":true,"href":"https:\/\/medandbeauty.com\/it\/wp-json\/wp\/v2\/rodzaj-ubrania?post=32448"},{"taxonomy":"ubranie","embeddable":true,"href":"https:\/\/medandbeauty.com\/it\/wp-json\/wp\/v2\/ubranie?post=32448"},{"taxonomy":"product_brand","embeddable":true,"href":"https:\/\/medandbeauty.com\/it\/wp-json\/wp\/v2\/product_brand?post=32448"},{"taxonomy":"product_cat","embeddable":true,"href":"https:\/\/medandbeauty.com\/it\/wp-json\/wp\/v2\/product_cat?post=32448"},{"taxonomy":"product_tag","embeddable":true,"href":"https:\/\/medandbeauty.com\/it\/wp-json\/wp\/v2\/product_tag?post=32448"}],"curies":[{"name":"wp","href":"https:\/\/api.w.org\/{rel}","templated":true}]}}