{"id":32643,"date":"2024-01-05T20:48:09","date_gmt":"2024-01-05T20:48:09","guid":{"rendered":"https:\/\/medandbeauty.com\/product\/camice-medico-legato-da-donna-premium-white\/"},"modified":"2026-01-14T14:05:20","modified_gmt":"2026-01-14T13:05:20","slug":"camice-medico-legato-da-donna-premium-white","status":"publish","type":"product","link":"https:\/\/medandbeauty.com\/it\/product\/camice-medico-legato-da-donna-premium-white\/","title":{"rendered":"Camice medico legato da donna Premium WHITE"},"content":{"rendered":"<p style=\"font-weight: 400;\"><strong>Il camice medico bianco da donna <a href=\"https:\/\/medandbeauty.com\/it\/shop\/per-lei\/collezione-premium-per-lei\/\" target=\"_blank\" rel=\"noopener\">della Premium Collection<\/a><\/strong> \u00e8 un modello pensato per le donne pi\u00f9 esigenti che lavorano nel settore medico ed estetico.<\/p>\n<p style=\"font-weight: 400;\">Il <strong>grembiule da medico con laccetto bianco<\/strong> \u00e8 stato realizzato con una miscela di cotone, nylon e lycra della migliore qualit\u00e0. Questa combinazione di fibre nel tessuto rende il materiale traspirante, si adatta perfettamente a qualsiasi tipo di figura femminile e garantisce il massimo comfort durante le lunghe ore di lavoro. <\/p>\n<p style=\"font-weight: 400;\">Tutti i modelli di top medicale prodotti da <strong>Med &amp; Beauty<\/strong> sono dotati di pratiche e capienti tasche per riporre i piccoli accessori necessari al lavoro quotidiano.<\/p>\n<p style=\"font-weight: 400;\">Il colletto splendidamente sagomato aggiunge un tocco straordinariamente chic al <strong>grembiule legato<\/strong>, mentre la cintura con fibbia in vita permette al<strong> grembiule<\/strong> di adattarsi perfettamente a qualsiasi figura.<\/p>\n<p style=\"font-weight: 400;\">Alla <strong>Med &amp; Beauty<\/strong> non ci concentriamo solo sul comfort, ma anche su un aspetto estetico e professionale. La lunghezza del <strong>grembiule medico bianco legato<\/strong> \u00e8 stata scelta per adattarsi perfettamente a qualsiasi figura. <\/p>\n<p style=\"font-weight: 400;\">Il <strong>camice medico premium da donna bianco a strati<\/strong> si abbina bene ai pantaloni medici. <a href=\"https:\/\/medandbeauty.com\/it\/product\/pantaloni-medicali-da-donna-premium-fit-bianco\/\" target=\"_blank\" rel=\"noopener\"><br \/>\n  <strong>pantaloni medici<\/strong><br \/>\n<\/a>che sono realizzati nello stesso materiale.<\/p>\n<p style=\"font-weight: 400;\">Abbinate i <strong>pantaloni da medico<\/strong> nello stesso colore bianco o in qualsiasi altra tonalit\u00e0 tra le tante disponibili nella nostra gamma.<\/p>\n<ul>\n<li style=\"font-weight: 400;\">Colletto ampio e chic<\/li>\n<li style=\"font-weight: 400;\"><span style=\"font-family: inherit;\">Cintura in vita con fibbia per accentuare la silhouette<\/span><\/li>\n<li style=\"font-weight: 400;\"><span style=\"font-family: inherit;\">Taglio pi\u00f9 lungo ed elegante e manica a 3\/4<\/span><\/li>\n<li style=\"font-weight: 400;\"><span style=\"font-family: inherit;\">Due pratiche tasche a scomparsa<\/span><\/li>\n<li style=\"font-weight: 400;\"><span style=\"font-family: inherit;\">Personalizzabile con ricamo<\/span><\/li>\n<\/ul>\n<p>&nbsp;<\/p>\n<p style=\"font-weight: 400;\">\nI<strong>nformazioni aggiuntive:<\/strong> Le modelle nelle foto indossano la taglia S e sono alte 170-174 cm.<\/p>\n<p style=\"font-weight: 400;\">Se vi state chiedendo quale taglia scegliere, date un&#8217;occhiata alla tabella delle taglie. In caso di dubbi, inviateci le vostre misure e noi le adatteremo per voi. <\/p>\n<p style=\"font-weight: 400;\">I colori dei capi della <a href=\"https:\/\/medandbeauty.com\/it\/shop\/per-lei\/collezione-premium-per-lei\/\" target=\"_blank\" rel=\"noopener\">collezione Premium<\/a> non corrispondono a quelli della <a href=\"https:\/\/medandbeauty.com\/it\/shop\/per-lei\/collezione-basic-per-lei\/\" target=\"_blank\" rel=\"noopener\">collezione Basic<\/a>, poich\u00e9 sono realizzati con tessuti diversi.<\/p>\n<p style=\"font-weight: 400;\">Le tonalit\u00e0 dei singoli capi nelle immagini possono differire da quelle reali, a causa della variet\u00e0 di apparecchiature elettroniche disponibili e delle loro impostazioni individuali.<\/p>\n","protected":false},"excerpt":{"rendered":"<p>Il camice medico bianco da donna della Premium Collection \u00e8 un modello pensato per le donne pi\u00f9 esigenti che lavorano nel settore medico ed estetico. Il grembiule da medico con laccetto bianco \u00e8 stato realizzato con una miscela di cotone, nylon e lycra della migliore qualit\u00e0. Questa combinazione di fibre nel tessuto rende il materiale [&hellip;]<\/p>\n","protected":false},"featured_media":32655,"comment_status":"open","ping_status":"closed","template":"","meta":{"_acf_changed":false,"inline_featured_image":false},"kolor":[559],"rodzaj-ubrania":[565],"ubranie":[582],"product_brand":[],"product_cat":[809,561,552],"product_tag":[1637],"class_list":{"0":"post-32643","1":"product","2":"type-product","3":"status-publish","4":"has-post-thumbnail","6":"kolor-bianchi","7":"rodzaj-ubrania-camici-medici","8":"ubranie-camice-medico-legato-da-donna-premium","9":"product_cat-camici-medici-premium-per-lei","10":"product_cat-collezione-premium-per-lei","11":"product_cat-per-lei","12":"product_tag-grembiuli-cosmetici","14":"first","15":"instock","16":"taxable","17":"shipping-taxable","18":"purchasable","19":"product-type-variable"},"acf":[],"_links":{"self":[{"href":"https:\/\/medandbeauty.com\/it\/wp-json\/wp\/v2\/product\/32643","targetHints":{"allow":["GET"]}}],"collection":[{"href":"https:\/\/medandbeauty.com\/it\/wp-json\/wp\/v2\/product"}],"about":[{"href":"https:\/\/medandbeauty.com\/it\/wp-json\/wp\/v2\/types\/product"}],"replies":[{"embeddable":true,"href":"https:\/\/medandbeauty.com\/it\/wp-json\/wp\/v2\/comments?post=32643"}],"wp:featuredmedia":[{"embeddable":true,"href":"https:\/\/medandbeauty.com\/it\/wp-json\/wp\/v2\/media\/32655"}],"wp:attachment":[{"href":"https:\/\/medandbeauty.com\/it\/wp-json\/wp\/v2\/media?parent=32643"}],"wp:term":[{"taxonomy":"kolor","embeddable":true,"href":"https:\/\/medandbeauty.com\/it\/wp-json\/wp\/v2\/kolor?post=32643"},{"taxonomy":"rodzaj-ubrania","embeddable":true,"href":"https:\/\/medandbeauty.com\/it\/wp-json\/wp\/v2\/rodzaj-ubrania?post=32643"},{"taxonomy":"ubranie","embeddable":true,"href":"https:\/\/medandbeauty.com\/it\/wp-json\/wp\/v2\/ubranie?post=32643"},{"taxonomy":"product_brand","embeddable":true,"href":"https:\/\/medandbeauty.com\/it\/wp-json\/wp\/v2\/product_brand?post=32643"},{"taxonomy":"product_cat","embeddable":true,"href":"https:\/\/medandbeauty.com\/it\/wp-json\/wp\/v2\/product_cat?post=32643"},{"taxonomy":"product_tag","embeddable":true,"href":"https:\/\/medandbeauty.com\/it\/wp-json\/wp\/v2\/product_tag?post=32643"}],"curies":[{"name":"wp","href":"https:\/\/api.w.org\/{rel}","templated":true}]}}