{"id":32739,"date":"2024-01-05T23:26:34","date_gmt":"2024-01-05T23:26:34","guid":{"rendered":"https:\/\/medandbeauty.com\/product\/abito-medico-a-busta-con-maniche-corte-premium-black\/"},"modified":"2025-12-23T11:47:01","modified_gmt":"2025-12-23T10:47:01","slug":"abito-medico-a-busta-con-maniche-corte-premium-black","status":"publish","type":"product","link":"https:\/\/medandbeauty.com\/it\/product\/abito-medico-a-busta-con-maniche-corte-premium-black\/","title":{"rendered":"Abito medico a busta con maniche corte Premium BLACK"},"content":{"rendered":"<p style=\"font-weight: 400;\">Stiamo rivoluzionando l&#8217;immagine dell&#8217;industria medica e della bellezza con i nostri <strong>abiti a busta<\/strong> pi\u00f9 venduti!<\/p>\n<p style=\"font-weight: 400;\">Dimenticate le classiche <strong>uniformi mediche<\/strong>: \u00e8 il momento di <strong>abiti a maniche corte<\/strong> estremamente comodi e chic.<\/p>\n<p style=\"font-weight: 400;\">Sapevate che i pazienti e i clienti prestano sempre pi\u00f9 attenzione a come siete vestiti quando fate il vostro lavoro?<\/p>\n<p style=\"font-weight: 400;\">Indossando un <strong>abbigliamento medico<\/strong> ordinato che sottolinei la vostra professionalit\u00e0, non solo migliorerete il vostro benessere, ma guadagnerete anche agli occhi di pazienti e clienti.<\/p>\n<p style=\"font-weight: 400;\">L&#8217;<strong>abito medico nero a maniche corte a busta<\/strong> della<a href=\"https:\/\/medandbeauty.com\/it\/shop\/per-lei\/collezione-premium-per-lei\/\" target=\"_blank\" rel=\"noopener\"> Premium Collection<\/a> \u00e8 stato confezionato in cotone di alta qualit\u00e0 all&#8217;80% combinato con nylon e lycra. Questa combinazione di fibre nel tessuto lo rende morbido, traspirante, si adatta perfettamente alla figura e non si sgualcisce.<\/p>\n<p style=\"font-weight: 400;\">Sullo scollo <strong>dell&#8217;abito medico a busta nera a maniche corte<\/strong> abbiamo inserito un&#8217;allacciatura nascosta che fissa la scollatura, garantendo piena libert\u00e0 di movimento anche durante le ore di lavoro.<\/p>\n<p style=\"font-weight: 400;\">Sappiamo bene quanto sia importante poter tenere a portata di mano gli oggetti di lavoro e i gingilli, per questo l&#8217;<strong>abito nero a maniche corte con busta medica<\/strong> \u00e8 dotato di due tasche funzionali.<\/p>\n<p style=\"font-weight: 400;\">Con eleganti pinces sul busto e una cintura in vita, l&#8217;<strong>abito medico nero a maniche corte<\/strong> si adatta perfettamente a qualsiasi tipo di figura femminile.<\/p>\n<ul>\n<li style=\"font-weight: 400;\">Due ampie tasche spaziose<\/li>\n<li style=\"font-weight: 400;\"><span style=\"font-family: inherit;\">Cintura in vita per una perfetta aderenza a qualsiasi silhouette<\/span><\/li>\n<li style=\"font-weight: 400;\"><span style=\"font-family: inherit;\">Lunghezza prima del ginocchio<\/span><\/li>\n<li style=\"font-weight: 400;\"><span style=\"font-family: inherit;\">Pratico bottone sulla scollatura per un comfort totale<\/span><\/li>\n<li style=\"font-weight: 400;\"><span style=\"font-family: inherit;\">Personalizzabile con ricamo<\/span><\/li>\n<\/ul>\n<p>&nbsp;<\/p>\n<p style=\"font-weight: 400;\">\nI<strong>nformazioni aggiuntive:<\/strong> Le modelle nelle foto indossano la taglia S e sono alte 170-174 cm.<\/p>\n<p style=\"font-weight: 400;\">Se vi state chiedendo quale taglia scegliere, date un&#8217;occhiata alla tabella delle taglie. In caso di dubbi, inviateci le vostre misure e noi le adatteremo per voi. <\/p>\n<p style=\"font-weight: 400;\">I colori dei capi della <a href=\"https:\/\/medandbeauty.com\/it\/shop\/per-lei\/collezione-premium-per-lei\/\" target=\"_blank\" rel=\"noopener\">collezione Premium<\/a> non corrispondono a quelli della <a href=\"https:\/\/medandbeauty.com\/it\/shop\/per-lei\/collezione-basic-per-lei\/\" target=\"_blank\" rel=\"noopener\">collezione Basic<\/a>, poich\u00e9 sono realizzati con tessuti diversi.<\/p>\n<p style=\"font-weight: 400;\">Le tonalit\u00e0 dei singoli capi nelle immagini possono differire da quelle reali, a causa della variet\u00e0 di apparecchiature elettroniche disponibili e delle loro impostazioni individuali.<\/p>\n","protected":false},"excerpt":{"rendered":"<p>Stiamo rivoluzionando l&#8217;immagine dell&#8217;industria medica e della bellezza con i nostri abiti a busta pi\u00f9 venduti! Dimenticate le classiche uniformi mediche: \u00e8 il momento di abiti a maniche corte estremamente comodi e chic. Sapevate che i pazienti e i clienti prestano sempre pi\u00f9 attenzione a come siete vestiti quando fate il vostro lavoro? Indossando un [&hellip;]<\/p>\n","protected":false},"featured_media":32747,"comment_status":"open","ping_status":"closed","template":"","meta":{"_acf_changed":false,"inline_featured_image":false},"kolor":[563],"rodzaj-ubrania":[593],"ubranie":[594],"product_brand":[],"product_cat":[813,561,552],"product_tag":[1596],"class_list":{"0":"post-32739","1":"product","2":"type-product","3":"status-publish","4":"has-post-thumbnail","6":"kolor-czernie-it","7":"rodzaj-ubrania-abiti-da-medico","8":"ubranie-abito-medico-a-busta-con-maniche-corte-premium","9":"product_cat-abiti-medici-premium-per-lei","10":"product_cat-collezione-premium-per-lei","11":"product_cat-per-lei","12":"product_tag-abiti-cosmetici","14":"first","15":"instock","16":"taxable","17":"shipping-taxable","18":"purchasable","19":"product-type-variable"},"acf":[],"_links":{"self":[{"href":"https:\/\/medandbeauty.com\/it\/wp-json\/wp\/v2\/product\/32739","targetHints":{"allow":["GET"]}}],"collection":[{"href":"https:\/\/medandbeauty.com\/it\/wp-json\/wp\/v2\/product"}],"about":[{"href":"https:\/\/medandbeauty.com\/it\/wp-json\/wp\/v2\/types\/product"}],"replies":[{"embeddable":true,"href":"https:\/\/medandbeauty.com\/it\/wp-json\/wp\/v2\/comments?post=32739"}],"wp:featuredmedia":[{"embeddable":true,"href":"https:\/\/medandbeauty.com\/it\/wp-json\/wp\/v2\/media\/32747"}],"wp:attachment":[{"href":"https:\/\/medandbeauty.com\/it\/wp-json\/wp\/v2\/media?parent=32739"}],"wp:term":[{"taxonomy":"kolor","embeddable":true,"href":"https:\/\/medandbeauty.com\/it\/wp-json\/wp\/v2\/kolor?post=32739"},{"taxonomy":"rodzaj-ubrania","embeddable":true,"href":"https:\/\/medandbeauty.com\/it\/wp-json\/wp\/v2\/rodzaj-ubrania?post=32739"},{"taxonomy":"ubranie","embeddable":true,"href":"https:\/\/medandbeauty.com\/it\/wp-json\/wp\/v2\/ubranie?post=32739"},{"taxonomy":"product_brand","embeddable":true,"href":"https:\/\/medandbeauty.com\/it\/wp-json\/wp\/v2\/product_brand?post=32739"},{"taxonomy":"product_cat","embeddable":true,"href":"https:\/\/medandbeauty.com\/it\/wp-json\/wp\/v2\/product_cat?post=32739"},{"taxonomy":"product_tag","embeddable":true,"href":"https:\/\/medandbeauty.com\/it\/wp-json\/wp\/v2\/product_tag?post=32739"}],"curies":[{"name":"wp","href":"https:\/\/api.w.org\/{rel}","templated":true}]}}