{"id":32744,"date":"2024-01-05T23:52:08","date_gmt":"2024-01-05T22:52:08","guid":{"rendered":"https:\/\/medandbeauty.com\/product\/abito-medico-a-strati-premium-nero\/"},"modified":"2026-04-28T15:23:45","modified_gmt":"2026-04-28T13:23:45","slug":"abito-medico-a-strati-premium-nero","status":"publish","type":"product","link":"https:\/\/medandbeauty.com\/it\/product\/abito-medico-a-strati-premium-nero\/","title":{"rendered":"Abito medico a strati Premium NERO"},"content":{"rendered":"<p>&nbsp;<\/p>\n<h2>Abito nero medico da Med&amp;Beauty<\/h2>\n<p><strong>Il vestito medico nero legato della linea Premium<\/strong> \u00e8 il modello pi\u00f9 classico tra tutti i <strong>vestiti medici <a href=\"https:\/\/medandbeauty.com\/it\/shop\/per-lei\/collezione-premium-per-lei\/\" target=\"_blank\" rel=\"noopener\">Med &amp; Beauty Premium<\/a>.<\/strong><\/p>\n<p>Dimentica le scomode e informi uniformi mediche: \u00e8 tempo di eleganti abiti da medico neri che accentuano la figura femminile e offrono il massimo comfort.<\/p>\n<p>Sapevate che i pazienti e i clienti prestano sempre pi\u00f9 attenzione a come siete vestiti quando fate il vostro lavoro?<\/p>\n<p>Indossando un <strong>abito da medico<\/strong> curato ed elegante, non solo migliorerai il tuo benessere ma sottolineerai anche la tua professionalit\u00e0 e quindi guadagnerai agli occhi di pazienti e clienti.<\/p>\n<h2>Abito medico nero &#8211; materiali<\/h2>\n<p>Abito medico nero legato della<strong> <a href=\"https:\/\/medandbeauty.com\/it\/shop\/per-lei\/collezione-premium-per-lei\/\" target=\"_blank\" rel=\"noopener\">collezione Premium<\/a><\/strong> \u00e8 stato cucito con l&#8217;80% di cotone di alta qualit\u00e0 combinato con nylon e lycra. Questa combinazione di fibre nel tessuto lo rende morbido e traspirante e, cosa <strong>molto importante per gli abiti da medico, non si sgualcisce!<\/strong><\/p>\n<p>La fascia in vita e le pinces modellanti modellano perfettamente la figura e mettono in risalto tutti i suoi punti di forza, mentre la scollatura classica con un elegante colletto sottolinea l&#8217;intramontabilit\u00e0 di questo modello.<\/p>\n<p>L<strong>&#8216;abito nero medico di alta qualit\u00e0<\/strong> arriva leggermente prima del ginocchio, risultando la lunghezza ideale per il massimo comfort al lavoro. Le maniche a 7\/8 proteggono le spalle e non limitano i movimenti. <\/p>\n<p>Scegli <strong>l \u201cabito medico nero legato di alta qualit\u00e0<\/strong> se apprezzi il comfort, il minimalismo e un\u201d immagine professionale al lavoro. Quali caratteristiche ha il nostro abito nero da medico? <\/p>\n<ul>\n<li>scollatura originale con un elegante colletto,<\/li>\n<li>maniche dritte 7\/8,<\/li>\n<li>Taglio classico con lunghezza al ginocchio,<\/li>\n<li>Impunture e fascia in vita per migliorare la silhouette,<\/li>\n<li>\u00e8 possibile la personalizzazione sotto forma di ricamo.<\/li>\n<\/ul>\n<p><strong>Informazioni aggiuntive:<\/strong> Le modelle nelle foto indossano un abito medico nero taglia S e sono alte 170-174 cm.<\/p>\n<p>Se vi state chiedendo quale taglia scegliere, date un&#8217;occhiata alla tabella delle taglie. In caso di dubbi, inviateci le vostre misure e noi le adatteremo per voi. <\/p>\n<p>I colori dei capi della <a href=\"https:\/\/medandbeauty.com\/it\/shop\/per-lei\/collezione-premium-per-lei\/\" target=\"_blank\" rel=\"noopener\">collezione Premium<\/a> non corrispondono a quelli della <a href=\"https:\/\/medandbeauty.com\/it\/shop\/per-lei\/collezione-basic-per-lei\/\" target=\"_blank\" rel=\"noopener\">collezione Basic<\/a>, poich\u00e9 sono realizzati con tessuti diversi.<\/p>\n<p>Il nostro <a href=\"https:\/\/medandbeauty.com\/it\/\">negozio di abbigliamento medico<\/a> offre:<\/p>\n<ul>\n<li><a href=\"https:\/\/medandbeauty.com\/it\/shop\/per-lei\/\" target=\"_new\" rel=\"noopener\">abbigliamento medico da donna<\/a>,<\/li>\n<li><a href=\"https:\/\/medandbeauty.com\/it\/rodzaj-ubrania\/abiti-da-medico\/\" target=\"_new\" rel=\"noopener\">abiti medici<\/a>,<\/li>\n<li><a href=\"https:\/\/medandbeauty.com\/it\/product\/abito-medico-con-cerniera-premium-nero\/\" target=\"_new\" rel=\"noopener\">abito medico nero con cerniera<\/a>,<\/li>\n<li><a href=\"https:\/\/medandbeauty.com\/it\/product\/abito-medico-a-busta-con-maniche-corte-premium-black\/\" target=\"_new\" rel=\"noopener\">abito medico a busta nero.<\/a><\/li>\n<\/ul>\n<p>Le tonalit\u00e0 dei singoli capi nelle immagini possono differire da quelle reali, a causa della variet\u00e0 di apparecchiature elettroniche disponibili e delle loro impostazioni individuali.<\/p>\n<p>Ti invitiamo a effettuare gli ordini.<\/p>\n","protected":false},"excerpt":{"rendered":"<p>&nbsp; Abito nero medico da Med&amp;Beauty Il vestito medico nero legato della linea Premium \u00e8 il modello pi\u00f9 classico tra tutti i vestiti medici Med &amp; Beauty Premium. Dimentica le scomode e informi uniformi mediche: \u00e8 tempo di eleganti abiti da medico neri che accentuano la figura femminile e offrono il massimo comfort. Sapevate che [&hellip;]<\/p>\n","protected":false},"featured_media":32789,"comment_status":"open","ping_status":"closed","template":"","meta":{"_acf_changed":false,"inline_featured_image":false},"kolor":[563],"rodzaj-ubrania":[593],"ubranie":[600],"product_brand":[],"product_cat":[813,561,552],"product_tag":[1596],"class_list":{"0":"post-32744","1":"product","2":"type-product","3":"status-publish","4":"has-post-thumbnail","6":"kolor-czernie-it","7":"rodzaj-ubrania-abiti-da-medico","8":"ubranie-abito-medico-legato-premium","9":"product_cat-abiti-medici-premium-per-lei","10":"product_cat-collezione-premium-per-lei","11":"product_cat-per-lei","12":"product_tag-abiti-cosmetici","14":"first","15":"instock","16":"taxable","17":"shipping-taxable","18":"purchasable","19":"product-type-variable"},"acf":[],"_links":{"self":[{"href":"https:\/\/medandbeauty.com\/it\/wp-json\/wp\/v2\/product\/32744","targetHints":{"allow":["GET"]}}],"collection":[{"href":"https:\/\/medandbeauty.com\/it\/wp-json\/wp\/v2\/product"}],"about":[{"href":"https:\/\/medandbeauty.com\/it\/wp-json\/wp\/v2\/types\/product"}],"replies":[{"embeddable":true,"href":"https:\/\/medandbeauty.com\/it\/wp-json\/wp\/v2\/comments?post=32744"}],"wp:featuredmedia":[{"embeddable":true,"href":"https:\/\/medandbeauty.com\/it\/wp-json\/wp\/v2\/media\/32789"}],"wp:attachment":[{"href":"https:\/\/medandbeauty.com\/it\/wp-json\/wp\/v2\/media?parent=32744"}],"wp:term":[{"taxonomy":"kolor","embeddable":true,"href":"https:\/\/medandbeauty.com\/it\/wp-json\/wp\/v2\/kolor?post=32744"},{"taxonomy":"rodzaj-ubrania","embeddable":true,"href":"https:\/\/medandbeauty.com\/it\/wp-json\/wp\/v2\/rodzaj-ubrania?post=32744"},{"taxonomy":"ubranie","embeddable":true,"href":"https:\/\/medandbeauty.com\/it\/wp-json\/wp\/v2\/ubranie?post=32744"},{"taxonomy":"product_brand","embeddable":true,"href":"https:\/\/medandbeauty.com\/it\/wp-json\/wp\/v2\/product_brand?post=32744"},{"taxonomy":"product_cat","embeddable":true,"href":"https:\/\/medandbeauty.com\/it\/wp-json\/wp\/v2\/product_cat?post=32744"},{"taxonomy":"product_tag","embeddable":true,"href":"https:\/\/medandbeauty.com\/it\/wp-json\/wp\/v2\/product_tag?post=32744"}],"curies":[{"name":"wp","href":"https:\/\/api.w.org\/{rel}","templated":true}]}}