{"id":32853,"date":"2024-01-05T23:51:45","date_gmt":"2024-01-05T22:51:45","guid":{"rendered":"https:\/\/medandbeauty.com\/product\/abito-medico-a-strati-premium-white\/"},"modified":"2026-04-28T15:23:31","modified_gmt":"2026-04-28T13:23:31","slug":"abito-medico-a-strati-premium-white","status":"publish","type":"product","link":"https:\/\/medandbeauty.com\/it\/product\/abito-medico-a-strati-premium-white\/","title":{"rendered":"Abito medico con cintura Premium BIANCO"},"content":{"rendered":"<p style=\"font-weight: 400;\"><strong>L&#8217;abito medico Premium a strati in bianco<\/strong> \u00e8 il pi\u00f9 classico di tutti gli <strong>abiti medici <a href=\"https:\/\/medandbeauty.com\/it\/shop\/per-lei\/collezione-premium-per-lei\/\" target=\"_blank\" rel=\"noopener\">Premium di Med &amp; Beauty<\/a>.<\/strong><\/p>\n<p style=\"font-weight: 400;\">Dimenticate le <strong>divise mediche<\/strong> scomode e informi: \u00e8 tempo di abiti da medico eleganti che accentuano la figura femminile e offrono il massimo comfort.<\/p>\n<p style=\"font-weight: 400;\">Sapevate che i pazienti e i clienti prestano sempre pi\u00f9 attenzione a come siete vestiti quando fate il vostro lavoro?<\/p>\n<p style=\"font-weight: 400;\">Indossando un <strong>abbigliamento medico<\/strong> curato ed elegante, non solo migliorerete il vostro benessere, ma sottolineerete anche la vostra professionalit\u00e0, guadagnando cos\u00ec gli occhi di pazienti e clienti.<\/p>\n<p style=\"font-weight: 400;\">L&#8217;<strong>abito medico bianco legato della collezione premium<\/strong> \u00e8 stato cucito con l&#8217;80% di cotone di alta qualit\u00e0 combinato con nylon e lycra. Questa combinazione di fibre nel tessuto lo rende morbido e traspirante e, cosa molto importante per gli <strong>abiti da medico<\/strong>, non si sgualcisce! <\/p>\n<p style=\"font-weight: 400;\">La fascia in vita e le pinces modellanti modellano perfettamente la figura e mettono in risalto tutti i suoi punti di forza, mentre la scollatura classica con un elegante colletto sottolinea l&#8217;intramontabilit\u00e0 di questo modello.<\/p>\n<p style=\"font-weight: 400;\">L&#8217;<strong>abito da medico bianco a strati di qualit\u00e0 superiore<\/strong> arriva leggermente prima del ginocchio, rappresentando la lunghezza ideale per il massimo comfort sul lavoro. Le maniche a 7\/8 proteggono le spalle e non limitano i movimenti. <\/p>\n<p style=\"font-weight: 400;\">Scegliete l&#8217;<strong>abito da medico bianco legato premium<\/strong> se apprezzate il comfort, il minimalismo e un&#8217;immagine professionale al lavoro.<\/p>\n<ul>\n<li style=\"font-weight: 400;\">Originale scollatura con elegante colletto<\/li>\n<li style=\"font-weight: 400;\"><span style=\"font-family: inherit;\">Maniche dritte 7\/8<\/span><\/li>\n<li style=\"font-weight: 400;\"><span style=\"font-family: inherit;\">Taglio classico al ginocchio<\/span><\/li>\n<li style=\"font-weight: 400;\"><span style=\"font-family: inherit;\">Impunture e cintura in vita che valorizzano la silhouette<\/span><\/li>\n<li style=\"font-weight: 400;\"><span style=\"font-family: inherit;\">Personalizzabile con ricamo<\/span><\/li>\n<\/ul>\n<p>&nbsp;<\/p>\n<p style=\"font-weight: 400;\">\nI<strong>nformazioni aggiuntive:<\/strong> Le modelle nelle foto indossano la taglia S e sono alte 170-174 cm.<\/p>\n<p style=\"font-weight: 400;\">Se vi state chiedendo quale taglia scegliere, date un&#8217;occhiata alla tabella delle taglie. In caso di dubbi, inviateci le vostre misure e noi le adatteremo per voi. <\/p>\n<p style=\"font-weight: 400;\">I colori dei capi della <a href=\"https:\/\/medandbeauty.com\/it\/shop\/per-lei\/collezione-premium-per-lei\/\" target=\"_blank\" rel=\"noopener\">collezione Premium<\/a> non corrispondono a quelli della <a href=\"https:\/\/medandbeauty.com\/it\/shop\/per-lei\/collezione-basic-per-lei\/\" target=\"_blank\" rel=\"noopener\">collezione Basic<\/a>, poich\u00e9 sono realizzati con tessuti diversi.<\/p>\n<p style=\"font-weight: 400;\">Le tonalit\u00e0 dei singoli capi nelle immagini possono differire da quelle reali, a causa della variet\u00e0 di apparecchiature elettroniche disponibili e delle loro impostazioni individuali.<\/p>\n","protected":false},"excerpt":{"rendered":"<p>L&#8217;abito medico Premium a strati in bianco \u00e8 il pi\u00f9 classico di tutti gli abiti medici Premium di Med &amp; Beauty. Dimenticate le divise mediche scomode e informi: \u00e8 tempo di abiti da medico eleganti che accentuano la figura femminile e offrono il massimo comfort. Sapevate che i pazienti e i clienti prestano sempre pi\u00f9 [&hellip;]<\/p>\n","protected":false},"featured_media":32867,"comment_status":"open","ping_status":"closed","template":"","meta":{"_acf_changed":false,"inline_featured_image":false},"kolor":[559],"rodzaj-ubrania":[593],"ubranie":[600],"product_brand":[],"product_cat":[813,561,552],"product_tag":[],"class_list":{"0":"post-32853","1":"product","2":"type-product","3":"status-publish","4":"has-post-thumbnail","6":"kolor-bianchi","7":"rodzaj-ubrania-abiti-da-medico","8":"ubranie-abito-medico-legato-premium","9":"product_cat-abiti-medici-premium-per-lei","10":"product_cat-collezione-premium-per-lei","11":"product_cat-per-lei","13":"first","14":"instock","15":"taxable","16":"shipping-taxable","17":"purchasable","18":"product-type-variable"},"acf":[],"_links":{"self":[{"href":"https:\/\/medandbeauty.com\/it\/wp-json\/wp\/v2\/product\/32853","targetHints":{"allow":["GET"]}}],"collection":[{"href":"https:\/\/medandbeauty.com\/it\/wp-json\/wp\/v2\/product"}],"about":[{"href":"https:\/\/medandbeauty.com\/it\/wp-json\/wp\/v2\/types\/product"}],"replies":[{"embeddable":true,"href":"https:\/\/medandbeauty.com\/it\/wp-json\/wp\/v2\/comments?post=32853"}],"wp:featuredmedia":[{"embeddable":true,"href":"https:\/\/medandbeauty.com\/it\/wp-json\/wp\/v2\/media\/32867"}],"wp:attachment":[{"href":"https:\/\/medandbeauty.com\/it\/wp-json\/wp\/v2\/media?parent=32853"}],"wp:term":[{"taxonomy":"kolor","embeddable":true,"href":"https:\/\/medandbeauty.com\/it\/wp-json\/wp\/v2\/kolor?post=32853"},{"taxonomy":"rodzaj-ubrania","embeddable":true,"href":"https:\/\/medandbeauty.com\/it\/wp-json\/wp\/v2\/rodzaj-ubrania?post=32853"},{"taxonomy":"ubranie","embeddable":true,"href":"https:\/\/medandbeauty.com\/it\/wp-json\/wp\/v2\/ubranie?post=32853"},{"taxonomy":"product_brand","embeddable":true,"href":"https:\/\/medandbeauty.com\/it\/wp-json\/wp\/v2\/product_brand?post=32853"},{"taxonomy":"product_cat","embeddable":true,"href":"https:\/\/medandbeauty.com\/it\/wp-json\/wp\/v2\/product_cat?post=32853"},{"taxonomy":"product_tag","embeddable":true,"href":"https:\/\/medandbeauty.com\/it\/wp-json\/wp\/v2\/product_tag?post=32853"}],"curies":[{"name":"wp","href":"https:\/\/api.w.org\/{rel}","templated":true}]}}