{"id":32966,"date":"2024-01-06T00:43:40","date_gmt":"2024-01-06T00:43:40","guid":{"rendered":"https:\/\/medandbeauty.com\/product\/tunica-medico-donna-a-maniche-corte-a-busta-premium-chocolate\/"},"modified":"2026-01-01T23:02:51","modified_gmt":"2026-01-01T22:02:51","slug":"tunica-medico-donna-a-maniche-corte-a-busta-premium-chocolate","status":"publish","type":"product","link":"https:\/\/medandbeauty.com\/it\/product\/tunica-medico-donna-a-maniche-corte-a-busta-premium-chocolate\/","title":{"rendered":"Tunica medico donna a maniche corte a busta Premium CHOCOLATE"},"content":{"rendered":"<p>La <strong>casacca premium a maniche corte in busta medica color cioccolato <\/strong>\u00e8 la scelta perfetta per le giornate pi\u00f9 calde, ma non solo! Il taglio classico con cintura in vita piacer\u00e0 sicuramente a tutte le donne che lavorano nel settore medico ed estetico e che amano l&#8217;eleganza e il minimalismo. <\/p>\n<p style=\"font-weight: 400;\"><strong>La casacca premium a maniche corte in busta medica di cioccolato<\/strong> \u00e8 stata realizzata con una miscela di cotone, nylon e lycra della migliore qualit\u00e0. Una tale combinazione di fibre nel tessuto rende <strong>le tuniche a busta a maniche corte di Med&amp;Beauty<\/strong> perfettamente aderenti alla figura femminile e garantisce il massimo comfort durante le lunghe ore di lavoro. <\/p>\n<p style=\"font-weight: 400;\">Tutti i modelli di top <strong>medicale<\/strong> prodotti da <strong>Med &amp; Beauty<\/strong> sono dotati di tasche pratiche e capienti, che consentono di tenere a portata di mano tutti gli oggetti desiderati.<\/p>\n<p>Una grande risorsa  <strong>verde cioccolato<span style=\"font-weight: 400;\"> <strong>casacca premium a maniche corte in busta medicale <\/strong><\/span> <\/strong>\u00e8 l&#8217;allacciatura alla scollatura. Per offrirvi il massimo comfort, l&#8217;abbiamo dotato di un bottone e di una chiusura a scomparsa. <\/p>\n<p style=\"font-weight: 400;\">La scollatura a cuore \u00e8 al tempo stesso intramontabile e moderna, mentre la lunghezza della tunica \u00e8 stata scelta per adattarsi perfettamente a qualsiasi tipo di figura femminile.<\/p>\n<p style=\"font-weight: 400;\">Alla <strong>Med &amp; Beauty<\/strong> non ci concentriamo solo sul comfort, ma anche su un aspetto estetico e professionale. La <strong>casacca a maniche corte color cioccolato della <a href=\"https:\/\/medandbeauty.com\/it\/shop\/per-lei\/collezione-premium-per-lei\/\" target=\"_blank\" rel=\"noopener\">Collezione Premium<\/a><\/strong> \u00e8 stata arricchita da una cintura in vita che mette in risalto tutti i punti forti della figura femminile. <\/p>\n<p style=\"font-weight: 400;\">La <strong>casacca medica Premium a maniche corte in cioccolato <\/strong>si abbina perfettamente ai pantaloni medici abbinati.<a href=\"https:\/\/medandbeauty.com\/sk\/product\/damske-lekarske-nohavice-premium-fit-chocolate\/\" target=\"_blank\" rel=\"noopener\"> <strong>i pantaloni medici abbinati<\/strong><\/a>dello stesso materiale.<\/p>\n<p style=\"font-weight: 400;\">Abbinate i <strong>pantaloni da medico<\/strong> dello stesso colore o di qualsiasi altra tonalit\u00e0 tra le tante disponibili nella nostra gamma.<\/p>\n<ul>\n<li style=\"font-weight: 400;\">Due ampie tasche spaziose<\/li>\n<li style=\"font-weight: 400;\"><span style=\"font-family: inherit;\">Taglio in vita affusolato con cintura  <\/span><\/li>\n<li style=\"font-weight: 400;\"><span style=\"font-family: inherit;\">Nanna sulla scollatura per il massimo comfort<\/span><\/li>\n<li style=\"font-weight: 400;\"><span style=\"font-family: inherit;\">Manica corta<\/span><\/li>\n<li style=\"font-weight: 400;\"><span style=\"font-family: inherit;\">Personalizzabile con ricamo<\/span><\/li>\n<\/ul>\n<p>&nbsp;<\/p>\n<p style=\"font-weight: 400;\">\nI<strong>nformazioni aggiuntive:<\/strong> Le modelle nelle foto indossano la taglia S e sono alte 170-174 cm.<\/p>\n<p style=\"font-weight: 400;\">Se vi state chiedendo quale taglia scegliere, date un&#8217;occhiata alla tabella delle taglie. In caso di dubbi, inviateci le vostre misure e noi le adatteremo per voi. <\/p>\n<p style=\"font-weight: 400;\">I colori dei capi della <a href=\"https:\/\/medandbeauty.com\/it\/shop\/per-lei\/collezione-premium-per-lei\/\" target=\"_blank\" rel=\"noopener\">collezione Premium<\/a> non corrispondono a quelli della <a href=\"https:\/\/medandbeauty.com\/it\/shop\/per-lei\/collezione-basic-per-lei\/\" target=\"_blank\" rel=\"noopener\">collezione Basic<\/a>, poich\u00e9 sono realizzati con tessuti diversi.<\/p>\n<p style=\"font-weight: 400;\">Le tonalit\u00e0 dei singoli capi nelle immagini possono differire da quelle reali, a causa della variet\u00e0 di apparecchiature elettroniche disponibili e delle loro impostazioni individuali.<\/p>\n","protected":false},"excerpt":{"rendered":"<p>La casacca premium a maniche corte in busta medica color cioccolato \u00e8 la scelta perfetta per le giornate pi\u00f9 calde, ma non solo! Il taglio classico con cintura in vita piacer\u00e0 sicuramente a tutte le donne che lavorano nel settore medico ed estetico e che amano l&#8217;eleganza e il minimalismo. La casacca premium a maniche [&hellip;]<\/p>\n","protected":false},"featured_media":32974,"comment_status":"open","ping_status":"closed","template":"","meta":{"_acf_changed":false,"inline_featured_image":false},"kolor":[588],"rodzaj-ubrania":[602],"ubranie":[603],"product_brand":[],"product_cat":[561,552,814],"product_tag":[],"class_list":{"0":"post-32966","1":"product","2":"type-product","3":"status-publish","4":"has-post-thumbnail","6":"kolor-brownies","7":"rodzaj-ubrania-tuniche-mediche","8":"ubranie-tunica-premium-a-maniche-corte-da-donna-con-busta-medica","9":"product_cat-collezione-premium-per-lei","10":"product_cat-per-lei","11":"product_cat-tuniche-mediche-premium-per-lei","13":"first","14":"instock","15":"taxable","16":"shipping-taxable","17":"purchasable","18":"product-type-variable"},"acf":[],"_links":{"self":[{"href":"https:\/\/medandbeauty.com\/it\/wp-json\/wp\/v2\/product\/32966","targetHints":{"allow":["GET"]}}],"collection":[{"href":"https:\/\/medandbeauty.com\/it\/wp-json\/wp\/v2\/product"}],"about":[{"href":"https:\/\/medandbeauty.com\/it\/wp-json\/wp\/v2\/types\/product"}],"replies":[{"embeddable":true,"href":"https:\/\/medandbeauty.com\/it\/wp-json\/wp\/v2\/comments?post=32966"}],"wp:featuredmedia":[{"embeddable":true,"href":"https:\/\/medandbeauty.com\/it\/wp-json\/wp\/v2\/media\/32974"}],"wp:attachment":[{"href":"https:\/\/medandbeauty.com\/it\/wp-json\/wp\/v2\/media?parent=32966"}],"wp:term":[{"taxonomy":"kolor","embeddable":true,"href":"https:\/\/medandbeauty.com\/it\/wp-json\/wp\/v2\/kolor?post=32966"},{"taxonomy":"rodzaj-ubrania","embeddable":true,"href":"https:\/\/medandbeauty.com\/it\/wp-json\/wp\/v2\/rodzaj-ubrania?post=32966"},{"taxonomy":"ubranie","embeddable":true,"href":"https:\/\/medandbeauty.com\/it\/wp-json\/wp\/v2\/ubranie?post=32966"},{"taxonomy":"product_brand","embeddable":true,"href":"https:\/\/medandbeauty.com\/it\/wp-json\/wp\/v2\/product_brand?post=32966"},{"taxonomy":"product_cat","embeddable":true,"href":"https:\/\/medandbeauty.com\/it\/wp-json\/wp\/v2\/product_cat?post=32966"},{"taxonomy":"product_tag","embeddable":true,"href":"https:\/\/medandbeauty.com\/it\/wp-json\/wp\/v2\/product_tag?post=32966"}],"curies":[{"name":"wp","href":"https:\/\/api.w.org\/{rel}","templated":true}]}}