{"id":33151,"date":"2024-01-06T20:46:29","date_gmt":"2024-01-06T20:46:29","guid":{"rendered":"https:\/\/medandbeauty.com\/product\/pantaloni-medici-da-donna-premium-aderenti-verde-bottiglia\/"},"modified":"2025-12-23T11:36:15","modified_gmt":"2025-12-23T10:36:15","slug":"pantaloni-medici-da-donna-premium-aderenti-verde-bottiglia","status":"publish","type":"product","link":"https:\/\/medandbeauty.com\/it\/product\/pantaloni-medici-da-donna-premium-aderenti-verde-bottiglia\/","title":{"rendered":"Pantaloni medici da donna Premium aderenti Verde bottiglia"},"content":{"rendered":"<p>Avete bisogno di pantaloni medici comodi che vi mantengano il pi\u00f9 possibile a vostro agio durante le lunghe ore di lavoro?<\/p>\n<p>Scegli i pantaloni<strong> aderenti <\/strong> verde medico della<a href=\"https:\/\/medandbeauty.com\/it\/shop\/per-lei\/collezione-premium-per-lei\/\" target=\"_blank\" rel=\"noopener\">collezione Premium<\/a>: sono sicuramente perfetti!<\/p>\n<p>Se nella scelta degli indumenti medici tieni in grande considerazione il comfort e i materiali di prima qualit\u00e0,<strong> i pantaloni medici da donna con vestibilit\u00e0 aderente di colore verde<\/strong>sono sicuramente in grado di soddisfare tutte le tue aspettative!<\/p>\n<p>I <strong>pantaloni medicali premium fit da donna verde bottiglia <\/strong>sono realizzati in un tessuto morbido e traspirante, non restrittivo e in grado di offrire una completa libert\u00e0 di movimento. La combinazione dell&#8217;80% di cotone di alta qualit\u00e0 con una miscela di lycra e nylon rende il tessuto perfettamente adatto a qualsiasi figura, oltre a essere resistente e traspirante. <\/p>\n<p>I pantaloni a tubo verde medico hanno una vita leggermente rialzata con un&#8217;ampia fascia elastica che rende i pantaloni aderenti non restrittivi e quindi molto comodi, anche se indossati per lunghi periodi di tempo.<\/p>\n<p>Il bellissimo colore verde bottiglia dei <strong>pantaloni medici aderenti<\/strong> si adatta sia agli outfit eleganti che a quelli casual e, grazie all&#8217;assenza di tasche, vi sembrer\u00e0 di indossare i leggings pi\u00f9 comodi!<\/p>\n<p>I <strong>pantaloni premium medical cling verde bottiglia <\/strong>sono dotati di coulisse in vita per una vestibilit\u00e0 perfetta.<\/p>\n<p>Crea il tuo set di <strong>abbigliamento medico<\/strong> da sogno abbinando il<strong> pantalone medico in verde bottiglia con la casacca medica aderente <\/strong>. <a href=\"https:\/\/medandbeauty.com\/it\/product\/tunica-medicale-a-maniche-corte-da-donna-premium-bottle-green\/\" target=\"_blank\" rel=\"noopener\"><strong>casacca medica<\/strong><\/a> dello stesso materiale.<\/p>\n<p>Combina liberamente le tonalit\u00e0 per creare stili unici o opta per un look monocromatico. I nostri pantaloni verde medico si fanno notare: <\/p>\n<ul>\n<li>mancanza di tasche,<\/li>\n<li>ampia e comoda fascia elastica in vita,<\/li>\n<li>taglio slim &#8211; gambe affusolate,<\/li>\n<li>tessuto elastico e smagliante.<\/li>\n<\/ul>\n<p><strong>Informazioni aggiuntive:<\/strong> Le modelle nelle foto indossano pantaloni da donna verde medico della taglia S e sono alte 170-174 cm.<\/p>\n<p>Se vi state chiedendo quale taglia scegliere, date un&#8217;occhiata alla tabella delle taglie. In caso di dubbi, inviateci le vostre misure e noi le adatteremo per voi. <\/p>\n<p>I colori dei capi della <a href=\"https:\/\/medandbeauty.com\/it\/shop\/per-lei\/collezione-premium-per-lei\/\" target=\"_blank\" rel=\"noopener\">collezione Premium<\/a> non corrispondono a quelli della<a href=\"https:\/\/medandbeauty.com\/it\/shop\/per-lei\/collezione-basic-per-lei\/\" target=\"_blank\" rel=\"noopener\"> collezione Basic<\/a>, poich\u00e9 sono realizzati con tessuti diversi. Le tonalit\u00e0 dei singoli capi nelle immagini possono differire da quelle reali, a causa della variet\u00e0 di apparecchiature elettroniche disponibili e delle loro impostazioni individuali.<\/p>\n<p>Il nostro <a href=\"https:\/\/medandbeauty.com\/it\/\">negozio di abbigliamento medico<\/a> ti consiglia un&#8217;ampia gamma di prodotti come l&#8217;<a href=\"https:\/\/medandbeauty.com\/it\/shop\/per-lei\/\" target=\"_new\" rel=\"noopener\">abbigliamento medico da donna.<\/a> Tra cui <a href=\"https:\/\/medandbeauty.com\/it\/rodzaj-ubrania\/pantaloni-medici\/\" target=\"_new\" rel=\"noopener\">pantaloni medici<\/a> comodi e funzionali. Offriamo anche <a href=\"https:\/\/medandbeauty.com\/it\/shop\/per-lei\/collezione-basic-per-lei\/pantaloni-medici-basic-per-lei\/\" target=\"_new\" rel=\"noopener\">pantaloni medici da donna<\/a> dal design speciale, che combinano comfort ed eleganza, e per chi apprezza i materiali naturali, abbiamo preparato <a href=\"https:\/\/medandbeauty.com\/it\/shop\/per-lei\/collezione-premium-per-lei\/pantaloni-medicali-premium-per-lei\/\" target=\"_new\" rel=\"noopener\">pantaloni medici da donna in cotone per<\/a> il massimo del comfort.<\/p>\n<p>Ti invitiamo a effettuare gli ordini.<\/p>\n","protected":false},"excerpt":{"rendered":"<p>Avete bisogno di pantaloni medici comodi che vi mantengano il pi\u00f9 possibile a vostro agio durante le lunghe ore di lavoro? Scegli i pantaloni aderenti verde medico dellacollezione Premium: sono sicuramente perfetti! Se nella scelta degli indumenti medici tieni in grande considerazione il comfort e i materiali di prima qualit\u00e0, i pantaloni medici da donna [&hellip;]<\/p>\n","protected":false},"featured_media":33157,"comment_status":"open","ping_status":"closed","template":"","meta":{"_acf_changed":false,"inline_featured_image":false},"kolor":[595],"rodzaj-ubrania":[572],"ubranie":[587],"product_brand":[],"product_cat":[561,812,552],"product_tag":[1402],"class_list":{"0":"post-33151","1":"product","2":"type-product","3":"status-publish","4":"has-post-thumbnail","6":"kolor-verdi","7":"rodzaj-ubrania-pantaloni-medici","8":"ubranie-pantaloni-medicali-premium-per-donna","9":"product_cat-collezione-premium-per-lei","10":"product_cat-pantaloni-medicali-premium-per-lei","11":"product_cat-per-lei","12":"product_tag-pantaloni-medici-da-donna-a-gamba-dritta","14":"first","15":"instock","16":"taxable","17":"shipping-taxable","18":"purchasable","19":"product-type-variable"},"acf":[],"_links":{"self":[{"href":"https:\/\/medandbeauty.com\/it\/wp-json\/wp\/v2\/product\/33151","targetHints":{"allow":["GET"]}}],"collection":[{"href":"https:\/\/medandbeauty.com\/it\/wp-json\/wp\/v2\/product"}],"about":[{"href":"https:\/\/medandbeauty.com\/it\/wp-json\/wp\/v2\/types\/product"}],"replies":[{"embeddable":true,"href":"https:\/\/medandbeauty.com\/it\/wp-json\/wp\/v2\/comments?post=33151"}],"wp:featuredmedia":[{"embeddable":true,"href":"https:\/\/medandbeauty.com\/it\/wp-json\/wp\/v2\/media\/33157"}],"wp:attachment":[{"href":"https:\/\/medandbeauty.com\/it\/wp-json\/wp\/v2\/media?parent=33151"}],"wp:term":[{"taxonomy":"kolor","embeddable":true,"href":"https:\/\/medandbeauty.com\/it\/wp-json\/wp\/v2\/kolor?post=33151"},{"taxonomy":"rodzaj-ubrania","embeddable":true,"href":"https:\/\/medandbeauty.com\/it\/wp-json\/wp\/v2\/rodzaj-ubrania?post=33151"},{"taxonomy":"ubranie","embeddable":true,"href":"https:\/\/medandbeauty.com\/it\/wp-json\/wp\/v2\/ubranie?post=33151"},{"taxonomy":"product_brand","embeddable":true,"href":"https:\/\/medandbeauty.com\/it\/wp-json\/wp\/v2\/product_brand?post=33151"},{"taxonomy":"product_cat","embeddable":true,"href":"https:\/\/medandbeauty.com\/it\/wp-json\/wp\/v2\/product_cat?post=33151"},{"taxonomy":"product_tag","embeddable":true,"href":"https:\/\/medandbeauty.com\/it\/wp-json\/wp\/v2\/product_tag?post=33151"}],"curies":[{"name":"wp","href":"https:\/\/api.w.org\/{rel}","templated":true}]}}